{"id":2328,"date":"2024-12-20T16:51:35","date_gmt":"2024-12-20T08:51:35","guid":{"rendered":"https:\/\/ruiqigo.com\/?post_type=product&#038;p=2328"},"modified":"2024-12-20T16:52:31","modified_gmt":"2024-12-20T08:52:31","slug":"color-depositing-conditioner","status":"publish","type":"product","link":"https:\/\/www.ruiqigo.com\/it\/product\/color-depositing-conditioner","title":{"rendered":"Condizionatore depositante colore"},"content":{"rendered":"<h2 class=\"wp-block-heading\">Formule comuni per la produzione di condizionatori depositanti di colore<\/h2>\n\n\n\n<p>Come produttore professionale di balsami depositanti di colore, ci impegniamo a creare prodotti di alta qualit\u00e0. Pertanto, selezioniamo materie prime di alta qualit\u00e0, come estratti vegetali naturali e ingredienti avanzati per la cura dei capelli, e utilizziamo tecnologie di produzione avanzate per conservare al massimo i loro ingredienti attivi.<\/p>\n\n\n\n<p>1. Olio di Argan: l&#039;olio di Argan ha effetti antiossidanti, che possono prevenire i danni ai capelli dovuti all&#039;ossidazione e mantenere il colore dei capelli dopo la colorazione. Nutre anche in profondit\u00e0 i capelli, aiuta a riparare i capelli danneggiati e li rende pi\u00f9 lisci e morbidi.<\/p>\n\n\n\n<p>2. Olio di mandorle: l&#039;olio di mandorle non solo idrata i capelli, ma li ammorbidisce e riduce il problema dell&#039;elettricit\u00e0 statica crespa. Allo stesso tempo, pu\u00f2 riparare i capelli danneggiati e migliorarne l&#039;elasticit\u00e0 e la resistenza. Inoltre, favorisce la circolazione sanguigna al cuoio capelluto e fornisce nutrienti adeguati ai follicoli piliferi, favorendo ulteriormente una crescita sana dei capelli.<\/p>\n\n\n\n<p>3. Tintura: la tintura si deposita sulla superficie del capello o penetra al suo interno per integrare il colore perso, migliorando cos\u00ec l&#039;effetto del colore dopo la tintura.<\/p>\n\n\n\n<p>4. Tensioattivo: agisce come emulsionante per aiutare gli altri ingredienti dei prodotti per la cura dei capelli a disperdersi e dissolversi meglio nell&#039;acqua e a distribuirsi uniformemente sui capelli.<\/p>\n\n\n\n<p>5. Protezione solare: la protezione solare pu\u00f2 proteggere i capelli dai danni dei raggi UV, rallentando cos\u00ec la velocit\u00e0 con cui il colore sbiadisce.<\/p>\n\n\n\n<h2 class=\"wp-block-heading\">Le funzioni del condizionatore depositante di colore<\/h2>\n\n\n\n<p>Nel processo di produzione, abbiamo considerato che la normale tintura per capelli \u00e8 molto dannosa per i capelli, quindi abbiamo sviluppato questa combinazione di funzioni di tintura e cura dei capelli. Non solo pu\u00f2 soddisfare le tue esigenze di colore dei capelli, ma anche proteggere i tuoi capelli, il che ha molteplici effetti.<\/p>\n\n\n\n<p>1. Integra e migliora il colore: il balsamo colorante pu\u00f2 integrare o aggiungere il colore desiderato ai capelli, si attacca delicatamente solo alla superficie del capello, non apre la cuticola, quindi non dannegger\u00e0 i capelli.<\/p>\n\n\n\n<p>2. Nutriente e riparatore: il nostro balsamo depositante di colore \u00e8 ricco di una variet\u00e0 di ingredienti altamente efficaci per la cura dei capelli, per riparare i capelli danneggiati. Aggiunge inoltre idratazione e nutrienti in profondit\u00e0 nel nucleo del capello per mantenerli idratati, lucenti e morbidi.<\/p>\n\n\n\n<p>3. Inibire l&#039;ingiallimento: un balsamo depositante di colore pu\u00f2 rimuovere il colore bronzer, bloccare la luminosit\u00e0 e il tono dei capelli e inibire l&#039;ingiallimento e la secchezza. Ad esempio, dopo aver decolorato i capelli ingialliti a causa di una lunga esposizione al sole, puoi usare il balsamo viola per la fronte scura per rendere il colore dei capelli pi\u00f9 luminoso e pieno.<\/p>\n\n\n\n<p>4. Cura del cuoio capelluto: la formula che utilizziamo \u00e8 delicata e non contiene ingredienti irritanti come il silicone, quindi \u00e8 pi\u00f9 adatta al cuoio capelluto. Inoltre nutre, ammorbidisce e protegge il cuoio capelluto mentre tinge i capelli.<\/p>\n\n\n\n<p>5. Tinture per capelli alla moda: abbiamo creato una variet\u00e0 di colori vivaci e unici tra cui scegliere, per soddisfare le esigenze della maggior parte delle persone.<\/p>\n\n\n\n<h2 class=\"wp-block-heading\">Come utilizzare il balsamo depositante di colore?<\/h2>\n\n\n\n<p>Il balsamo depositante di colore \u00e8 pi\u00f9 facile da usare rispetto alla normale colorazione dei capelli e il tempo \u00e8 pi\u00f9 rapido. \u00c8 migliore per i colori scuri o per neutralizzare i toni ottonati e dare ai capelli un tono caldo. Ecco come funziona:<\/p>\n\n\n\n<p>1. Lava i capelli: per prima cosa, lava i capelli come di consueto e fai lo shampoo per eliminare l&#039;olio e lo sporco. Dopo il lavaggio, asciuga delicatamente i capelli con un asciugamano.<\/p>\n\n\n\n<p>2. Applicare uniformemente: dividere i capelli in due parti, se c&#039;\u00e8 una grande quantit\u00e0 di capelli, \u00e8 possibile dividerli in quattro parti, quindi applicare uniformemente il balsamo colorante sui capelli, concentrandosi sulla zona che deve essere tinta e combinandolo con le dita o con un pettine per garantire che tutti i capelli vengano applicati;<\/p>\n\n\n\n<p>3. Aspetta il colore: lascia agire il balsamo colorante sui capelli per 5-10 minuti, a seconda di quanto vuoi ottenere una tinta intensa;<\/p>\n\n\n\n<p>4. Risciacqua: quando il tempo \u00e8 scaduto, risciacqua i capelli con acqua, assicurati che non ci sia pi\u00f9 balsamo e fai attenzione che la temperatura dell&#039;acqua non sia troppo alta. Dopo il risciacquo, puoi usare un balsamo per mantenere il colore dei tuoi capelli.<\/p>\n\n\n\n<h2 class=\"wp-block-heading\">Attenzione<\/h2>\n\n\n\n<p>1. Prima dell&#039;uso, effettuare un test cutaneo dietro l&#039;orecchio per assicurarsi che non vi sia alcuna allergia;<\/p>\n\n\n\n<p>2. Utilizzare guanti per evitare di macchiarsi le mani;<\/p>\n\n\n\n<p>3. Evitare il contatto con gli occhi. In caso di contatto con gli occhi, sciacquare immediatamente con acqua pulita.<\/p>\n\n\n\n<p>4. Dopo aver tinto i capelli, cercare di evitare per un po&#039; di tempo l&#039;uso di strumenti ad alte temperature come asciugacapelli e la luce solare diretta per prevenire una rapida decolorazione;<\/p>\n\n\n\n<p>5. Si consiglia di utilizzare regolarmente shampoo e balsamo per la colorazione dei capelli per mantenerne il colore e nutrirli;<\/p>\n\n\n\n<p>6. Il balsamo depositante del colore pu\u00f2 durare fino a 6 mesi e si consiglia di utilizzarlo ogni poche settimane per mantenere il colore dei capelli;<\/p>\n\n\n\n<p>7. I capelli pi\u00f9 chiari e porosi o leggermente danneggiati dureranno pi\u00f9 a lungo con il balsamo che deposita il colore<\/p>\n\n\n\n<h2 class=\"wp-block-heading\">Conclusione<\/h2>\n\n\n\n<p>Il nostro balsamo depositante di colore attentamente studiato \u00e8 una formula delicata che pu\u00f2 aggiungere facilmente colore ai tuoi capelli, mentre nutre profondamente i capelli, ripara le ciocche danneggiate e rende i tuoi capelli pi\u00f9 setosi e lucenti. Inoltre, i nostri prodotti sono facili da usare, nessuna operazione professionale, basta seguire le istruzioni per far brillare i tuoi capelli. Continueremo anche a innovare, per farti sviluppare soluzioni per la cura dei capelli pi\u00f9 efficienti e di alta qualit\u00e0, se sei interessato contattaci.<\/p>","protected":false},"excerpt":{"rendered":"Color Depositing Conditioner Manufacturing Common Formulas As a professional color depositing conditioner manufacturer, we are committed to creating high-quality products. Therefore, we select high-quality raw materials, such as natural plant extracts and advanced hair care ingredients, and use advanced production technology to retain their active ingredients to the maximum extent. 1. Argan oil: Argan oil [&hellip;]","protected":false},"featured_media":2329,"menu_order":0,"template":"","meta":[],"product-tag":[],"products":[52],"class_list":["post-2328","product","type-product","status-publish","has-post-thumbnail","hentry","products-conditioner"],"acf":[],"_links":{"self":[{"href":"https:\/\/www.ruiqigo.com\/it\/wp-json\/wp\/v2\/product\/2328","targetHints":{"allow":["GET"]}}],"collection":[{"href":"https:\/\/www.ruiqigo.com\/it\/wp-json\/wp\/v2\/product"}],"about":[{"href":"https:\/\/www.ruiqigo.com\/it\/wp-json\/wp\/v2\/types\/product"}],"version-history":[{"count":0,"href":"https:\/\/www.ruiqigo.com\/it\/wp-json\/wp\/v2\/product\/2328\/revisions"}],"wp:featuredmedia":[{"embeddable":true,"href":"https:\/\/www.ruiqigo.com\/it\/wp-json\/wp\/v2\/media\/2329"}],"wp:attachment":[{"href":"https:\/\/www.ruiqigo.com\/it\/wp-json\/wp\/v2\/media?parent=2328"}],"wp:term":[{"taxonomy":"product-tag","embeddable":true,"href":"https:\/\/www.ruiqigo.com\/it\/wp-json\/wp\/v2\/product-tag?post=2328"},{"taxonomy":"products","embeddable":true,"href":"https:\/\/www.ruiqigo.com\/it\/wp-json\/wp\/v2\/products?post=2328"}],"curies":[{"name":"parola chiave","href":"https:\/\/api.w.org\/{rel}","templated":true}]}}