{"id":2348,"date":"2024-12-25T11:35:04","date_gmt":"2024-12-25T03:35:04","guid":{"rendered":"https:\/\/ruiqigo.com\/?post_type=product&#038;p=2348"},"modified":"2024-12-25T11:35:42","modified_gmt":"2024-12-25T03:35:42","slug":"sandalwood-essential-oil","status":"publish","type":"product","link":"https:\/\/www.ruiqigo.com\/it\/product\/sandalwood-essential-oil","title":{"rendered":"Olio essenziale di sandalo"},"content":{"rendered":"<h2 class=\"wp-block-heading\">Formule comuni per la produzione dell&#039;olio essenziale di sandalo<\/h2>\n\n\n\n<p>Come produttori professionali di olio essenziale di sandalo, selezioniamo sandalo di alta qualit\u00e0 come materia prima e utilizziamo apparecchiature di distillazione di precisione per purificare gli oli essenziali, garantendo l&#039;elevata qualit\u00e0 e la stabilit\u00e0 dei prodotti. Ecco le principali formulazioni per la cura dei capelli:<\/p>\n\n\n\n<p>1. Olio essenziale di sandalo: l&#039;olio essenziale di sandalo svolge un ruolo importante come ingrediente principale, ha una consistenza leggera e pu\u00f2 nutrire e idratare in profondit\u00e0 i capelli, attenuando l&#039;effetto crespo e rendendoli pi\u00f9 lucenti. Ha anche propriet\u00e0 antibatteriche e antinfiammatorie, pu\u00f2 inibire i funghi del cuoio capelluto riducendo la produzione di forfora e pu\u00f2 rimuovere efficacemente il sebo e lo sporco dal cuoio capelluto, mantenendolo pulito e sano. Inoltre, il suo aroma unico pu\u00f2 lenire corpo, mente e cuoio capelluto e stimolare la circolazione sanguigna, favorendo cos\u00ec la crescita dei capelli.<\/p>\n\n\n\n<p>2. Olio di mandorle: l&#039;olio di mandorle \u00e8 ricco di nutrienti che possono nutrire i capelli e migliorare la secchezza e la ruvidit\u00e0. Ha una consistenza leggera, molto simile al nostro sebo, e pu\u00f2 essere usato come olio base mescolato con olio essenziale di sandalo senza appesantire.<\/p>\n\n\n\n<p>3. Camomilla blu: le propriet\u00e0 antinfiammatorie e lenitive della camomilla blu possono potenziare ulteriormente l&#039;effetto calmante e rendere pi\u00f9 calmi e rilassati durante l&#039;uso. Viene anche utilizzata per trattare infiammazioni come irritazioni o infiammazioni cutanee.<\/p>\n\n\n\n<p>4. Olio di Argan: le propriet\u00e0 idratanti dell&#039;olio di Argan ammorbidiscono ulteriormente i capelli e li reintegrano. Allo stesso tempo, ha anche una certa funzione antiossidante, che pu\u00f2 resistere ai danni dei radicali liberi, ritardando cos\u00ec il processo di invecchiamento, soprattutto per i capelli radi o fragili.<\/p>\n\n\n\n<h2 class=\"wp-block-heading\">Le funzioni dell&#039;olio essenziale di sandalo<\/h2>\n\n\n\n<p>Il nostro olio essenziale di sandalo ha molteplici funzioni, non solo per la cura di pelle e capelli, ma anche per lenire i nervi e rilassare. \u00c8 la scelta ideale per la moderna ricerca di efficienza, semplicit\u00e0 e salute.<\/p>\n\n\n\n<p>1. Nutre i capelli: l&#039;olio essenziale di sandalo penetra facilmente, pu\u00f2 idratare in profondit\u00e0 i capelli secchi e fornire un effetto idratante duraturo, distendendo l&#039;effetto crespo e facendo cambiare e ripristinare la lucentezza dei capelli.<\/p>\n\n\n\n<p>2. Favorisce la crescita e la guarigione dei capelli: il delizioso aroma del sandalo pu\u00f2 favorire la crescita dei capelli massaggiando il cuoio capelluto. Allo stesso tempo, le sue propriet\u00e0 antibatteriche non solo riducono la produzione di forfora, ma mantengono anche il cuoio capelluto pulito, il che \u00e8 benefico per riparare i capelli danneggiati, favorire la guarigione e rendere i capelli pi\u00f9 sani.<\/p>\n\n\n\n<p>3. Lenitivo e calmante: il nostro olio essenziale di sandalo ha un effetto lenitivo e calmante, che non solo regola l&#039;umore, ma rilassa anche corpo e mente, allevia lo stress e abbassa la pressione sanguigna. Aiuta anche contro l&#039;insonnia e migliora la qualit\u00e0 del sonno.<\/p>\n\n\n\n<p>4. Trattamento dell&#039;infiammazione: le nostre propriet\u00e0 antinfiammatorie aiutano a liberare le vie respiratorie e a ridurre l&#039;infiammazione, alleviando tosse, bronchite e altro ancora. Non solo, l&#039;applicazione locale contribuisce anche a rafforzare il sistema immunitario, aumentando ulteriormente la capacit\u00e0 di resistere alle malattie infettive.<\/p>\n\n\n\n<p>5. Uniforma il tono della pelle: l&#039;olio essenziale di sandalo pu\u00f2 ridurre efficacemente la pigmentazione e schiarire le macchie scure, uniformando e illuminando cos\u00ec il tono della pelle.<\/p>\n\n\n\n<p>6. Riduce le rughe: l&#039;effetto antiossidante dei nostri oli essenziali aiuta a inibire la produzione di linee sottili, ritardare il processo di invecchiamento e riparare la pelle gi\u00e0 matura, riducendo cos\u00ec la produzione di rughe e linee sottili e rendendo la pelle pi\u00f9 soda e giovane.<\/p>\n\n\n\n<h2 class=\"wp-block-heading\">Come utilizzare l&#039;olio essenziale di sandalo?<\/h2>\n\n\n\n<p>Nel processo di produzione dell&#039;olio essenziale di sandalo, teniamo conto delle diverse tipologie di capelli e pelle e sviluppiamo diverse formule. Prima di utilizzarlo, \u00e8 necessario selezionare un prodotto adatto a voi in base alla vostra situazione e alle vostre esigenze. Naturalmente, esistono diversi modi per prendersi cura di diverse parti del corpo, e i metodi d&#039;uso pi\u00f9 comuni includono l&#039;applicazione topica, l&#039;uso combinato e l&#039;aromaterapia. Riporteremo il metodo di applicazione dettagliato sulla confezione; di seguito, un esempio del metodo di collocazione:<\/p>\n\n\n\n<p>1. Cura dei capelli:<\/p>\n\n\n\n<p>Metodo 1: Durante la pulizia dei capelli, mescola il nostro olio essenziale di sandalo in proporzione allo shampoo o al balsamo, quindi lava i capelli come di consueto; dopo il lavaggio, asciugali delicatamente con un asciugamano e un asciugacapelli oppure lasciali asciugare all&#039;aria.<\/p>\n\n\n\n<p>Metodo 2: Dopo aver lavato i capelli con lo shampoo come di consueto, mescola l&#039;olio essenziale di sandalo e l&#039;olio base in proporzione e applicalo uniformemente sui capelli dalla met\u00e0 alle punte, evitando il contatto con il cuoio capelluto. Dopo l&#039;applicazione, puoi massaggiare delicatamente i capelli con le dita per favorirne l&#039;assorbimento e lasciarli asciugare all&#039;aria o con un asciugacapelli.<\/p>\n\n\n\n<p>2. Cura della pelle:<\/p>\n\n\n\n<p>Fate una doccia come di consueto, eliminate il sebo e lo sporco dal corpo, quindi mescolate il nostro olio essenziale di sandalo con l&#039;olio base in proporzione e applicatelo uniformemente sulle parti da massaggiare. Durante il massaggio, eseguite movimenti circolari seguendo la direzione della pelle per favorire la circolazione sanguigna e l&#039;assorbimento degli oli essenziali.<\/p>\n\n\n\n<h2 class=\"wp-block-heading\">Attenzione<\/h2>\n\n\n\n<p>1. Scegliere i prodotti in base al tipo di pelle;<\/p>\n\n\n\n<p>2. Per la prima volta \u00e8 necessario effettuare un test allergico e, se non si riscontra alcun adattamento, interrompere immediatamente l&#039;uso;<\/p>\n\n\n\n<p>3. L&#039;olio essenziale di sandalo ha un&#039;elevata concentrazione e si consiglia di mescolarlo con l&#039;olio base in proporzione al momento dell&#039;uso;<\/p>\n\n\n\n<p>4. Si consiglia di utilizzarlo 1-2 volte a settimana per evitare che l&#039;uso frequente influisca sull&#039;effetto di assorbimento dell&#039;olio essenziale di sandalo;<\/p>\n\n\n\n<p>5. Evitare il contatto con la pelle e gli occhi. In caso di contatto, sciacquare con acqua.<\/p>\n\n\n\n<p>6. Le donne incinte e i bambini devono utilizzarlo sotto la supervisione di un medico;<\/p>\n\n\n\n<p>7. L&#039;olio essenziale di sandalo \u00e8 infiammabile ed esplosivo, si consiglia di conservarlo e utilizzarlo in un luogo fresco e asciutto, evitando ambienti ad alte temperature e lontano dalla fonte.<\/p>\n\n\n\n<h2 class=\"wp-block-heading\">Conclusione<\/h2>\n\n\n\n<p>Come produttori di oli essenziali di sandalo, con un&#039;attenzione particolare all&#039;alta qualit\u00e0, utilizziamo impianti di produzione moderni e selezioniamo materie prime di alta qualit\u00e0 per garantire che ogni flacone di oli essenziali offra un&#039;esperienza di cura della pelle senza pari. Offriamo una variet\u00e0 di formulazioni personalizzate per aiutarvi a costruire un marchio diverso e diversificato e a ottenere un vantaggio unico nel mercato competitivo. Se siete interessati ai nostri prodotti, vi preghiamo di contattarci immediatamente.<\/p>","protected":false},"excerpt":{"rendered":"Sandalwood Essential Oil Manufacturing Common Formulas As a professional sandalwood essential oil manufacturer, we select high-quality sandalwood as raw materials and use precision distillation equipment to purify essential oils to ensure the high quality and stability of products. Here are the main formulations for hair care: 1. Sandalwood essential oil: Sandalwood essential oil plays an [&hellip;]","protected":false},"featured_media":2349,"menu_order":0,"template":"","meta":[],"product-tag":[],"products":[53],"class_list":["post-2348","product","type-product","status-publish","has-post-thumbnail","hentry","products-essential-oil"],"acf":[],"_links":{"self":[{"href":"https:\/\/www.ruiqigo.com\/it\/wp-json\/wp\/v2\/product\/2348","targetHints":{"allow":["GET"]}}],"collection":[{"href":"https:\/\/www.ruiqigo.com\/it\/wp-json\/wp\/v2\/product"}],"about":[{"href":"https:\/\/www.ruiqigo.com\/it\/wp-json\/wp\/v2\/types\/product"}],"version-history":[{"count":0,"href":"https:\/\/www.ruiqigo.com\/it\/wp-json\/wp\/v2\/product\/2348\/revisions"}],"wp:featuredmedia":[{"embeddable":true,"href":"https:\/\/www.ruiqigo.com\/it\/wp-json\/wp\/v2\/media\/2349"}],"wp:attachment":[{"href":"https:\/\/www.ruiqigo.com\/it\/wp-json\/wp\/v2\/media?parent=2348"}],"wp:term":[{"taxonomy":"product-tag","embeddable":true,"href":"https:\/\/www.ruiqigo.com\/it\/wp-json\/wp\/v2\/product-tag?post=2348"},{"taxonomy":"products","embeddable":true,"href":"https:\/\/www.ruiqigo.com\/it\/wp-json\/wp\/v2\/products?post=2348"}],"curies":[{"name":"parola chiave","href":"https:\/\/api.w.org\/{rel}","templated":true}]}}