{"id":237,"date":"2024-06-30T23:30:38","date_gmt":"2024-06-30T15:30:38","guid":{"rendered":"https:\/\/ruiqigo.com\/?post_type=product&#038;p=237"},"modified":"2024-09-25T15:06:45","modified_gmt":"2024-09-25T07:06:45","slug":"keratin-shampoo","status":"publish","type":"product","link":"https:\/\/www.ruiqigo.com\/it\/product\/keratin-shampoo","title":{"rendered":"Shampoo alla cheratina"},"content":{"rendered":"<h3 class=\"wp-block-heading\">Produzione di shampoo alla cheratina Formule comuni<\/h3>\n\n\n\n<p>Gli shampoo alla cheratina sono ricchi di cheratina, una proteina simile alla struttura naturale dei capelli. La cheratina forma una pellicola protettiva sui capelli, che \u00e8 utile per proteggere i capelli dai danni da surriscaldamento e dagli inquinanti. Lo shampoo \u00e8 anche arricchito con cheratina idrolizzata, che \u00e8 una forma di cheratina elaborata chimicamente o enzimaticamente in molecole pi\u00f9 piccole che possono penetrare pi\u00f9 facilmente all&#039;interno del capello per fornire una riparazione e un nutrimento profondi. Inoltre, lo shampoo incorpora un ricco agente condizionante aminoacidico. Gli aminoacidi sono i mattoni fondamentali della cheratina dei capelli e possono rapidamente rifornire i capelli con i nutrienti di cui hanno bisogno.<\/p>\n\n\n\n<h3 class=\"wp-block-heading\">Shampoo alla cheratina Scenari applicabili<\/h3>\n\n\n\n<p>Gli shampoo alla cheratina funzionano bene indipendentemente dal meteo perch\u00e9 sono pieni di cose buone per i tuoi capelli. Sono perfetti per le zone secche dove i capelli diventano secchi, fragili e opachi. La cheratina e altri nutrienti nello shampoo penetrano in profondit\u00e0 nei capelli per dargli il nutrimento di cui hanno bisogno, rendendoli di nuovo sani e rimbalzanti. Puoi anche abbinarlo a un <a href=\"https:\/\/www.ruiqigo.com\/it\/products\/conditioner\/\">balsamo con ingredienti naturali<\/a> per risultati ancora migliori.<\/p>\n\n\n\n<h3 class=\"wp-block-heading\">Per chi \u00e8 adatto lo shampoo alla cheratina?<\/h3>\n\n\n\n<p>Gli shampoo alla cheratina sono adatti a chi ha bisogno di riparare i capelli. Per i danni ai capelli causati da trattamenti chimici come permanente e colorazione, fattori ambientali quotidiani o attrito, lo shampoo alla cheratina pu\u00f2 aiutare a riparare e rinforzare i capelli. Inoltre, per le persone con capelli crespi e ingestibili e per chi usa spesso strumenti caldi per lo styling, lo shampoo alla cheratina pu\u00f2 aiutare a lisciare l&#039;effetto crespo e rendere i capelli pi\u00f9 gestibili, proteggendo al contempo dai danni causati dal calore causati dall&#039;uso frequente di asciugacapelli ad aria calda, piastre per permanente e altro ancora. Altro <a href=\"https:\/\/www.ruiqigo.com\/it\/products\/shampoo\/\">shampoo con ingredienti naturali<\/a> tra cui scegliere 3TOP.<\/p>\n\n\n\n<h3 class=\"wp-block-heading\">Processo di produzione dello shampoo alla cheratina<\/h3>\n\n\n\n<p>La produzione di shampoo alla cheratina inizia con la produzione di cheratina. Utilizziamo uno speciale metodo scientifico chiamato tecnologia del DNA ricombinante. Comprende fasi come la preparazione per la fermentazione, l&#039;aggiunta delle sostanze giuste, la fermentazione, il prelievo di campioni, i test, la rottura dei batteri e la pulizia. Inoltre, possiamo produrre cheratina scomposta utilizzando sostanze chimiche o enzimi speciali. Ci\u00f2 produce minuscoli pezzi di cheratina perfetti per prodotti per capelli e corpo.<\/p>","protected":false},"excerpt":{"rendered":"Keratin shampoo manufacturing Common Formulas Keratin shampoos are rich in keratin, a protein similar to the natural structure of hair Keratin forms a protective film on the hair, which is good for protecting the hair from overheating damage and pollutants. The shampoo is also enriched with hydrolyzed keratin, which is a chemically or enzymatically processed [&hellip;]","protected":false},"featured_media":238,"menu_order":0,"template":"","meta":[],"product-tag":[],"products":[51],"class_list":["post-237","product","type-product","status-publish","has-post-thumbnail","hentry","products-shampoo"],"acf":[],"_links":{"self":[{"href":"https:\/\/www.ruiqigo.com\/it\/wp-json\/wp\/v2\/product\/237","targetHints":{"allow":["GET"]}}],"collection":[{"href":"https:\/\/www.ruiqigo.com\/it\/wp-json\/wp\/v2\/product"}],"about":[{"href":"https:\/\/www.ruiqigo.com\/it\/wp-json\/wp\/v2\/types\/product"}],"version-history":[{"count":0,"href":"https:\/\/www.ruiqigo.com\/it\/wp-json\/wp\/v2\/product\/237\/revisions"}],"wp:featuredmedia":[{"embeddable":true,"href":"https:\/\/www.ruiqigo.com\/it\/wp-json\/wp\/v2\/media\/238"}],"wp:attachment":[{"href":"https:\/\/www.ruiqigo.com\/it\/wp-json\/wp\/v2\/media?parent=237"}],"wp:term":[{"taxonomy":"product-tag","embeddable":true,"href":"https:\/\/www.ruiqigo.com\/it\/wp-json\/wp\/v2\/product-tag?post=237"},{"taxonomy":"products","embeddable":true,"href":"https:\/\/www.ruiqigo.com\/it\/wp-json\/wp\/v2\/products?post=237"}],"curies":[{"name":"parola chiave","href":"https:\/\/api.w.org\/{rel}","templated":true}]}}