{"id":2373,"date":"2024-12-27T16:46:51","date_gmt":"2024-12-27T08:46:51","guid":{"rendered":"https:\/\/ruiqigo.com\/?post_type=product&#038;p=2373"},"modified":"2024-12-27T16:48:31","modified_gmt":"2024-12-27T08:48:31","slug":"shampoo-and-conditioner-sulphate-free","status":"publish","type":"product","link":"https:\/\/www.ruiqigo.com\/it\/product\/shampoo-and-conditioner-sulphate-free","title":{"rendered":"Shampoo e balsamo senza solfati"},"content":{"rendered":"<h2 class=\"wp-block-heading\">Shampoo e balsamo senza solfati, formule comuni di produzione<\/h2>\n\n\n\n<p>Nella produzione di shampoo e balsamo senza solfati, utilizziamo una variet\u00e0 di ingredienti naturali per mantenere una barriera idratante naturale per il cuoio capelluto. Questi ingredienti lavorano insieme per detergere, curare e idratare.<\/p>\n\n\n\n<p>1. Aloe vera: l&#039;aloe vera pu\u00f2 ripristinare rapidamente l&#039;idratazione e i nutrienti necessari al cuoio capelluto e ai capelli, e fissarli saldamente, in modo che i capelli possano rimanere idratati e lucenti. Ma aiuta anche ad alleviare irritazioni e infiammazioni, migliora i problemi del cuoio capelluto e controlla la produzione di sebo del cuoio capelluto, il che aiuta i capelli a mantenere un equilibrio tra olio e acqua. Inoltre, deterge delicatamente il cuoio capelluto senza privarlo dell&#039;idratazione naturale.<\/p>\n\n\n\n<p>2. Olio di cocco: l&#039;olio di cocco \u00e8 un SPF naturale che protegge i capelli dai danni dei raggi UV. Viene anche facilmente assorbito dalla cuticola, fornendo un effetto idratante di lunga durata per i capelli e riducendo la perdita di acqua. Inoltre, pu\u00f2 anche aiutarti a riparare i capelli danneggiati e migliorare problemi come doppie punte e rotture.<\/p>\n\n\n\n<p>3. Tensioattivi: utilizziamo tensioattivi delicati, che hanno un potere detergente moderato e possono ridurre l&#039;irritazione del cuoio capelluto; solitamente producono meno schiuma, quindi sono pi\u00f9 adatti alle persone sensibili con capelli secchi.<\/p>\n\n\n\n<p>4. Vitamina E: \u00e8 un antiossidante che protegge i capelli dai danni dei radicali liberi.<\/p>\n\n\n\n<p>5. Regolatore di pH: pu\u00f2 regolare il pH, in modo che il prodotto sia pi\u00f9 vicino al pH del capello, riducendo cos\u00ec l&#039;irritazione.<\/p>\n\n\n\n<h2 class=\"wp-block-heading\">Le funzioni di shampoo e balsamo senza solfati<\/h2>\n\n\n\n<p>Come produttore professionale di shampoo e balsamo senza solfati, combiniamo il potere detergente degli shampoo con il potere nutriente dei balsami, evitando al contempo l&#039;irritazione dei solfati nei capelli, per offrirti un prodotto tutto in uno, delicato e non irritante. Ecco le sue funzioni principali:<\/p>\n\n\n\n<p>1. Idratante e umettante: i nostri prodotti non solo possono reintegrare l&#039;idratazione in profondit\u00e0 nel nucleo del capello, ma anche rendere i capelli pi\u00f9 idratati. Inoltre, mantengono l&#039;idratazione naturale nel cuoio capelluto e nei capelli, il che \u00e8 benefico per la salute generale dei tuoi capelli e migliora i problemi di doppie punte e rotture.<\/p>\n\n\n\n<p>2. Texture naturale: gli shampoo e i balsami senza solfati sono pi\u00f9 delicati, mantengono la parte oleosa naturale, impediscono ai capelli di seccarsi e diventare crespi, li rendono pi\u00f9 morbidi e sani e non richiedono cure particolari per i capelli ricci.<\/p>\n\n\n\n<p>3. Pulizia delicata: utilizziamo una variet\u00e0 di ingredienti vegetali naturali e ingredienti delicati per la cura dei capelli per ridurre l&#039;irritazione di capelli e cuoio capelluto e prevenire l&#039;effetto crespo e la secchezza dei capelli, in particolare nei muscoli sensibili.<\/p>\n\n\n\n<p>4. Mantiene il colore dei capelli: non apre la cuticola durante l&#039;uso e pu\u00f2 anche aiutare a mantenere la forza del pigmento della tintura per capelli, prolungandone cos\u00ec la durata.<\/p>\n\n\n\n<p>5. Riparano e nutrono: gli shampoo e i balsami senza solfati possono riparare i capelli danneggiati e creare uno strato protettivo sulla superficie, riducendo la perdita di acqua e nutrendo ulteriormente i capelli.<\/p>\n\n\n\n<p>6. Ecologico e conveniente: rispetto agli ingredienti solfati, i nostri ingredienti sono pi\u00f9 ecologici e sani e non solo forniscono una pulizia profonda, ma anche un trattamento profondo, rendendo i capelli pi\u00f9 sani. Il doppio effetto \u00e8 pi\u00f9 conveniente per il tuo utilizzo ed evita anche la sensazione di pesantezza che pu\u00f2 essere causata dall&#039;uso sovrapposto di pi\u00f9 prodotti.<\/p>\n\n\n\n<h2 class=\"wp-block-heading\">Come usare shampoo e balsamo senza solfati?<\/h2>\n\n\n\n<p>Il nostro shampoo e balsamo senza solfati combinano molteplici funzioni per renderli pi\u00f9 facili da usare, facili da gestire e adatti alla maggior parte delle situazioni.<\/p>\n\n\n\n<p>1. Capelli bagnati: prima bagnare i capelli con acqua tiepida per assicurarsi che ogni capello sia umido;<\/p>\n\n\n\n<p>2. Pulizia e cura: per la prima pulizia, applicare una quantit\u00e0 adeguata di shampoo e balsamo senza solfati sul palmo, strofinare le bolle e quindi applicare uniformemente la schiuma su capelli e cuoio capelluto. \u00c8 possibile massaggiare delicatamente il cuoio capelluto per favorire la circolazione sanguigna e risciacquare con acqua dopo il massaggio. La seconda pulizia \u00e8 uguale alla prima fase di pulizia, questo processo pu\u00f2 aiutare a rimuovere lo sporco residuo e l&#039;olio dai capelli, favorendo una pulizia approfondita.<\/p>\n\n\n\n<p>3. Risciacquare: risciacquare la schiuma con acqua, assicurarsi che non ci sia pi\u00f9 schiuma e asciugare delicatamente con un asciugamano. Dopo aver lavato i capelli, puoi condizionarli in profondit\u00e0 con olio essenziale in base alle tue esigenze personali e lasciarli asciugare all&#039;aria o con un asciugacapelli.<\/p>\n\n\n\n<h2 class=\"wp-block-heading\">Attenzione<\/h2>\n\n\n\n<p>1. Scegli i prodotti adatti ai tuoi capelli in base alle loro esigenze;<\/p>\n\n\n\n<p>2. Per la prima volta \u00e8 necessario effettuare un test allergico e sospendere l&#039;uso se non si verifica alcun adattamento;<\/p>\n\n\n\n<p>3. Evitare un uso eccessivo, assumere la quantit\u00e0 appropriata in base alla lunghezza dei capelli ed evitare un carico eccessivo di capelli;<\/p>\n\n\n\n<p>4. Evitare un uso frequente, si consiglia di utilizzare 1-2 volte a settimana, se i capelli sono radi o grassi, \u00e8 possibile aumentare opportunamente il numero di volte;<\/p>\n\n\n\n<p>5. Si consiglia di conservare in un luogo fresco e asciutto, evitando la luce solare diretta e gli ambienti ad alte temperature.<\/p>\n\n\n\n<h2 class=\"wp-block-heading\">Conclusione<\/h2>\n\n\n\n<p>I nostri prodotti utilizzano una variet\u00e0 di ingredienti vegetali naturali e ingredienti per la cura dei capelli altamente efficaci per sostituire il solfato, non solo per soddisfare la salute, la sicurezza e la tutela ambientale del tuo prodotto, shampoo e cura dei capelli vogliono combinare le caratteristiche del tuo marchio per ottenere un vantaggio competitivo differenziato. Naturalmente, forniamo anche una gamma completa di servizi di personalizzazione, che si tratti di adattamento della formula o progettazione del packaging, possiamo creare un marchio unico in base alle tue esigenze. Se sei interessato anche ai nostri shampoo e balsami senza solfati, ti preghiamo di contattarci.<\/p>","protected":false},"excerpt":{"rendered":"Shampoo And Conditioner Sulphate Free Manufacturing Common Formulas In the production of shampoo and conditioner sulphate free, we use a variety of natural ingredients to maintain a natural moisturizing barrier for the scalp. These ingredients work together to cleanse, care, and moisturize. 1. Aloe vera: Aloe vera can quickly replenish the moisture and nutrients needed [&hellip;]","protected":false},"featured_media":2374,"menu_order":0,"template":"","meta":[],"product-tag":[],"products":[54],"class_list":["post-2373","product","type-product","status-publish","has-post-thumbnail","hentry","products-shampoo-and-conditioner"],"acf":[],"_links":{"self":[{"href":"https:\/\/www.ruiqigo.com\/it\/wp-json\/wp\/v2\/product\/2373","targetHints":{"allow":["GET"]}}],"collection":[{"href":"https:\/\/www.ruiqigo.com\/it\/wp-json\/wp\/v2\/product"}],"about":[{"href":"https:\/\/www.ruiqigo.com\/it\/wp-json\/wp\/v2\/types\/product"}],"version-history":[{"count":0,"href":"https:\/\/www.ruiqigo.com\/it\/wp-json\/wp\/v2\/product\/2373\/revisions"}],"wp:featuredmedia":[{"embeddable":true,"href":"https:\/\/www.ruiqigo.com\/it\/wp-json\/wp\/v2\/media\/2374"}],"wp:attachment":[{"href":"https:\/\/www.ruiqigo.com\/it\/wp-json\/wp\/v2\/media?parent=2373"}],"wp:term":[{"taxonomy":"product-tag","embeddable":true,"href":"https:\/\/www.ruiqigo.com\/it\/wp-json\/wp\/v2\/product-tag?post=2373"},{"taxonomy":"products","embeddable":true,"href":"https:\/\/www.ruiqigo.com\/it\/wp-json\/wp\/v2\/products?post=2373"}],"curies":[{"name":"parola chiave","href":"https:\/\/api.w.org\/{rel}","templated":true}]}}