{"id":242,"date":"2024-06-30T23:36:11","date_gmt":"2024-06-30T15:36:11","guid":{"rendered":"https:\/\/ruiqigo.com\/?post_type=product&#038;p=242"},"modified":"2024-09-20T09:56:45","modified_gmt":"2024-09-20T01:56:45","slug":"herbal-essences-shampoo","status":"publish","type":"product","link":"https:\/\/www.ruiqigo.com\/it\/product\/herbal-essences-shampoo","title":{"rendered":"Shampoo alle essenze erboristiche"},"content":{"rendered":"<h3 class=\"wp-block-heading\">Shampoo alle essenze erboristiche, formule comuni per la produzione<\/h3>\n\n\n\n<p>Nel nostro Herbal Essence Shampoo, abbiamo aggiunto un&#039;ampia variet\u00e0 di estratti di erbe, tra cui Angelica, Lavanda, Ylang Ylang, Patchouli, Proteine del grano e altri estratti di erbe, cos\u00ec come oli essenziali, Estratto di Channellus (Melaleuca alternifolia), Estratto di radice di zenzero, Estratto di foglie di Sapindus, Estratto di Polygonatum odoratum ed Estratto di Polygonum multiflorum. Tra questi, si ritiene che l&#039;estratto di Angelica aumenti la circolazione sanguigna nel cuoio capelluto, il che aiuta la crescita dei capelli e ne riduce la caduta. L&#039;olio di lavanda \u00e8 famoso per calmare il cuoio capelluto e uccidere i germi, e ha anche un buon profumo. Radice di zenzero, foglia siberiana e Polygonum multiflorum sono prelibatezze naturali che si pensa aiutino i capelli a rimanere sani e a crescere meglio.<\/p>\n\n\n\n<h3 class=\"wp-block-heading\">Scenari di applicazione dello shampoo alle essenze erboristiche<\/h3>\n\n\n\n<p>Lo shampoo Herbal essences \u00e8 adatto a tutti i tipi di clima perch\u00e9 \u00e8 fatto con ingredienti naturali ed \u00e8 delicato. Funziona benissimo sia in luoghi secchi che umidi. In condizioni di clima secco, ingredienti come le proteine del grano nello shampoo impediscono ai capelli di diventare secchi e statici. Quando \u00e8 umido, erbe come l&#039;olio di ylang ylang nello shampoo aiutano a impedire che il cuoio capelluto diventi troppo unto, cos\u00ec i capelli non sembrano unti o piatti. Puoi anche abbinarlo a un <a href=\"https:\/\/www.ruiqigo.com\/it\/products\/conditioner\/\">balsamo con ingredienti naturali <\/a>per risultati ancora migliori.<\/p>\n\n\n\n<h3 class=\"wp-block-heading\">Per chi \u00e8 adatto lo shampoo Herbal Essences?<\/h3>\n\n\n\n<p>Herbal Essence Shampoo \u00e8 perfetto per chi preferisce prodotti naturali e si preoccupa della provenienza degli ingredienti. \u00c8 ottimo anche per chi ha problemi al cuoio capelluto come forfora, cuoio capelluto grasso o secco o cuoio capelluto sensibile. Gli ingredienti naturali nello shampoo possono aiutare ad alleviare questi problemi. Altro <a href=\"https:\/\/www.ruiqigo.com\/it\/products\/shampoo\/\">shampoo con ingredienti naturali<\/a> tra cui scegliere 3TOP.<\/p>\n\n\n\n<h3 class=\"wp-block-heading\">Processo di produzione dello shampoo alle essenze erboristiche<\/h3>\n\n\n\n<p>Herbal Essence Shampoo utilizza una serie di processi di produzione speciali. Herbal Essence Shampoo \u00e8 realizzato in due modi speciali. Innanzitutto, c&#039;\u00e8 la bollitura a mano, un vecchio modo di fare le cose usando strumenti e tecniche tradizionali per mescolare insieme le parti della pianta. In secondo luogo, c&#039;\u00e8 la distillazione a vapore, che estrae le parti profumate dalle piante. Queste possono essere utilizzate come le cose buone nello shampoo. Questi processi di produzione speciali garantiscono la qualit\u00e0 naturale dei nostri shampoo agli estratti di erbe.<\/p>","protected":false},"excerpt":{"rendered":"Herbal essences shampoo manufacturing common formulas In our Herbal Essence Shampoo, we have added a very wide variety of herbal extracts, including Angelica, Lavender, Ylang Ylang, Patchouli, Wheat Protein and other herbal extracts, as well as essential oils, Channellus Extract (Melaleuca alternifolia), Ginger Root Extract, Sapindus Leaf Extract, Polygonatum odoratum Extract, and Polygonum multiflorum Extract. [&hellip;]","protected":false},"featured_media":243,"menu_order":0,"template":"","meta":[],"product-tag":[],"products":[51],"class_list":["post-242","product","type-product","status-publish","has-post-thumbnail","hentry","products-shampoo"],"acf":[],"_links":{"self":[{"href":"https:\/\/www.ruiqigo.com\/it\/wp-json\/wp\/v2\/product\/242","targetHints":{"allow":["GET"]}}],"collection":[{"href":"https:\/\/www.ruiqigo.com\/it\/wp-json\/wp\/v2\/product"}],"about":[{"href":"https:\/\/www.ruiqigo.com\/it\/wp-json\/wp\/v2\/types\/product"}],"version-history":[{"count":0,"href":"https:\/\/www.ruiqigo.com\/it\/wp-json\/wp\/v2\/product\/242\/revisions"}],"wp:featuredmedia":[{"embeddable":true,"href":"https:\/\/www.ruiqigo.com\/it\/wp-json\/wp\/v2\/media\/243"}],"wp:attachment":[{"href":"https:\/\/www.ruiqigo.com\/it\/wp-json\/wp\/v2\/media?parent=242"}],"wp:term":[{"taxonomy":"product-tag","embeddable":true,"href":"https:\/\/www.ruiqigo.com\/it\/wp-json\/wp\/v2\/product-tag?post=242"},{"taxonomy":"products","embeddable":true,"href":"https:\/\/www.ruiqigo.com\/it\/wp-json\/wp\/v2\/products?post=242"}],"curies":[{"name":"parola chiave","href":"https:\/\/api.w.org\/{rel}","templated":true}]}}