{"id":2576,"date":"2025-01-07T13:52:35","date_gmt":"2025-01-07T05:52:35","guid":{"rendered":"https:\/\/ruiqigo.com\/?post_type=product&#038;p=2576"},"modified":"2025-01-07T13:52:38","modified_gmt":"2025-01-07T05:52:38","slug":"hydrating-facial-cleanser","status":"publish","type":"product","link":"https:\/\/www.ruiqigo.com\/it\/product\/hydrating-facial-cleanser","title":{"rendered":"Detergente viso idratante"},"content":{"rendered":"<h2 class=\"wp-block-heading\">Produzione di detergenti idratanti per il viso, formule comuni<\/h2>\n\n\n\n<p>Nel processo di produzione, abbiamo combinato i problemi di pi\u00f9 tipi di pelle e adottato soluzioni relative per sviluppare un detergente idratante che i muscoli sensibili possono usare in sicurezza. Ecco i suoi ingredienti principali:<\/p>\n\n\n\n<p>1. Acido ialuronico: l&#039;acido ialuronico ha una componente altamente idratante, che pu\u00f2 fornire acqua adeguata alla pelle e trattenere saldamente l&#039;acqua per mantenere l&#039;equilibrio idrico. Inoltre, previene la pelle ruvida e secca e aiuta la pelle a ripristinare elasticit\u00e0 e lucentezza.<\/p>\n\n\n\n<p>2. Ceramide: la ceramide ha una forte capacit\u00e0 di trattenere l&#039;acqua. Pu\u00f2 penetrare rapidamente nello strato corneo e formare una struttura a rete per trattenere l&#039;acqua e prevenirne la perdita. Allo stesso tempo, pu\u00f2 anche riparare la barriera cutanea danneggiata e migliorare la capacit\u00e0 di difesa della pelle per ridurre i danni degli stimoli esterni alla pelle.<\/p>\n\n\n\n<p>3. Tensioattivi: utilizziamo tensioattivi delicati che possono pulire delicatamente la pelle senza irritarla, anche nel caso di muscoli sensibili.<\/p>\n\n\n\n<p>4. Estratto di camomilla: la camomilla ha un effetto lenitivo e antinfiammatorio, che pu\u00f2 lenire la pelle, aiutare ad alleviare sintomi come rossore, secchezza e prurito e ripristinare la calma. Ha propriet\u00e0 antibatteriche e antinfiammatorie naturali, pu\u00f2 ridurre l&#039;infiammazione della pelle, promuovere la riparazione e la guarigione della pelle e ridurre ulteriormente la comparsa di acne, l&#039;uso a lungo termine pu\u00f2 migliorare le condizioni della pelle.<\/p>\n\n\n\n<p>5. Acido salicilico: l&#039;acido salicilico pu\u00f2 inibire la secrezione di sebo nel viso, aiutando cos\u00ec a regolare l&#039;equilibrio del sebo e a rendere la pelle pi\u00f9 rinfrescante. Ha anche propriet\u00e0 antibatteriche, che possono ridurre la comparsa di acne. Allo stesso tempo, pu\u00f2 anche ammorbidire lo strato corneo, rimuovere delicatamente le cellule morte della pelle, promuovere il rinnovamento delle cellule epidermiche e rendere la pelle pi\u00f9 liscia e delicata.<\/p>\n\n\n\n<h2 class=\"wp-block-heading\">Le funzioni del detergente idratante per il viso<\/h2>\n\n\n\n<p>Il nostro detergente idratante utilizza processi di produzione avanzati e combina una variet\u00e0 di ingredienti idratanti altamente efficaci per offrirti un&#039;esperienza di pulizia confortevole e sicura. Diamo un&#039;occhiata a cosa fa:<\/p>\n\n\n\n<p>1. Pulizia delicata: il detergente idratante utilizza una formula delicata, che non solo rimuove efficacemente sporco, olio e residui di cosmetici dalla superficie della pelle, ma non secca e non tira la pelle, il che pu\u00f2 ridurre l&#039;irritazione della pelle e pu\u00f2 essere applicato anche sui muscoli sensibili.<\/p>\n\n\n\n<p>2. Idratazione profonda: il nostro detergente contiene una variet\u00e0 di ingredienti idratanti naturali che possono fornire idratazione in profondit\u00e0 alla pelle durante la pulizia e trattenere l&#039;idratazione per prevenire la perdita di idratazione. E per la pelle grassa, pu\u00f2 anche regolare la secrezione di sebo per mantenere l&#039;equilibrio di acqua e sebo nella pelle, in modo che la pelle sia pi\u00f9 idratata ed elastica.<\/p>\n\n\n\n<p>3. Riparazione lenitiva: la camomilla e altri ingredienti nel detergente idratante hanno un effetto calmante e lenitivo, che pu\u00f2 alleviare il disagio causato dalla stimolazione ambientale esterna e ridurre la sensibilit\u00e0 della pelle. Allo stesso tempo, pu\u00f2 anche aiutare a riparare la barriera cutanea danneggiata, migliorare la capacit\u00e0 di difesa della pelle e rendere la pelle pi\u00f9 sana.<\/p>\n\n\n\n<p>5. Migliora la pelle: i detergenti idratanti possono non solo ridurre la comparsa di acne, ma anche rafforzare la barriera cutanea. E l&#039;effetto idratante di lunga durata rende la pelle pi\u00f9 delicata, liscia ed elastica. Allo stesso tempo, esfolia la pelle, rendendola pi\u00f9 uniforme e luminosa. Pertanto, pu\u00f2 migliorare le condizioni della pelle e mantenerla sana.<\/p>\n\n\n\n<h2 class=\"wp-block-heading\">Come utilizzare il detergente idratante per il viso?<\/h2>\n\n\n\n<p>I nostri prodotti sono facili da usare e sicuri, il che li rende un ottimo detergente tra cui scegliere. Invieremo i nostri prodotti a rigorosi test dermatologici per garantire che non vi siano alcol, aromi, coloranti o altri ingredienti irritanti aggiunti e che si prendano cura delicatamente della tua pelle.<\/p>\n\n\n\n<p>1. Inumidisci prima il viso per favorirne la pulizia;<\/p>\n\n\n\n<p>2. Applicare la giusta quantit\u00e0 di detergente idratante per il viso sul palmo della mano e aggiungere un po&#039; d&#039;acqua per formare schiuma;<\/p>\n\n\n\n<p>3. Applicare uniformemente la schiuma sul viso e massaggiare delicatamente;<\/p>\n\n\n\n<p>4. Risciacquare abbondantemente con acqua pulita per assicurarsi che non rimanga schiuma;<\/p>\n\n\n\n<p>5. Asciugare delicatamente con un asciugamano, quindi abbinare la stessa serie di prodotti idratanti per favorire ulteriormente l&#039;idratazione.<\/p>\n\n\n\n<h2 class=\"wp-block-heading\">Attenzione<\/h2>\n\n\n\n<p>1. Scegli un detergente idratante adatto al tuo tipo di pelle;<\/p>\n\n\n\n<p>2. Per la prima volta \u00e8 necessario effettuare un test allergico e, se non si riscontra alcun adattamento, interrompere immediatamente l&#039;uso;<\/p>\n\n\n\n<p>3. Si consiglia di utilizzare una volta al mattino e una volta alla sera per evitare danni alla barriera cutanea causati da un uso frequente;<\/p>\n\n\n\n<p>4. Prestare attenzione al principio della quantit\u00e0 appropriata durante l&#039;uso, per evitare una schiuma eccessiva che rende la pelle unta e spessa;<\/p>\n\n\n\n<p>5. Si consiglia di adattare l&#039;uso dei detergenti idratanti in base ai cambiamenti stagionali;<\/p>\n\n\n\n<p>6. Si consiglia di conservare in un luogo fresco e asciutto per evitare la luce solare diretta e gli ambienti ad alte temperature che influenzano l&#039;effetto del prodotto.<\/p>\n\n\n\n<h2 class=\"wp-block-heading\">Conclusione<\/h2>\n\n\n\n<p>Come produttore professionale di detergenti idratanti per il viso, abbiamo creato un prodotto specificamente progettato per ogni tipo di pelle in base alle tue esigenze e condizioni della pelle. Oltre allo studio dell&#039;efficacia, prestiamo anche grande attenzione alla qualit\u00e0 del processo di produzione, dallo screening delle materie prime al confezionamento del prodotto finito, abbiamo un rigoroso sistema di controllo qualit\u00e0 per garantire che ogni flacone di detergente idratante sia sicuro da usare. Allo stesso tempo, forniamo anche una gamma completa di servizi personalizzati, in base alle tue esigenze, per aiutarti a creare prodotti unici e di marca in modo da ottenere un vantaggio competitivo. Se sei interessato, contattaci.<\/p>\n\n\n\n<p><\/p>","protected":false},"excerpt":{"rendered":"Hydrating Facial Cleanser Manufacturing Common Formulas In the production process, we have combined the problems of multiple skin types and adopted relative solutions to develop a moisturizing cleanser that sensitive muscles can safely use. Here are its main ingredients: 1. Hyaluronic acid: hyaluronic acid has a highly moisturizing component, which can provide adequate water for [&hellip;]","protected":false},"featured_media":2577,"menu_order":0,"template":"","meta":[],"product-tag":[],"products":[65],"class_list":["post-2576","product","type-product","status-publish","has-post-thumbnail","hentry","products-facial-cleanser"],"acf":[],"_links":{"self":[{"href":"https:\/\/www.ruiqigo.com\/it\/wp-json\/wp\/v2\/product\/2576","targetHints":{"allow":["GET"]}}],"collection":[{"href":"https:\/\/www.ruiqigo.com\/it\/wp-json\/wp\/v2\/product"}],"about":[{"href":"https:\/\/www.ruiqigo.com\/it\/wp-json\/wp\/v2\/types\/product"}],"version-history":[{"count":0,"href":"https:\/\/www.ruiqigo.com\/it\/wp-json\/wp\/v2\/product\/2576\/revisions"}],"wp:featuredmedia":[{"embeddable":true,"href":"https:\/\/www.ruiqigo.com\/it\/wp-json\/wp\/v2\/media\/2577"}],"wp:attachment":[{"href":"https:\/\/www.ruiqigo.com\/it\/wp-json\/wp\/v2\/media?parent=2576"}],"wp:term":[{"taxonomy":"product-tag","embeddable":true,"href":"https:\/\/www.ruiqigo.com\/it\/wp-json\/wp\/v2\/product-tag?post=2576"},{"taxonomy":"products","embeddable":true,"href":"https:\/\/www.ruiqigo.com\/it\/wp-json\/wp\/v2\/products?post=2576"}],"curies":[{"name":"parola chiave","href":"https:\/\/api.w.org\/{rel}","templated":true}]}}