{"id":2591,"date":"2025-01-09T10:16:02","date_gmt":"2025-01-09T02:16:02","guid":{"rendered":"https:\/\/ruiqigo.com\/?post_type=product&#038;p=2591"},"modified":"2025-01-09T10:16:37","modified_gmt":"2025-01-09T02:16:37","slug":"salicylic-acid-facial-cleanser","status":"publish","type":"product","link":"https:\/\/www.ruiqigo.com\/it\/product\/salicylic-acid-facial-cleanser","title":{"rendered":"Detergente viso all&#039;acido salicilico"},"content":{"rendered":"<h2 class=\"wp-block-heading\">Produzione di detergenti per il viso all&#039;acido salicilico Formule comuni<\/h2>\n\n\n\n<p>Il processo di pulizia con acido salicilico pu\u00f2 essere irritante, quindi abbiamo aggiunto una variet\u00e0 di tensioattivi delicati e ingredienti idratanti naturali durante la ricerca sulla formulazione. Questo obiettivo \u00e8 ridurre l&#039;irritazione cutanea e rendere il prodotto adatto alla maggior parte dei tipi di pelle.<\/p>\n\n\n\n<p>1. Acido salicilico: l&#039;acido salicilico \u00e8 l&#039;ingrediente principale e anche un esfoliante. Non solo penetra in profondit\u00e0 nei pori, dissolvendo l&#039;olio e lo sporco accumulati e impedendo ai pori di ostruirsi, riducendo cos\u00ec la formazione di brufoli e punti neri. Pu\u00f2 anche ridurre l&#039;eccesso di olio e bilanciare ulteriormente la secrezione di olio, il che favorisce la riduzione dei problemi della pelle causati da troppo olio, come acne e brufoli. Allo stesso tempo, l&#039;acido salicilico pu\u00f2 anche promuovere la crescita di nuove cellule, migliorare il problema dell&#039;invecchiamento della pelle e rendere la pelle pi\u00f9 liscia e delicata.<\/p>\n\n\n\n<p>2. Niacinamide: la niacinamide pu\u00f2 migliorare la funzione barriera della pelle e ha un certo effetto antiossidante, che pu\u00f2 resistere ai danni dell&#039;ambiente esterno sulla pelle. Non solo, ha anche un ruolo nello schiarire la pelle, aiutando a ridurre macchie e opacit\u00e0 e rendendo la pelle pi\u00f9 trasparente.<\/p>\n\n\n\n<p>3. Acido ialuronico: l&#039;acido ialuronico \u00e8 un comune ingrediente idratante che dona alla pelle un effetto idratante duraturo. Quando usato in combinazione con l&#039;acido salicilico, bilancia la secchezza dell&#039;acido salicilico e allevia l&#039;irritazione della pelle, mantenendola idratata.<\/p>\n\n\n\n<p>4. Retinolo: il retinolo ha un forte effetto anti-invecchiamento, pu\u00f2 promuovere il rinnovamento cellulare e la produzione di collagene, in modo da ripristinare l&#039;elasticit\u00e0 della pelle, pi\u00f9 tesa. Allo stesso tempo, pu\u00f2 anche ridurre la secrezione di sebo e migliorare l&#039;effetto di controllo del sebo.<\/p>\n\n\n\n<h2 class=\"wp-block-heading\">Le funzioni del detergente viso all&#039;acido salicilico<\/h2>\n\n\n\n<p>Come produttore professionale di detergenti per il viso all&#039;acido salicilico, ci impegniamo a fornirti soluzioni per la cura della pelle altamente efficaci. Pertanto, utilizziamo una tecnologia di produzione avanzata per garantire che la sua attivit\u00e0 possa essere mantenuta nella massima misura e svolgere il massimo effetto. Ecco le sue funzioni principali:<\/p>\n\n\n\n<p>1. Esfoliare: utilizzare un detergente all&#039;acido salicilico per rimuovere le cellule morte della pelle, sciogliere e rimuovere delicatamente una grande quantit\u00e0 di pelle invecchiata accumulata, favorendo cos\u00ec la crescita di nuove cellule, lasciando la pelle pi\u00f9 liscia e delicata.<\/p>\n\n\n\n<p>2. Controllo dell&#039;equilibrio dell&#039;olio: il nostro detergente pu\u00f2 liberare i pori e rimuovere anche l&#039;eccesso di olio, controllando l&#039;equilibrio dell&#039;olio, in particolare per i muscoli con pox oleoso. Riducendo la lucentezza, il viso rimane fresco e non tirato.<\/p>\n\n\n\n<p>3. Acne pulita: l&#039;acido salicilico \u00e8 permeabile e pu\u00f2 pulire in profondit\u00e0 i pori e impedirne l&#039;ostruzione. Rallenta anche la perdita di cellule della pelle dai follicoli piliferi, riducendo la formazione di punti neri e brufoli.<\/p>\n\n\n\n<p>4. Migliora la qualit\u00e0 della pelle: il detergente all&#039;acido salicilico pu\u00f2 promuovere il rinnovamento delle cellule epidermiche, il che non solo pu\u00f2 prevenire la pigmentazione, ma anche rallentare l&#039;invecchiamento della pelle e renderla pi\u00f9 soda. Allo stesso tempo, gli ingredienti sbiancanti nel detergente per il viso aiutano anche a schiarire la pelle e a sbiadire le macchie.<\/p>\n\n\n\n<p>5. Antibatterico e antinfiammatorio: il nostro detergente ha effetti antibatterici e antinfiammatori, che possono alleviare irritazioni e rossori del viso, ridurre l&#039;acne e l&#039;infiammazione e accelerare la guarigione dell&#039;acne.<\/p>\n\n\n\n<h2 class=\"wp-block-heading\">Come usare il detergente viso all&#039;acido salicilico?<\/h2>\n\n\n\n<p>Produciamo diverse concentrazioni di detergenti per il viso all&#039;acido salicilico, puoi scegliere. I principianti consigliano di iniziare da una bassa concentrazione per costruire gradualmente la tolleranza, in modo da non irritare il viso. Allo stesso tempo, contrassegneremo anche l&#039;uso della confezione:<\/p>\n\n\n\n<p>1. Bagnare prima il viso con acqua tiepida per facilitare la formazione di schiuma;<\/p>\n\n\n\n<p>2. Applicare una quantit\u00e0 appropriata di detergente viso all&#039;acido salicilico sul palmo e strofinare fino a formare schiuma, quindi applicare uniformemente la schiuma sul viso e massaggiare delicatamente due parti con un movimento circolare. Notare che le aree soggette a sebo nella zona T possono essere massaggiate per un po&#039; per aiutare a rimuovere sebo e sporco.<\/p>\n\n\n\n<p>3. Dopo il massaggio, risciacquare la schiuma con acqua pulita per assicurarsi che non vi siano residui;<\/p>\n\n\n\n<p>4. Dopo aver asciugato delicatamente con un asciugamano, puoi abbinare la stessa serie di prodotti idratanti e usarli durante il giorno con prodotti per la protezione solare. Poich\u00e9 l&#039;acido salicilico rende la pelle pi\u00f9 sensibile al sole, la protezione solare pu\u00f2 essere usata per proteggere dai raggi UV.<\/p>\n\n\n\n<h2 class=\"wp-block-heading\">Attenzione<\/h2>\n\n\n\n<p>1. Quando lo utilizzi, scegli il detergente viso all&#039;acido salicilico adatto al tuo tipo di pelle;<\/p>\n\n\n\n<p>2. Per la prima volta \u00e8 necessario eseguire un test allergico e, se si verifica un fastidio, l&#039;uso deve essere immediatamente interrotto;<\/p>\n\n\n\n<p>3. Prestare attenzione alla frequenza di utilizzo, si consiglia di utilizzare una volta al mattino e alla sera. I principianti possono aumentare gradualmente da 2-3 volte a settimana all&#039;uso quotidiano per adattarsi alle condizioni della pelle;<\/p>\n\n\n\n<p>4. Se si hanno problemi specifici della pelle, dovrebbe essere utilizzato dietro consiglio di un medico;<\/p>\n\n\n\n<p>5. Le donne in gravidanza e in allattamento devono consultare un medico prima dell&#039;uso;<\/p>\n\n\n\n<p>6. Si consiglia di conservare in un luogo fresco e asciutto, al riparo dalla luce solare diretta e da temperature elevate.<\/p>\n\n\n\n<h2 class=\"wp-block-heading\">Conclusione<\/h2>\n\n\n\n<p>Come produttore di acido salicilico focalizzato sulla produzione di alta qualit\u00e0, abbiamo un team di ricerca e sviluppo professionale con una vasta esperienza nello sviluppo e nella produzione di prodotti per la cura della pelle. Allo stesso tempo, abbiamo un rigoroso sistema di controllo qualit\u00e0 in ogni collegamento, dall&#039;approvvigionamento delle materie prime alla produzione e al confezionamento, per garantire l&#039;efficacia e la sicurezza di ogni prodotto. Inoltre, forniamo anche servizi di personalizzazione completi e puntiamo alla perfezione, per garantire che il tuo marchio si distingua sul mercato. Se anche tu sei interessato, ti preghiamo di contattarci.<\/p>","protected":false},"excerpt":{"rendered":"Salicylic Acid Facial Cleanser Manufacturing Common Formulas The salicylic acid cleansing process can be irritating, so we added a variety of mild surfactants and natural moisturizing ingredients during formulation research. This aim is to reduce skin irritation and make the product suitable for most skin types. 1. Salicylic acid: Salicylic acid is the core ingredient [&hellip;]","protected":false},"featured_media":2592,"menu_order":0,"template":"","meta":[],"product-tag":[],"products":[65],"class_list":["post-2591","product","type-product","status-publish","has-post-thumbnail","hentry","products-facial-cleanser"],"acf":[],"_links":{"self":[{"href":"https:\/\/www.ruiqigo.com\/it\/wp-json\/wp\/v2\/product\/2591","targetHints":{"allow":["GET"]}}],"collection":[{"href":"https:\/\/www.ruiqigo.com\/it\/wp-json\/wp\/v2\/product"}],"about":[{"href":"https:\/\/www.ruiqigo.com\/it\/wp-json\/wp\/v2\/types\/product"}],"version-history":[{"count":0,"href":"https:\/\/www.ruiqigo.com\/it\/wp-json\/wp\/v2\/product\/2591\/revisions"}],"wp:featuredmedia":[{"embeddable":true,"href":"https:\/\/www.ruiqigo.com\/it\/wp-json\/wp\/v2\/media\/2592"}],"wp:attachment":[{"href":"https:\/\/www.ruiqigo.com\/it\/wp-json\/wp\/v2\/media?parent=2591"}],"wp:term":[{"taxonomy":"product-tag","embeddable":true,"href":"https:\/\/www.ruiqigo.com\/it\/wp-json\/wp\/v2\/product-tag?post=2591"},{"taxonomy":"products","embeddable":true,"href":"https:\/\/www.ruiqigo.com\/it\/wp-json\/wp\/v2\/products?post=2591"}],"curies":[{"name":"parola chiave","href":"https:\/\/api.w.org\/{rel}","templated":true}]}}