{"id":2598,"date":"2025-01-10T15:23:06","date_gmt":"2025-01-10T07:23:06","guid":{"rendered":"https:\/\/ruiqigo.com\/?post_type=product&#038;p=2598"},"modified":"2025-01-10T15:23:54","modified_gmt":"2025-01-10T07:23:54","slug":"jasmine-essential-oil","status":"publish","type":"product","link":"https:\/\/www.ruiqigo.com\/it\/product\/jasmine-essential-oil","title":{"rendered":"Olio essenziale di gelsomino"},"content":{"rendered":"<h2 class=\"wp-block-heading\">Formule comuni per la produzione dell&#039;olio essenziale di gelsomino<\/h2>\n\n\n\n<p>Nella produzione di olio essenziale di gelsomino, utilizziamo una tecnologia avanzata di estrazione a bassa temperatura per massimizzare la ritenzione dei suoi principi attivi naturali. Allo stesso tempo, la concentrazione di olio essenziale \u00e8 troppo alta e l&#039;olio di base viene solitamente aggiunto per diluirlo quando applicato. E possiamo aiutarti ad abbinare l&#039;olio alle diverse parti del trattamento.<\/p>\n\n\n\n<p>1. Olio essenziale di gelsomino: in quanto ingrediente principale, non solo ha una forte capacit\u00e0 idratante, ma pu\u00f2 anche reintegrare l&#039;idratazione del cuoio capelluto e della pelle, fornendo un effetto idratante duraturo. \u00c8 anche ricco di antiossidanti, che possono ritardare l&#039;invecchiamento e promuovere la crescita dei capelli. Inoltre, ha propriet\u00e0 antibatteriche, che possono ridurre la forfora, alleviare il prurito e l&#039;infiammazione del cuoio capelluto e mantenere i capelli freschi.<\/p>\n\n\n\n<p>2. Olio di cocco: l&#039;olio di cocco contiene vitamina E e antiossidanti, che possono aiutare a riparare i capelli danneggiati, ridurre la rottura e le doppie punte e rendere i capelli pi\u00f9 forti e sani. Fornisce inoltre nutrienti per i capelli, ne promuove la crescita e aggiunge lucentezza.<\/p>\n\n\n\n<p>3. Aloe Vera: l&#039;Aloe Vera \u00e8 ricca di fattori idratanti naturali, che possono idratare in profondit\u00e0 la pelle e prevenire la secchezza cutanea. Contiene anche una grande quantit\u00e0 di vitamine che aiutano a promuovere la rigenerazione e la riparazione cellulare, riparando cos\u00ec la pelle danneggiata e fornendo una consistenza morbida e setosa.<\/p>\n\n\n\n<p>4. Olio d&#039;oliva: l&#039;olio d&#039;oliva pu\u00f2 controllare l&#039;oleosit\u00e0 e alleviare i sintomi dell&#039;oleosit\u00e0 del cuoio capelluto e del prurito. Aiuta anche a schiarire la lucentezza dei capelli, prevenire le doppie punte e condizionare i capelli che hanno doppie punte. Inoltre, l&#039;olio d&#039;oliva \u00e8 ricco di acidi grassi, che possono idratare efficacemente la pelle e renderla pi\u00f9 liscia. Ha anche un certo effetto antiossidante, che pu\u00f2 promuovere la produzione di collagene, ritardare l&#039;invecchiamento della pelle e aumentare l&#039;elasticit\u00e0 della pelle.<\/p>\n\n\n\n<p>5. Olio essenziale di noce moscata: l&#039;olio essenziale di noce moscata contiene composti antinfiammatori, pu\u00f2 alleviare il prurito della pelle, l&#039;irritazione e altri disagi, e persino il tono della pelle. Allo stesso tempo, \u00e8 ricco di vitamine, che possono promuovere il metabolismo della pelle per migliorare la pelle secca, la desquamazione e altri problemi.<\/p>\n\n\n\n<h2 class=\"wp-block-heading\">Le funzioni dell&#039;olio essenziale di gelsomino<\/h2>\n\n\n\n<p>Come produttori professionali di olio essenziale di gelsomino, ci impegniamo a creare prodotti di alta qualit\u00e0. Non solo le materie prime sono attentamente selezionate, ma anche il rigoroso sistema di gestione della qualit\u00e0 \u00e8 impostato per ogni collegamento di produzione per garantire che ogni goccia di olio essenziale possa offrirti un&#039;esperienza confortevole.<\/p>\n\n\n\n<p>1. Nutrire i capelli: l&#039;olio essenziale di gelsomino pu\u00f2 fornire ai capelli l&#039;idratazione e il nutrimento necessari per renderli lucidi. \u00c8 anche ottimo per riparare i capelli secchi e danneggiati, lisciare l&#039;effetto crespo e prevenire doppie punte e rotture.<\/p>\n\n\n\n<p>2. Protegge la salute del cuoio capelluto: le propriet\u00e0 antibatteriche del gelsomino possono lenire il prurito del cuoio capelluto e prevenire la forfora e l&#039;infiammazione del cuoio capelluto, mantenendolo fresco e sano. Inoltre, ha anche un certo effetto nel trattenere i pidocchi.<\/p>\n\n\n\n<p>3. Cura idratante della pelle: il fattore idratante contenuto nell&#039;olio essenziale di gelsomino pu\u00f2 migliorare lo stato di secchezza della pelle, fornire un effetto idratante duraturo e rendere la pelle pi\u00f9 idratata e liscia.<\/p>\n\n\n\n<p>4. Ripara l&#039;acne: il nostro olio essenziale agisce anche sull&#039;acne, le sue propriet\u00e0 antibatteriche e antinfiammatorie contribuiscono a migliorare la superficie della pelle causata da rossore, dolore e altri fastidi causati dall&#039;acne, riparando la pelle danneggiata, rafforzando la barriera protettiva della pelle e rendendola pi\u00f9 sana.<\/p>\n\n\n\n<p>5. Allevia lo stress: l&#039;aroma unico del gelsomino pu\u00f2 non solo calmare gli stati emotivi e l&#039;attivit\u00e0 neurale, ma anche alleviare lo stress e la depressione e rilassare il corpo e la mente. Allo stesso tempo, pu\u00f2 anche aumentare la prontezza, il che favorisce il miglioramento della concentrazione.<\/p>\n\n\n\n<h2 class=\"wp-block-heading\">Come utilizzare l&#039;olio essenziale di gelsomino?<\/h2>\n\n\n\n<p>L&#039;olio essenziale di gelsomino \u00e8 ampiamente utilizzato, quindi viene utilizzato in diversi modi. Ne segnaleremo l&#039;operazione sulla confezione in modo che tu possa utilizzarlo in sicurezza.<\/p>\n\n\n\n<p>1. Uso in aromaterapia: versare 1-2 gocce di olio essenziale di gelsomino nella lampada o nel diffusore per aromatizzare tutta la stanza. La fragranza creata \u00e8 ottima per lenire corpo e mente, riducendo stress e stanchezza.<\/p>\n\n\n\n<p>2. Uso per massaggio: mescola il nostro olio essenziale con altri oli base in proporzione e applicalo sul corpo o sul viso. Non solo pu\u00f2 promuovere la circolazione sanguigna, ma anche migliorare la mancanza di acqua e la pelle secca.<\/p>\n\n\n\n<p>3. Utilizzo: durante il lavaggio dei capelli, l&#039;olio essenziale di gelsomino pu\u00f2 essere miscelato allo shampoo o al balsamo in base alle esigenze, rafforzando cos\u00ec l&#039;effetto curativo dei capelli.<\/p>\n\n\n\n<h2 class=\"wp-block-heading\">Attenzione<\/h2>\n\n\n\n<p>1. Eseguire un test allergico avanzato prima dell&#039;uso, in caso di reazione avversa interrompere immediatamente l&#039;uso;<\/p>\n\n\n\n<p>2. La concentrazione dell&#039;olio essenziale di gelsomino \u00e8 elevata, pertanto si consiglia di diluirlo con un olio base per evitare che l&#039;applicazione diretta possa causare irritazioni;<\/p>\n\n\n\n<p>3. Le donne incinte, i bambini e le persone con malattie mentali dovrebbero evitare l&#039;uso, se necessario, utilizzare sotto la guida di un medico;<\/p>\n\n\n\n<p>4. Prestare attenzione al dosaggio durante l&#039;uso per evitare eccessivi fastidi alla pelle;<\/p>\n\n\n\n<p>5. Si consiglia di conservare in un luogo fresco e asciutto, evitando la luce solare diretta e gli ambienti ad alte temperature.<\/p>\n\n\n\n<h2 class=\"wp-block-heading\">Conclusione<\/h2>\n\n\n\n<p>Nel feroce mercato dell&#039;olio essenziale di gelsomino, i nostri prodotti offrono ai clienti la migliore esperienza di cura con i loro effetti unici, diventando uno dei partner di molti marchi di cura della pelle e centri SPA. Come produttori di prodotti di alta qualit\u00e0, non solo selezioniamo fiori di gelsomino di alta qualit\u00e0, ma integriamo anche moderni processi di purificazione tecnologica per garantire che ogni flacone possa offrirti una cura efficiente. Inoltre, forniamo anche servizi personalizzati per creare il tuo marchio di olio essenziale di gelsomino in base alle tue esigenze. Se sei interessato, contattaci.<\/p>","protected":false},"excerpt":{"rendered":"Jasmine Essential Oil Manufacturing Common Formulas In the production of jasmine essential oil, we use advanced low-temperature extraction technology to maximize the retention of its natural active ingredients. At the same time, the concentration of essential oil is too high, and the base oil is usually added to dilute when applied. And we can help [&hellip;]","protected":false},"featured_media":2599,"menu_order":0,"template":"","meta":[],"product-tag":[],"products":[53],"class_list":["post-2598","product","type-product","status-publish","has-post-thumbnail","hentry","products-essential-oil"],"acf":[],"_links":{"self":[{"href":"https:\/\/www.ruiqigo.com\/it\/wp-json\/wp\/v2\/product\/2598","targetHints":{"allow":["GET"]}}],"collection":[{"href":"https:\/\/www.ruiqigo.com\/it\/wp-json\/wp\/v2\/product"}],"about":[{"href":"https:\/\/www.ruiqigo.com\/it\/wp-json\/wp\/v2\/types\/product"}],"version-history":[{"count":0,"href":"https:\/\/www.ruiqigo.com\/it\/wp-json\/wp\/v2\/product\/2598\/revisions"}],"wp:featuredmedia":[{"embeddable":true,"href":"https:\/\/www.ruiqigo.com\/it\/wp-json\/wp\/v2\/media\/2599"}],"wp:attachment":[{"href":"https:\/\/www.ruiqigo.com\/it\/wp-json\/wp\/v2\/media?parent=2598"}],"wp:term":[{"taxonomy":"product-tag","embeddable":true,"href":"https:\/\/www.ruiqigo.com\/it\/wp-json\/wp\/v2\/product-tag?post=2598"},{"taxonomy":"products","embeddable":true,"href":"https:\/\/www.ruiqigo.com\/it\/wp-json\/wp\/v2\/products?post=2598"}],"curies":[{"name":"parola chiave","href":"https:\/\/api.w.org\/{rel}","templated":true}]}}