{"id":281,"date":"2024-07-05T16:29:32","date_gmt":"2024-07-05T08:29:32","guid":{"rendered":"https:\/\/ruiqigo.com\/?post_type=product&#038;p=281"},"modified":"2024-11-15T16:40:52","modified_gmt":"2024-11-15T08:40:52","slug":"lemongrass-essential-oil","status":"publish","type":"product","link":"https:\/\/www.ruiqigo.com\/it\/product\/lemongrass-essential-oil","title":{"rendered":"Olio essenziale di citronella"},"content":{"rendered":"<h2 class=\"wp-block-heading\">Formule comuni per la produzione dell&#039;olio essenziale di citronella<\/h2>\n\n\n\n<p>L&#039;olio essenziale di citronella \u00e8 ricavato dalla pianta di citronella coltivata con cura, nota per il suo alto contenuto di citrale. I migliori ingredienti provengono da una coltivazione selettiva, che assicura che la pianta cresca in piena luce solare e nel clima giusto per il suo intenso aroma di limone e gli ingredienti altamente terapeutici. Quando vengono raccolte, vengono utilizzate solo foglie mature per garantire la purezza e l&#039;attivit\u00e0 dell&#039;olio essenziale. Come produttore professionale di olio essenziale di citronella, queste materie prime attentamente selezionate vengono estratte tramite distillazione a vapore per garantire l&#039;elevata e costante qualit\u00e0 dell&#039;olio essenziale di citronella<\/p>\n\n\n\n<h2 class=\"wp-block-heading\">Scenari di applicazione dell&#039;olio essenziale di citronella<\/h2>\n\n\n\n<p>L&#039;olio essenziale di citronella \u00e8 adatto all&#039;uso in climi caldi o tropicali, dove il suo aroma rinfrescante di limone e le propriet\u00e0 antimicrobiche sono rinvigorenti e tonificanti durante la stagione calda. \u00c8 anche adatto all&#039;uso in ambienti umidi per aiutare a respingere le zanzare e ridurre il disagio. Inoltre, se usato in ambienti chiusi, l&#039;olio essenziale di citronella purifica l&#039;aria e porta un&#039;atmosfera fresca negli spazi abitativi in tutti i climi.<\/p>\n\n\n\n<h2 class=\"wp-block-heading\">Per chi \u00e8 adatto l&#039;olio essenziale di citronella?<\/h2>\n\n\n\n<p>L&#039;olio essenziale di citronella \u00e8 adatto a chi cerca sollievo fisico e mentale e miglioramento dell&#039;umore, in particolare alle persone moderne stressate e ansiose. Il suo aroma rinfrescante solleva lo spirito e aiuta ad alleviare la tensione, rendendolo ideale per chi persegue uno stile di vita sano.<\/p>\n\n\n\n<h2 class=\"wp-block-heading\">Processo di produzione dell&#039;olio essenziale di citronella<\/h2>\n\n\n\n<p>Come produttore efficiente di olio essenziale di citronella, sappiamo che ci\u00f2 che rende speciale la produzione di olio essenziale di citronella \u00e8 il suo delicato processo di estrazione e la rigorosa selezione delle materie prime. In primo luogo, l&#039;olio essenziale viene estratto dall&#039;intera pianta di citronella mediante tecnologia di distillazione a vapore per garantire la purezza e l&#039;attivit\u00e0 dell&#039;estratto. In secondo luogo, la selezione delle materie prime segue elevati standard per garantire che le materie prime siano di alta qualit\u00e0 e naturali. Come produttore efficiente di olio essenziale di citronella, queste caratteristiche speciali contribuiscono all&#039;alta qualit\u00e0 e ai benefici terapeutici unici dell&#039;olio essenziale di citronella.<\/p>\n\n\n\n<p><\/p>","protected":false},"excerpt":{"rendered":"Lemongrass essential oil manufacturing common formulas Lemongrass essential oil is derived from the carefully cultivated lemongrass plant, which is known for its high citral content. The best ingredients come from selective cultivation, ensuring that the plant grows in full sunlight and the right climate for its intense lemony aroma and highly therapeutic ingredients. When harvested, [&hellip;]","protected":false},"featured_media":375,"menu_order":0,"template":"","meta":[],"product-tag":[],"products":[53],"class_list":["post-281","product","type-product","status-publish","has-post-thumbnail","hentry","products-essential-oil"],"acf":[],"_links":{"self":[{"href":"https:\/\/www.ruiqigo.com\/it\/wp-json\/wp\/v2\/product\/281","targetHints":{"allow":["GET"]}}],"collection":[{"href":"https:\/\/www.ruiqigo.com\/it\/wp-json\/wp\/v2\/product"}],"about":[{"href":"https:\/\/www.ruiqigo.com\/it\/wp-json\/wp\/v2\/types\/product"}],"version-history":[{"count":0,"href":"https:\/\/www.ruiqigo.com\/it\/wp-json\/wp\/v2\/product\/281\/revisions"}],"wp:featuredmedia":[{"embeddable":true,"href":"https:\/\/www.ruiqigo.com\/it\/wp-json\/wp\/v2\/media\/375"}],"wp:attachment":[{"href":"https:\/\/www.ruiqigo.com\/it\/wp-json\/wp\/v2\/media?parent=281"}],"wp:term":[{"taxonomy":"product-tag","embeddable":true,"href":"https:\/\/www.ruiqigo.com\/it\/wp-json\/wp\/v2\/product-tag?post=281"},{"taxonomy":"products","embeddable":true,"href":"https:\/\/www.ruiqigo.com\/it\/wp-json\/wp\/v2\/products?post=281"}],"curies":[{"name":"parola chiave","href":"https:\/\/api.w.org\/{rel}","templated":true}]}}