{"id":286,"date":"2024-07-05T16:24:54","date_gmt":"2024-07-05T08:24:54","guid":{"rendered":"https:\/\/ruiqigo.com\/?post_type=product&#038;p=286"},"modified":"2024-11-15T16:42:19","modified_gmt":"2024-11-15T08:42:19","slug":"cinnamon-essential-oil","status":"publish","type":"product","link":"https:\/\/www.ruiqigo.com\/it\/product\/cinnamon-essential-oil","title":{"rendered":"Olio essenziale di cannella"},"content":{"rendered":"<h2 class=\"wp-block-heading\">Formule comuni per la produzione dell&#039;olio essenziale di cannella<\/h2>\n\n\n\n<p>L&#039;olio essenziale di cannella \u00e8 ricavato dagli alberi di cannella coltivati nelle nostre fattorie. Grazie al clima subtropicale ideale, al terreno fertile e alle tecniche di piantagione professionali, la corteccia degli alberi di cannella \u00e8 di alta qualit\u00e0. Durante il processo di raccolta, i lavoratori sono dedicati e attenti a garantire che ogni lotto di materia prima raggiunga l&#039;intensit\u00e0 di aroma e il contenuto di principi attivi desiderati. Dopo un complesso processo di estrazione e distillazione, l&#039;olio essenziale di cannella estratto finale mostra un forte aroma di cannella, un colore puro e una consistenza fine, riflettendo pienamente le caratteristiche qualitative della materia prima. In qualit\u00e0 di produttore durevole di olio essenziale di cannella, questo materiale vegetale naturale di alta qualit\u00e0 getta solide basi per l&#039;eccellente qualit\u00e0 dell&#039;olio essenziale di cannella.<\/p>\n\n\n\n<h2 class=\"wp-block-heading\">\u00a0Scenari applicabili dell&#039;olio essenziale di cannella<\/h2>\n\n\n\n<p>L&#039;olio essenziale di cannella \u00e8 pi\u00f9 adatto per l&#039;uso in climi subtropicali o tropicali. Durante i mesi estivi caldi e umidi, l&#039;olio essenziale di cannella porta un&#039;esperienza rinfrescante all&#039;utente, aiutando ad alleviare stati d&#039;animo caldi e irritabili. Nei mesi invernali, il delicato aroma dell&#039;olio essenziale di cannella pu\u00f2 aggiungere un tocco di calore agli ambienti freddi, aiutando a rilassare e lenire la mente e il corpo. Che si tratti di un diffusore di aromaterapia in casa o di un trattamento benessere all&#039;aperto, l&#039;olio essenziale di cannella \u00e8 particolarmente adatto a diversi climi. Tuttavia, a causa dell&#039;elevata irritazione, \u00e8 necessario diluirlo a una concentrazione sicura, pu\u00f2 essere utilizzato, neonati e bambini piccoli, donne incinte e incinte per evitare l&#039;uso di.<\/p>\n\n\n\n<h2 class=\"wp-block-heading\">Per chi \u00e8 adatto l&#039;olio essenziale di cannella?<\/h2>\n\n\n\n<p>L&#039;olio essenziale di cannella \u00e8 adatto a utenti di tutte le et\u00e0. Per gli adolescenti, pu\u00f2 migliorare efficacemente l&#039;acne e altri problemi della pelle, alleviare l&#039;ansia emotiva e favorire una buona notte di sonno. Per le persone di mezza et\u00e0 e anziane, l&#039;olio essenziale di cannella pu\u00f2 aiutare a migliorare il dolore alle articolazioni, rafforzare il sistema immunitario e prevenire le malattie cardiovascolari. Tuttavia, a causa dell&#039;elevata irritazione, deve essere diluito a una concentrazione sicura prima dell&#039;uso e i neonati e le donne incinte dovrebbero evitarne l&#039;uso.<\/p>\n\n\n\n<h2 class=\"wp-block-heading\">Processo di produzione dell&#039;olio essenziale di cannella<\/h2>\n\n\n\n<p>Il processo di produzione dell&#039;olio essenziale di cannella \u00e8 piuttosto complesso e richiede un&#039;attenta gestione della piantagione, raccolta e lavorazione, estrazione e distillazione. Innanzitutto, i lavoratori agricoli potano regolarmente gli alberi per garantire che crescano forti e producano in abbondanza. Durante la stagione della raccolta, raccolgono con cura la corteccia degli alberi per evitare danni. In qualit\u00e0 di produttore di olio essenziale di cannella ecologico, la materia prima entra quindi nell&#039;impianto di estrazione, dove viene sottoposta a distillazione a vapore ad alte temperature per estrarre l&#039;olio essenziale di cannella puro e ricco.<\/p>","protected":false},"excerpt":{"rendered":"Cinnamon essential oil manufacturing common formulas Cinnamon essential oil is made from cinnamon trees grown on our own farms. With the ideal subtropical climate, fertile soil and professional planting techniques, the bark of cinnamon trees is of high quality. During the harvesting process, workers are dedicated and careful to ensure that each batch of raw [&hellip;]","protected":false},"featured_media":287,"menu_order":0,"template":"","meta":[],"product-tag":[],"products":[53],"class_list":["post-286","product","type-product","status-publish","has-post-thumbnail","hentry","products-essential-oil"],"acf":[],"_links":{"self":[{"href":"https:\/\/www.ruiqigo.com\/it\/wp-json\/wp\/v2\/product\/286","targetHints":{"allow":["GET"]}}],"collection":[{"href":"https:\/\/www.ruiqigo.com\/it\/wp-json\/wp\/v2\/product"}],"about":[{"href":"https:\/\/www.ruiqigo.com\/it\/wp-json\/wp\/v2\/types\/product"}],"version-history":[{"count":0,"href":"https:\/\/www.ruiqigo.com\/it\/wp-json\/wp\/v2\/product\/286\/revisions"}],"wp:featuredmedia":[{"embeddable":true,"href":"https:\/\/www.ruiqigo.com\/it\/wp-json\/wp\/v2\/media\/287"}],"wp:attachment":[{"href":"https:\/\/www.ruiqigo.com\/it\/wp-json\/wp\/v2\/media?parent=286"}],"wp:term":[{"taxonomy":"product-tag","embeddable":true,"href":"https:\/\/www.ruiqigo.com\/it\/wp-json\/wp\/v2\/product-tag?post=286"},{"taxonomy":"products","embeddable":true,"href":"https:\/\/www.ruiqigo.com\/it\/wp-json\/wp\/v2\/products?post=286"}],"curies":[{"name":"parola chiave","href":"https:\/\/api.w.org\/{rel}","templated":true}]}}