{"id":2899,"date":"2025-01-21T16:29:00","date_gmt":"2025-01-21T08:29:00","guid":{"rendered":"https:\/\/ruiqigo.com\/?post_type=product&#038;p=2899"},"modified":"2025-01-21T16:29:31","modified_gmt":"2025-01-21T08:29:31","slug":"mens-body-wash","status":"publish","type":"product","link":"https:\/\/www.ruiqigo.com\/it\/product\/mens-body-wash","title":{"rendered":"Detergente corpo uomo"},"content":{"rendered":"<h2 class=\"wp-block-heading\">Formule comuni per la produzione di detergenti per il corpo da uomo<\/h2>\n\n\n\n<p>Nella produzione e nello sviluppo del bagnoschiuma maschile, abbiamo progettato una variet\u00e0 di formule in base ai diversi tipi di pelle e alle esigenze di cura della pelle, e gli ingredienti delle diverse formule sono diversi. Prima di utilizzarlo, dovresti scegliere un prodotto adatto al tuo tipo di pelle.<\/p>\n\n\n\n<p>1. Olio di lavanda: l&#039;aroma caldo ed elegante della lavanda non solo pu\u00f2 rilassare il corpo e la mente e alleviare lo stress, ma anche durare a lungo e aiutarti a eliminare gli odori. Allo stesso tempo, le sue propriet\u00e0 antinfiammatorie possono anche ridurre i rossori e le macchie della pelle e regolare la produzione di sebo della pelle, per ridurre la sensazione di untuosit\u00e0.<\/p>\n\n\n\n<p>2. Olio di semi di Moringa: l&#039;olio di semi di Moringa \u00e8 ricco di antiossidanti, che possono combattere i danni dei radicali liberi, mantenere i livelli di collagene e acido ialuronico e ritardare l&#039;invecchiamento della pelle. I suoi nutrienti aiutano a riparare la pelle danneggiata, a migliorare la consistenza della pelle e a nutrirla, proteggendola dai danni del sole.<\/p>\n\n\n\n<p>3. Olio di Argan: l&#039;olio di Argan \u00e8 leggero e facile da assorbire, lasciando la pelle liscia e delicata dopo l&#039;uso. Anche gli uomini tendono a produrre pi\u00f9 sebo, e l&#039;eccesso di sebo sulla pelle pu\u00f2 portare a pori ostruiti e punti dolenti. Il nostro olio di Argan aiuter\u00e0 a regolare la produzione di sebo e a fornire un&#039;idratazione profonda.<\/p>\n\n\n\n<p>4. Aloe Vera: l&#039;aloe vera naturale contiene una variet\u00e0 di vitamine, cos\u00ec come ingredienti per la cura della pelle che non solo promuovono la produzione di collagene per proteggere la pelle dai danni, ma anche leniscono la pelle irritata e scottata dal sole e favoriscono la guarigione delle ferite. Inoltre, i suoi enzimi aiutano a esfoliare e rimuovere le cellule morte della pelle e formano una pellicola protettiva per prevenire la perdita di acqua.<\/p>\n\n\n\n<p>5. Acido salicilico: l&#039;acido salicilico pu\u00f2 penetrare nei pori, rimuovere efficacemente il sebo e lo sporco dalla superficie della pelle e favorire il metabolismo della pelle per ridurre l&#039;eccessiva secrezione di sebo.<\/p>\n\n\n\n<h2 class=\"wp-block-heading\">Le funzioni del detergente per il corpo maschile<\/h2>\n\n\n\n<p>Per offrirti la migliore esperienza di bagno, utilizziamo ingredienti naturali, puri e privi di inquinamento. Che tu abbia bisogno di idratare la pelle, controllare il sebo o combattere le piaghe del corpo e altre cure speciali, il nostro detergente per il corpo pu\u00f2 prendersi cura con cura della tua pelle, anche dei muscoli sensibili.<\/p>\n\n\n\n<p>1. Pulizia profonda: il detergente per il corpo da uomo ha una forte capacit\u00e0 detergente, pu\u00f2 penetrare nei pori e produrre una schiuma ricca per rimuovere sporco, olio e impurit\u00e0 dalla pelle in modo che rimanga fresca e non unta.<\/p>\n\n\n\n<p>2. Idratante e umettante: il nostro detergente per il corpo aggiunge una variet\u00e0 di ingredienti idratanti per reintegrare l&#039;idratazione della pelle e fissarla saldamente per prevenire la secchezza. Fornisce inoltre nutrienti che aiutano a migliorare la consistenza della pelle e a ripristinarne l&#039;elasticit\u00e0.<\/p>\n\n\n\n<p>3. Controllo dell&#039;olio rinfrescante: gli ingredienti per il controllo dell&#039;olio nel bagnoschiuma possono regolare la secrezione di olio e ridurre la sensazione di untuosit\u00e0. L&#039;uso a lungo termine aiuta a ridurre la secrezione di olio per ottenere l&#039;effetto di controllo dell&#039;olio.<\/p>\n\n\n\n<p>4. Rimozione delle piaghe sui sedili: l&#039;uso regolare pu\u00f2 ridurre i batteri e le infiammazioni sulla pelle, nonch\u00e9 l&#039;accumulo di cellule morte della pelle, prevenendo cos\u00ec l&#039;acne e le piaghe sui sedili e favorendo la salute generale della pelle.<\/p>\n\n\n\n<p>5. Profumazione duratura: gli ingredienti delle fragranze presenti nei detergenti per il corpo da uomo hanno una capacit\u00e0 di trattenere la fragranza in modo duraturo, il che contribuisce a ridurre l&#039;odore, ad aumentare il fascino personale e ad aumentare l&#039;autostima.<\/p>\n\n\n\n<h2 class=\"wp-block-heading\">Come usare il detergente per il corpo maschile?<\/h2>\n\n\n\n<p>Il modo corretto di utilizzarlo ti aiuter\u00e0 a goderti meglio il tuo bagno e a prenderti cura della tua pelle. Inoltre, etichetteremo le modalit\u00e0 d&#039;uso del prodotto sulla confezione.<\/p>\n\n\n\n<p>1. Idratare la pelle: bagnare il corpo prima di usare il gel doccia, \u00e8 possibile utilizzare acqua calda per aprire meglio i pori;<\/p>\n\n\n\n<p>2. Strofinare e insaponare: applicare una quantit\u00e0 adeguata di detergente per il corpo da uomo sul palmo della mano o sulla pallina da bagno e strofinare fino a formare schiuma;<\/p>\n\n\n\n<p>3. Massaggio: applicare uniformemente la schiuma su tutto il corpo e massaggiare delicatamente, in particolare gomito, ginocchio e altre parti con cuticola spessa possono aumentare opportunamente il tempo di massaggio;<\/p>\n\n\n\n<p>4. Risciacquare con acqua: dopo il massaggio, risciacquare la schiuma con acqua per assicurarsi che non vi siano residui di schiuma e asciugare delicatamente con un asciugamano;<\/p>\n\n\n\n<p>5. Cure successive: dopo il bagno, puoi usare una lozione per il corpo o una crema idratante per mantenere la pelle idratata e morbida, soprattutto in ambienti secchi e freddi.<\/p>\n\n\n\n<h2 class=\"wp-block-heading\">Attenzione<\/h2>\n\n\n\n<p>1. Prima dell&#039;uso, scegliere un detergente corpo maschile adatto al proprio tipo di pelle;<\/p>\n\n\n\n<p>2. Prima dell&#039;uso devono essere eseguiti test allergici. Se si verifica disagio, interrompere immediatamente l&#039;uso e consultare un medico per un consiglio;<\/p>\n\n\n\n<p>3. Evitare una pulizia eccessiva, si consiglia di utilizzare una volta al giorno, se la pelle \u00e8 sensibile, \u00e8 possibile utilizzare 2-3 volte a settimana;<\/p>\n\n\n\n<p>4. Prestare attenzione alla sicurezza degli ingredienti, controllare l&#039;elenco degli ingredienti al momento della scelta ed evitare di utilizzare prodotti contenenti ingredienti irritanti o allergenici;<\/p>\n\n\n\n<p>5. Si consiglia di conservare in un luogo fresco e asciutto, di evitare la luce solare diretta e gli ambienti ad alte temperature e di prestare attenzione alla sigillatura.<\/p>\n\n\n\n<h2 class=\"wp-block-heading\">Conclusione<\/h2>\n\n\n\n<p>Per coloro che cercano qualit\u00e0 ed efficienza, il nostro detergente per il corpo maschile \u00e8 la scelta migliore. Non solo integriamo il duplice effetto di pulizia profonda e idratazione profonda, ma disponiamo anche di attrezzature di produzione avanzate e di un laboratorio di produzione su larga scala, in grado di soddisfare la produzione su larga scala. Il design del nostro packaging mette in risalto il gusto e lo stile degli uomini urbani, aiutandoti a distinguerti nel mercato competitivo. Contattaci se sei interessato.<\/p>\n\n\n\n<p><\/p>","protected":false},"excerpt":{"rendered":"Men\u2019s Body Wash Manufacturing Common Formulas In the production and development of men&#8217;s body wash, we have designed a variety of formulas according to different skin types and skin care needs, and the ingredients of different formulas are different. Before you use it, you should choose a product that is suitable for your skin type. [&hellip;]","protected":false},"featured_media":2900,"menu_order":0,"template":"","meta":[],"product-tag":[],"products":[57],"class_list":["post-2899","product","type-product","status-publish","has-post-thumbnail","hentry","products-body-wash"],"acf":[],"_links":{"self":[{"href":"https:\/\/www.ruiqigo.com\/it\/wp-json\/wp\/v2\/product\/2899","targetHints":{"allow":["GET"]}}],"collection":[{"href":"https:\/\/www.ruiqigo.com\/it\/wp-json\/wp\/v2\/product"}],"about":[{"href":"https:\/\/www.ruiqigo.com\/it\/wp-json\/wp\/v2\/types\/product"}],"version-history":[{"count":0,"href":"https:\/\/www.ruiqigo.com\/it\/wp-json\/wp\/v2\/product\/2899\/revisions"}],"wp:featuredmedia":[{"embeddable":true,"href":"https:\/\/www.ruiqigo.com\/it\/wp-json\/wp\/v2\/media\/2900"}],"wp:attachment":[{"href":"https:\/\/www.ruiqigo.com\/it\/wp-json\/wp\/v2\/media?parent=2899"}],"wp:term":[{"taxonomy":"product-tag","embeddable":true,"href":"https:\/\/www.ruiqigo.com\/it\/wp-json\/wp\/v2\/product-tag?post=2899"},{"taxonomy":"products","embeddable":true,"href":"https:\/\/www.ruiqigo.com\/it\/wp-json\/wp\/v2\/products?post=2899"}],"curies":[{"name":"parola chiave","href":"https:\/\/api.w.org\/{rel}","templated":true}]}}