{"id":291,"date":"2024-07-05T16:27:41","date_gmt":"2024-07-05T08:27:41","guid":{"rendered":"https:\/\/ruiqigo.com\/?post_type=product&#038;p=291"},"modified":"2024-11-15T16:41:32","modified_gmt":"2024-11-15T08:41:32","slug":"organic-essential-oil","status":"publish","type":"product","link":"https:\/\/www.ruiqigo.com\/it\/product\/organic-essential-oil","title":{"rendered":"Olio essenziale biologico"},"content":{"rendered":"<h2 class=\"wp-block-heading\">Formule comuni per la produzione di oli essenziali biologici<\/h2>\n\n\n\n<p>Gli oli essenziali biologici provengono da aziende agricole biologiche certificate, che utilizzano metodi di coltivazione naturali e privi di inquinamento per garantire che le materie prime non contengano sostanze chimiche. I lavoratori sono estremamente attenti durante il processo di raccolta per evitare di danneggiare le piante. Dopo un processo di estrazione professionale, gli oli essenziali biologici estratti mantengono l&#039;attivit\u00e0 aromatica originale delle piante, garantendo la migliore qualit\u00e0 ed efficacia. In qualit\u00e0 di eccellente produttore di oli essenziali biologici, questo controllo standardizzato di coltivazione ed estrazione fornisce una solida garanzia per la qualit\u00e0 degli oli essenziali biologici.<\/p>\n\n\n\n<h2 class=\"wp-block-heading\">Scenari applicabili dell&#039;olio essenziale biologico<\/h2>\n\n\n\n<p>In quanto essenza di piante naturali, gli oli essenziali biologici possono funzionare bene in una variet\u00e0 di ambienti. Nei caldi mesi estivi, l&#039;aroma rinfrescante degli oli essenziali biologici pu\u00f2 aiutare ad alleviare il caldo e aggiungere un&#039;esperienza rilassante e piacevole. Nei freddi mesi invernali, il delicato profumo degli oli essenziali biologici pu\u00f2 portare calore e sollievo all&#039;utente e migliorare l&#039;ansia emotiva. Sia per l&#039;aromaterapia indoor che per le attivit\u00e0 all&#039;aperto, gli oli essenziali biologici offrono un&#039;esperienza naturale unica. La loro versatilit\u00e0 li rende ideali per un&#039;ampia gamma di occasioni.<\/p>\n\n\n\n<h2 class=\"wp-block-heading\">Per chi \u00e8 adatto l&#039;olio essenziale biologico<\/h2>\n\n\n\n<p>Gli oli essenziali biologici sono adatti a un&#039;ampia gamma di persone, tra cui coloro che cercano rimedi naturali per migliorare le condizioni della pelle, alleviare lo stress, elevare l&#039;umore o godersi un&#039;esperienza di aromaterapia. Che tu sia una persona con pelle sensibile, un impiegato in cerca di relax, una casalinga che desidera migliorare la propria qualit\u00e0 di vita o un appassionato di naturopatia preoccupato per la propria salute, gli oli essenziali biologici possono offrirti trattamenti naturali e puri ed effetti lenitivi. Tuttavia, gli oli essenziali biologici devono essere usati con cautela per donne incinte, bambini, persone che soffrono di malattie specifiche e persone con pelle particolarmente sensibile o disagio fisico.<\/p>\n\n\n\n<h2 class=\"wp-block-heading\">Processo di produzione di oli essenziali biologici<\/h2>\n\n\n\n<p>In quanto eccellente produttore di oli essenziali biologici, il processo di produzione di oli essenziali biologici \u00e8 piuttosto specializzato e complesso, dalla coltivazione delle materie prime all&#039;estrazione finale, ogni passaggio deve essere rigorosamente controllato. L&#039;azienda non solo ha introdotto apparecchiature di collaudo avanzate per monitorare completamente ogni lotto di materie prime, ma ha anche stabilito un perfetto sistema di gestione della qualit\u00e0 per garantire che i prodotti soddisfino gli standard di certificazione biologica. Durante il processo di estrazione, in quanto produttore di oli essenziali biologici di precisione, i lavoratori utilizzano basse temperature e basse pressioni per ridurre al minimo i danni ai componenti della pianta e mantenere la migliore attivit\u00e0 delle materie prime.<\/p>\n\n\n\n<p><\/p>","protected":false},"excerpt":{"rendered":"Organic essential oil manufacturing common formulas Organic essential oil are sourced from certified organic farms, which use natural and pollution-free farming methods to ensure that the raw materials do not contain any chemicals. Workers are extremely careful during the harvesting process to avoid damaging the plants. After a professional extraction process, the extracted organic essential [&hellip;]","protected":false},"featured_media":371,"menu_order":0,"template":"","meta":[],"product-tag":[],"products":[53],"class_list":["post-291","product","type-product","status-publish","has-post-thumbnail","hentry","products-essential-oil"],"acf":[],"_links":{"self":[{"href":"https:\/\/www.ruiqigo.com\/it\/wp-json\/wp\/v2\/product\/291","targetHints":{"allow":["GET"]}}],"collection":[{"href":"https:\/\/www.ruiqigo.com\/it\/wp-json\/wp\/v2\/product"}],"about":[{"href":"https:\/\/www.ruiqigo.com\/it\/wp-json\/wp\/v2\/types\/product"}],"version-history":[{"count":0,"href":"https:\/\/www.ruiqigo.com\/it\/wp-json\/wp\/v2\/product\/291\/revisions"}],"wp:featuredmedia":[{"embeddable":true,"href":"https:\/\/www.ruiqigo.com\/it\/wp-json\/wp\/v2\/media\/371"}],"wp:attachment":[{"href":"https:\/\/www.ruiqigo.com\/it\/wp-json\/wp\/v2\/media?parent=291"}],"wp:term":[{"taxonomy":"product-tag","embeddable":true,"href":"https:\/\/www.ruiqigo.com\/it\/wp-json\/wp\/v2\/product-tag?post=291"},{"taxonomy":"products","embeddable":true,"href":"https:\/\/www.ruiqigo.com\/it\/wp-json\/wp\/v2\/products?post=291"}],"curies":[{"name":"parola chiave","href":"https:\/\/api.w.org\/{rel}","templated":true}]}}