{"id":296,"date":"2024-07-05T16:38:45","date_gmt":"2024-07-05T08:38:45","guid":{"rendered":"https:\/\/ruiqigo.com\/?post_type=product&#038;p=296"},"modified":"2024-11-15T16:40:07","modified_gmt":"2024-11-15T08:40:07","slug":"tea-tree-essential-oil","status":"publish","type":"product","link":"https:\/\/www.ruiqigo.com\/it\/product\/tea-tree-essential-oil","title":{"rendered":"Olio essenziale di melaleuca"},"content":{"rendered":"<h2 class=\"wp-block-heading\">Formule comuni per la produzione dell&#039;olio essenziale dell&#039;albero del t\u00e8<\/h2>\n\n\n\n<p>L&#039;olio essenziale di melaleuca proviene da piantagioni biologiche certificate, dove gli alberi del t\u00e8 vengono coltivati in modo naturale ed ecologico senza additivi chimici. Durante il processo di raccolta, i lavoratori sono molto attenti a non danneggiare il pi\u00f9 possibile gli alberi del t\u00e8. Come produttore leader di olio essenziale di melaleuca, l&#039;albero del t\u00e8 viene distillato ed estratto, il che preserva completamente i principi attivi originali dell&#039;albero del t\u00e8, come i monoterpeni, per garantire la migliore qualit\u00e0 dell&#039;olio essenziale.<\/p>\n\n\n\n<h2 class=\"wp-block-heading\">Scenari di applicazione dell&#039;olio essenziale di melaleuca<\/h2>\n\n\n\n<p>L&#039;olio essenziale di Tea Tree funziona bene in una variet\u00e0 di climi grazie al suo aroma fresco unico e alle propriet\u00e0 antisettiche ad ampio spettro. Nei mesi estivi caldi e umidi, pu\u00f2 aiutare ad alleviare il prurito della pelle e inibire la crescita batterica; nei mesi invernali freddi e secchi, l&#039;olio di Tea Tree pu\u00f2 svolgere un ruolo antinfiammatorio e idratante per migliorare le condizioni della pelle. Inoltre, per purificare la pelle, eliminare varicella, herpes, ferite pus, verruche, piaghe, ustioni, scottature solari, nonch\u00e9 migliorare la tigna, il piede d&#039;atleta, la forfora e cos\u00ec via, l&#039;olio essenziale di Tea Tree \u00e8 anche efficace.<\/p>\n\n\n\n<h2 class=\"wp-block-heading\">Per chi \u00e8 adatto l&#039;olio essenziale di melaleuca?<\/h2>\n\n\n\n<p>L&#039;olio di melaleuca pu\u00f2 essere utilizzato da un&#039;ampia variet\u00e0 di gruppi di utenti. Pu\u00f2 migliorare efficacemente l&#039;acne, l&#039;eczema e altri problemi della pelle, pu\u00f2 anche aiutare ad alleviare il dolore articolare e muscolare e migliorare la funzione immunitaria. \u00c8 importante notare che se utilizzato sul viso, fare attenzione a non avvicinarsi troppo alla zona degli occhi e causare fastidio agli occhi. Non utilizzare su aree di pelle sensibile.<\/p>\n\n\n\n<h2 class=\"wp-block-heading\">Processo di produzione dell&#039;olio essenziale dell&#039;albero del t\u00e8<\/h2>\n\n\n\n<p>L&#039;olio essenziale di Tea Tree proviene principalmente da diverse specie di piante della famiglia del mirto, Melaleuca alternifolia, con la specie predominante, nota come Melaleuca alternifolia, originaria dell&#039;Australia. Quando si raccoglie la materia prima, le foglie e i germogli di ogni albero del t\u00e8 vengono raccolti con precisione per garantire la qualit\u00e0 dell&#039;olio essenziale estratto. Il materiale grezzo di Tea Tree viene caricato attraverso un serbatoio di sedimentazione in un recipiente di distillazione per iniziare il processo di estrazione per distillazione. Come produttore affidabile di olio essenziale di Tea Tree, questo passaggio comporta la generazione di vapore tramite riscaldamento in modo che il vapore acqueo contenente l&#039;olio essenziale di Tea Tree venga raccolto da un condotto e raffreddato fino a diventare un liquido. A causa della differenza di densit\u00e0 tra acqua e olio essenziale, l&#039;olio essenziale di Tea Tree viene rapidamente separato e l&#039;acqua rimanente diventa purea di Tea Tree.<\/p>","protected":false},"excerpt":{"rendered":"Tea tree essential oil manufacturing common formulas Tea tree essential oil is sourced from certified organic plantations, where the tea trees are grown in a natural and ecological way without any chemical additives. During the harvesting process, the workers are very careful to avoid harming the tea trees as much as possible. As a leading [&hellip;]","protected":false},"featured_media":380,"menu_order":0,"template":"","meta":[],"product-tag":[],"products":[53],"class_list":["post-296","product","type-product","status-publish","has-post-thumbnail","hentry","products-essential-oil"],"acf":[],"_links":{"self":[{"href":"https:\/\/www.ruiqigo.com\/it\/wp-json\/wp\/v2\/product\/296","targetHints":{"allow":["GET"]}}],"collection":[{"href":"https:\/\/www.ruiqigo.com\/it\/wp-json\/wp\/v2\/product"}],"about":[{"href":"https:\/\/www.ruiqigo.com\/it\/wp-json\/wp\/v2\/types\/product"}],"version-history":[{"count":0,"href":"https:\/\/www.ruiqigo.com\/it\/wp-json\/wp\/v2\/product\/296\/revisions"}],"wp:featuredmedia":[{"embeddable":true,"href":"https:\/\/www.ruiqigo.com\/it\/wp-json\/wp\/v2\/media\/380"}],"wp:attachment":[{"href":"https:\/\/www.ruiqigo.com\/it\/wp-json\/wp\/v2\/media?parent=296"}],"wp:term":[{"taxonomy":"product-tag","embeddable":true,"href":"https:\/\/www.ruiqigo.com\/it\/wp-json\/wp\/v2\/product-tag?post=296"},{"taxonomy":"products","embeddable":true,"href":"https:\/\/www.ruiqigo.com\/it\/wp-json\/wp\/v2\/products?post=296"}],"curies":[{"name":"parola chiave","href":"https:\/\/api.w.org\/{rel}","templated":true}]}}