{"id":2967,"date":"2025-01-23T14:50:43","date_gmt":"2025-01-23T06:50:43","guid":{"rendered":"https:\/\/ruiqigo.com\/?post_type=product&#038;p=2967"},"modified":"2025-01-23T14:51:53","modified_gmt":"2025-01-23T06:51:53","slug":"organic-toothpaste","status":"publish","type":"product","link":"https:\/\/www.ruiqigo.com\/it\/product\/organic-toothpaste","title":{"rendered":"Dentifricio biologico\u00a0"},"content":{"rendered":"<h2 class=\"wp-block-heading\">Formule comuni per la produzione di dentifricio biologico<\/h2>\n\n\n\n<p>Come produttore professionale di dentifricio biologico, ci concentriamo sulla natura naturale e sana delle materie prime. Quindi selezioniamo attentamente una variet\u00e0 di ingredienti biologici e abbinamenti scientifici, in modo che ogni volta che ti lavi i denti sia un piacere piacevole.<\/p>\n\n\n\n<p>1. Aloe Vera: l&#039;Aloe Vera ha propriet\u00e0 idratanti e lenitive, nutre le gengive e previene l&#039;atrofia e il sanguinamento delle gengive. Inoltre, ha anche un certo effetto antibatterico, che pu\u00f2 uccidere i batteri nocivi nella bocca, proteggendo cos\u00ec la salute orale.<\/p>\n\n\n\n<p>2. Menta: l&#039;aroma fresco e il sapore fresco della menta possono aiutare a rimuovere gli odori dalla bocca e a mantenere l&#039;alito fresco. Allo stesso tempo, ha anche un certo effetto antinfiammatorio e battericida, che favorisce la riduzione del numero di batteri nella bocca e la prevenzione dell&#039;infiammazione orale.<\/p>\n\n\n\n<p>3. Xilitolo: lo xilitolo \u00e8 un dolcificante naturale e sano che non solo riduce la produzione di placca, ma previene anche la carie dentale. Allo stesso tempo, pu\u00f2 promuovere la secrezione di saliva, che aiuta a pulire la bocca e idratarla. Inoltre, il sapore dolce dello xilitolo \u00e8 pi\u00f9 adatto ai bambini.<\/p>\n\n\n\n<p>4. Bicarbonato di sodio: il bicarbonato di sodio ha un pH di 9-11 ed \u00e8 alcalino, il che pu\u00f2 neutralizzare l&#039;acido nella bocca e ridurre la sensibilit\u00e0 dei denti. Pu\u00f2 aiutare a rimuovere tartaro e macchie dalla superficie dei denti per ottenere l&#039;effetto di sbiancamento dei denti. Allo stesso tempo, il bicarbonato di sodio ha anche un effetto antibatterico, che pu\u00f2 inibire la crescita dei batteri nella bocca e prevenire l&#039;infiammazione e l&#039;infezione orale.<\/p>\n\n\n\n<p>5. Olio di melaleuca: l&#039;olio di melaleuca ha effetti antinfiammatori e antibatterici, che possono alleviare l&#039;infiammazione parodontale e gengivale e prevenire la formazione di placca dentale. E ha un effetto rinfrescante, riempiendo la bocca di un odore leggero e dolce.<\/p>\n\n\n\n<h2 class=\"wp-block-heading\">Le funzioni del dentifricio biologico<\/h2>\n\n\n\n<p>Il nostro team di ricerca e sviluppo ADATTA la formula alle condizioni orali della maggior parte delle persone in modo che possa prendersi cura completamente della loro salute orale. Prima dell&#039;uso, dovresti scegliere un prodotto adatto a te in base alle tue condizioni orali.<\/p>\n\n\n\n<p>1. Pulizia delicata: i nostri dentifrici utilizzano abrasivi delicati e naturali e altri ingredienti non solo per pulire efficacemente i denti e rimuovere placca e residui fisici, ma anche per proteggere lo smalto dei denti da eventuali danni.<\/p>\n\n\n\n<p>2. Nessuna sostanza nociva: il dentifricio biologico non contiene fluoro, triclosan e altre sostanze e non aggiunge alcun agente schiumogeno chimico, essenza sintetica e altre sostanze chimiche nocive. Ci\u00f2 non solo evita i residui di componenti chimici nella bocca, ma riduce anche i potenziali danni alla bocca e al corpo.<\/p>\n\n\n\n<p>3. Alleviare i problemi orali: i nostri prodotti contengono ingredienti antibatterici e antinfiammatori, che possono alleviare in una certa misura problemi orali come gengiviti e ulcere orali, mantenendo cos\u00ec la salute generale della cavit\u00e0 orale.<\/p>\n\n\n\n<p>4. Alito fresco: la menta e gli altri ingredienti presenti nel dentifricio biologico hanno un aroma fresco, che pu\u00f2 eliminare gli odori, donare un alito fresco alla bocca e renderti pi\u00f9 sicuro di te.<\/p>\n\n\n\n<p>5. Ridurre la sensibilit\u00e0 della bocca: per le persone con denti sensibili, il dentifricio biologico \u00e8 la scelta migliore. Non contiene sostanze chimiche irritanti e pu\u00f2 ridurre l&#039;irritazione delle aree sensibili della bocca per alleviare il disagio orale.<\/p>\n\n\n\n<h2 class=\"wp-block-heading\">Come usare il dentifricio biologico?<\/h2>\n\n\n\n<p>Il dentifricio biologico si usa nello stesso modo del dentifricio normale, ma devi scegliere un prodotto adatto prima di usarlo. Ne indicheremo anche l&#039;uso sulla confezione.<\/p>\n\n\n\n<p>1. Sciacquare la bocca con acqua per mantenerla umida;<\/p>\n\n\n\n<p>2. Applicare la giusta quantit\u00e0 di dentifricio biologico sullo spazzolino e iniziare a spazzolare.<\/p>\n\n\n\n<p>3. Inclina lo spazzolino a un angolo di 45 gradi e spazzolalo delicatamente all&#039;incrocio tra denti e gengive. Puoi usare un delicato movimento circolare quando spazzoli e non esercitare troppa forza. L&#039;intero processo dura almeno due minuti per garantire che ogni superficie dei denti venga spazzolata e la bocca sia pulita a fondo.<\/p>\n\n\n\n<p>4. Dopo aver lavato i denti, sciacquare nuovamente la bocca con acqua per rimuovere i residui di dentifricio dalla bocca ed evitare di deglutire.<\/p>\n\n\n\n<h2 class=\"wp-block-heading\">Attenzione<\/h2>\n\n\n\n<p>1. Controllare attentamente l&#039;elenco degli ingredienti prima dell&#039;uso per assicurarsi che non vi siano ingredienti che possono causare allergie o creare disagio;<\/p>\n\n\n\n<p>2. Utilizzando il metodo di spazzolatura corretto, come il Pap-brushing, si pu\u00f2 garantire una pulizia completa dei denti;<\/p>\n\n\n\n<p>3. Si raccomanda di cambiare regolarmente l&#039;uso di diverse marche e funzioni di dentifricio biologico per ridurre la resistenza dei batteri orali a un ingrediente specifico;<\/p>\n\n\n\n<p>4. Osservare attentamente la reazione della bocca quando si usa il dentifricio. Se si verificano fastidi o sintomi allergici, interrompere immediatamente l&#039;uso e consultare il dentista per un consiglio;<\/p>\n\n\n\n<p>5. Si consiglia di conservare in un luogo fresco e asciutto ed evitare la luce solare diretta e gli ambienti ad alte temperature, per prolungarne la durata.<\/p>\n\n\n\n<h2 class=\"wp-block-heading\">Conclusione<\/h2>\n\n\n\n<p>Come produttore di dentifricio biologico focalizzato sulla qualit\u00e0 e l&#039;efficienza, non solo selezioniamo materie prime biologiche di alta qualit\u00e0 da tutto il mondo, ma le mescoliamo anche scientificamente e ci assicuriamo che ogni prodotto possa soddisfare i pi\u00f9 elevati standard attraverso una moderna tecnologia di produzione e un rigoroso sistema di gestione della qualit\u00e0. Allo stesso tempo, utilizziamo anche un design di imballaggio riciclabile per ridurre i danni ambientali, non solo responsabili del prodotto ma anche responsabili dell&#039;ambiente. Vi preghiamo di contattarci se siete interessati.<\/p>","protected":false},"excerpt":{"rendered":"Organic Toothpaste Manufacturing Common Formulas As a professional manufacturer of organic toothpaste, we focus on the natural and healthy nature of raw materials. So we carefully select a variety of organic ingredients and scientific matching, so that every time you brush your teeth is a pleasant enjoyment. 1. Aloe Vera: Aloe Vera has moisturizing and [&hellip;]","protected":false},"featured_media":2968,"menu_order":0,"template":"","meta":[],"product-tag":[],"products":[71],"class_list":["post-2967","product","type-product","status-publish","has-post-thumbnail","hentry","products-toothpaste"],"acf":[],"_links":{"self":[{"href":"https:\/\/www.ruiqigo.com\/it\/wp-json\/wp\/v2\/product\/2967","targetHints":{"allow":["GET"]}}],"collection":[{"href":"https:\/\/www.ruiqigo.com\/it\/wp-json\/wp\/v2\/product"}],"about":[{"href":"https:\/\/www.ruiqigo.com\/it\/wp-json\/wp\/v2\/types\/product"}],"version-history":[{"count":0,"href":"https:\/\/www.ruiqigo.com\/it\/wp-json\/wp\/v2\/product\/2967\/revisions"}],"wp:featuredmedia":[{"embeddable":true,"href":"https:\/\/www.ruiqigo.com\/it\/wp-json\/wp\/v2\/media\/2968"}],"wp:attachment":[{"href":"https:\/\/www.ruiqigo.com\/it\/wp-json\/wp\/v2\/media?parent=2967"}],"wp:term":[{"taxonomy":"product-tag","embeddable":true,"href":"https:\/\/www.ruiqigo.com\/it\/wp-json\/wp\/v2\/product-tag?post=2967"},{"taxonomy":"products","embeddable":true,"href":"https:\/\/www.ruiqigo.com\/it\/wp-json\/wp\/v2\/products?post=2967"}],"curies":[{"name":"parola chiave","href":"https:\/\/api.w.org\/{rel}","templated":true}]}}