{"id":301,"date":"2024-07-05T16:53:57","date_gmt":"2024-07-05T08:53:57","guid":{"rendered":"https:\/\/ruiqigo.com\/?post_type=product&#038;p=301"},"modified":"2024-11-13T09:35:52","modified_gmt":"2024-11-13T01:35:52","slug":"water-conditioner","status":"publish","type":"product","link":"https:\/\/www.ruiqigo.com\/it\/product\/water-conditioner","title":{"rendered":"Condizionatore d&#039;acqua"},"content":{"rendered":"<h2 class=\"wp-block-heading\">Formule comuni per la produzione di condizionatori d&#039;acqua<\/h2>\n\n\n\n<p>Water Conditioner \u00e8 composto principalmente da aminoacidi di origine vegetale, vitamina B5, estratto di alghe e altri ingredienti naturali. Gli aminoacidi hanno eccellenti effetti idratanti e riparatori, che possono nutrire in profondit\u00e0 i capelli; la vitamina B5 aiuta a migliorare l&#039;effetto crespo e la secchezza, rendendo i capelli pi\u00f9 lisci e lucenti; l&#039;estratto di alghe \u00e8 ricco di vitamine e minerali, che possono riparare i capelli danneggiati e migliorarne l&#039;elasticit\u00e0. Come produttore affidabile di Water Conditioner, pensiamo che questi ingredienti naturali di alta qualit\u00e0 lavorino insieme per creare un Water Conditioner idratante, nutriente, riparatore e sano.<\/p>\n\n\n\n<h2 class=\"wp-block-heading\">Scenari applicabili al condizionatore d&#039;acqua<\/h2>\n\n\n\n<p>Aqua Conditioner \u00e8 adatto a tutte le stagioni e a tutti i climi. Nella calda estate, idrata i capelli e allevia la secchezza e l&#039;effetto crespo; nell&#039;inverno secco, nutre in profondit\u00e0 i capelli e ripara i danni. Che si tratti di manutenzione quotidiana o di riparazione dei danni, il balsamo per capelli pu\u00f2 soddisfare le esigenze di diversi tipi di capelli. Allo stesso tempo, \u00e8 rinfrescante e leggero, adatto a tutti i tipi di capelli, \u00e8 il prodotto ideale per la cura dei capelli di cui ci si pu\u00f2 fidare in tutte le stagioni.<\/p>\n\n\n\n<h2 class=\"wp-block-heading\">Per chi \u00e8 adatto il condizionatore d&#039;acqua?<\/h2>\n\n\n\n<p>Water Conditioner \u00e8 adatto a tutti i tipi di capelli. I capelli secchi, fragili e danneggiati possono contare sulla sua azione nutriente e riparatrice; anche i capelli grassi possono essere curati attraverso la sua texture rinfrescante; anche per i capelli sani e normali, l&#039;uso di Aqua Conditioner pu\u00f2 anche migliorare l&#039;effetto crespo e la secchezza dei capelli, rendendoli pi\u00f9 morbidi e lucenti. Che tu abbia capelli deboli dopo la colorazione e la permanente, capelli grassi e ingombranti o capelli normali e sani, Aqua Conditioner pu\u00f2 essere il tuo partner ideale per la cura dei capelli.<\/p>\n\n\n\n<h2 class=\"wp-block-heading\">Processo di produzione del condizionatore d&#039;acqua<\/h2>\n\n\n\n<p>Water Conditioner utilizza una tecnologia unica nel suo processo di produzione. In primo luogo, le materie prime sono rigorosamente selezionate per garantire che siano 100% naturali e prive di inquinamento; in secondo luogo, una variet\u00e0 di ingredienti nutrienti e riparatori sono integrati nello sviluppo della formulazione per svolgere un effetto sinergico. Inoltre, come produttore professionale di Water Conditioner, il processo di produzione \u00e8 rigorosamente controllato in termini di temperatura e pressione per evitare la perdita di principi attivi; infine, l&#039;imballaggio del prodotto \u00e8 realizzato con materiali non tossici ecocompatibili per garantire la sicurezza d&#039;uso. Questo attento processo di produzione, per garantire la qualit\u00e0 del Water Conditioner.<\/p>","protected":false},"excerpt":{"rendered":"Water conditioner manufacturing common formulas Water Conditioner is mainly composed of plant-based amino acids, vitamin B5, seaweed extract and other natural ingredients. Amino acids have excellent moisturizing and repairing effects, which can deeply nourish the hair; vitamin B5 helps to improve frizz and dryness, making the hair smoother and shinier; seaweed extract is rich in [&hellip;]","protected":false},"featured_media":388,"menu_order":0,"template":"","meta":[],"product-tag":[],"products":[52],"class_list":["post-301","product","type-product","status-publish","has-post-thumbnail","hentry","products-conditioner"],"acf":[],"_links":{"self":[{"href":"https:\/\/www.ruiqigo.com\/it\/wp-json\/wp\/v2\/product\/301","targetHints":{"allow":["GET"]}}],"collection":[{"href":"https:\/\/www.ruiqigo.com\/it\/wp-json\/wp\/v2\/product"}],"about":[{"href":"https:\/\/www.ruiqigo.com\/it\/wp-json\/wp\/v2\/types\/product"}],"version-history":[{"count":0,"href":"https:\/\/www.ruiqigo.com\/it\/wp-json\/wp\/v2\/product\/301\/revisions"}],"wp:featuredmedia":[{"embeddable":true,"href":"https:\/\/www.ruiqigo.com\/it\/wp-json\/wp\/v2\/media\/388"}],"wp:attachment":[{"href":"https:\/\/www.ruiqigo.com\/it\/wp-json\/wp\/v2\/media?parent=301"}],"wp:term":[{"taxonomy":"product-tag","embeddable":true,"href":"https:\/\/www.ruiqigo.com\/it\/wp-json\/wp\/v2\/product-tag?post=301"},{"taxonomy":"products","embeddable":true,"href":"https:\/\/www.ruiqigo.com\/it\/wp-json\/wp\/v2\/products?post=301"}],"curies":[{"name":"parola chiave","href":"https:\/\/api.w.org\/{rel}","templated":true}]}}