{"id":306,"date":"2024-07-05T17:07:54","date_gmt":"2024-07-05T09:07:54","guid":{"rendered":"https:\/\/ruiqigo.com\/?post_type=product&#038;p=306"},"modified":"2024-11-14T21:10:20","modified_gmt":"2024-11-14T13:10:20","slug":"salt-free-water-conditioner","status":"publish","type":"product","link":"https:\/\/www.ruiqigo.com\/it\/product\/salt-free-water-conditioner","title":{"rendered":"Condizionatore d&#039;acqua senza sale"},"content":{"rendered":"<h2 class=\"wp-block-heading\">Formule comuni per la produzione di condizionatori d&#039;acqua senza sale<\/h2>\n\n\n\n<p>Salt free Water Conditioner \u00e8 realizzato con ingredienti delicati come aminoacidi botanici, glicerina e oli di semi di frutta naturali. Gli aminoacidi forniscono eccellenti propriet\u00e0 idratanti e riparatrici per nutrire in profondit\u00e0 i capelli; la glicerina ripristina l&#039;idratazione e migliora l&#039;effetto crespo e la secchezza; e l&#039;olio di semi di frutta naturale \u00e8 ricco di vitamine per aiutare a riparare i capelli danneggiati e rafforzare l&#039;elasticit\u00e0 dei capelli. Come produttore affidabile di balsami per acqua senza sale, questi ingredienti naturali di alta qualit\u00e0 lavorano in sinergia tra loro per creare un balsamo per acqua senza sale non irritante, delicato e nutriente.<\/p>\n\n\n\n<h2 class=\"wp-block-heading\">Scenari applicabili al condizionatore d&#039;acqua senza sale<\/h2>\n\n\n\n<p>Salt free Water Conditioner \u00e8 adatto a tutte le stagioni e gli ambienti. Nel caldo estivo, idrata i capelli e allevia la secchezza e l&#039;effetto crespo; in inverno, nutre in profondit\u00e0 i capelli e ripara i danni. Allo stesso tempo, \u00e8 rinfrescante e leggero, non appesantisce il cuoio capelluto, adatto a tutti i tipi di utilizzo dei capelli. Che si tratti di manutenzione quotidiana o riparazione dei danni, Salt free Water Conditioner pu\u00f2 essere il tuo affidabile aiutante per la cura dei capelli per tutte le stagioni.<\/p>\n\n\n\n<h2 class=\"wp-block-heading\">Per chi \u00e8 adatto il condizionatore d&#039;acqua senza sale?<\/h2>\n\n\n\n<p>Salt free Water Conditioner \u00e8 adatto a tutti i tipi di capelli. Per capelli secchi, fragili e danneggiati, fornisce nutrimento e riparazione profondi; per capelli grassi, la sua consistenza rinfrescante e leggera \u00e8 perfetta; e anche per capelli sani e normali, Salt free Water Conditioner migliora l&#039;effetto crespo e la secchezza, lasciando i capelli pi\u00f9 morbidi e lucenti. Che tu abbia capelli tinti, grassi e crespi o normali e sani, Salt free Water Conditioner pu\u00f2 essere il tuo partner ideale per la cura dei capelli.<\/p>\n\n\n\n<h2 class=\"wp-block-heading\">Processo di produzione del condizionatore d&#039;acqua senza sale<\/h2>\n\n\n\n<p>Salt Free Water Conditioner utilizza una serie di tecnologie uniche nel suo processo di produzione. In primo luogo, le materie prime sono attentamente selezionate per garantire che siano 100% naturali e prive di inquinamento. In secondo luogo, una variet\u00e0 di ingredienti nutrienti e riparatori sono integrati nella formulazione per creare effetti sinergici. Inoltre, il processo di produzione \u00e8 rigorosamente controllato in termini di temperatura e pressione per evitare la perdita di principi attivi. Infine, la confezione del prodotto \u00e8 realizzata con materiali ecologici e non tossici per garantire la sicurezza d&#039;uso. Come produttore efficiente di condizionatori d&#039;acqua senza sale, questo attento processo di produzione, per garantire l&#039;eccellente qualit\u00e0 del condizionatore d&#039;acqua senza sale, in modo che i consumatori possano utilizzarlo senza preoccupazioni, per godere del comfort dell&#039;esperienza di cura dei capelli naturale.<\/p>","protected":false},"excerpt":{"rendered":"Salt free water conditioner manufacturing common formulas Salt free Water Conditioner is made with gentle ingredients such as botanical amino acids, glycerin, and natural fruit seed oils. Amino Acids provide excellent moisturizing and repairing properties to deeply nourish hair; Glycerin replenishes moisture and improves frizz and dryness; and Natural Fruit Seed Oil is rich in [&hellip;]","protected":false},"featured_media":384,"menu_order":0,"template":"","meta":[],"product-tag":[],"products":[52],"class_list":["post-306","product","type-product","status-publish","has-post-thumbnail","hentry","products-conditioner"],"acf":[],"_links":{"self":[{"href":"https:\/\/www.ruiqigo.com\/it\/wp-json\/wp\/v2\/product\/306","targetHints":{"allow":["GET"]}}],"collection":[{"href":"https:\/\/www.ruiqigo.com\/it\/wp-json\/wp\/v2\/product"}],"about":[{"href":"https:\/\/www.ruiqigo.com\/it\/wp-json\/wp\/v2\/types\/product"}],"version-history":[{"count":0,"href":"https:\/\/www.ruiqigo.com\/it\/wp-json\/wp\/v2\/product\/306\/revisions"}],"wp:featuredmedia":[{"embeddable":true,"href":"https:\/\/www.ruiqigo.com\/it\/wp-json\/wp\/v2\/media\/384"}],"wp:attachment":[{"href":"https:\/\/www.ruiqigo.com\/it\/wp-json\/wp\/v2\/media?parent=306"}],"wp:term":[{"taxonomy":"product-tag","embeddable":true,"href":"https:\/\/www.ruiqigo.com\/it\/wp-json\/wp\/v2\/product-tag?post=306"},{"taxonomy":"products","embeddable":true,"href":"https:\/\/www.ruiqigo.com\/it\/wp-json\/wp\/v2\/products?post=306"}],"curies":[{"name":"parola chiave","href":"https:\/\/api.w.org\/{rel}","templated":true}]}}