{"id":311,"date":"2024-07-05T17:20:27","date_gmt":"2024-07-05T09:20:27","guid":{"rendered":"https:\/\/ruiqigo.com\/?post_type=product&#038;p=311"},"modified":"2024-11-14T21:14:32","modified_gmt":"2024-11-14T13:14:32","slug":"curly-hair-shampoo-and-conditioner","status":"publish","type":"product","link":"https:\/\/www.ruiqigo.com\/it\/product\/curly-hair-shampoo-and-conditioner","title":{"rendered":"Shampoo e balsamo per capelli ricci"},"content":{"rendered":"<h2 class=\"wp-block-heading\">Shampoo e balsamo per capelli ricci, formule comuni per la produzione<\/h2>\n\n\n\n<p>Questo prodotto 2 in 1 \u00e8 realizzato con ingredienti naturali di prima qualit\u00e0 come burro di karit\u00e9 e olio di cocco. Il burro di karit\u00e9 \u00e8 ricco di vitamine e acidi grassi che idratano in profondit\u00e0 i capelli e aumentano l&#039;elasticit\u00e0 delle punte, mentre l&#039;olio di cocco ha eccellenti propriet\u00e0 liscianti e riparatrici che rendono i ricci pi\u00f9 lisci e lucenti. Inoltre, aggiunge anche uno speciale ingrediente per lo styling che modella e mantiene in posizione i ricci in modo efficace. Insieme, come produttore efficiente di shampoo e balsamo per capelli ricci, questi ingredienti naturali delicati ma potenti rendono questa la formula perfetta per coccolare i capelli ricci.<\/p>\n\n\n\n<h2 class=\"wp-block-heading\">Shampoo e balsamo per capelli ricci: scenari applicabili<\/h2>\n\n\n\n<p>Curly Hair Shampoo Conditioner 2-in-1 \u00e8 adatto all&#039;uso in tutti i climi. Nel caldo dell&#039;estate, idrata e ripara i danni ai capelli ricci, mentre nel freddo dell&#039;inverno, nutre in profondit\u00e0 e aumenta l&#039;elasticit\u00e0 per prevenire secchezza e crespo. Allo stesso tempo, le sue propriet\u00e0 di styling aiutano a mantenere i ricci splendidamente acconciati in ambienti umidi. Che splenda il sole o soffi il vento, questo prodotto due in uno protegger\u00e0 i tuoi ricci e li manterr\u00e0 spettinati e lucenti.<\/p>\n\n\n\n<h2 class=\"wp-block-heading\">Per chi \u00e8 adatto lo shampoo e il balsamo per capelli ricci?<\/h2>\n\n\n\n<p>Questo shampoo balsamo 2 in 1 per capelli ricci \u00e8 particolarmente adatto a chi ha i capelli naturalmente ricci o permanentati. Protegge i ricci fragili dall&#039;effetto crespo e dalla secchezza. Allo stesso tempo, le sue propriet\u00e0 di styling aiutano a creare ricci belli e duraturi. Anche per chi ha i capelli lisci, l&#039;uso occasionale aggiunger\u00e0 elasticit\u00e0 e lucentezza. Che tu abbia i capelli naturalmente ricci, permanentati artificialmente o lisci che necessitano di styling occasionale, questo prodotto 2 in 1 \u00e8 il trattamento ideale per te.<\/p>\n\n\n\n<h2 class=\"wp-block-heading\">Processo di produzione di shampoo e balsamo per capelli ricci<\/h2>\n\n\n\n<p>Innanzitutto, le materie prime vengono selezionate attraverso livelli di controllo per garantire 100% naturale e privo di inquinamento. In secondo luogo, nella formulazione della ricerca e sviluppo dell&#039;integrazione di una variet\u00e0 di ingredienti nutrienti e riparatori, svolgono un effetto sinergico. Inoltre, come produttore leader di shampoo e balsamo per capelli ricci, il processo di produzione \u00e8 rigorosamente controllato in termini di temperatura e pressione per garantire che gli ingredienti attivi non vengano danneggiati. Infine, viene utilizzata la tecnologia di styling professionale per far durare i ricci pi\u00f9 a lungo.<\/p>","protected":false},"excerpt":{"rendered":"Curly hair shampoo and conditioner manufacturing common formulas This 2-in-1 product is made with premium natural ingredients such as shea butter and coconut oil. Shea butter is rich in vitamins and fatty acids that deeply moisturize the hair and increase the elasticity of the ends, while coconut oil has excellent smoothing and repairing properties that [&hellip;]","protected":false},"featured_media":392,"menu_order":0,"template":"","meta":[],"product-tag":[],"products":[54],"class_list":["post-311","product","type-product","status-publish","has-post-thumbnail","hentry","products-shampoo-and-conditioner"],"acf":[],"_links":{"self":[{"href":"https:\/\/www.ruiqigo.com\/it\/wp-json\/wp\/v2\/product\/311","targetHints":{"allow":["GET"]}}],"collection":[{"href":"https:\/\/www.ruiqigo.com\/it\/wp-json\/wp\/v2\/product"}],"about":[{"href":"https:\/\/www.ruiqigo.com\/it\/wp-json\/wp\/v2\/types\/product"}],"version-history":[{"count":0,"href":"https:\/\/www.ruiqigo.com\/it\/wp-json\/wp\/v2\/product\/311\/revisions"}],"wp:featuredmedia":[{"embeddable":true,"href":"https:\/\/www.ruiqigo.com\/it\/wp-json\/wp\/v2\/media\/392"}],"wp:attachment":[{"href":"https:\/\/www.ruiqigo.com\/it\/wp-json\/wp\/v2\/media?parent=311"}],"wp:term":[{"taxonomy":"product-tag","embeddable":true,"href":"https:\/\/www.ruiqigo.com\/it\/wp-json\/wp\/v2\/product-tag?post=311"},{"taxonomy":"products","embeddable":true,"href":"https:\/\/www.ruiqigo.com\/it\/wp-json\/wp\/v2\/products?post=311"}],"curies":[{"name":"parola chiave","href":"https:\/\/api.w.org\/{rel}","templated":true}]}}