{"id":316,"date":"2024-07-05T17:33:07","date_gmt":"2024-07-05T09:33:07","guid":{"rendered":"https:\/\/ruiqigo.com\/?post_type=product&#038;p=316"},"modified":"2024-11-14T21:13:36","modified_gmt":"2024-11-14T13:13:36","slug":"natural-shampoo-and-conditioner","status":"publish","type":"product","link":"https:\/\/www.ruiqigo.com\/it\/product\/natural-shampoo-and-conditioner","title":{"rendered":"Shampoo e balsamo naturali"},"content":{"rendered":"<h2 class=\"wp-block-heading\">Formule comuni per la produzione di shampoo e balsamo naturali<\/h2>\n\n\n\n<p>Questo prodotto naturale 2 in 1 utilizza una variet\u00e0 di ingredienti naturali di alta qualit\u00e0 come olio di semi di lino e alghe. L&#039;olio di semi di lino \u00e8 ricco di acidi grassi Omega-3, che nutrono in profondit\u00e0 i capelli e donano morbidezza e lucentezza, mentre le alghe sono ricche di minerali, che riparano i capelli danneggiati e ne aumentano l&#039;elasticit\u00e0. Essendo un eccellente produttore di shampoo e balsamo naturali, contiene ingredienti detergenti naturali che detergono delicatamente il cuoio capelluto senza irritarlo. Insieme, questi ingredienti naturali compongono questa formula di qualit\u00e0 che si prende cura dei tuoi capelli con delicatezza.<\/p>\n\n\n\n<h2 class=\"wp-block-heading\">Scenari applicabili di shampoo e balsamo naturali<\/h2>\n\n\n\n<p>Shampoo e balsamo naturali sono adatti a tutti i climi. Nei caldi mesi estivi, idratano a fondo i capelli, reintegrandone la caduta, mentre nei freddi mesi invernali nutrono in profondit\u00e0, aumentandone l&#039;elasticit\u00e0 e prevenendo secchezza e crespo. Allo stesso tempo, la sua formula delicata \u00e8 adatta anche al cuoio capelluto sensibile, senza irritare. Che ci sia il sole o la pioggia, questo prodotto naturale 2 in 1 manterr\u00e0 i vostri capelli morbidi, lucenti e sani.<\/p>\n\n\n\n<h2 class=\"wp-block-heading\">Per chi \u00e8 adatto lo shampoo e il balsamo naturali?<\/h2>\n\n\n\n<p>Questo duo di shampoo e balsamo naturali \u00e8 perfetto per chi ha capelli danneggiati, secchi e crespi. Utilizza ingredienti naturali per detergere delicatamente il cuoio capelluto, nutrendo in profondit\u00e0 i capelli, riparando i danni e donando morbidezza e lucentezza. Che i tuoi capelli siano naturalmente ruvidi, danneggiati da agenti chimici o secchi a causa di una lunga piega, questo prodotto 2 in 1 \u00e8 il compagno perfetto per la cura dei tuoi capelli.<\/p>\n\n\n\n<h2 class=\"wp-block-heading\">Processo di produzione di shampoo e balsamo naturali<\/h2>\n\n\n\n<p>Questo shampoo e balsamo naturali sono realizzati utilizzando diverse tecnologie avanzate. In primo luogo, gli ingredienti sono 100% naturali e di origine vegetale e sono stati sottoposti a una serie di controlli per garantire l&#039;assenza di contaminazione. In secondo luogo, la temperatura e la pressione sono rigorosamente controllate durante lo sviluppo della formula per evitare danni ai principi attivi. Inoltre, l&#039;utilizzo di una tecnologia professionale di separazione a setaccio molecolare garantisce l&#039;estrazione di principi attivi ad elevata purezza; infine, l&#039;intero processo produttivo \u00e8 privo di sostanze chimiche sintetiche per garantire un prodotto ecologico ed ecocompatibile. In qualit\u00e0 di produttore di shampoo e balsamo naturali di precisione, questi accurati processi produttivi garantiscono l&#039;eccellente qualit\u00e0 di questo prodotto naturale 2 in 1, in grado di offrire ai consumatori una migliore esperienza di cura ecosostenibile.<\/p>","protected":false},"excerpt":{"rendered":"Natural shampoo and conditioner manufacturing common formulas This natural 2-in-1 product uses a variety of high-quality natural ingredients such as flaxseed oil and seaweed. Flaxseed oil is rich in Omega-3 fatty acids, which deeply nourish the hair strands and add softness and shine, while seaweed is rich in minerals, which repair damaged hair and add [&hellip;]","protected":false},"featured_media":396,"menu_order":0,"template":"","meta":[],"product-tag":[],"products":[54],"class_list":["post-316","product","type-product","status-publish","has-post-thumbnail","hentry","products-shampoo-and-conditioner"],"acf":[],"_links":{"self":[{"href":"https:\/\/www.ruiqigo.com\/it\/wp-json\/wp\/v2\/product\/316","targetHints":{"allow":["GET"]}}],"collection":[{"href":"https:\/\/www.ruiqigo.com\/it\/wp-json\/wp\/v2\/product"}],"about":[{"href":"https:\/\/www.ruiqigo.com\/it\/wp-json\/wp\/v2\/types\/product"}],"version-history":[{"count":0,"href":"https:\/\/www.ruiqigo.com\/it\/wp-json\/wp\/v2\/product\/316\/revisions"}],"wp:featuredmedia":[{"embeddable":true,"href":"https:\/\/www.ruiqigo.com\/it\/wp-json\/wp\/v2\/media\/396"}],"wp:attachment":[{"href":"https:\/\/www.ruiqigo.com\/it\/wp-json\/wp\/v2\/media?parent=316"}],"wp:term":[{"taxonomy":"product-tag","embeddable":true,"href":"https:\/\/www.ruiqigo.com\/it\/wp-json\/wp\/v2\/product-tag?post=316"},{"taxonomy":"products","embeddable":true,"href":"https:\/\/www.ruiqigo.com\/it\/wp-json\/wp\/v2\/products?post=316"}],"curies":[{"name":"parola chiave","href":"https:\/\/api.w.org\/{rel}","templated":true}]}}