{"id":3186,"date":"2025-04-24T09:37:21","date_gmt":"2025-04-24T01:37:21","guid":{"rendered":"https:\/\/www.ruiqigo.com\/?post_type=product&#038;p=3186"},"modified":"2025-04-24T09:37:22","modified_gmt":"2025-04-24T01:37:22","slug":"sunburn-lotion","status":"publish","type":"product","link":"https:\/\/www.ruiqigo.com\/it\/product\/sunburn-lotion","title":{"rendered":"Lozione per scottature solari"},"content":{"rendered":"<h2 class=\"wp-block-heading\">Formule comuni per la produzione di lozioni per scottature solari<\/h2>\n\n\n\n<p>Come produttori professionali di lozioni per le scottature solari, utilizziamo estratti vegetali naturali e ingredienti riparatori, come calendula, aloe vera, camomilla, ecc., per aiutare la pelle a ripararsi e lenire rapidamente le scottature, ripristinare l&#039;equilibrio idrolipidico e rafforzare la barriera cutanea. Allo stesso tempo, la formula che utilizziamo \u00e8 delicata e non irritante, adatta all&#039;uso prolungato su tutti i tipi di pelle.<\/p>\n\n\n\n<p>1. <strong>Calendula<\/strong>: La calendula ha eccellenti propriet\u00e0 antiallergiche e antinfiammatorie, che possono alleviare allergie e fastidi causati da scottature solari e ridurre l&#039;infiammazione dopo l&#039;esposizione al sole. Allo stesso tempo, la calendula ha un effetto positivo sulla guarigione di piccole lesioni cutanee e pu\u00f2 migliorare l&#039;efficacia della riparazione della barriera cutanea. <\/p>\n\n\n\n<p>2.<strong> Aloe vera:<\/strong> L&#039;aloe vera naturale \u00e8 ricca di vitamine, minerali e antiossidanti e ha forti effetti idratanti, lenitivi e antinfiammatori. Pu\u00f2 aiutare rapidamente lo strato corneo a trattenere l&#039;idratazione, promuovere la riparazione delle cellule cutanee e rafforzare la barriera cutanea. Pu\u00f2 anche aiutare la pelle a rinfrescarsi rapidamente e ridurre la sensazione di bruciore dopo una scottatura solare. <\/p>\n\n\n\n<p>3. <strong>Camomilla:<\/strong> La lozione per le scottature solari, che contiene camomilla come ingrediente principale, pu\u00f2 essere utilizzata con sicurezza da chi ha la pelle sensibile. Grazie alle sue eccellenti propriet\u00e0 antiallergiche e antiossidanti, pu\u00f2 alleviare sintomi come allergie, arrossamenti, gonfiori e pizzicore causati dalle scottature solari, e pu\u00f2 anche migliorare la resistenza della pelle. <\/p>\n\n\n\n<p>4. <strong>Ialuronato di sodio:<\/strong> L&#039;ialuronato di sodio \u00e8 un ingrediente efficace che trattiene l&#039;acqua e idrata, in grado di reintegrare rapidamente l&#039;idratazione in profondit\u00e0 nella pelle, impedendo alla pelle scottata dal sole di tirarsi o screpolarsi e creando una solida base per l&#039;assorbimento dei successivi ingredienti riparatori. <\/p>\n\n\n\n<p>5.<strong> Pantenolo<\/strong>: Il pantenolo \u00e8 anche un ingrediente importante nelle lozioni per le scottature solari. Ha potenti propriet\u00e0 idratanti e riparatrici. Pu\u00f2 penetrare in profondit\u00e0 nella pelle e formare una pellicola impermeabile, migliorandone cos\u00ec l&#039;elasticit\u00e0, riducendo la secchezza e la tensione causate dalle scottature e aiutando la pelle a ritrovare una lucentezza sana e idratata. <\/p>\n\n\n\n<h2 class=\"wp-block-heading\">Le funzioni della lozione per le scottature solari<\/h2>\n\n\n\n<p>La nostra lozione contro le scottature solari utilizza una variet\u00e0 di essenze vegetali naturali nella sua formula, che non solo ha funzioni riparatrici, ma tiene anche conto dell&#039;esperienza e del comfort dell&#039;utente. <\/p>\n\n\n\n<p>1. <strong>Texture fresca e non grassa<\/strong>La nostra lozione per scottature solari \u00e8 formulata con una formula leggera che viene rapidamente assorbita dalla pelle senza essere appiccicosa, quindi non lascia residui sui vestiti n\u00e9 interferisce con le attivit\u00e0 quotidiane dell&#039;utente. L&#039;esperienza d&#039;uso \u00e8 quindi notevolmente migliorata.<\/p>\n\n\n\n<p>2. <strong>Adatto a diversi tipi di pelle<\/strong>: La nostra lozione per scottature solari \u00e8 stata sottoposta a numerosi test di sensibilit\u00e0 e non contiene ingredienti irritanti e sensibilizzanti come l&#039;alcol. Pu\u00f2 essere utilizzata per pelli secche, grasse, miste e sensibili ed \u00e8 adatta a un&#039;ampia gamma di clienti.<\/p>\n\n\n\n<p>3. <strong>Gli effetti lenitivi e rinfrescanti immediati sono significativi<\/strong>: la lozione per scottature solari contiene ingredienti naturali come aloe vera e calendula. Dopo l&#039;uso, pu\u00f2 rinfrescare rapidamente la pelle, alleviare arrossamenti, gonfiori, bruciore e altri fastidi, e ridurre le reazioni infiammatorie dopo l&#039;esposizione al sole. \u00c8 una delle scelte ideali per una riparazione immediata dopo una scottatura solare.<\/p>\n\n\n\n<p>4. <strong>Idratazione continua e effetto riparatore prolungato<\/strong>La nostra lozione per scottature solari, grazie all&#039;azione sinergica di molteplici fattori idratanti come l&#039;ialuronato di sodio e il pantenolo, pu\u00f2 mantenere a lungo l&#039;equilibrio idrolipidico della pelle e prevenire secchezza e desquamazione. Allo stesso tempo, oltre a lenire immediatamente, pu\u00f2 anche riparare costantemente la barriera cutanea, migliorare le difese della pelle e prolungare l&#039;effetto riparatore dopo una scottatura. <\/p>\n\n\n\n<h2 class=\"wp-block-heading\">Come usare la lozione contro le scottature?<\/h2>\n\n\n\n<p>L&#039;uso della lozione solare \u00e8 molto semplice e veloce. Puoi rimuoverla in qualsiasi momento durante la cura quotidiana e in viaggio per alleviare il fastidio della pelle scottata dal sole. \u00c8 sufficiente applicarla solo quando necessario e massaggiare delicatamente per favorirne l&#039;assorbimento. L&#039;intero processo \u00e8 delicato e non irritante, adatto a tutti i tipi di utenti. Si consiglia di utilizzarla subito dopo l&#039;esposizione al sole per ottenere il massimo effetto riparatore. <\/p>\n\n\n\n<p>1. <strong>Detergere la pelle: <\/strong>Prima di utilizzare il prodotto, pulire la zona scottata con acqua tiepida per rimuovere sudore e impurit\u00e0 che altrimenti comprometterebbero l&#039;effetto riparatore. Quindi asciugare tamponando con un panno morbido o attendere che l&#039;acqua evapori.<\/p>\n\n\n\n<p>2. <strong>Spremere la lozione: <\/strong>Spremere la lozione dal contenitore secondo necessit\u00e0.<\/p>\n\n\n\n<p>3. <strong>Applicare uniformemente e massaggiare per favorirne l&#039;assorbimento: <\/strong>Applicare la lozione delicatamente e uniformemente sulla zona scottata, evitando di strofinare per non danneggiarla. Quindi massaggiare delicatamente la zona interessata per favorirne l&#039;assorbimento.<\/p>\n\n\n\n<h2 class=\"wp-block-heading\">Attenzione<\/h2>\n\n\n\n<p>1. <strong>Test per le reazioni allergiche:<\/strong> Prima di utilizzare la nostra lozione anti-scottature per la prima volta, assicurati di provarla sulla parte interna del polso o dietro l&#039;orecchio per evitare reazioni allergiche dovute a differenze individuali. Se non si verificano reazioni anomale entro 24 ore, puoi usarla in tutta sicurezza.<\/p>\n\n\n\n<p>2. <strong>Evitare l&#039;uso su ferite o pelle danneggiata: <\/strong>In caso di ferite o danni evidenti sulla pelle, come pelle lesa, sanguinamento, ecc., non utilizzare questo prodotto per evitare di irritare la ferita e causare danni.<\/p>\n\n\n\n<p>3. <strong>Evitare il contatto con gli occhi: <\/strong>Quando si utilizza una lozione per le scottature solari, evitare la zona degli occhi. In caso di contatto accidentale con gli occhi, sciacquare immediatamente con acqua pulita e consultare un medico se necessario.<\/p>\n\n\n\n<h2 class=\"wp-block-heading\">Conclusione<\/h2>\n\n\n\n<p>Sunburn Lotion \u00e8 una lozione riparatrice per scottature solari con propriet\u00e0 profondamente idratanti, lenitive e riparatrici, adatta a diversi tipi di pelle e scenari d&#039;uso. I nostri prodotti sono formulati con una variet\u00e0 di estratti vegetali naturali, rinfrescanti e non untuosi, e possono alleviare rapidamente il fastidio e la sensazione di bruciore causati dalle scottature solari. Offriamo servizi OEM\/ODM per soddisfare le diverse esigenze dei clienti in termini di packaging e posizionamento sul mercato. Per ulteriori informazioni, non esitate a contattarci.<\/p>","protected":false},"excerpt":{"rendered":"Sunburn Lotion Manufacturing Common Formulas As a professional sunburn lotion manufacturer, we use natural plant extracts and repair ingredients, such as calendula, aloe vera, chamomile, etc., to help your skin quickly repair and calm after sunburn, restore the water and oil balance, and strengthen the skin barrier. At the same time, the formula we use [&hellip;]","protected":false},"featured_media":3190,"menu_order":0,"template":"","meta":[],"product-tag":[],"products":[87],"class_list":["post-3186","product","type-product","status-publish","has-post-thumbnail","hentry","products-sunburn-recovery"],"acf":[],"_links":{"self":[{"href":"https:\/\/www.ruiqigo.com\/it\/wp-json\/wp\/v2\/product\/3186","targetHints":{"allow":["GET"]}}],"collection":[{"href":"https:\/\/www.ruiqigo.com\/it\/wp-json\/wp\/v2\/product"}],"about":[{"href":"https:\/\/www.ruiqigo.com\/it\/wp-json\/wp\/v2\/types\/product"}],"version-history":[{"count":0,"href":"https:\/\/www.ruiqigo.com\/it\/wp-json\/wp\/v2\/product\/3186\/revisions"}],"wp:featuredmedia":[{"embeddable":true,"href":"https:\/\/www.ruiqigo.com\/it\/wp-json\/wp\/v2\/media\/3190"}],"wp:attachment":[{"href":"https:\/\/www.ruiqigo.com\/it\/wp-json\/wp\/v2\/media?parent=3186"}],"wp:term":[{"taxonomy":"product-tag","embeddable":true,"href":"https:\/\/www.ruiqigo.com\/it\/wp-json\/wp\/v2\/product-tag?post=3186"},{"taxonomy":"products","embeddable":true,"href":"https:\/\/www.ruiqigo.com\/it\/wp-json\/wp\/v2\/products?post=3186"}],"curies":[{"name":"parola chiave","href":"https:\/\/api.w.org\/{rel}","templated":true}]}}