{"id":321,"date":"2024-07-05T17:38:21","date_gmt":"2024-07-05T09:38:21","guid":{"rendered":"https:\/\/ruiqigo.com\/?post_type=product&#038;p=321"},"modified":"2024-11-14T21:11:09","modified_gmt":"2024-11-14T13:11:09","slug":"tea-tree-shampoo-and-conditioner","status":"publish","type":"product","link":"https:\/\/www.ruiqigo.com\/it\/product\/tea-tree-shampoo-and-conditioner","title":{"rendered":"Shampoo e balsamo all&#039;albero del t\u00e8"},"content":{"rendered":"<h2 class=\"wp-block-heading\">Formule comuni per la produzione di shampoo e balsamo all&#039;albero del t\u00e8<\/h2>\n\n\n\n<p>Questo shampoo e balsamo 2 in 1 all&#039;albero del t\u00e8 utilizza l&#039;estratto di albero del t\u00e8 puro e naturale come ingrediente principale. L&#039;estratto di albero del t\u00e8 \u00e8 ricco di vitamine e minerali come vitamina C, vitamina E, ferro, zinco, ecc., che possono nutrire in profondit\u00e0 e riparare i capelli danneggiati e aumentarne la lucentezza e la morbidezza. Inoltre, l&#039;estratto di albero del t\u00e8 contiene ingredienti naturali antibatterici e antinfiammatori che detergono efficacemente il cuoio capelluto, prevenendo la crescita di batteri e l&#039;accumulo di forfora. Come produttore innovativo di shampoo e balsamo all&#039;albero del t\u00e8, questi ingredienti naturali lavorano insieme per creare un detergente e un balsamo due in uno che combina pulizia e condizionamento.<\/p>\n\n\n\n<h2 class=\"wp-block-heading\">Shampoo e balsamo all&#039;albero del t\u00e8: scenari applicabili<\/h2>\n\n\n\n<p>Tea Tree Shampoo and Conditioner \u00e8 adatto a tutti i climi. Nei caldi mesi estivi, l&#039;azione antibatterica rinfrescante dell&#039;estratto di tea tree deterge a fondo il cuoio capelluto e previene la crescita batterica dopo la sudorazione; nei freddi mesi invernali, nutre e ripara in profondit\u00e0 i capelli danneggiati, aumentando l&#039;elasticit\u00e0 e prevenendo secchezza e crespo. Allo stesso tempo, la formula naturale e delicata del tea tree \u00e8 adatta anche per l&#039;uso su cuoio capelluto sensibile, non irrita. Che sia unto e caldo o secco e freddo, questo prodotto due in uno manterr\u00e0 i tuoi capelli freschi, morbidi e confortevoli.<\/p>\n\n\n\n<h2 class=\"wp-block-heading\">Per chi \u00e8 adatto lo shampoo e il balsamo dell&#039;albero del t\u00e8?<\/h2>\n\n\n\n<p>Questo shampoo e balsamo 2 in 1 all&#039;albero del t\u00e8 \u00e8 particolarmente indicato per chi ha il cuoio capelluto grasso o \u00e8 soggetto a forfora. L&#039;estratto di albero del t\u00e8 \u00e8 un ingrediente naturale antibatterico e antinfiammatorio che deterge efficacemente il cuoio capelluto e previene l&#039;accumulo di batteri e forfora. Allo stesso tempo, nutre e ripara in profondit\u00e0 i capelli danneggiati, aumentandone la lucentezza e l&#039;elasticit\u00e0. Che tu abbia il cuoio capelluto grasso o i capelli secchi e crespi, o i capelli danneggiati chimicamente dopo la permanente e la colorazione, questo prodotto 2 in 1 all&#039;albero del t\u00e8 \u00e8 la scelta perfetta per le tue esigenze di cura dei capelli.<\/p>\n\n\n\n<h2 class=\"wp-block-heading\">Processo di produzione dello shampoo e del balsamo all&#039;albero del t\u00e8<\/h2>\n\n\n\n<p>Questo shampoo e balsamo 2 in 1 all&#039;albero del t\u00e8 \u00e8 prodotto utilizzando una serie di tecnologie avanzate. In primo luogo, 100% delle materie prime dell&#039;albero del t\u00e8 derivano da piante naturali e sono state sottoposte a una serie di controlli per garantire che siano prive di qualsiasi contaminazione chimica. In secondo luogo, la temperatura e la pressione sono rigorosamente controllate durante lo sviluppo della formula per garantire che i principi attivi dell&#039;estratto di albero del t\u00e8 non vengano danneggiati. Il prodotto adotta una tecnologia di separazione professionale per estrarre l&#039;estratto di albero del t\u00e8 con elevata purezza per garantire un&#039;eccellente efficacia del prodotto. Infine, come produttore professionale di shampoo e balsamo all&#039;albero del t\u00e8, l&#039;intero processo di produzione \u00e8 privo di sostanze chimiche sintetiche, garantendo che il prodotto sia ecologico e rispettoso dell&#039;ambiente.<\/p>","protected":false},"excerpt":{"rendered":"Tea tree shampoo and conditioner manufacturing common formulas This Tea Tree Shampoo and Conditioner 2-in-1 utilizes pure and natural tea tree extract as the core ingredient. Tea Tree Extract is rich in vitamins and minerals such as Vitamin C, Vitamin E, Iron, Zinc, etc., which can deeply nourish and repair damaged hair, and increase the [&hellip;]","protected":false},"featured_media":322,"menu_order":0,"template":"","meta":[],"product-tag":[],"products":[54],"class_list":["post-321","product","type-product","status-publish","has-post-thumbnail","hentry","products-shampoo-and-conditioner"],"acf":[],"_links":{"self":[{"href":"https:\/\/www.ruiqigo.com\/it\/wp-json\/wp\/v2\/product\/321","targetHints":{"allow":["GET"]}}],"collection":[{"href":"https:\/\/www.ruiqigo.com\/it\/wp-json\/wp\/v2\/product"}],"about":[{"href":"https:\/\/www.ruiqigo.com\/it\/wp-json\/wp\/v2\/types\/product"}],"version-history":[{"count":0,"href":"https:\/\/www.ruiqigo.com\/it\/wp-json\/wp\/v2\/product\/321\/revisions"}],"wp:featuredmedia":[{"embeddable":true,"href":"https:\/\/www.ruiqigo.com\/it\/wp-json\/wp\/v2\/media\/322"}],"wp:attachment":[{"href":"https:\/\/www.ruiqigo.com\/it\/wp-json\/wp\/v2\/media?parent=321"}],"wp:term":[{"taxonomy":"product-tag","embeddable":true,"href":"https:\/\/www.ruiqigo.com\/it\/wp-json\/wp\/v2\/product-tag?post=321"},{"taxonomy":"products","embeddable":true,"href":"https:\/\/www.ruiqigo.com\/it\/wp-json\/wp\/v2\/products?post=321"}],"curies":[{"name":"parola chiave","href":"https:\/\/api.w.org\/{rel}","templated":true}]}}