{"id":3243,"date":"2025-04-29T10:51:22","date_gmt":"2025-04-29T02:51:22","guid":{"rendered":"https:\/\/www.ruiqigo.com\/?post_type=product&#038;p=3243"},"modified":"2025-04-29T10:51:23","modified_gmt":"2025-04-29T02:51:23","slug":"stainless-steel-tongue-scraper","status":"publish","type":"product","link":"https:\/\/www.ruiqigo.com\/it\/product\/stainless-steel-tongue-scraper","title":{"rendered":"Raschietto per la lingua in acciaio inossidabile"},"content":{"rendered":"<h2 class=\"wp-block-heading\">Caratteristiche del raschietto per la lingua in acciaio inossidabile<\/h2>\n\n\n\n<p>1. <strong>Materiale<\/strong>: Il raschietto per la lingua in acciaio inossidabile \u00e8 realizzato in acciaio inossidabile di alta qualit\u00e0 per uso alimentare (ad esempio 304 o 316), che presenta un&#039;eccellente resistenza alla corrosione, alla ruggine e una buona igiene. <\/p>\n\n\n\n<p>2. <strong>Struttura:<\/strong> Il nostro raschietto per la lingua in acciaio inossidabile \u00e8 generalmente a forma di U o ad arco piatto, che si adatta perfettamente alla curvatura della superficie della lingua umana ed \u00e8 pi\u00f9 efficace nel raschiare i batteri e la patina della lingua, garantendo un effetto pulente.<\/p>\n\n\n\n<p>3. <strong>Trattamento dei bordi:<\/strong> I bordi del raschietto per lingua in acciaio inossidabile sono stati accuratamente lucidati e sono lisci e arrotondati. Non graffiano la lingua o l&#039;interno della bocca durante l&#039;uso, garantendo la sicurezza. <\/p>\n\n\n\n<p>4. <strong>Durevole e duraturo:<\/strong> L&#039;acciaio inossidabile \u00e8 naturalmente durevole e pu\u00f2 essere utilizzato a lungo senza comprometterne le prestazioni. Pertanto, ha una lunga durata e non \u00e8 facile da rompere o invecchiare.<\/p>\n\n\n\n<p>5. <strong>Facile da pulire: <\/strong>La superficie del raschietto per la lingua in acciaio inossidabile \u00e8 liscia, pu\u00f2 essere sterilizzata ad alta temperatura e pu\u00f2 essere risciacquata direttamente, il che \u00e8 molto comodo. <\/p>\n\n\n\n<p>6. <strong>Ecologico e riutilizzabile:<\/strong> I prodotti in acciaio inossidabile possono essere riutilizzati, il che \u00e8 molto ecologico e in linea con il concetto di sviluppo sostenibile. <\/p>\n\n\n\n<h2 class=\"wp-block-heading\">Vantaggi del raschietto per la lingua in acciaio inossidabile<\/h2>\n\n\n\n<p>1. <strong>Migliorare l&#039;igiene orale:<\/strong> Un raschietto per la lingua in acciaio inossidabile pu\u00f2 rimuovere efficacemente la patina linguale e i batteri presenti all&#039;interno della bocca, migliorare la salute e l&#039;igiene orale generale, migliorare i problemi di alito cattivo e prevenire l&#039;alito cattivo. Allo stesso tempo, pu\u00f2 anche ridurre l&#039;incidenza delle malattie gengivali. <\/p>\n\n\n\n<p>2. <strong>Buona portabilit\u00e0: <\/strong>Il nostro raschietto per la lingua in acciaio inossidabile \u00e8 portatile e compatto, adatto per essere portato con s\u00e9 e comodo da usare quando si esce, sia in viaggio che in viaggio d&#039;affari. <\/p>\n\n\n\n<p>3. <strong>Buona durabilit\u00e0:<\/strong> L&#039;acciaio inossidabile \u00e8 noto per la sua buona durevolezza, resistenza alla corrosione e capacit\u00e0 di mantenere prestazioni eccellenti anche dopo un uso ripetuto o prolungato. <\/p>\n\n\n\n<p>4. <strong>Facile da mantenere:<\/strong> Il raschietto per la lingua in acciaio inossidabile deve essere semplicemente risciacquato o sterilizzato con acqua bollente dopo l&#039;uso. Non richiede cure particolari, con un notevole risparmio di tempo ed energia. <\/p>\n\n\n\n<h2 class=\"wp-block-heading\">Gruppo target del raschietto per la lingua in acciaio inossidabile<\/h2>\n\n\n\n<p>1. <strong>Persone che soffrono di alito cattivo: <\/strong>Persone che hanno l&#039;alito cattivo a causa della patina spessa sulla lingua. <\/p>\n\n\n\n<p>2. <strong>Fumatori e bevitori: <\/strong>Fumare e bere possono causare attacchi a lungo termine alla superficie della lingua. <\/p>\n\n\n\n<p>3. <strong>Persone che amano bere caff\u00e8 e t\u00e8 al latte:<\/strong> Il caff\u00e8 e il t\u00e8 al latte lasciano depositi di pigmento sulla superficie della lingua, compromettendone l&#039;igiene.<\/p>\n\n\n\n<p>4. <strong>Le persone che prestano attenzione all&#039;igiene orale:<\/strong> Sperano di mantenere l&#039;alito fresco e la salute della bocca e di migliorare regolarmente l&#039;ambiente igienico al suo interno.<\/p>\n\n\n\n<h2 class=\"wp-block-heading\">Applicazioni del raschietto per la lingua in acciaio inossidabile<\/h2>\n\n\n\n<p>1. <strong>Assistenza domiciliare quotidiana: <\/strong>Puoi usarlo dopo aver lavato i denti al mattino o prima di andare a letto la sera. Puoi anche pulirlo dopo i pasti, se necessario.<\/p>\n\n\n\n<p>2. <strong>Viaggio o trasferta d&#039;affari: <\/strong>Puoi portarlo con te quando viaggi o sei in trasferta per lavoro, per garantire una buona igiene orale quando sei fuori casa. <\/p>\n\n\n\n<p>3. <strong>Fare regali: <\/strong>Pu\u00f2 essere utilizzato come regalo per l&#039;igiene orale da regalare a parenti e amici. <\/p>\n\n\n\n<p>4. <strong>Istituti professionali per la cura orale:<\/strong> Gli studi dentistici, i centri di cura orale, ecc. utilizzano puliscilingua in acciaio inossidabile come strumenti ausiliari. <\/p>\n\n\n\n<h2 class=\"wp-block-heading\">Come usare il raschietto per la lingua in acciaio inossidabile<\/h2>\n\n\n\n<p>1. Prima dell&#039;uso, \u00e8 necessario sciacquare il raschietto per la lingua in acciaio inossidabile con acqua per assicurarsi che non vi sia sporco. <\/p>\n\n\n\n<p>2. Apri la bocca, tira fuori la lingua e cerca di allungarla fino a renderla piatta.<\/p>\n\n\n\n<p>3. Raschiare delicatamente il raschietto in acciaio inossidabile dalla radice alla punta della lingua, facendo attenzione a non andare troppo indietro per evitare di vomitare.<\/p>\n\n\n\n<p>4. Ripetere l&#039;operazione di raschiatura 2-3 volte, secondo necessit\u00e0. Se si desidera una pulizia pi\u00f9 accurata, \u00e8 possibile raschiare pi\u00f9 volte, ma fare attenzione a non ripetere l&#039;operazione troppe volte per evitare di ferirsi la lingua o la bocca. Risciacquare con acqua pulita dopo ogni raschiatura.<\/p>\n\n\n\n<p>5. Dopo l&#039;uso, risciacquare il raschietto per la lingua in acciaio inossidabile con acqua. Pu\u00f2 essere disinfettato con acqua calda o pulito con acqua saponata. Riporlo dopo l&#039;asciugatura.<\/p>\n\n\n\n<p>6. <strong>Raccomandazione<\/strong>: Utilizzare con il collutorio per migliorare la salute orale in modo completo. <\/p>","protected":false},"excerpt":{"rendered":"Stainless steel tongue scraper features 1. Material: Stainless steel tongue scraper is made of high-quality food-grade stainless steel (such as 304 or 316 grade), which has excellent corrosion resistance, rust resistance and good hygiene. 2. Structure: Our stainless steel tongue scraper is generally U-shaped or flat arc-shaped, which perfectly fits the curve of the human [&hellip;]","protected":false},"featured_media":3245,"menu_order":0,"template":"","meta":[],"product-tag":[],"products":[169],"class_list":["post-3243","product","type-product","status-publish","has-post-thumbnail","hentry","products-tongue-scraper"],"acf":[],"_links":{"self":[{"href":"https:\/\/www.ruiqigo.com\/it\/wp-json\/wp\/v2\/product\/3243","targetHints":{"allow":["GET"]}}],"collection":[{"href":"https:\/\/www.ruiqigo.com\/it\/wp-json\/wp\/v2\/product"}],"about":[{"href":"https:\/\/www.ruiqigo.com\/it\/wp-json\/wp\/v2\/types\/product"}],"version-history":[{"count":0,"href":"https:\/\/www.ruiqigo.com\/it\/wp-json\/wp\/v2\/product\/3243\/revisions"}],"wp:featuredmedia":[{"embeddable":true,"href":"https:\/\/www.ruiqigo.com\/it\/wp-json\/wp\/v2\/media\/3245"}],"wp:attachment":[{"href":"https:\/\/www.ruiqigo.com\/it\/wp-json\/wp\/v2\/media?parent=3243"}],"wp:term":[{"taxonomy":"product-tag","embeddable":true,"href":"https:\/\/www.ruiqigo.com\/it\/wp-json\/wp\/v2\/product-tag?post=3243"},{"taxonomy":"products","embeddable":true,"href":"https:\/\/www.ruiqigo.com\/it\/wp-json\/wp\/v2\/products?post=3243"}],"curies":[{"name":"parola chiave","href":"https:\/\/api.w.org\/{rel}","templated":true}]}}