{"id":3250,"date":"2025-04-29T10:52:15","date_gmt":"2025-04-29T02:52:15","guid":{"rendered":"https:\/\/www.ruiqigo.com\/?post_type=product&#038;p=3250"},"modified":"2025-04-29T10:52:16","modified_gmt":"2025-04-29T02:52:16","slug":"plastic-tongue-scraper","status":"publish","type":"product","link":"https:\/\/www.ruiqigo.com\/it\/product\/plastic-tongue-scraper","title":{"rendered":"Raschietto per la lingua in plastica"},"content":{"rendered":"<h2 class=\"wp-block-heading\">Caratteristiche del raschietto per la lingua in plastica<\/h2>\n\n\n\n<p>1. <strong>Materiale leggero: <\/strong>Il raschietto per la lingua in plastica \u00e8 generalmente realizzato in materiale PP, PE o PTE per uso alimentare, molto leggero, sicuro e atossico. <\/p>\n\n\n\n<p>2. <strong>Basso costo: <\/strong>Rispetto ai puliscilingua in metallo, i puliscilingua in plastica sono pi\u00f9 accessibili ed economici, il che li rende adatti alla diffusione su larga scala. <\/p>\n\n\n\n<p>3. <strong>Aspetto vario:<\/strong> Il raschietto per la lingua in plastica \u00e8 disponibile in colori ricchi e diversi, tra cui nero, grigio, bianco, ecc. Puoi scegliere il colore liberamente.<\/p>\n\n\n\n<p>4. <strong>Buona flessibilit\u00e0: <\/strong>Il raschietto per la lingua in plastica \u00e8 estremamente flessibile, pulisce la lingua in modo pi\u00f9 delicato e ha meno probabilit\u00e0 di danneggiarla e di danneggiare l&#039;interno della bocca, il che lo rende particolarmente adatto alle persone sensibili.<\/p>\n\n\n\n<h2 class=\"wp-block-heading\">Vantaggi del raschietto per la lingua in plastica<\/h2>\n\n\n\n<p>1. <strong>Leggero e portatile: <\/strong>Il raschietto per la lingua in plastica \u00e8 molto leggero e comodo da portare con s\u00e9. Pu\u00f2 essere trasportato facilmente sia in viaggio che in viaggio d&#039;affari. <\/p>\n\n\n\n<p>2. <strong>Elevato rapporto costi-prestazioni:<\/strong> Essendo fatto di plastica, il costo \u00e8 basso, quindi i costi di produzione non sono elevati e pu\u00f2 essere prodotto in grandi quantit\u00e0, quindi \u00e8 conveniente.<\/p>\n\n\n\n<p>3. <strong>Morbido e confortevole: <\/strong>Il raschietto per la lingua in plastica \u00e8 flessibile e molto comodo da usare, il che lo rende particolarmente adatto a chi lo usa per la prima volta, ai bambini e alle persone sensibili.<\/p>\n\n\n\n<p>4. <strong>Design multicolore: <\/strong>Sono disponibili in molti colori e i membri della famiglia possono usarli separatamente per garantire la salute e l&#039;igiene orale personale e prevenire le infezioni crociate.<\/p>\n\n\n\n<h2 class=\"wp-block-heading\">Gruppo target del raschietto per la lingua in plastica<\/h2>\n\n\n\n<p>1. Bambini, adolescenti e persone sensibili ai materiali dei puliscilingua.<\/p>\n\n\n\n<p>2. Come i fumatori, i bevitori e le persone che amano mangiare cibi dal sapore forte e soffrono di alito cattivo.<\/p>\n\n\n\n<p>3. Persone che prestano attenzione all&#039;igiene orale personale e cambiano regolarmente gli strumenti per la cura orale.<\/p>\n\n\n\n<p>4. Persone che necessitano di cure orali durante i viaggi, i viaggi di lavoro o quando praticano sport per lunghi periodi.<\/p>\n\n\n\n<p>5. Persone che presentano pigmentazione sulla lingua dovuta al consumo prolungato di caff\u00e8 o t\u00e8 al latte.<\/p>\n\n\n\n<h2 class=\"wp-block-heading\">Applicazioni del raschietto per la lingua in plastica<\/h2>\n\n\n\n<p>1. <strong>Igiene orale quotidiana a casa: <\/strong>pulisci regolarmente la patina della lingua ogni giorno a casa per mantenere l&#039;alito fresco.<\/p>\n\n\n\n<p>2. <strong>Igiene orale per bambini:<\/strong> Materiale morbido e vari colori, adatti per coltivare le abitudini di igiene orale dei bambini e prestare attenzione alla salute orale fin dalla tenera et\u00e0.<\/p>\n\n\n\n<p>3. <strong>Utilizzo in viaggio: <\/strong>Il raschietto per la lingua in plastica \u00e8 piccolo e leggero, molto comodo da trasportare, adatto per viaggi di lavoro, viaggi e campeggio.<\/p>\n\n\n\n<p>4. <strong>Palestre e uffici: <\/strong>Pulisci l&#039;interno della bocca dopo l&#039;attivit\u00e0 fisica o durante le pause dal lavoro per mantenere l&#039;alito fresco e preservare la salute orale.<\/p>\n\n\n\n<h2 class=\"wp-block-heading\">Come usare il raschietto per la lingua in plastica<\/h2>\n\n\n\n<p>1. Prima dell&#039;uso, sciacquare il raschietto per la lingua in plastica con acqua tiepida per evitare che lo sporco possa compromettere l&#039;igiene orale.<\/p>\n\n\n\n<p>2. Apri la bocca e tira fuori la lingua il pi\u00f9 piatta possibile per esporre la superficie della lingua.<\/p>\n\n\n\n<p>3. Posizionare delicatamente il puliscilingua alla radice della lingua e raschiare lentamente e delicatamente verso la punta.<\/p>\n\n\n\n<p>4. Ripetere la raschiatura pi\u00f9 volte, a seconda delle condizioni della patina della lingua, e risciacquare il puliscilingua con acqua pulita dopo ogni raschiatura.<\/p>\n\n\n\n<p>5. Dopo l&#039;uso, lavare accuratamente il raschietto per la lingua con acqua pulita; per facilitare la pulizia, \u00e8 possibile utilizzare acqua saponata.<\/p>\n\n\n\n<p>6. <strong>Nota: <\/strong>Conservare in un luogo asciutto e ventilato per l&#039;uso quotidiano, per garantirne l&#039;igiene. Se si tratta di un prodotto monouso, si consiglia di gettarlo dopo l&#039;uso.<\/p>","protected":false},"excerpt":{"rendered":"Plastic tongue scraper features 1. Light material: plastic tongue scraper is generally made of food grade PP, PE or PTE material, which is very light, safe and non-toxic. 2. Low cost: Compared with metal tongue scrapers, plastic tongue scrapers are more affordable and cheaper, making them suitable for large-scale popularization. 3. Diverse appearance: plastic tongue [&hellip;]","protected":false},"featured_media":3254,"menu_order":0,"template":"","meta":[],"product-tag":[],"products":[169],"class_list":["post-3250","product","type-product","status-publish","has-post-thumbnail","hentry","products-tongue-scraper"],"acf":[],"_links":{"self":[{"href":"https:\/\/www.ruiqigo.com\/it\/wp-json\/wp\/v2\/product\/3250","targetHints":{"allow":["GET"]}}],"collection":[{"href":"https:\/\/www.ruiqigo.com\/it\/wp-json\/wp\/v2\/product"}],"about":[{"href":"https:\/\/www.ruiqigo.com\/it\/wp-json\/wp\/v2\/types\/product"}],"version-history":[{"count":0,"href":"https:\/\/www.ruiqigo.com\/it\/wp-json\/wp\/v2\/product\/3250\/revisions"}],"wp:featuredmedia":[{"embeddable":true,"href":"https:\/\/www.ruiqigo.com\/it\/wp-json\/wp\/v2\/media\/3254"}],"wp:attachment":[{"href":"https:\/\/www.ruiqigo.com\/it\/wp-json\/wp\/v2\/media?parent=3250"}],"wp:term":[{"taxonomy":"product-tag","embeddable":true,"href":"https:\/\/www.ruiqigo.com\/it\/wp-json\/wp\/v2\/product-tag?post=3250"},{"taxonomy":"products","embeddable":true,"href":"https:\/\/www.ruiqigo.com\/it\/wp-json\/wp\/v2\/products?post=3250"}],"curies":[{"name":"parola chiave","href":"https:\/\/api.w.org\/{rel}","templated":true}]}}