{"id":326,"date":"2024-07-05T20:16:31","date_gmt":"2024-07-05T12:16:31","guid":{"rendered":"https:\/\/ruiqigo.com\/?post_type=product&#038;p=326"},"modified":"2024-09-26T17:45:54","modified_gmt":"2024-09-26T09:45:54","slug":"bath-and-body-lotion","status":"publish","type":"product","link":"https:\/\/www.ruiqigo.com\/it\/product\/bath-and-body-lotion","title":{"rendered":"Lozione per il bagno e il corpo"},"content":{"rendered":"<h3 class=\"wp-block-heading\">Formule comuni per la produzione di lozioni per il corpo e per il bagno<\/h3>\n\n\n\n<p>Questa lozione \u00e8 realizzata con molti ingredienti naturali di alta qualit\u00e0: l&#039;ialuronato di sodio ha un eccellente effetto idratante e pu\u00f2 idratare e nutrire in profondit\u00e0 la pelle; l&#039;allantoina rafforza la barriera cutanea e migliora la secchezza; l&#039;acqua di Aloe Vera Cura\u00e7ao \u00e8 ricca di vitamine e minerali, che \u00e8 efficace nello sbiancare e ammorbidire la pelle. Questi ingredienti sono delicati e sicuri, senza additivi chimici, possono offrirti un&#039;esperienza di cura della pelle pura e senza additivi.<\/p>\n\n\n\n<h3 class=\"wp-block-heading\">Lozione per il bagno e il corpo Scenari applicabili<\/h3>\n\n\n\n<p>Le lozioni per il bagno e per il corpo sono adatte a tutti i climi. Nei mesi invernali secchi, idrata e nutre in profondit\u00e0 la pelle, alleviando la secchezza e la tensione causate dal freddo; nei mesi estivi caldi, la sua texture rinfrescante e setosa si assorbe rapidamente senza causare una sensazione appiccicosa, fornendo un&#039;idratazione duratura alla pelle. Oppure abbiamo di pi\u00f9 <a href=\"https:\/\/www.ruiqigo.com\/it\/products\/body-lotion\/\">lozione per il corpo<\/a> opzioni tra cui scegliere.<\/p>\n\n\n\n<h3 class=\"wp-block-heading\">Per chi \u00e8 adatto il bagnoschiuma e la lozione per il corpo?<\/h3>\n\n\n\n<p>Le lozioni per il bagno e per il corpo sono adatte a tutte le persone di tutte le et\u00e0. Migliorano la secchezza causata da un&#039;elevata secrezione di sebo e aiutano con l&#039;anti-invecchiamento e il rilassamento cutaneo legato all&#039;et\u00e0. Sono particolarmente adatte a chi ha una pelle intrinsecamente secca, offrendo un&#039;esperienza di cura della pelle idratante e rivitalizzante di lunga durata. Se hai altre esigenze, sentiti libero di saperne di pi\u00f9 su 3TOP <a href=\"https:\/\/www.ruiqigo.com\/it\/products\/body-care\/\">cura del corpo<\/a> prodotti.<\/p>\n\n\n\n<h3 class=\"wp-block-heading\">Processo di produzione di lozioni per il bagno e il corpo<\/h3>\n\n\n\n<p>Innanzitutto, controlliamo rigorosamente la fonte delle materie prime e i processi di produzione per garantire che il prodotto sia sicuro e innocuo; in secondo luogo, utilizziamo una tecnologia di emulsificazione unica, rendendo la consistenza dell&#039;emulsione pi\u00f9 liscia e delicata, un assorbimento regolare; inoltre, siamo estremamente attenti nella progettazione della confezione, nell&#039;uso del design ergonomico del corpo della bottiglia, facile da afferrare con una mano. Se vuoi saperne di pi\u00f9, dai un&#039;occhiata al relativo <a href=\"https:\/\/www.ruiqigo.com\/it\/body-lotion-manufacturer-elevating-skincare-standards.html\/\">lozione per il corpo<\/a> informazioni sulla produzione.<\/p>","protected":false},"excerpt":{"rendered":"Bath and body lotion manufacturing Common Formulas This lotion is made with many high quality natural ingredients: Sodium Hyaluronate has excellent moisturizing effect and can deeply hydrate and nourish the skin; Allantoin strengthens the skin barrier and improves dryness; Aloe Vera Cura\u00e7ao Water is rich in vitamins and minerals, which is effective in whitening and [&hellip;]","protected":false},"featured_media":327,"menu_order":0,"template":"","meta":[],"product-tag":[],"products":[56],"class_list":["post-326","product","type-product","status-publish","has-post-thumbnail","hentry","products-body-lotion"],"acf":[],"_links":{"self":[{"href":"https:\/\/www.ruiqigo.com\/it\/wp-json\/wp\/v2\/product\/326","targetHints":{"allow":["GET"]}}],"collection":[{"href":"https:\/\/www.ruiqigo.com\/it\/wp-json\/wp\/v2\/product"}],"about":[{"href":"https:\/\/www.ruiqigo.com\/it\/wp-json\/wp\/v2\/types\/product"}],"version-history":[{"count":0,"href":"https:\/\/www.ruiqigo.com\/it\/wp-json\/wp\/v2\/product\/326\/revisions"}],"wp:featuredmedia":[{"embeddable":true,"href":"https:\/\/www.ruiqigo.com\/it\/wp-json\/wp\/v2\/media\/327"}],"wp:attachment":[{"href":"https:\/\/www.ruiqigo.com\/it\/wp-json\/wp\/v2\/media?parent=326"}],"wp:term":[{"taxonomy":"product-tag","embeddable":true,"href":"https:\/\/www.ruiqigo.com\/it\/wp-json\/wp\/v2\/product-tag?post=326"},{"taxonomy":"products","embeddable":true,"href":"https:\/\/www.ruiqigo.com\/it\/wp-json\/wp\/v2\/products?post=326"}],"curies":[{"name":"parola chiave","href":"https:\/\/api.w.org\/{rel}","templated":true}]}}