{"id":3276,"date":"2025-04-29T15:41:35","date_gmt":"2025-04-29T07:41:35","guid":{"rendered":"https:\/\/www.ruiqigo.com\/?post_type=product&#038;p=3276"},"modified":"2025-04-29T15:41:35","modified_gmt":"2025-04-29T07:41:35","slug":"kids-electric-toothbrush","status":"publish","type":"product","link":"https:\/\/www.ruiqigo.com\/it\/product\/kids-electric-toothbrush","title":{"rendered":"Spazzolino elettrico per bambini"},"content":{"rendered":"<h2 class=\"wp-block-heading\">Caratteristiche dello spazzolino elettrico per bambini<\/h2>\n\n\n\n<p>1.<strong> Setole e testine: <\/strong>Il nostro spazzolino elettrico per bambini \u00e8 progettato appositamente per i pi\u00f9 piccoli, con una testina piccola, adatta ai pi\u00f9 piccoli. Le setole sono morbide e sottili, perfette per prendersi cura efficacemente delle gengive delicate dei bambini e prevenirne i danni.<\/p>\n\n\n\n<p>2. <strong>Ente ecocompatibile: <\/strong>Il corpo dello spazzolino elettrico per bambini \u00e8 realizzato con materiali di qualit\u00e0 alimentare ed ecocompatibili, ed \u00e8 piccolo e leggero, adatto alla mano dei bambini. L&#039;impugnatura \u00e8 ergonomica, comoda e antiscivolo.<\/p>\n\n\n\n<p>3. <strong>Forma carina:<\/strong> Lo spazzolino elettrico per bambini \u00e8 colorato e vario, spesso con motivi ispirati ai cartoni animati, il che pu\u00f2 stimolare nei bambini l&#039;interesse per lo spazzolamento dei denti e favorire lo sviluppo di buone abitudini di igiene orale.<\/p>\n\n\n\n<p>4. <strong>Design impermeabile:<\/strong> Il corpo \u00e8 realizzato in materiale di grado IPX7, sicuro per l&#039;uso in ambienti umidi.<\/p>\n\n\n\n<p>5. <strong>Facile da caricare: <\/strong>Lo spazzolino elettrico per bambini pu\u00f2 essere caricato in vari modi, ad esempio tramite USB, tramite batteria o tramite ricarica wireless, entrambi molto comodi da usare.<\/p>\n\n\n\n<h2 class=\"wp-block-heading\">Vantaggi dello spazzolino elettrico per bambini<\/h2>\n\n\n\n<p>1.<strong> Forte potere pulente: <\/strong>Il nostro spazzolino elettrico per bambini \u00e8 dotato di tecnologia di vibrazione sonica intelligente e tecnologia di pulizia rotazionale, in grado di pulire a fondo gli spazi tra i denti, rimuovere facilmente placca e residui e l&#039;effetto pulente \u00e8 molto accurato.<\/p>\n\n\n\n<p>2. <strong>Lunga durata della batteria:<\/strong> Lo spazzolino elettrico per bambini pu\u00f2 essere ricaricato tramite ricarica rapida USB o tramite induzione wireless. La ricarica richiede solo 2 ore e pu\u00f2 durare pi\u00f9 di 25 giorni. Non dovrai pi\u00f9 preoccuparti che lo spazzolino si scarichi quando sei fuori casa.<\/p>\n\n\n\n<p>3. <strong>Proteggere denti e gengive: <\/strong>L&#039;intensit\u00e0 di vibrazione del nostro spazzolino elettrico per bambini \u00e8 impostata da professionisti. L&#039;intensit\u00e0 di vibrazione \u00e8 moderata, delicata ed efficace, e non danneggia le gengive sensibili. \u00c8 ideale per la cura dentale precoce dei bambini. Allo stesso tempo, abbiamo impostato diverse modalit\u00e0 di funzionamento, come la modalit\u00e0 di pulizia, la modalit\u00e0 delicata, ecc., per soddisfare le esigenze dei bambini di diverse et\u00e0.<\/p>\n\n\n\n<p>4. <strong>La testina della spazzola \u00e8 sostituibile: <\/strong>La testina dello spazzolino elettrico per bambini pu\u00f2 essere sostituita. Quando la potenza pulente delle setole diminuisce, \u00e8 possibile sostituire la testina con una nuova, molto ecologica ed economica, comoda per un uso prolungato.<\/p>\n\n\n\n<p>5. <strong>Design interessante:<\/strong> Il corpo dello spazzolino elettrico per bambini \u00e8 spesso decorato con elementi dei cartoni animati, che possono stimolare l&#039;iniziativa e l&#039;interesse dei bambini nel lavarsi i denti, ridurre la resistenza e far sviluppare facilmente buone abitudini.<\/p>\n\n\n\n<p>6. <strong>Piccolo e leggero: <\/strong>Lo spazzolino elettrico per bambini \u00e8 piccolo e leggero e pu\u00f2 essere tenuto in una mano. I muscoli delle mani dei bambini non sono ancora completamente sviluppati, quindi questo spazzolino leggero \u00e8 adatto a bambini di et\u00e0 superiore ai 3 anni, che possono usarlo in modo autonomo.<\/p>\n\n\n\n<h2 class=\"wp-block-heading\">Gruppo target dello spazzolino elettrico per bambini<\/h2>\n\n\n\n<ul class=\"wp-block-list\">\n<li>Bambini dai 3 anni in su, in particolare quelli nel periodo della dentizione decidua e della dentizione sostitutiva, che hanno bisogno di rafforzare l&#039;igiene orale.<\/li>\n<\/ul>\n\n\n\n<ul class=\"wp-block-list\">\n<li>Bambini che hanno resistenza agli spazzolini tradizionali e non sono molto motivati a lavarsi i denti.<\/li>\n<\/ul>\n\n\n\n<ul class=\"wp-block-list\">\n<li>Bambini che indossano apparecchi ortodontici durante il trattamento ortodontico.<\/li>\n<\/ul>\n\n\n\n<ul class=\"wp-block-list\">\n<li>Famiglie attente alla salute orale dei bambini.<\/li>\n<\/ul>\n\n\n\n<h2 class=\"wp-block-heading\">Applicazioni dello spazzolino elettrico per bambini<\/h2>\n\n\n\n<ul class=\"wp-block-list\">\n<li>Igiene orale quotidiana dei bambini a casa.<\/li>\n<\/ul>\n\n\n\n<ul class=\"wp-block-list\">\n<li>Spazzolino portatile per bambini, ideale per i viaggi in famiglia.<\/li>\n<\/ul>\n\n\n\n<ul class=\"wp-block-list\">\n<li>Materiale didattico per l&#039;igiene orale per asili nido, scuole primarie e altri istituti.<\/li>\n<\/ul>\n\n\n\n<h2 class=\"wp-block-heading\">Tecnica di fabbricazione degli spazzolini elettrici per bambini<\/h2>\n\n\n\n<p>Il nostro spazzolino elettrico per bambini \u00e8 realizzato con materiali sicuri per uso alimentare, come plastica PP, gomma morbida TPE, ecc. Adotta uno stampaggio a iniezione completamente automatico e una tecnologia di assemblaggio intelligente per garantire una frequenza di vibrazione stabile e una bassa rumorosit\u00e0. \u00c8 rigorosamente impermeabile e utilizza la saldatura a ultrasuoni o una struttura ad anello di tenuta per garantire prestazioni di impermeabilit\u00e0 complessive. Prima di lasciare la fabbrica, eseguiamo numerosi controlli di qualit\u00e0, come test di resistenza alle cadute, test di impermeabilit\u00e0, ecc., per garantire che soddisfi gli standard di certificazione di sicurezza internazionali. Lo spazzolino elettrico per bambini supporta la personalizzazione OEM\/ODM e pu\u00f2 essere personalizzato per il motivo delle spazzole, il logo, la confezione, ecc. <\/p>\n\n\n\n<h2 class=\"wp-block-heading\">Come usare lo spazzolino elettrico per bambini<\/h2>\n\n\n\n<p>1. Prima del primo utilizzo, caricare completamente le batterie o installarne di nuove.<\/p>\n\n\n\n<p>2. Rimuovere la copertura protettiva dalla testina dello spazzolino e spremere una quantit\u00e0 adeguata di dentifricio per bambini sulle setole.<\/p>\n\n\n\n<p>3. Inserire la testina dello spazzolino in bocca, toccare la superficie dei denti e accendere lo spazzolino.<\/p>\n\n\n\n<p>4. Muovere delicatamente lo spazzolino, spazzolando in ordine i denti superiori, quelli inferiori e la superficie occlusale, spazzolando per circa 2 minuti ogni volta e spazzolando la sensazione in aree diverse.<\/p>\n\n\n\n<p>5. Dopo l&#039;uso, spegnere l&#039;apparecchio, sciacquare la testina con acqua pulita, quindi asciugare il corpo e riporlo in un luogo ventilato e asciutto.<\/p>\n\n\n\n<p>6. Raccomandazione: sostituire la testina dello spazzolino ogni tre mesi per garantire igiene ed efficacia pulente. <\/p>\n\n\n\n<h2 class=\"wp-block-heading\">Conclusione<\/h2>\n\n\n\n<p>Lo spazzolino elettrico per bambini 3TOP \u00e8 sicuro, intelligente e divertente. Non solo protegge la salute orale dei bambini, ma li aiuta anche a sviluppare buone abitudini di spazzolamento. Offriamo anche una variet\u00e0 di soluzioni personalizzate per soddisfare le diverse esigenze dei clienti. Per qualsiasi esigenza, non esitate a contattarci!<\/p>","protected":false},"excerpt":{"rendered":"Kids electric toothbrush features 1. Bristles and brush heads: Our kids electric toothbrush is specially designed for children, with a small brush head, suitable for children to use. The bristles are soft and fine, which can effectively care for children&#8217;s delicate gums and prevent damage. 2. Environmentally friendly body: The body of the kids electric [&hellip;]","protected":false},"featured_media":3277,"menu_order":0,"template":"","meta":[],"product-tag":[],"products":[167],"class_list":["post-3276","product","type-product","status-publish","has-post-thumbnail","hentry","products-toothbrush"],"acf":[],"_links":{"self":[{"href":"https:\/\/www.ruiqigo.com\/it\/wp-json\/wp\/v2\/product\/3276","targetHints":{"allow":["GET"]}}],"collection":[{"href":"https:\/\/www.ruiqigo.com\/it\/wp-json\/wp\/v2\/product"}],"about":[{"href":"https:\/\/www.ruiqigo.com\/it\/wp-json\/wp\/v2\/types\/product"}],"version-history":[{"count":0,"href":"https:\/\/www.ruiqigo.com\/it\/wp-json\/wp\/v2\/product\/3276\/revisions"}],"wp:featuredmedia":[{"embeddable":true,"href":"https:\/\/www.ruiqigo.com\/it\/wp-json\/wp\/v2\/media\/3277"}],"wp:attachment":[{"href":"https:\/\/www.ruiqigo.com\/it\/wp-json\/wp\/v2\/media?parent=3276"}],"wp:term":[{"taxonomy":"product-tag","embeddable":true,"href":"https:\/\/www.ruiqigo.com\/it\/wp-json\/wp\/v2\/product-tag?post=3276"},{"taxonomy":"products","embeddable":true,"href":"https:\/\/www.ruiqigo.com\/it\/wp-json\/wp\/v2\/products?post=3276"}],"curies":[{"name":"parola chiave","href":"https:\/\/api.w.org\/{rel}","templated":true}]}}