{"id":331,"date":"2024-07-05T20:22:01","date_gmt":"2024-07-05T12:22:01","guid":{"rendered":"https:\/\/ruiqigo.com\/?post_type=product&#038;p=331"},"modified":"2024-09-26T17:44:36","modified_gmt":"2024-09-26T09:44:36","slug":"retinol-body-lotion","status":"publish","type":"product","link":"https:\/\/www.ruiqigo.com\/it\/product\/retinol-body-lotion","title":{"rendered":"Lozione corpo al retinolo"},"content":{"rendered":"<h3 class=\"wp-block-heading\">Produzione di lozione per il corpo al retinolo Formule comuni<\/h3>\n\n\n\n<p>L&#039;ingrediente principale della nostra lozione corpo al retinolo \u00e8 il retinolo, una vitamina liposolubile con eccellenti propriet\u00e0 antiossidanti e ricostituenti, che pu\u00f2 migliorare efficacemente la pelle secca e ruvida. Allo stesso tempo, promuove anche la sintesi del collagene, migliorando cos\u00ec la consistenza della pelle e lasciandoti una pelle pi\u00f9 delicata ed elastica. Inoltre, il prodotto aggiunge anche vitamina E, glicerina e altri ingredienti nutrienti naturali, possono nutrire in profondit\u00e0 la pelle, ripristinare l&#039;idratazione della consistenza della pelle morbida e liscia.<\/p>\n\n\n\n<h3 class=\"wp-block-heading\">Lozione corpo al retinolo Scenari applicabili<\/h3>\n\n\n\n<p>Le nostre lozioni corpo al retinolo sono adatte a tutte le condizioni climatiche. Nei mesi invernali freddi e secchi, si concentrano sul ripristino dell&#039;idratazione e dei nutrienti della pelle, alleviando la ruvidit\u00e0 e l&#039;opacit\u00e0 causate dall&#039;ambiente secco; nei mesi estivi caldi e sudati, si assorbono rapidamente senza causare una sensazione appiccicosa, mantenendo la pelle idratata e idratata. Oppure abbiamo di pi\u00f9 <a href=\"https:\/\/www.ruiqigo.com\/it\/products\/body-lotion\/\">lozione per il corpo<\/a> opzioni tra cui scegliere.<\/p>\n\n\n\n<h3 class=\"wp-block-heading\">Per chi \u00e8 adatta la lozione corpo al retinolo?<\/h3>\n\n\n\n<p>Le nostre lozioni corpo al retinolo sono adatte a tutti. Per gli adolescenti, migliora la secchezza causata dalla produzione di sebo. Per le persone di mezza et\u00e0 e gli anziani, pu\u00f2 riparare la ruvidit\u00e0 e la secchezza della pelle causate dal passare del tempo. \u00c8 anche adatta a chi ha la pelle secca, offrendo un&#039;esperienza idratante e ringiovanente di lunga durata. Se hai altre esigenze, sentiti libero di saperne di pi\u00f9 su 3TOP <a href=\"https:\/\/www.ruiqigo.com\/it\/products\/body-care\/\">cura del corpo<\/a> prodotti.<\/p>\n\n\n\n<h3 class=\"wp-block-heading\">Processo di produzione della lozione per il corpo al retinolo<\/h3>\n\n\n\n<p>Ci\u00f2 che rende le lozioni per il corpo al retinolo cos\u00ec speciali \u00e8 la selezione di ingredienti attivi e il processo delicato. Il retinolo di alta qualit\u00e0, un derivato della vitamina A noto per le sue propriet\u00e0 anti-invecchiamento, viene utilizzato per aiutare a ridurre le linee sottili e migliorare l&#039;elasticit\u00e0 della pelle. Durante il processo di produzione, viene prestata particolare attenzione al mantenimento della stabilit\u00e0 e dell&#039;attivit\u00e0 del retinolo, con formulazioni delicate e tecniche di estrazione a bassa temperatura per evitare la degradazione dell&#039;ingrediente. Inoltre, il prodotto viene sottoposto a rigorosi controlli di qualit\u00e0 per garantire che ogni applicazione fornisca un nutrimento e una riparazione delicati ma efficaci alla pelle. Se vuoi saperne di pi\u00f9, consulta i relativi <a href=\"https:\/\/www.ruiqigo.com\/it\/body-lotion-manufacturer-elevating-skincare-standards.html\/\">lozione per il corpo<\/a> informazioni sulla produzione.<\/p>","protected":false},"excerpt":{"rendered":"Retinol body lotion manufacturing Common Formulas The core ingredient of our retinol body lotion is retinol, a fat-soluble vitamin with excellent antioxidant and restorative properties, which can effectively improve dry and rough skin. At the same time, it also promotes collagen synthesis, thus improving skin texture and leaving you with a more delicate and supple [&hellip;]","protected":false},"featured_media":332,"menu_order":0,"template":"","meta":[],"product-tag":[],"products":[56],"class_list":["post-331","product","type-product","status-publish","has-post-thumbnail","hentry","products-body-lotion"],"acf":[],"_links":{"self":[{"href":"https:\/\/www.ruiqigo.com\/it\/wp-json\/wp\/v2\/product\/331","targetHints":{"allow":["GET"]}}],"collection":[{"href":"https:\/\/www.ruiqigo.com\/it\/wp-json\/wp\/v2\/product"}],"about":[{"href":"https:\/\/www.ruiqigo.com\/it\/wp-json\/wp\/v2\/types\/product"}],"version-history":[{"count":0,"href":"https:\/\/www.ruiqigo.com\/it\/wp-json\/wp\/v2\/product\/331\/revisions"}],"wp:featuredmedia":[{"embeddable":true,"href":"https:\/\/www.ruiqigo.com\/it\/wp-json\/wp\/v2\/media\/332"}],"wp:attachment":[{"href":"https:\/\/www.ruiqigo.com\/it\/wp-json\/wp\/v2\/media?parent=331"}],"wp:term":[{"taxonomy":"product-tag","embeddable":true,"href":"https:\/\/www.ruiqigo.com\/it\/wp-json\/wp\/v2\/product-tag?post=331"},{"taxonomy":"products","embeddable":true,"href":"https:\/\/www.ruiqigo.com\/it\/wp-json\/wp\/v2\/products?post=331"}],"curies":[{"name":"parola chiave","href":"https:\/\/api.w.org\/{rel}","templated":true}]}}