{"id":3311,"date":"2025-05-08T10:24:36","date_gmt":"2025-05-08T02:24:36","guid":{"rendered":"https:\/\/www.ruiqigo.com\/?post_type=product&#038;p=3311"},"modified":"2025-05-08T10:24:36","modified_gmt":"2025-05-08T02:24:36","slug":"adult-toothbrush","status":"publish","type":"product","link":"https:\/\/www.ruiqigo.com\/it\/product\/adult-toothbrush","title":{"rendered":"Spazzolino da denti per adulti"},"content":{"rendered":"<h2 class=\"wp-block-heading\">Caratteristiche dello spazzolino da denti per adulti<\/h2>\n\n\n\n<p>Lo spazzolino per adulti \u00e8 dotato di molti design pratici, come un manico ergonomico, una testina di dimensioni ragionevoli, setole morbide e medie, ecc. Pu\u00f2 soddisfare le esigenze di pulizia profonda e comfort degli adulti nella pulizia orale ed \u00e8 adatto a diverse persone e situazioni di pulizia.<\/p>\n\n\n\n<p>1. <strong>Maniglia ergonomica: <\/strong>comodo da impugnare, design antiscivolo, funzionamento flessibile, facile da pulire la cavit\u00e0 orale, ergonomico e buona esperienza d&#039;uso.<\/p>\n\n\n\n<p>2. <strong>Design diversificato delle setole: <\/strong>Lo spazzolino per adulti offre una variet\u00e0 di opzioni di setole, tra cui setole morbide, medie e dure, che possono soddisfare le esigenze di pulizia personalizzate di ogni utente.<\/p>\n\n\n\n<p>3. <strong>Materiali ecocompatibili e sicuri: <\/strong>Il nostro spazzolino da denti per adulti \u00e8 realizzato con materiali ecocompatibili e sicuri. Le setole sono solitamente realizzate in PBT, nylon e altri materiali. Il manico \u00e8 realizzato in materiali compositi di PP, bamb\u00f9 o amido di mais, nel rispetto del concetto di tutela ambientale.<\/p>\n\n\n\n<p>4. <strong>Sono disponibili diversi stili: <\/strong>Forniamo spazzolini da denti comuni, spazzolini da denti con manico in bamb\u00f9 ecologici, spazzolini da denti biodegradabili, confezioni portatili da viaggio e altri modelli per soddisfare le diverse esigenze di utilizzo dei diversi utenti.<\/p>\n\n\n\n<p>5. <strong>La dimensione della testina \u00e8 adatta: <\/strong>La dimensione della testina del nostro spazzolino per adulti si adatta alla struttura orale degli adulti, pulendo facilmente i denti posteriori e gli spazi tra i denti, garantendo un&#039;efficace pulizia orale, igiene e salute.<\/p>\n\n\n\n<h2 class=\"wp-block-heading\">Vantaggi dello spazzolino da denti per adulti<\/h2>\n\n\n\n<p>Il nostro spazzolino da denti per adulti offre i vantaggi di proteggere le gengive, avere un forte potere pulente e materiali ecocompatibili. \u00c8 adatto per un uso prolungato e per l&#039;acquisto domestico, ed \u00e8 inoltre conforme al concetto di tutela ambientale e in grado di soddisfare le esigenze di chi lo utilizza per uno stile di vita ecosostenibile.<\/p>\n\n\n\n<p>1. <strong>Pulizia orale efficace: <\/strong>Il nostro spazzolino per adulti pu\u00f2 pulire a fondo la placca dentale e i residui di cibo, ridurre efficacemente la placca dentale e i problemi di alito cattivo e garantire l&#039;igiene orale.<\/p>\n\n\n\n<p>2. <strong>Setole morbide e dense: <\/strong>Le setole dello spazzolino per adulti sono molto morbide e dense, il che riduce efficacemente la stimolazione gengivale e non le danneggia facilmente. \u00c8 adatto a persone con gengive sensibili.<\/p>\n\n\n\n<p>3. <strong>Economico e pratico:<\/strong> Lo spazzolino da denti per adulti \u00e8 economico e di alta qualit\u00e0, ha un ottimo rapporto qualit\u00e0-prezzo ed \u00e8 molto adatto all&#039;uso a lungo termine e all&#039;acquisto da parte della famiglia.<\/p>\n\n\n\n<p>4. <strong>Mantenere la salute orale:<\/strong> L&#039;uso prolungato di uno spazzolino da denti per adulti pu\u00f2 ridurre l&#039;insorgenza di comuni problemi orali, come carie e gengivite, e preservare la salute orale.<\/p>\n\n\n\n<h2 class=\"wp-block-heading\">Gruppo target degli spazzolini da denti per adulti<\/h2>\n\n\n\n<p>Il nostro spazzolino da denti per adulti \u00e8 adatto a un&#039;ampia fascia d&#039;et\u00e0.<\/p>\n\n\n\n<p>1. <strong>Igiene orale quotidiana generale per adulti: <\/strong>\u00c8 possibile utilizzare lo spazzolino per adulti per la pulizia e la cura quotidiana del cavo orale.<\/p>\n\n\n\n<p>2. <strong>Persone con denti sensibili:<\/strong> Il nostro spazzolino per adulti a setole morbide pu\u00f2 ridurre efficacemente il fastidio alle gengive durante lo spazzolamento e garantire un&#039;efficace pulizia orale alle persone con denti sensibili.<\/p>\n\n\n\n<p>3. <strong>Viaggio all&#039;aperto o viaggio d&#039;affari: <\/strong>Il nostro spazzolino da denti per adulti \u00e8 disponibile in una confezione da viaggio, molto pratica e portatile, che pu\u00f2 essere portata con s\u00e9 in viaggio o durante un viaggio di lavoro, senza occupare molto spazio.<\/p>\n\n\n\n<h2 class=\"wp-block-heading\">Processo di produzione di spazzolini da denti per adulti<\/h2>\n\n\n\n<p>Il nostro spazzolino da denti per adulti adotta principalmente processi moderni come lo stampaggio a iniezione automatico, la tecnologia di impianto dei peli, la solidificazione dei peli con hot melt, ecc., per garantire che la forma del manico sia precisa e standard e che le setole siano impiantate in modo uniforme e corretto nei fori. Al termine della produzione, puliamo uniformemente i prodotti per garantire l&#039;igiene dello spazzolino da denti per adulti.<\/p>\n\n\n\n<p>Se hai bisogno di personalizzazione, puoi scegliere tra logo, densit\u00e0 e durezza delle setole, colore e confezione, tutti elementi che possono rappresentare una soluzione personalizzata. <\/p>\n\n\n\n<h2 class=\"wp-block-heading\">Applicazioni dello spazzolino da denti per adulti<\/h2>\n\n\n\n<p>Lo spazzolino da denti per adulti \u00e8 adatto ai seguenti scenari applicativi e presenta un&#039;ampia gamma di adattabilit\u00e0 al mercato.<\/p>\n\n\n\n<p>1. <strong>Igiene orale quotidiana a casa: <\/strong>Per mantenere una buona igiene orale, utilizzare ogni mattina e sera uno spazzolino da denti per adulti.<\/p>\n\n\n\n<p>2. <strong>Uso in viaggio e per lavoro: <\/strong>Disponiamo di un set di spazzolini da denti portatili per adulti, indispensabile per i viaggi.<\/p>\n\n\n\n<p>3. <strong>Hotel, compagnie aeree e altre strutture di supporto: <\/strong>Gli spazzolini usa e getta per adulti sono ampiamente utilizzati in contesti di soggiorno e viaggio come hotel e compagnie aeree per soddisfare le esigenze di igiene orale degli utenti.<\/p>\n\n\n\n<p>4. <strong>Pubblicit\u00e0, promozione e regali: <\/strong>In quanto articolo pratico per l&#039;igiene orale, lo spazzolino da denti per adulti \u00e8 un&#039;ottima scelta come regalo o come promozione.<\/p>\n\n\n\n<h2 class=\"wp-block-heading\">Come usare lo spazzolino da denti per adulti<\/h2>\n\n\n\n<p>1. Bagnare lo spazzolino con acqua e versarvi sopra una quantit\u00e0 di dentifricio pari a un fagiolo di soia.<\/p>\n\n\n\n<p>2. Spazzolare delicatamente con un angolo di 45\u00b0, vicino al bordo gengivale.<\/p>\n\n\n\n<p>3. Spazzolare la parte interna, esterna e occlusale dei denti in ordine, per almeno due minuti ogni volta.<\/p>\n\n\n\n<p>4. Dopo aver lavato i denti, sciacquare lo spazzolino e lasciarlo asciugare in un luogo ventilato, con la testina rivolta verso l&#039;alto.<\/p>\n\n\n\n<p>Si consiglia di lavarsi i denti due volte al giorno per almeno due minuti ogni volta e di sostituire lo spazzolino ogni tre mesi per garantirne l&#039;efficacia pulente. <\/p>","protected":false},"excerpt":{"rendered":"Adult toothbrush features The adult toothbrush has many practical designs, such as an ergonomic handle, a reasonable brush head size, soft and medium bristles, etc. It can meet the deep cleaning and comfort needs of adults in oral cleaning and is suitable for different people and cleaning scenarios. 1. Ergonomic handle: comfortable to hold, non-slip [&hellip;]","protected":false},"featured_media":3312,"menu_order":0,"template":"","meta":[],"product-tag":[],"products":[167],"class_list":["post-3311","product","type-product","status-publish","has-post-thumbnail","hentry","products-toothbrush"],"acf":[],"_links":{"self":[{"href":"https:\/\/www.ruiqigo.com\/it\/wp-json\/wp\/v2\/product\/3311","targetHints":{"allow":["GET"]}}],"collection":[{"href":"https:\/\/www.ruiqigo.com\/it\/wp-json\/wp\/v2\/product"}],"about":[{"href":"https:\/\/www.ruiqigo.com\/it\/wp-json\/wp\/v2\/types\/product"}],"version-history":[{"count":0,"href":"https:\/\/www.ruiqigo.com\/it\/wp-json\/wp\/v2\/product\/3311\/revisions"}],"wp:featuredmedia":[{"embeddable":true,"href":"https:\/\/www.ruiqigo.com\/it\/wp-json\/wp\/v2\/media\/3312"}],"wp:attachment":[{"href":"https:\/\/www.ruiqigo.com\/it\/wp-json\/wp\/v2\/media?parent=3311"}],"wp:term":[{"taxonomy":"product-tag","embeddable":true,"href":"https:\/\/www.ruiqigo.com\/it\/wp-json\/wp\/v2\/product-tag?post=3311"},{"taxonomy":"products","embeddable":true,"href":"https:\/\/www.ruiqigo.com\/it\/wp-json\/wp\/v2\/products?post=3311"}],"curies":[{"name":"parola chiave","href":"https:\/\/api.w.org\/{rel}","templated":true}]}}