{"id":3317,"date":"2025-05-08T10:27:55","date_gmt":"2025-05-08T02:27:55","guid":{"rendered":"https:\/\/www.ruiqigo.com\/?post_type=product&#038;p=3317"},"modified":"2025-05-08T10:27:56","modified_gmt":"2025-05-08T02:27:56","slug":"kids-toothbrush","status":"publish","type":"product","link":"https:\/\/www.ruiqigo.com\/it\/product\/kids-toothbrush","title":{"rendered":"Spazzolino da denti per bambini"},"content":{"rendered":"<h2 class=\"wp-block-heading\">Caratteristiche dello spazzolino da denti per bambini<\/h2>\n\n\n\n<p>Il design degli spazzolini per bambini tiene conto della struttura orale e delle abitudini d&#039;uso dei pi\u00f9 piccoli. Di solito hanno una testina piccola, setole morbide, un manico antiscivolo e un aspetto cartoon, pratico e accattivante.<\/p>\n\n\n\n<p>1. <strong>Testina piccola: <\/strong>La testina dello spazzolino per bambini \u00e8 progettata specificamente per la struttura orale dei bambini. Le dimensioni ridotte della testina consentono una pulizia profonda di ogni dente da latte.<\/p>\n\n\n\n<p>2. <strong>Setole morbide: <\/strong>Per proteggere efficacemente le gengive delicate dei bambini e prevenirne sanguinamenti e usura, il nostro spazzolino per bambini \u00e8 dotato di setole super morbide.<\/p>\n\n\n\n<p>3. <strong>Maniglia antiscivolo: <\/strong>L&#039;impugnatura \u00e8 progettata secondo criteri ergonomici, si adatta perfettamente alle mani dei bambini, \u00e8 comoda da impugnare e non scivola facilmente.<\/p>\n\n\n\n<p>4. <strong>Aspetto nei cartoni animati: <\/strong>L&#039;aspetto degli spazzolini da denti per bambini \u00e8 caratterizzato da un design da cartone animato, per lo pi\u00f9 con motivi di animali e cartoni animati, che aumenta il divertimento, accresce l&#039;entusiasmo dei bambini per lo spazzolamento dei denti, li spinge a prendere l&#039;iniziativa di lavarsi i denti e sviluppa buone abitudini.<\/p>\n\n\n\n<p>5. <strong>Abbinamento di colori vivaci: <\/strong>Gli spazzolini da denti per bambini solitamente hanno colori ricchi e vivaci, che attirano l&#039;attenzione dei bambini, stimolano l&#039;iniziativa di lavarsi i denti e li aiutano ad acquisire buone abitudini igieniche.<\/p>\n\n\n\n<h2 class=\"wp-block-heading\">Vantaggi dello spazzolino da denti per bambini<\/h2>\n\n\n\n<p>Rispetto agli spazzolini tradizionali, l&#039;uso di uno spazzolino per bambini offre vantaggi significativi per l&#039;igiene orale dei pi\u00f9 piccoli. Non solo \u00e8 realizzato con materiali pi\u00f9 sicuri e ha setole pi\u00f9 morbide, ma le dimensioni e la forma appositamente studiate per i bambini aiutano anche a sviluppare buone abitudini di igiene orale.<\/p>\n\n\n\n<p>1. <strong>Sicurezza dei materiali: <\/strong>Lo spazzolino per bambini \u00e8 realizzato in PP, TPE o silicone di qualit\u00e0 alimentare, materiale ecologico, sicuro, atossico e inodore, che soddisfa gli standard di sicurezza per i prodotti per bambini.<\/p>\n\n\n\n<p>2. <strong>Proteggere i denti decidui: <\/strong>Lo spazzolino per bambini \u00e8 stato progettato appositamente per loro, sebbene abbia setole morbide, ma riesce a rimuovere efficacemente la placca dentale, prevenire la carie e i problemi gengivali nei bambini e aiutarli a sviluppare una sana igiene orale.<\/p>\n\n\n\n<p>3. <strong>Educativo e divertente: <\/strong>Il divertente design a fumetti e l&#039;abbinamento dei colori vivaci possono accrescere l&#039;entusiasmo dei bambini per la spazzolatura quotidiana dei denti e aiutarli a sviluppare buone abitudini di igiene orale.<\/p>\n\n\n\n<p>4.<strong> Ampia fascia d&#039;et\u00e0:<\/strong> Il nostro spazzolino per bambini \u00e8 adatto a un&#039;ampia fascia d&#039;et\u00e0, da 1 a 12 anni.<\/p>\n\n\n\n<h2 class=\"wp-block-heading\">Gruppo target dello spazzolino da denti per bambini<\/h2>\n\n\n\n<p>Lo spazzolino per bambini \u00e8 adatto principalmente a neonati e bambini piccoli da 1 a 12 anni. Per i bambini da 1 a 3 anni a cui sono appena spuntati i denti, \u00e8 possibile utilizzare uno spazzolino per bambini per massaggiare delicatamente le gengive e aiutarli ad adattarsi allo spazzolamento. Per i bambini in et\u00e0 prescolare dai 3 ai 6 anni, nel periodo della dentizione decidua, \u00e8 possibile utilizzare setole morbide e testine piccole per una pulizia orale delicata e semplice. Per i bambini di et\u00e0 superiore ai 6 anni, nel periodo della sostituzione dei denti, lo spazzolino per bambini pu\u00f2 mantenere efficacemente l&#039;igiene e la salute orale.<\/p>\n\n\n\n<p>Inoltre, negli asili nido, nelle strutture sanitarie pediatriche e in altri contesti, lo spazzolino da denti per bambini \u00e8 uno strumento indispensabile per l&#039;educazione e la cura della salute orale.<\/p>\n\n\n\n<h2 class=\"wp-block-heading\">Processo di produzione degli spazzolini da denti per bambini<\/h2>\n\n\n\n<p>Kids Toothbrush controlla rigorosamente la qualit\u00e0 di ogni passaggio del processo di produzione, dallo stampaggio a iniezione all&#039;impianto delle setole, fino alla lucidatura finale e alla stampa estetica, utilizzando attrezzature di processo ad alta precisione e materie prime ecocompatibili per garantire la sicurezza e la durata del prodotto.&nbsp;<\/p>\n\n\n\n<p>Ogni spazzolino per bambini verr\u00e0 sottoposto a rigorosi controlli prima di lasciare la fabbrica, tra cui test di resistenza delle setole, test di rilevamento di corpi estranei e di sicurezza dei materiali, ecc., per garantire che il prodotto soddisfi gli standard di sicurezza internazionali per i prodotti per bambini.<\/p>\n\n\n\n<h2 class=\"wp-block-heading\">Applicazioni dello spazzolino da denti per bambini<\/h2>\n\n\n\n<p>Lo spazzolino per bambini ha un&#039;ampia gamma di applicazioni. Pu\u00f2 essere utilizzato come prodotto per l&#039;igiene orale quotidiana dei bambini a casa ed \u00e8 adatto anche per l&#039;educazione alla salute orale in contesti dedicati ai bambini, come gli asili.<\/p>\n\n\n\n<p>Nell&#039;uso quotidiano a casa, usa un dentifricio per bambini per lavarti accuratamente i denti ogni mattina e sera, per mantenere la salute orale. Inoltre, lo spazzolino per bambini \u00e8 leggero e facile da riporre, ed \u00e8 adatto anche per i bambini che lo portano con s\u00e9 in viaggio. In luoghi come gli asili, pu\u00f2 essere utilizzato come strumento dimostrativo per l&#039;educazione all&#039;igiene orale, aiutando i bambini a imparare meglio a lavarsi i denti.<\/p>\n\n\n\n<h2 class=\"wp-block-heading\">Come usare lo spazzolino da denti per bambini<\/h2>\n\n\n\n<p>Prima di lavarti i denti, scegli uno spazzolino adatto all&#039;et\u00e0 del tuo bambino. Immergi lo spazzolino per bambini in acqua, spremi una quantit\u00e0 di dentifricio per bambini pari a un pisello e applicala sullo spazzolino. Inizia dall&#039;esterno dei denti e spazzola la parte esterna, quella interna e quella occlusale, in ordine. Dopo aver lavato i denti, risciacqua lo spazzolino con acqua pulita e riponilo in un luogo ventilato.<\/p>\n\n\n\n<p>Si consiglia di lavarsi i denti una volta al mattino e una alla sera ogni giorno, utilizzando un dentifricio per bambini, spazzolando per almeno 2 minuti ogni volta per una pulizia completa dei denti. Risciacquare lo spazzolino per bambini dopo averlo lavato e sostituirlo ogni 2-3 mesi.<\/p>","protected":false},"excerpt":{"rendered":"Kids toothbrush features The design of kids toothbrushes fully considers the oral structure and usage habits of children. It usually has a small brush head, soft bristles, a non-slip handle and a cartoon appearance, which is both practical and interesting. 1. Small brush head: The brush head of kids toothbrush is specially designed for children&#8217;s [&hellip;]","protected":false},"featured_media":3318,"menu_order":0,"template":"","meta":[],"product-tag":[],"products":[167],"class_list":["post-3317","product","type-product","status-publish","has-post-thumbnail","hentry","products-toothbrush"],"acf":[],"_links":{"self":[{"href":"https:\/\/www.ruiqigo.com\/it\/wp-json\/wp\/v2\/product\/3317","targetHints":{"allow":["GET"]}}],"collection":[{"href":"https:\/\/www.ruiqigo.com\/it\/wp-json\/wp\/v2\/product"}],"about":[{"href":"https:\/\/www.ruiqigo.com\/it\/wp-json\/wp\/v2\/types\/product"}],"version-history":[{"count":0,"href":"https:\/\/www.ruiqigo.com\/it\/wp-json\/wp\/v2\/product\/3317\/revisions"}],"wp:featuredmedia":[{"embeddable":true,"href":"https:\/\/www.ruiqigo.com\/it\/wp-json\/wp\/v2\/media\/3318"}],"wp:attachment":[{"href":"https:\/\/www.ruiqigo.com\/it\/wp-json\/wp\/v2\/media?parent=3317"}],"wp:term":[{"taxonomy":"product-tag","embeddable":true,"href":"https:\/\/www.ruiqigo.com\/it\/wp-json\/wp\/v2\/product-tag?post=3317"},{"taxonomy":"products","embeddable":true,"href":"https:\/\/www.ruiqigo.com\/it\/wp-json\/wp\/v2\/products?post=3317"}],"curies":[{"name":"parola chiave","href":"https:\/\/api.w.org\/{rel}","templated":true}]}}