{"id":3330,"date":"2025-05-08T10:20:55","date_gmt":"2025-05-08T02:20:55","guid":{"rendered":"https:\/\/www.ruiqigo.com\/?post_type=product&#038;p=3330"},"modified":"2025-05-08T10:20:56","modified_gmt":"2025-05-08T02:20:56","slug":"adult-electric-toothbrush","status":"publish","type":"product","link":"https:\/\/www.ruiqigo.com\/it\/product\/adult-electric-toothbrush","title":{"rendered":"Spazzolino elettrico per adulti"},"content":{"rendered":"<h2 class=\"wp-block-heading\">Caratteristiche dello spazzolino elettrico per adulti<\/h2>\n\n\n\n<p>Lo spazzolino elettrico per adulti offre numerose funzioni pratiche, come la vibrazione ad alta frequenza, diverse modalit\u00e0 di pulizia e un design impermeabile. Migliora il comfort d&#039;uso senza compromettere la potenza pulente e soddisfa le esigenze orali di diversi utenti.<\/p>\n\n\n\n<p>1. <strong>Vibrazione ad alta frequenza<\/strong>:Lo spazzolino elettrico per adulti utilizza una frequenza di vibrazione che pu\u00f2 arrivare fino a 30.000-40.000 volte al minuto e sfrutta onde sonore o la tecnologia delle vibrazioni rotazionali per pulire efficacemente la placca dentale.<\/p>\n\n\n\n<p>2. <strong>Molteplici modalit\u00e0 di pulizia: <\/strong>Il nostro spazzolino elettrico per adulti solitamente \u00e8 dotato di diverse modalit\u00e0 di pulizia dei denti, tra cui pulizia, denti sensibili, sbiancamento, massaggio, ecc., che possono essere commutate in modo flessibile in base alle esigenze orali del momento dell&#039;utente.<\/p>\n\n\n\n<p>3. <strong>Design impermeabile:<\/strong> Gli spazzolini elettrici solitamente hanno un design impermeabile IPX7 e possono essere lavati completamente.<\/p>\n\n\n\n<p>4. <strong>Lunga durata della batteria: <\/strong>Gli spazzolini elettrici per adulti sono dotati di un sistema di ricarica USB e possono essere utilizzati per 7-30 giorni con una singola carica, il che \u00e8 molto comodo quando si viaggia.<\/p>\n\n\n\n<p>5. <strong>Testina sostituibile: <\/strong>Dotato di una testina staccabile, pu\u00f2 essere sostituito molto rapidamente quando la testina \u00e8 vecchia o si verifica un incidente, risparmiando tempo e denaro.<\/p>\n\n\n\n<h2 class=\"wp-block-heading\">Vantaggi dello spazzolino elettrico per adulti<\/h2>\n\n\n\n<p>Rispetto agli spazzolini tradizionali per adulti, gli spazzolini elettrici per adulti presentano notevoli vantaggi in termini di efficacia di pulizia ed esperienza d&#039;uso, e sono particolarmente adatti a chi presta attenzione alla salute orale.<\/p>\n\n\n\n<p>1. <strong>Maggiore efficienza di pulizia: <\/strong>Rispetto agli spazzolini manuali tradizionali, gli spazzolini elettrici per adulti riescono a penetrare in profondit\u00e0 negli spazi tra i denti e lungo i bordi gengivali, rimuovendo efficacemente la placca dentale e migliorando l&#039;efficacia della pulizia.<\/p>\n\n\n\n<p>2. <strong>Proteggere le gengive: <\/strong>Uno spazzolino elettrico per adulti pu\u00f2 ridurre i danni alle gengive che possono verificarsi durante lo spazzolamento grazie alla precisa frequenza di vibrazione e alle setole morbide.<\/p>\n\n\n\n<p>3. <strong>Ridurre il punto cieco durante lo spazzolamento: <\/strong>La frequenza di vibrazione intelligente aiuta la testina dello spazzolino a coprire completamente ogni dente durante la spazzolatura, evitando una pulizia localizzata inadeguata.<\/p>\n\n\n\n<p>4. <strong>Esperienza utente eccellente: <\/strong>Il design dello spazzolino elettrico per adulti \u00e8 molto moderno e la ricarica a induzione, la commutazione della modalit\u00e0 e altri accorgimenti possono migliorare in modo efficace l&#039;esperienza dell&#039;utente.<\/p>\n\n\n\n<p>5. <strong>Adatto a persone con problemi orali: <\/strong>Per le persone con problemi orali, come sensibilit\u00e0 gengivale e problemi ortodontici, l&#039;uso di uno spazzolino elettrico per adulti pu\u00f2 garantire un&#039;esperienza di pulizia migliore.<\/p>\n\n\n\n<h2 class=\"wp-block-heading\">Gruppo target dello spazzolino elettrico per adulti<\/h2>\n\n\n\n<p>Uno spazzolino elettrico per adulti \u00e8 adatto principalmente agli adulti di et\u00e0 superiore ai 18 anni, in particolare a chi ha denti sensibili e porta apparecchi ortodontici. Allo stesso tempo, \u00e8 adatto anche a chi soffre di problemi orali come alito cattivo, macchie sui denti e placca, a chi porta apparecchi ortodontici da molto tempo o ha appena completato un trattamento ortodontico e a chi necessita di una pulizia orale efficace.<\/p>\n\n\n\n<h2 class=\"wp-block-heading\">Processo di produzione dello spazzolino elettrico per adulti<\/h2>\n\n\n\n<p>Il nostro spazzolino elettrico per adulti \u00e8 prodotto principalmente attraverso molteplici processi, come stampaggio a iniezione, assemblaggio di precisione, sigillatura impermeabile, ecc. Il corpo dello spazzolino \u00e8 realizzato tramite stampaggio a iniezione ad alta precisione in ABS o plastica alimentare, mentre le setole sono fissate tramite fusione a caldo o processo di impianto di metallo e il rivestimento esterno \u00e8 sigillato e reso impermeabile tramite saldatura a ultrasuoni o sigillatura a spirale.<\/p>\n\n\n\n<p>Una volta completata la produzione, effettueremo continui test di vibrazione, test di impermeabilit\u00e0, ecc. su ogni spazzolino elettrico per garantire la durata e la sicurezza del prodotto.<\/p>\n\n\n\n<h2 class=\"wp-block-heading\">Applicazioni dello spazzolino elettrico per adulti<\/h2>\n\n\n\n<p>Lo spazzolino elettrico per adulti \u00e8 pratico e bello allo stesso tempo e pu\u00f2 essere utilizzato in un&#039;ampia gamma di situazioni.<\/p>\n\n\n\n<p>1. <strong>Igiene orale quotidiana a casa: <\/strong>Lo spazzolino elettrico per adulti pu\u00f2 sostituire lo spazzolino manuale come strumento principale per la pulizia dei denti, garantendo l&#039;igiene orale.<\/p>\n\n\n\n<p>2. <strong>Indispensabile per i viaggi di lavoro: <\/strong>Lo spazzolino elettrico per adulti \u00e8 facile da trasportare e ha una batteria dalla durata eccellente, il che lo rende adatto a viaggiatori e uomini d&#039;affari in viaggio d&#039;affari.<\/p>\n\n\n\n<p>3. <strong>Assistenza ai pazienti ortodontici: <\/strong>Il nostro spazzolino elettrico per adulti pu\u00f2 aiutare i pazienti ortodontici a pulire gli angoli morti degli attacchi, prevenire l&#039;accumulo di placca dentale e mantenere l&#039;igiene e la salute orale.<\/p>\n\n\n\n<p>4. <strong>Fare regali: <\/strong>Lo spazzolino elettrico per adulti \u00e8 un ottimo prodotto da regalo, adatto come regalo per le feste, come personalizzazione aziendale, come regalo di beneficenza, ecc.<\/p>\n\n\n\n<h2 class=\"wp-block-heading\">Come usare lo spazzolino elettrico per adulti<\/h2>\n\n\n\n<p>1. <strong>Installare la testina dello spazzolino e applicare il dentifricio:<\/strong> Inserire la testina nell&#039;interfaccia del manico per garantire una connessione salda. Quindi, applicare una quantit\u00e0 adeguata di dentifricio sulle setole.<\/p>\n\n\n\n<p>2. <strong>Avviare lo switch:<\/strong> Seleziona la modalit\u00e0 di spazzolamento pi\u00f9 adatta a te, ad esempio pulizia, denti sensibili, ecc., e aziona l&#039;interruttore dello spazzolino.<\/p>\n\n\n\n<p>3. <strong>Spazzolatura suddivisa: <\/strong>Pulisci diverse zone dei denti in sequenza, per circa 30 secondi ciascuna, e spazzola i denti per almeno 2 minuti in totale.<\/p>\n\n\n\n<p>4. <strong>Pulisci lo spazzolino dopo aver lavato i denti: <\/strong>Dopo aver lavato i denti, sciacquare la testina e il manico dello spazzolino con acqua pulita e riporli in un luogo ventilato per farli asciugare.<\/p>\n\n\n\n<p>Si consiglia di sostituire la testina ogni 3 mesi per garantire un&#039;efficace pulizia e igiene. Lavarsi i denti con movimenti delicati e non esercitare una pressione eccessiva.<\/p>","protected":false},"excerpt":{"rendered":"Adult electric toothbrush features The adult electric toothbrush has many practical features such as high-frequency vibration, multiple cleaning modes, and a waterproof design. It improves the comfort of use while maintaining the cleaning power and meets the oral needs of various users. 1. High-frequency vibration: The adult electric toothbrush uses a vibration frequency of up [&hellip;]","protected":false},"featured_media":3331,"menu_order":0,"template":"","meta":[],"product-tag":[],"products":[167],"class_list":["post-3330","product","type-product","status-publish","has-post-thumbnail","hentry","products-toothbrush"],"acf":[],"_links":{"self":[{"href":"https:\/\/www.ruiqigo.com\/it\/wp-json\/wp\/v2\/product\/3330","targetHints":{"allow":["GET"]}}],"collection":[{"href":"https:\/\/www.ruiqigo.com\/it\/wp-json\/wp\/v2\/product"}],"about":[{"href":"https:\/\/www.ruiqigo.com\/it\/wp-json\/wp\/v2\/types\/product"}],"version-history":[{"count":0,"href":"https:\/\/www.ruiqigo.com\/it\/wp-json\/wp\/v2\/product\/3330\/revisions"}],"wp:featuredmedia":[{"embeddable":true,"href":"https:\/\/www.ruiqigo.com\/it\/wp-json\/wp\/v2\/media\/3331"}],"wp:attachment":[{"href":"https:\/\/www.ruiqigo.com\/it\/wp-json\/wp\/v2\/media?parent=3330"}],"wp:term":[{"taxonomy":"product-tag","embeddable":true,"href":"https:\/\/www.ruiqigo.com\/it\/wp-json\/wp\/v2\/product-tag?post=3330"},{"taxonomy":"products","embeddable":true,"href":"https:\/\/www.ruiqigo.com\/it\/wp-json\/wp\/v2\/products?post=3330"}],"curies":[{"name":"parola chiave","href":"https:\/\/api.w.org\/{rel}","templated":true}]}}