{"id":3350,"date":"2025-05-08T17:01:12","date_gmt":"2025-05-08T09:01:12","guid":{"rendered":"https:\/\/www.ruiqigo.com\/?post_type=product&#038;p=3350"},"modified":"2025-05-08T17:01:13","modified_gmt":"2025-05-08T09:01:13","slug":"portable-oral-irrigator","status":"publish","type":"product","link":"https:\/\/www.ruiqigo.com\/it\/product\/portable-oral-irrigator","title":{"rendered":"Irrigatore orale portatile"},"content":{"rendered":"<h2 class=\"wp-block-heading\">Caratteristiche dell&#039;irrigatore orale portatile<\/h2>\n\n\n\n<p>L&#039;idropulsore portatile sfrutta la tecnologia del flusso d&#039;acqua a impulsi ad alta frequenza, abbinata a un design ergonomico e a ugelli multifunzionali, per creare uno strumento personale per l&#039;igiene orale che integra un risciacquo e una pulizia efficienti con un&#039;esperienza confortevole.<\/p>\n\n\n\n<p>1. <strong>Tecnologia del flusso d&#039;acqua a impulsi ad alta frequenza: <\/strong>L&#039;idropulsore portatile utilizza colonne d&#039;acqua pulsata ad alta pressione per pulire in profondit\u00e0 gli spazi tra i denti e i solchi gengivali, eliminando i residui di cibo e la placca dentale in essi rimasti.<\/p>\n\n\n\n<p>2. <strong>Modalit\u00e0 di pulizia multi-velocit\u00e0:<\/strong> L&#039;idropulsore portatile offre modalit\u00e0 di pulizia e risciacquo a pi\u00f9 velocit\u00e0, da standard, delicata a pulsata, per soddisfare le diverse esigenze di pulizia degli utenti.<\/p>\n\n\n\n<p>3. <strong>Compatto e portatile: <\/strong>Il nostro irrigatore orale portatile \u00e8 compatto e leggero e pu\u00f2 essere piegato o separato dal serbatoio dell&#039;acqua, risultando cos\u00ec molto portatile e potendo essere facilmente riposto in tasca o nello zaino per i viaggi.<\/p>\n\n\n\n<p>4. <strong>Progettazione del serbatoio dell&#039;acqua di grande capacit\u00e0: <\/strong>Sebbene sia molto portatile, la capacit\u00e0 del serbatoio dell&#039;acqua non \u00e8 piccola, circa 120-200 ml, sufficiente per una pulizia orale completa.<\/p>\n\n\n\n<p>5. <strong>Ugello sostituibile: <\/strong>L&#039;idropulsore portatile \u00e8 dotato di pi\u00f9 ugelli, come ugelli ortodontici, ugelli per la cura delle gengive, ecc., per garantire che sia adatto alle diverse esigenze di cura dei diversi utenti.<\/p>\n\n\n\n<h2 class=\"wp-block-heading\">Vantaggi dell&#039;irrigatore orale portatile<\/h2>\n\n\n\n<p>Rispetto al filo interdentale tradizionale, l&#039;idropulsore orale portatile offre una pulizia pi\u00f9 profonda e delicata, particolarmente indicato per chi ha ampi spazi tra i denti e per chi indossa apparecchi ortodontici. Pu\u00f2 ridurre significativamente il sanguinamento gengivale, l&#039;accumulo di placca e prevenire la malattia parodontale.<\/p>\n\n\n\n<p>1. <strong>Ridurre i punti ciechi nella pulizia orale: <\/strong>L&#039;uso di un irrigatore orale portatile pu\u00f2 penetrare nelle aree difficili da pulire, come gli spazi tra i denti e i solchi gengivali, ridurre i punti ciechi nella pulizia e garantire l&#039;igiene orale.<\/p>\n\n\n\n<p>2. <strong>Proteggere la salute delle gengive: <\/strong>Il flusso d&#039;acqua di un irrigatore orale portatile pu\u00f2 massaggiare le gengive, favorire la circolazione sanguigna, ridurre il sanguinamento gengivale e proteggere la salute delle gengive.<\/p>\n\n\n\n<p>3. <strong>Funzionamento semplice e pulizia efficiente: <\/strong>L&#039;idropulsore portatile \u00e8 molto semplice da usare e pu\u00f2 essere avviato e utilizzato facilmente con un solo pulsante. Allo stesso tempo, consente di completare una pulizia orale completa in breve tempo.<\/p>\n\n\n\n<p>4. <strong>Risparmio energetico e tutela ambientale: <\/strong>\u00c8 ricaricabile e la batteria dura a lungo dopo una carica; inoltre, pu\u00f2 ridurre l&#039;inquinamento della batteria e rispettare il concetto di tutela ambientale.<\/p>\n\n\n\n<p>5. <strong>Facile da trasportare: <\/strong>L&#039;idropulsore portatile \u00e8 piccolo e leggero, il che lo rende un ottimo compagno per viaggi di lavoro e di piacere.<\/p>\n\n\n\n<h2 class=\"wp-block-heading\">Gruppo target dell&#039;irrigatore orale portatile<\/h2>\n\n\n\n<p>Un irrigatore orale portatile \u00e8 adatto a tutti coloro che hanno a cuore la salute orale, in particolare a coloro che hanno esigenze specifiche in materia di igiene orale, come chi porta apparecchi ortodontici, chi ha gengive sensibili e gli anziani.&nbsp;<\/p>\n\n\n\n<p>Anche i bambini possono utilizzarlo, sotto la guida dei genitori, per sviluppare buone abitudini di igiene orale fin dalla tenera et\u00e0. In base alle diverse esigenze di pulizia, gli utenti possono scegliere diverse modalit\u00e0 per ottenere la migliore efficacia.<\/p>\n\n\n\n<h2 class=\"wp-block-heading\">Processo di produzione di irrigatori orali portatili<\/h2>\n\n\n\n<p>L&#039;idropulsore portatile \u00e8 realizzato in plastica ABS per uso alimentare e materiali di tenuta impermeabili in silicone, lavorati mediante stampaggio a iniezione e altri processi, con una struttura compatta e durevole. \u00c8 conforme agli standard internazionali CE, RoHS e altri standard per garantire la sicurezza, la qualit\u00e0 e la stabilit\u00e0 del prodotto.&nbsp;<\/p>\n\n\n\n<p>Prima di lasciare la fabbrica, il prodotto viene sottoposto a numerosi controlli, tra cui la durata della batteria, la prova di pressione, la tenuta del serbatoio dell&#039;acqua e un controllo di qualit\u00e0 completo per garantirne la qualit\u00e0.<\/p>\n\n\n\n<h2 class=\"wp-block-heading\">Applicazioni dell&#039;irrigatore orale portatile<\/h2>\n\n\n\n<p>Il design portatile e la lunga durata della batteria dell&#039;idropulsore portatile lo rendono adatto non solo all&#039;uso quotidiano a casa per pulire i residui dei denti, ma anche ampiamente utilizzato in vari scenari come viaggi di lavoro, pause pranzo in ufficio, ecc. Il suo corpo piccolo e raffinato pu\u00f2 essere facilmente riposto in una trousse da toeletta e puoi usarlo per garantire l&#039;igiene e la salute orale quando sei fuori casa e ridurre l&#039;insorgenza di problemi orali.<\/p>\n\n\n\n<h2 class=\"wp-block-heading\">Come utilizzare l&#039;idropulsore orale portatile<\/h2>\n\n\n\n<p>L&#039;idropulsore portatile \u00e8 facile da usare e pu\u00f2 essere utilizzato rapidamente anche al primo utilizzo. Il prodotto supporta funzioni come lo spegnimento intelligente e la memoria, che migliorano notevolmente la praticit\u00e0 d&#039;uso e l&#039;esperienza utente.<\/p>\n\n\n\n<p>1. <strong>Installare l&#039;ugello: <\/strong>Inserire l&#039;ugello appropriato nell&#039;ugello dell&#039;idropulsore portatile e fissarlo saldamente.<\/p>\n\n\n\n<p>2. <strong>Aggiungere acqua al serbatoio: <\/strong>Aprire l&#039;ingresso dell&#039;acqua nel serbatoio e versare una quantit\u00e0 adeguata di acqua pulita o di collutorio nel serbatoio.<\/p>\n\n\n\n<p>3. <strong>Seleziona la modalit\u00e0:<\/strong> Accendere l&#039;alimentazione e selezionare la marcia pi\u00f9 adatta alle proprie esigenze personali.<\/p>\n\n\n\n<p>4. <strong>Iniziare il risciacquo: <\/strong>Puntare l&#039;ugello nello spazio tra i denti e muoverlo delicatamente tra le gengive e i denti per assicurarsi che la pulizia e il risciacquo siano eseguiti correttamente.<\/p>\n\n\n\n<p>5. <strong>Pulizia dopo il risciacquo: <\/strong>Dopo aver sciacquato la bocca, svuotare il serbatoio dell&#039;acqua, pulire l&#039;unit\u00e0 principale e riporla in un luogo ventilato e asciutto.<\/p>\n\n\n\n<p>Si consiglia di selezionare la modalit\u00e0 &quot;delicata&quot; quando lo si utilizza per la prima volta, per evitare sensazioni spiacevoli.<\/p>","protected":false},"excerpt":{"rendered":"Portable oral irrigator features The portable oral irrigator uses high-frequency pulse water flow technology, combined with ergonomic design and multi-functional nozzles, to create a personal oral care tool that integrates efficient rinsing and cleaning with a comfortable experience. 1. High-frequency pulse water flow technology: The portable oral irrigator uses pulsed high-pressure water columns to deeply [&hellip;]","protected":false},"featured_media":3351,"menu_order":0,"template":"","meta":[],"product-tag":[],"products":[168],"class_list":["post-3350","product","type-product","status-publish","has-post-thumbnail","hentry","products-oral-irrigator"],"acf":[],"_links":{"self":[{"href":"https:\/\/www.ruiqigo.com\/it\/wp-json\/wp\/v2\/product\/3350","targetHints":{"allow":["GET"]}}],"collection":[{"href":"https:\/\/www.ruiqigo.com\/it\/wp-json\/wp\/v2\/product"}],"about":[{"href":"https:\/\/www.ruiqigo.com\/it\/wp-json\/wp\/v2\/types\/product"}],"version-history":[{"count":0,"href":"https:\/\/www.ruiqigo.com\/it\/wp-json\/wp\/v2\/product\/3350\/revisions"}],"wp:featuredmedia":[{"embeddable":true,"href":"https:\/\/www.ruiqigo.com\/it\/wp-json\/wp\/v2\/media\/3351"}],"wp:attachment":[{"href":"https:\/\/www.ruiqigo.com\/it\/wp-json\/wp\/v2\/media?parent=3350"}],"wp:term":[{"taxonomy":"product-tag","embeddable":true,"href":"https:\/\/www.ruiqigo.com\/it\/wp-json\/wp\/v2\/product-tag?post=3350"},{"taxonomy":"products","embeddable":true,"href":"https:\/\/www.ruiqigo.com\/it\/wp-json\/wp\/v2\/products?post=3350"}],"curies":[{"name":"parola chiave","href":"https:\/\/api.w.org\/{rel}","templated":true}]}}