{"id":3359,"date":"2025-05-15T14:12:54","date_gmt":"2025-05-15T06:12:54","guid":{"rendered":"https:\/\/www.ruiqigo.com\/?post_type=product&#038;p=3359"},"modified":"2025-05-15T14:12:54","modified_gmt":"2025-05-15T06:12:54","slug":"moisturizing-face-cream","status":"publish","type":"product","link":"https:\/\/www.ruiqigo.com\/it\/product\/moisturizing-face-cream","title":{"rendered":"Crema viso idratante"},"content":{"rendered":"<h2 class=\"wp-block-heading\">Formule comuni per la produzione di creme idratanti per il viso<\/h2>\n\n\n\n<p>In qualit\u00e0 di produttori professionali di creme idratanti per il viso, selezioniamo una variet\u00e0 di ingredienti idratanti e riparatori altamente efficaci e delicati, come ceramide e acido ialuronico, per aiutare la pelle a idratarsi in profondit\u00e0, riparare la barriera cutanea e migliorare la qualit\u00e0 generale della pelle.<\/p>\n\n\n\n<p>1. <strong>Ceramide:<\/strong> La ceramide pu\u00f2 aiutare a ridurre la perdita d&#039;acqua, riparare efficacemente la barriera cutanea e migliorare la capacit\u00e0 della pelle di resistere agli stimoli esterni. \u00c8 adatta per pelli secche o sensibili.<\/p>\n\n\n\n<p>2. <strong>Acido ialuronico: <\/strong>L&#039;acido ialuronico \u00e8 un fattore idratante naturale in grado di assorbire migliaia di volte il suo peso di acqua, trattenere l&#039;idratazione in profondit\u00e0 e formare una pellicola idratante sulla superficie della pelle, in modo che questa rimanga idratata e tonica per tutto il giorno.<\/p>\n\n\n\n<p>3. <strong>Squalano:<\/strong> Lo squalano \u00e8 anche un fattore idratante naturale con un&#039;ottima compatibilit\u00e0 cutanea. Viene assorbito rapidamente, idratando a lungo la pelle e rendendola pi\u00f9 liscia, senza ungere n\u00e9 causare acne.<\/p>\n\n\n\n<p>4. <strong>Glicerina:<\/strong> La glicerina \u00e8 un idratante idrofilo naturale in grado di assorbire l&#039;umidit\u00e0 presente nell&#039;aria e trasportarla negli strati profondi della pelle, mantenendone l&#039;idratazione e l&#039;elasticit\u00e0.<\/p>\n\n\n\n<p>5. <strong>Estratto di Centella asiatica: <\/strong>Ha buoni effetti lenitivi e riparatori, pu\u00f2 alleviare i fastidi della pelle, favorire la produzione di collagene e migliorare la capacit\u00e0 di autoguarigione della pelle.<\/p>\n\n\n\n<h2 class=\"wp-block-heading\">Le funzioni della crema idratante per il viso<\/h2>\n\n\n\n<p>La crema viso idratante 3TOP non \u00e8 solo delicata e con ingredienti naturali, ma vanta anche molteplici funzioni e un&#039;eccellente adattabilit\u00e0. Pu\u00f2 essere ampiamente adattata a diverse et\u00e0, tipi di pelle e scenari d&#039;uso. \u00c8 un prodotto per la cura della pelle sicuro e funzionale.<\/p>\n\n\n\n<p>1. <strong>Idratazione a lunga durata: <\/strong>Come crema idratante per il viso, questa crema utilizza molteplici meccanismi di ritenzione idrica per mantenere l&#039;idratazione della pelle per pi\u00f9 di 12 ore, risolvendo il problema della pelle secca e desquamata, ed \u00e8 particolarmente adatta per periodi di pelle sensibile, fredda, secca o stagionale.<\/p>\n\n\n\n<p>2. <strong>Riparare la barriera cutanea: <\/strong>La crema viso idratante \u00e8 ricca di ingredienti riparatori come ceramide e centella asiatica, che possono aiutare la pelle danneggiata a rigenerarsi, stabilizzare la barriera cutanea e migliorare la tollerabilit\u00e0 generale della pelle e la sua capacit\u00e0 anti-irritazione.<\/p>\n\n\n\n<p>3. <strong>Assorbimento rapido e non untuoso: <\/strong>La crema viso idratante ha una texture cremosa, leggera e non appiccicosa, che evita l&#039;ostruzione dei pori. \u00c8 ideale per l&#039;uso quotidiano e ha un effetto benefico sulla pelle mista.<\/p>\n\n\n\n<p>4.<strong> Adatto alle pelli sensibili: <\/strong>La nostra crema viso idratante contiene ingredienti delicati e non contiene alcol, pigmenti o sostanze irritanti. Presenta un basso rischio di allergie e arrossamenti. Pu\u00f2 essere utilizzata in sicurezza su pelli sensibili per proteggerne la salute.<\/p>\n\n\n\n<h2 class=\"wp-block-heading\">Come usare la crema idratante per il viso<\/h2>\n\n\n\n<p>Si consiglia di applicare una crema idratante per il viso come ultimo passaggio della routine quotidiana di cura della pelle, per trattenere i nutrienti dei prodotti utilizzati nei passaggi precedenti e idratare la pelle a lungo.<\/p>\n\n\n\n<p>1. <strong>Pulisci il viso: <\/strong>Utilizzare prodotti detergenti per rimuovere accuratamente sporco, sebo e trucco dal viso.<\/p>\n\n\n\n<p>2. <strong>Utilizzare lozione\/tonico: <\/strong>Condiziona lo strato corneo e favorisce l&#039;assorbimento dei prodotti successivi per la cura della pelle.<\/p>\n\n\n\n<p>3. <strong>Prelevare una quantit\u00e0 adeguata di crema e applicarla sul viso: <\/strong>Utilizzare l&#039;anulare o la punta delle dita per prelevare una quantit\u00e0 di panna pari a un fagiolo di soia.<\/p>\n\n\n\n<p>4. <strong>Applicare uniformemente e tamponare delicatamente per far assorbire:<\/strong> Applicare su fronte, guance, naso e mento del viso, quindi massaggiare delicatamente con movimenti circolari e uniformi. \u00c8 possibile massaggiare o picchiettare delicatamente per favorirne l&#039;assorbimento.<\/p>\n\n\n\n<h2 class=\"wp-block-heading\"><strong>Attenzione<\/strong><\/h2>\n\n\n\n<p>1. <strong>Si prega di effettuare un test cutaneo per la prima volta:<\/strong> effettuare un piccolo test dietro l&#039;orecchio o all&#039;interno del polso e utilizzarlo regolarmente dopo 24 ore senza anomalie per evitare allergie.<\/p>\n\n\n\n<p>2. <strong>Evitare l&#039;uso con prodotti altamente irritanti: <\/strong>evitare di utilizzare prodotti ad alta concentrazione di acidi o retinolo per prevenire fastidi alla pelle.<\/p>\n\n\n\n<p>3. <strong>Dopo l&#039;apertura, consumare il prima possibile: <\/strong>Si consiglia di consumare la crema idratante per il viso entro 6-12 mesi dall&#039;apertura per evitare l&#039;ossidazione e l&#039;inefficacia dei principi attivi.<\/p>\n\n\n\n<p>4. <strong>Conservare in un luogo fresco e asciutto: <\/strong>L&#039;ambiente di conservazione deve evitare la luce solare diretta e temperature e umidit\u00e0 elevate per preservare l&#039;attivit\u00e0 e la stabilit\u00e0 del prodotto.<\/p>\n\n\n\n<p>5. <strong>Interrompere immediatamente l&#039;uso se si avverte disagio: <\/strong>Se durante l&#039;uso si avvertono formicolio, rossore o altri fastidi, interrompere immediatamente l&#039;uso e consultare tempestivamente un medico.<\/p>\n\n\n\n<h2 class=\"wp-block-heading\">Conclusione<\/h2>\n\n\n\n<p>La crema viso idratante \u00e8 una crema per la cura della pelle che combina un&#039;idratazione ad alta efficacia con un&#039;azione riparatrice delicata. \u00c8 adatta a una variet\u00e0 di situazioni, come la cura quotidiana della pelle personale e per le istituzioni professionali. 3TOP seleziona ingredienti naturali e sicuri per offrire ai suoi utenti un&#039;esperienza di idratazione e nutrimento della pelle a lunga durata. La nostra crema viso idratante \u00e8 adatta a un&#039;ampia gamma di persone e pu\u00f2 soddisfare le esigenze di cura della pelle multi-effetto di ogni utente.<\/p>","protected":false},"excerpt":{"rendered":"Moisturizing Face Cream Manufacturing Common Formulas As a professional moisturizing face cream manufacturer, we select a variety of highly effective and gentle moisturizing and repairing ingredients, such as ceramide and hyaluronic acid, to help the skin deeply hydrate, repair the barrier, and improve the overall skin quality. 1. Ceramide: Ceramide can help reduce water loss, [&hellip;]","protected":false},"featured_media":3360,"menu_order":0,"template":"","meta":[],"product-tag":[],"products":[161],"class_list":["post-3359","product","type-product","status-publish","has-post-thumbnail","hentry","products-face-cream"],"acf":[],"_links":{"self":[{"href":"https:\/\/www.ruiqigo.com\/it\/wp-json\/wp\/v2\/product\/3359","targetHints":{"allow":["GET"]}}],"collection":[{"href":"https:\/\/www.ruiqigo.com\/it\/wp-json\/wp\/v2\/product"}],"about":[{"href":"https:\/\/www.ruiqigo.com\/it\/wp-json\/wp\/v2\/types\/product"}],"version-history":[{"count":0,"href":"https:\/\/www.ruiqigo.com\/it\/wp-json\/wp\/v2\/product\/3359\/revisions"}],"wp:featuredmedia":[{"embeddable":true,"href":"https:\/\/www.ruiqigo.com\/it\/wp-json\/wp\/v2\/media\/3360"}],"wp:attachment":[{"href":"https:\/\/www.ruiqigo.com\/it\/wp-json\/wp\/v2\/media?parent=3359"}],"wp:term":[{"taxonomy":"product-tag","embeddable":true,"href":"https:\/\/www.ruiqigo.com\/it\/wp-json\/wp\/v2\/product-tag?post=3359"},{"taxonomy":"products","embeddable":true,"href":"https:\/\/www.ruiqigo.com\/it\/wp-json\/wp\/v2\/products?post=3359"}],"curies":[{"name":"parola chiave","href":"https:\/\/api.w.org\/{rel}","templated":true}]}}