{"id":336,"date":"2024-07-05T20:30:17","date_gmt":"2024-07-05T12:30:17","guid":{"rendered":"https:\/\/ruiqigo.com\/?post_type=product&#038;p=336"},"modified":"2024-09-26T17:43:34","modified_gmt":"2024-09-26T09:43:34","slug":"body-lotion-with-spf","status":"publish","type":"product","link":"https:\/\/www.ruiqigo.com\/it\/product\/body-lotion-with-spf","title":{"rendered":"Lozione corpo con SPF"},"content":{"rendered":"<h3 class=\"wp-block-heading\">Lozione per il corpo con spf produzione formule comuni<\/h3>\n\n\n\n<p>Gli ingredienti principali della protezione solare in questa lozione corpo SPF sono l&#039;ossido di zinco e il biossido di titanio, riconosciuti come filtri solari fisici altamente efficaci che forniscono una protezione ad ampio spettro contro i raggi UVA\/UVB, creando una barriera affidabile per la pelle. Inoltre, il prodotto contiene vitamina E, un potente antiossidante che neutralizza i radicali liberi e protegge la pelle dai danni della luce. Allo stesso tempo, la formula contiene anche glicerina, oli vegetali e altri ingredienti nutrienti che nutrono in profondit\u00e0 la pelle, migliorano la secchezza e mantengono la pelle idratata e liscia.<\/p>\n\n\n\n<h3 class=\"wp-block-heading\">Lozione per il corpo con SPF Scenari applicabili<\/h3>\n\n\n\n<p>Questa lozione corpo SPF \u00e8 un prodotto per la cura di tutte le stagioni, ma \u00e8 pi\u00f9 adatta per l&#039;uso durante i mesi estivi caldi e soleggiati, in quanto fornisce alla pelle una protezione efficace dal sole, bloccando i raggi UVA\/UVB e prevenendo scottature e iperpigmentazione. Oppure abbiamo altro <a href=\"https:\/\/www.ruiqigo.com\/it\/products\/body-lotion\/\">lozione per il corpo<\/a> opzioni tra cui scegliere.<\/p>\n\n\n\n<h3 class=\"wp-block-heading\">Per chi \u00e8 adatta la lozione per il corpo con SPF?<\/h3>\n\n\n\n<p>Adatta a tutti, questa lozione corpo SPF offre una protezione efficace per la pelle incline all&#039;abbronzatura e previene l&#039;iperpigmentazione. I suoi ingredienti ricchi e nutrienti migliorano la secchezza che deriva dall&#039;et\u00e0. Ideale per chi ama le attivit\u00e0 all&#039;aria aperta, questa crema idratante per il corpo offre una cura completa doposole per la pelle in ogni momento. Se hai altre esigenze, sentiti libero di saperne di pi\u00f9 su 3TOP <a href=\"https:\/\/www.ruiqigo.com\/it\/products\/body-care\/\">cura del corpo <\/a>prodotti.<\/p>\n\n\n\n<h3 class=\"wp-block-heading\">Lozione corpo con SPF Processo di produzione<\/h3>\n\n\n\n<p>La lozione per il corpo con SPF \u00e8 realizzata con un&#039;attenzione particolare alla combinazione di agenti di protezione solare altamente efficaci con ingredienti idratanti. La tecnologia di protezione solare ad ampio spettro garantisce una protezione completa dai raggi UVA e UVB, mentre ingredienti antiossidanti e idratanti come la vitamina E e gli oli vegetali naturali vengono aggiunti per rafforzare la barriera cutanea. La stabilit\u00e0 e la dispersione delle protezioni solari sono rigorosamente controllate durante il processo di produzione e vengono superati test di compatibilit\u00e0 cutanea per garantire che il prodotto sia sicuro e non irritante. Inoltre, la consistenza leggera \u00e8 progettata per fornire un assorbimento rapido e un&#039;idratazione di lunga durata per soddisfare le doppie esigenze di protezione solare quotidiana e cura della pelle. Se vuoi saperne di pi\u00f9, dai un&#039;occhiata ai relativi <a href=\"https:\/\/www.ruiqigo.com\/it\/body-lotion-manufacturer-elevating-skincare-standards.html\/\">lozione per il corpo<\/a> informazioni sulla produzione.<\/p>","protected":false},"excerpt":{"rendered":"Body lotion with spf manufacturing Common Formulas The core sunscreen ingredients in this spf body lotion are Zinc Oxide and Titanium Dioxide, which are recognized as highly effective physical sunscreens that provide broad-spectrum protection against UVA\/UVB rays, creating a reliable barrier for your skin. In addition, the product contains Vitamin E, a powerful antioxidant that [&hellip;]","protected":false},"featured_media":337,"menu_order":0,"template":"","meta":[],"product-tag":[],"products":[56],"class_list":["post-336","product","type-product","status-publish","has-post-thumbnail","hentry","products-body-lotion"],"acf":[],"_links":{"self":[{"href":"https:\/\/www.ruiqigo.com\/it\/wp-json\/wp\/v2\/product\/336","targetHints":{"allow":["GET"]}}],"collection":[{"href":"https:\/\/www.ruiqigo.com\/it\/wp-json\/wp\/v2\/product"}],"about":[{"href":"https:\/\/www.ruiqigo.com\/it\/wp-json\/wp\/v2\/types\/product"}],"version-history":[{"count":0,"href":"https:\/\/www.ruiqigo.com\/it\/wp-json\/wp\/v2\/product\/336\/revisions"}],"wp:featuredmedia":[{"embeddable":true,"href":"https:\/\/www.ruiqigo.com\/it\/wp-json\/wp\/v2\/media\/337"}],"wp:attachment":[{"href":"https:\/\/www.ruiqigo.com\/it\/wp-json\/wp\/v2\/media?parent=336"}],"wp:term":[{"taxonomy":"product-tag","embeddable":true,"href":"https:\/\/www.ruiqigo.com\/it\/wp-json\/wp\/v2\/product-tag?post=336"},{"taxonomy":"products","embeddable":true,"href":"https:\/\/www.ruiqigo.com\/it\/wp-json\/wp\/v2\/products?post=336"}],"curies":[{"name":"parola chiave","href":"https:\/\/api.w.org\/{rel}","templated":true}]}}