{"id":3386,"date":"2025-05-15T14:17:15","date_gmt":"2025-05-15T06:17:15","guid":{"rendered":"https:\/\/www.ruiqigo.com\/?post_type=product&#038;p=3386"},"modified":"2025-05-15T14:17:15","modified_gmt":"2025-05-15T06:17:15","slug":"dark-circle-eye-cream","status":"publish","type":"product","link":"https:\/\/www.ruiqigo.com\/it\/product\/dark-circle-eye-cream","title":{"rendered":"Crema contorno occhi per occhiaie"},"content":{"rendered":"<h2 class=\"wp-block-heading\">Formule comuni per la produzione di creme per gli occhi contro le occhiaie<\/h2>\n\n\n\n<p>3TOP \u00e8 un produttore professionale di creme per il contorno occhi contro le occhiaie. Insistiamo sull&#039;utilizzo di ingredienti sicuri, delicati e altamente attivi, specificamente formulati per ridurre le occhiaie, illuminare il tono della pelle e migliorare le borse sotto gli occhi. Ripara la pelle del contorno occhi da problemi come pigmentazione e cattiva circolazione sanguigna, migliorandone luminosit\u00e0 e tonicit\u00e0.<\/p>\n\n\n\n<p>1. <strong>Niacinamide: <\/strong>In quanto forma attiva della vitamina B3, la niacinamide pu\u00f2 inibire il trasporto della melanina, schiarire le occhiaie pigmentate e rafforzare la barriera cutanea. L&#039;uso prolungato pu\u00f2 illuminare la pelle del contorno occhi e migliorare la texture generale della pelle.<\/p>\n\n\n\n<p>2. <strong>Caffeina:<\/strong> La caffeina pu\u00f2 favorire la circolazione sanguigna intorno agli occhi e ridurre l&#039;edema, con un conseguente miglioramento delle occhiaie vascolari. Pu\u00f2 anche migliorare il metabolismo cellulare, aiutare a illuminare la pelle spenta e donare un aspetto pi\u00f9 energico allo sguardo.<\/p>\n\n\n\n<p>3. <strong>Derivati della vitamina C: <\/strong>I derivati della vitamina C possono illuminare delicatamente la pelle del contorno occhi, favorire la sintesi del collagene contrastando l&#039;ossidazione, migliorare l&#039;aspetto spento e stanco e migliorare la lucentezza della pelle.<\/p>\n\n\n\n<p>4. <strong>Tetrapeptidi:<\/strong> I tetrapeptidi possono stimolare la sintesi del collagene, migliorare l&#039;elasticit\u00e0 della pelle del contorno occhi e ridurre le rughe e il rilassamento cutaneo causato dall&#039;invecchiamento. Possono anche contribuire a rallentare l&#039;infiammazione cutanea, rendendo la pelle del contorno occhi pi\u00f9 tonica e giovane.<\/p>\n\n\n\n<h2 class=\"wp-block-heading\">Le funzioni della crema contorno occhi contro le occhiaie<\/h2>\n\n\n\n<p>1. <strong>Idratazione a lunga durata e ritenzione idrica: <\/strong>La crema contorno occhi Dark Circle Eye Cream contiene acido ialuronico e molteplici ingredienti idratanti, che possono idratare a lungo la pelle del contorno occhi, prevenire la formazione di linee di secchezza e mantenere gli occhi idratati e carnosi.<\/p>\n\n\n\n<p>2. <strong>Assorbimento rapido:<\/strong> La crema contorno occhi Dark Circle \u00e8 una crema dalla texture leggera, che si assorbe facilmente e penetra rapidamente nella pelle del contorno occhi. Non \u00e8 grassa ed \u00e8 adatta per l&#039;uso diurno o prima del trucco, senza alterarne il colore.<\/p>\n\n\n\n<p>3. <strong>Delicato e non irritante: <\/strong>La nostra crema contorno occhi per le occhiaie \u00e8 priva di profumi o alcol e gli ingredienti sono delicati, quindi pu\u00f2 essere utilizzata anche da persone con pelle sensibile e donne in gravidanza. Il prodotto \u00e8 stato testato per la sicurezza della pelle del contorno occhi, per garantire che non causi irritazioni o fastidi durante l&#039;uso quotidiano.<\/p>\n\n\n\n<p>4. <strong>Molteplici funzioni: <\/strong>Oltre alle sue molteplici funzioni, come rassodante, lenitiva e antiossidante, la crema contorno occhi anti-occhiaie pu\u00f2 anche risolvere molti problemi oculari, come attenuare le occhiaie e rallentare la comparsa delle linee sottili. Un prodotto, con molteplici funzioni, migliora l&#039;efficacia complessiva della cura della pelle.<\/p>\n\n\n\n<h2 class=\"wp-block-heading\">Come usare la crema contorno occhi per le occhiaie<\/h2>\n\n\n\n<p>L&#039;uso corretto della crema contorno occhi contro le occhiaie pu\u00f2 migliorarne significativamente l&#039;efficacia di assorbimento e ridurre l&#039;effetto delle occhiaie.<\/p>\n\n\n\n<p>1. Dopo la detersione, utilizzare un tonico per idratare la pelle e mantenerla idratata.<\/p>\n\n\n\n<p>2. Prendi una quantit\u00e0 adeguata di crema per il contorno occhi e applicala sotto gli occhi, sulla punta degli occhi e sull&#039;arcata sopracciliare.<\/p>\n\n\n\n<p>3. Picchiettare delicatamente con l&#039;anulare fino a completo assorbimento, evitando di tirare la pelle, che si rilasser\u00e0. L&#039;uso con un massaggiatore oculare ne migliorer\u00e0 l&#039;effetto.<\/p>\n\n\n\n<p><strong>Raccomandazione:<\/strong> Utilizzare una volta al mattino e alla sera tutti i giorni, con delicate tecniche di massaggio, in modo che gli ingredienti possano penetrare meglio nello strato inferiore della pelle e attivare la microcircolazione degli occhi.<\/p>\n\n\n\n<h2 class=\"wp-block-heading\">Attenzione<\/h2>\n\n\n\n<p>1. <strong>Il massaggio oculare deve essere moderato: <\/strong>Il massaggio deve essere delicato, evitando di tirare troppo forte, per non irritare la fragile zona degli occhi e non provocare effetti indesiderati.<\/p>\n\n\n\n<p>2. <strong>Evitare il contatto diretto con il bulbo oculare: <\/strong>Quando si utilizza la crema per il contorno occhi, evitare il bulbo oculare e la zona delle ciglia. In caso di contatto accidentale con gli occhi, sciacquare immediatamente con acqua pulita.<\/p>\n\n\n\n<p>3. <strong>Eseguire un test di sensibilit\u00e0 al primo utilizzo: <\/strong>Si consiglia di provarlo dietro le orecchie o intorno agli occhi per 24 ore e poi di utilizzarlo normalmente dopo aver verificato che non vi siano irritazioni.<\/p>\n\n\n\n<p>4. <strong>Da usare con la protezione solare: <\/strong>Dopo aver utilizzato questo prodotto, si consiglia di applicare una protezione solare per evitare che i raggi ultravioletti aggravino la deposizione di pigmento e migliorare l&#039;effetto di schiaritura delle occhiaie.<\/p>\n\n\n\n<h2 class=\"wp-block-heading\">Conclusione<\/h2>\n\n\n\n<p>Dark Circle Eye Cream \u00e8 un prodotto per la cura della pelle altamente efficace, specificamente sviluppato per i problemi oculari. Combina diversi principi attivi per ridurre le occhiaie, rassodare la pelle del contorno occhi e migliorare il gonfiore. Ha una texture delicata e si assorbe rapidamente, \u00e8 adatta a tutti i tipi di pelle e offre un buon equilibrio tra efficacia e sensazione di benessere. 3TOP supporta la personalizzazione del prodotto per aiutare i clienti a creare una competitivit\u00e0 differenziata e a soddisfare le esigenze specifiche dei diversi mercati.<\/p>","protected":false},"excerpt":{"rendered":"Dark Circle Eye Cream Manufacturing Common Formulas 3TOP is a professional dark circle eye cream manufacturer. We insist on using safe and mild, highly active ingredients, which are specially designed to reduce dark circles, brighten skin tone, and improve eye bags. It repairs the skin around the eyes for eye problems such as pigmentation and [&hellip;]","protected":false},"featured_media":3387,"menu_order":0,"template":"","meta":[],"product-tag":[],"products":[162],"class_list":["post-3386","product","type-product","status-publish","has-post-thumbnail","hentry","products-eye-cream"],"acf":[],"_links":{"self":[{"href":"https:\/\/www.ruiqigo.com\/it\/wp-json\/wp\/v2\/product\/3386","targetHints":{"allow":["GET"]}}],"collection":[{"href":"https:\/\/www.ruiqigo.com\/it\/wp-json\/wp\/v2\/product"}],"about":[{"href":"https:\/\/www.ruiqigo.com\/it\/wp-json\/wp\/v2\/types\/product"}],"version-history":[{"count":0,"href":"https:\/\/www.ruiqigo.com\/it\/wp-json\/wp\/v2\/product\/3386\/revisions"}],"wp:featuredmedia":[{"embeddable":true,"href":"https:\/\/www.ruiqigo.com\/it\/wp-json\/wp\/v2\/media\/3387"}],"wp:attachment":[{"href":"https:\/\/www.ruiqigo.com\/it\/wp-json\/wp\/v2\/media?parent=3386"}],"wp:term":[{"taxonomy":"product-tag","embeddable":true,"href":"https:\/\/www.ruiqigo.com\/it\/wp-json\/wp\/v2\/product-tag?post=3386"},{"taxonomy":"products","embeddable":true,"href":"https:\/\/www.ruiqigo.com\/it\/wp-json\/wp\/v2\/products?post=3386"}],"curies":[{"name":"parola chiave","href":"https:\/\/api.w.org\/{rel}","templated":true}]}}