{"id":3400,"date":"2025-05-15T14:19:58","date_gmt":"2025-05-15T06:19:58","guid":{"rendered":"https:\/\/www.ruiqigo.com\/?post_type=product&#038;p=3400"},"modified":"2025-05-15T14:19:58","modified_gmt":"2025-05-15T06:19:58","slug":"brightening-ampoule","status":"publish","type":"product","link":"https:\/\/www.ruiqigo.com\/it\/product\/brightening-ampoule","title":{"rendered":"Fiala illuminante"},"content":{"rendered":"<h2 class=\"wp-block-heading\">Formule comuni per la produzione di fiale schiarenti<\/h2>\n\n\n\n<p>La formula della fiala illuminante utilizza molteplici fattori schiarenti, come niacinamide ad alta purezza, acido tranexamico, arbutina e ialuronato di sodio. Grazie a una tecnologia stabile e a processi consolidati, aiuta a schiarire l&#039;incarnato spento, a schiarire il tono della pelle e a donarle una sensazione di luminosit\u00e0 e trasparenza.<\/p>\n\n\n\n<p>1. <strong>Niacinamide:<\/strong> La niacinamide \u00e8 un ingrediente schiarente ad ampio spettro che svolge un&#039;eccellente azione inibendo il trasporto di melanina e pu\u00f2 anche migliorare la barriera cutanea. \u00c8 delicato e non irritante ed \u00e8 un ingrediente efficace per migliorare diversi problemi di opacit\u00e0 cutanea.<\/p>\n\n\n\n<p>2. <strong>Acido tranexamico:<\/strong> L&#039;acido tranexamico pu\u00f2 inibire la pigmentazione causata dai raggi ultravioletti, schiarire macchie e segni dell&#039;acne e ha effetti antinfiammatori. \u00c8 molto adatto alle pelli sensibili. Ripara la pelle, schiarendone il tono e prevenendo la pigmentazione.<\/p>\n\n\n\n<p>3. <strong>Arbutina: <\/strong>L&#039;arbutina \u00e8 un ingrediente sbiancante sicuro e delicato che pu\u00f2 ridurre efficacemente la produzione di melanina e prevenire l&#039;opacit\u00e0 della pelle inibendo l&#039;attivit\u00e0 della tirosinasi. \u00c8 altamente stabile e adatto all&#039;uso a lungo termine. Pu\u00f2 aiutare a uniformare il tono della pelle e a migliorarne la luminosit\u00e0.<\/p>\n\n\n\n<p>4. <strong>Ialuronato di sodio: <\/strong>In quanto ingrediente idratante classico, l&#039;ialuronato di sodio pu\u00f2 trattenere efficacemente l&#039;idratazione, aumentare il contenuto di idratazione della pelle, migliorare l&#039;efficacia di penetrazione degli ingredienti sbiancanti e il comfort della pelle, mantenendola idratata e illuminandola.<\/p>\n\n\n\n<p>5. <strong>Glutatione: <\/strong>Il glutatione \u00e8 un potente antiossidante spesso utilizzato nei trattamenti sbiancanti per ridurre la formazione di melanina. Pu\u00f2 neutralizzare i radicali liberi, promuovere il metabolismo cellulare, aiutare la pelle a irradiare luce dall&#039;interno verso l&#039;esterno e ritardare l&#039;invecchiamento cutaneo.<\/p>\n\n\n\n<h2 class=\"wp-block-heading\">Le funzioni della fiala schiarente<\/h2>\n\n\n\n<p>1. <strong>Essenza ad alta concentrazione: <\/strong>La fiala illuminante utilizza una texture ad alta concentrazione di essenza attiva, che penetra rapidamente e raggiunge gli strati pi\u00f9 profondi della pelle. Pu\u00f2 migliorare rapidamente il tono della pelle spenta e stanca in breve tempo ed \u00e8 adatta per risvegliare la pelle o per trattamenti riparatori.<\/p>\n\n\n\n<p>2. <strong>Adatto a diversi tipi di pelle:<\/strong> La fiala illuminante non contiene ingredienti irritanti n\u00e9 alcol, ha una consistenza rinfrescante e non appiccicosa, un forte potere idratante ed \u00e8 adatta a pelli secche, grasse e sensibili. Pu\u00f2 essere utilizzata in qualsiasi stagione.<\/p>\n\n\n\n<p>3. <strong>Texture pura e leggera: <\/strong>La fiala illuminante ha una consistenza trasparente e pura. Non diventa bianca n\u00e9 si addensa dopo l&#039;uso, e il fango non si rimuove facilmente durante l&#039;applicazione del trucco, il che non influisce sulla cura della pelle o sul trucco successivi.<\/p>\n\n\n\n<p>4. <strong>Adatto all&#039;uso con una variet\u00e0 di prodotti per la cura della pelle: <\/strong>La fiala illuminante pu\u00f2 essere utilizzata da sola o in abbinamento ad apparecchiature estetiche come strumenti di bellezza e spray a freddo per migliorarne l&#039;efficacia di assorbimento. \u00c8 adatta non solo per la cura domiciliare, ma anche per progetti nei centri estetici.<\/p>\n\n\n\n<h2 class=\"wp-block-heading\">Come usare la fiala illuminante<\/h2>\n\n\n\n<p>La fiala illuminante \u00e8 facile da usare e si consiglia di usarla dopo il tonico e prima della crema.<\/p>\n\n\n\n<p>1. Dopo la detersione, utilizzare un tonico per idratare la pelle.<\/p>\n\n\n\n<p>2. Apri la fiala illuminante e versa l&#039;essenza sul palmo della mano o applicala direttamente sul viso.<\/p>\n\n\n\n<p>3. Strofinare e tamponare delicatamente con la punta delle dita per aiutare la pelle ad assorbire l&#039;essenza.<\/p>\n\n\n\n<p>4. Dopo l&#039;assorbimento, utilizzare una lozione o una crema per idratare e trattenere l&#039;idratazione.<\/p>\n\n\n\n<p><strong>Raccomandazione: <\/strong>Utilizzare una volta al mattino e una volta alla sera.<\/p>\n\n\n\n<h2 class=\"wp-block-heading\">Attenzione<\/h2>\n\n\n\n<p>1. <strong>Eseguire un test cutaneo prima del primo utilizzo:<\/strong> Poich\u00e9 gli ingredienti dell&#039;essenza concentrata sono altamente attivi, si consiglia a chi li utilizza per la prima volta di effettuare un test cutaneo dietro le orecchie o lungo la mascella per verificare che non vi siano fastidi prima di applicarli su tutto il viso.<\/p>\n\n\n\n<p>2. <strong>Evitare l&#039;uso con prodotti fortemente acidi: <\/strong>La fiala schiarente contiene principi attivi sbiancanti. Evitare l&#039;uso con prodotti a base di acidi della frutta o acido A per non sovraccaricare la barriera cutanea.<\/p>\n\n\n\n<p>3. <strong>Prestare attenzione alla protezione solare dopo l&#039;uso: <\/strong>I prodotti illuminanti possono aiutare a migliorare la trasparenza della pelle, ma sono anche pi\u00f9 sensibili ai raggi ultravioletti. Si consiglia di utilizzare una protezione solare ad alto fattore di protezione dopo l&#039;uso di questo prodotto per evitare che la pelle si scurisca.<\/p>\n\n\n\n<p>4. <strong>Non utilizzare su aree danneggiate o infiammate:<\/strong> In caso di ferite evidenti o infiammazioni sul viso, evitare di utilizzare questo prodotto per evitare fastidi o compromettere la guarigione.<\/p>\n\n\n\n<p>5. <strong>Conservare in un luogo buio: <\/strong>Per mantenere al meglio l&#039;effetto riparatore, conservare il prodotto in un luogo fresco e asciutto, al riparo dalla luce.<\/p>\n\n\n\n<h2 class=\"wp-block-heading\">Conclusione<\/h2>\n\n\n\n<p>La fiala illuminante si distingue tra i tanti prodotti per la cura della pelle grazie alla sua formula altamente attiva e all&#039;elevata efficacia schiarente. Il prodotto combina ingredienti scientifici e delicati per garantire un utilizzo sicuro e un&#039;efficacia costante, migliorando al contempo la sensazione sulla pelle. \u00c8 un&#039;ottima scelta, sia come trattamento illuminante nella cura quotidiana della pelle, sia come trattamento illuminante nei centri estetici.<\/p>","protected":false},"excerpt":{"rendered":"Brightening Ampoule Manufacturing Common Formulas The brightening ampoule formula uses multiple skin-lightening factors such as high-purity niacinamide, tranexamic acid, arbutin and sodium hyaluronate. Through stable technology and mature processes, it helps to lighten dullness, brighten skin tone, and bring a bright and transparent feeling to the skin. 1. Niacinamide: Niacinamide is a broad-spectrum whitening ingredient [&hellip;]","protected":false},"featured_media":3401,"menu_order":0,"template":"","meta":[],"product-tag":[],"products":[171],"class_list":["post-3400","product","type-product","status-publish","has-post-thumbnail","hentry","products-ampoule"],"acf":[],"_links":{"self":[{"href":"https:\/\/www.ruiqigo.com\/it\/wp-json\/wp\/v2\/product\/3400","targetHints":{"allow":["GET"]}}],"collection":[{"href":"https:\/\/www.ruiqigo.com\/it\/wp-json\/wp\/v2\/product"}],"about":[{"href":"https:\/\/www.ruiqigo.com\/it\/wp-json\/wp\/v2\/types\/product"}],"version-history":[{"count":0,"href":"https:\/\/www.ruiqigo.com\/it\/wp-json\/wp\/v2\/product\/3400\/revisions"}],"wp:featuredmedia":[{"embeddable":true,"href":"https:\/\/www.ruiqigo.com\/it\/wp-json\/wp\/v2\/media\/3401"}],"wp:attachment":[{"href":"https:\/\/www.ruiqigo.com\/it\/wp-json\/wp\/v2\/media?parent=3400"}],"wp:term":[{"taxonomy":"product-tag","embeddable":true,"href":"https:\/\/www.ruiqigo.com\/it\/wp-json\/wp\/v2\/product-tag?post=3400"},{"taxonomy":"products","embeddable":true,"href":"https:\/\/www.ruiqigo.com\/it\/wp-json\/wp\/v2\/products?post=3400"}],"curies":[{"name":"parola chiave","href":"https:\/\/api.w.org\/{rel}","templated":true}]}}