{"id":341,"date":"2024-07-05T21:27:41","date_gmt":"2024-07-05T13:27:41","guid":{"rendered":"https:\/\/ruiqigo.com\/?post_type=product&#038;p=341"},"modified":"2024-09-26T17:43:03","modified_gmt":"2024-09-26T09:43:03","slug":"vitamin-c-body-lotion","status":"publish","type":"product","link":"https:\/\/www.ruiqigo.com\/it\/product\/vitamin-c-body-lotion","title":{"rendered":"Lozione corpo alla vitamina C"},"content":{"rendered":"<h2 class=\"wp-block-heading\">Produzione di lozione per il corpo alla vitamina C Formule comuni<\/h2>\n\n\n\n<p>L&#039;ingrediente principale di questa lozione per il corpo alla vitamina C \u00e8 l&#039;acido ascorbico (vitamina C), un potente antiossidante che neutralizza i radicali liberi, migliora l&#039;opacit\u00e0 e la pigmentazione e ripristina la luminosit\u00e0 della pelle. Inoltre, la formula contiene anche olio di semi di jojoba e tocoferoli e altri ingredienti nutrienti, in grado di idratare e nutrire in profondit\u00e0 la pelle, migliorare la secchezza e la ruvidit\u00e0 del problema, in modo che la pelle sia morbida e idratata.<\/p>\n\n\n\n<h2 class=\"wp-block-heading\">Lozione corpo alla vitamina C Scenari applicabili<\/h2>\n\n\n\n<p>Le lozioni corpo alla vitamina C sono un trattamento schiarente per tutto il giorno, perfetto per chi desidera schiarire la pelle e aumentarne la luminosit\u00e0 attraverso la cura della pelle. Nei mesi estivi caldi e secchi, fornisce un&#039;idratazione profonda alla pelle e ne migliora la lucentezza, l&#039;opacit\u00e0, la secchezza e la ruvidit\u00e0. Nei mesi invernali freddi e umidi, i suoi ricchi ingredienti nutrienti nutrono la pelle e alleviano il disagio cutaneo causato dal freddo. Oppure abbiamo altro <a href=\"https:\/\/www.ruiqigo.com\/it\/products\/body-lotion\/\">lozione per il corpo<\/a> opzioni tra cui scegliere.<\/p>\n\n\n\n<h2 class=\"wp-block-heading\">Per chi \u00e8 adatta la lozione per il corpo alla vitamina C?<\/h2>\n\n\n\n<p>Le lozioni per il corpo alla vitamina C sono adatte a utenti di tutte le et\u00e0. Per gli adolescenti, pu\u00f2 migliorare efficacemente l&#039;opacit\u00e0 della pelle, la ruvidit\u00e0 e altri problemi, in modo che la pelle riacquisti la sua lucentezza; per i gruppi di mezza et\u00e0 e anziani, \u00e8 ricco di ingredienti nutrienti per migliorare la secchezza causata dall&#039;invecchiamento, in modo che la pelle sia morbida e idratata; allo stesso tempo, \u00e8 adatto anche a coloro che amano fare attivit\u00e0 all&#039;aperto, in modo che la pelle goda sempre di una gamma completa di cure. Se hai altre esigenze, non esitare a saperne di pi\u00f9 su 3TOP <a href=\"https:\/\/www.ruiqigo.com\/it\/products\/body-care\/\">cura del corpo<\/a> prodotti.<\/p>\n\n\n\n<h2 class=\"wp-block-heading\">Processo di produzione della lozione per il corpo alla vitamina C<\/h2>\n\n\n\n<p>Ci\u00f2 che rende speciali le lozioni per il corpo alla vitamina C \u00e8 la loro formula antiossidante unica e la tecnologia di produzione avanzata. La selezione di derivati della vitamina C altamente stabili neutralizza efficacemente i radicali liberi e favorisce la schiaritura e la riparazione della pelle. L&#039;estrazione a freddo a bassa temperatura e la tecnologia di barriera all&#039;ossigeno vengono utilizzate nel processo di produzione per garantire che i principi attivi della vitamina C non vengano distrutti, integrando al contempo ingredienti idratanti come l&#039;acido ialuronico per ottenere un nutrimento profondo. Un rigoroso controllo di qualit\u00e0 e una formulazione senza additivi garantiscono la sicurezza e l&#039;efficienza del prodotto, che \u00e8 adatto a tutti i tipi di pelle. Se vuoi saperne di pi\u00f9, dai un&#039;occhiata ai relativi <a href=\"https:\/\/www.ruiqigo.com\/it\/body-lotion-manufacturer-elevating-skincare-standards.html\/\">lozione per il corpo <\/a>informazioni sulla produzione.<\/p>","protected":false},"excerpt":{"rendered":"Vitamin C body lotion manufacturing Common Formulas The core ingredient of this Vitamin C Body Lotion is Ascorbic Acid (Vitamin C), a powerful antioxidant that neutralizes free radicals, improves dullness and pigmentation, and restores skin&#8217;s radiance. In addition, the formula also contains jojoba seed oil and tocopherols and other nourishing ingredients, can deeply hydrate and [&hellip;]","protected":false},"featured_media":342,"menu_order":0,"template":"","meta":[],"product-tag":[],"products":[56],"class_list":["post-341","product","type-product","status-publish","has-post-thumbnail","hentry","products-body-lotion"],"acf":[],"_links":{"self":[{"href":"https:\/\/www.ruiqigo.com\/it\/wp-json\/wp\/v2\/product\/341","targetHints":{"allow":["GET"]}}],"collection":[{"href":"https:\/\/www.ruiqigo.com\/it\/wp-json\/wp\/v2\/product"}],"about":[{"href":"https:\/\/www.ruiqigo.com\/it\/wp-json\/wp\/v2\/types\/product"}],"version-history":[{"count":0,"href":"https:\/\/www.ruiqigo.com\/it\/wp-json\/wp\/v2\/product\/341\/revisions"}],"wp:featuredmedia":[{"embeddable":true,"href":"https:\/\/www.ruiqigo.com\/it\/wp-json\/wp\/v2\/media\/342"}],"wp:attachment":[{"href":"https:\/\/www.ruiqigo.com\/it\/wp-json\/wp\/v2\/media?parent=341"}],"wp:term":[{"taxonomy":"product-tag","embeddable":true,"href":"https:\/\/www.ruiqigo.com\/it\/wp-json\/wp\/v2\/product-tag?post=341"},{"taxonomy":"products","embeddable":true,"href":"https:\/\/www.ruiqigo.com\/it\/wp-json\/wp\/v2\/products?post=341"}],"curies":[{"name":"parola chiave","href":"https:\/\/api.w.org\/{rel}","templated":true}]}}