{"id":3453,"date":"2025-05-21T10:12:35","date_gmt":"2025-05-21T02:12:35","guid":{"rendered":"https:\/\/www.ruiqigo.com\/?post_type=product&#038;p=3453"},"modified":"2025-05-21T10:12:35","modified_gmt":"2025-05-21T02:12:35","slug":"oral-care-kit","status":"publish","type":"product","link":"https:\/\/www.ruiqigo.com\/it\/product\/oral-care-kit","title":{"rendered":"Kit per l&#039;igiene orale"},"content":{"rendered":"<h2 class=\"wp-block-heading\">Caratteristiche del kit per l&#039;igiene orale<\/h2>\n\n\n\n<p>Il kit per l&#039;igiene orale integra una variet\u00e0 di strumenti di base per la pulizia orale, tra cui spazzolini da denti, dentifricio, filo interdentale, ecc. La combinazione \u00e8 pratica e in grado di soddisfare le esigenze quotidiane di igiene orale completa. Tutti i componenti sono realizzati con materiali di qualit\u00e0 alimentare o di sicurezza medica, igienici, sani e adatti all&#039;uso a lungo termine. La confezione \u00e8 indipendente e comoda da riporre.<\/p>\n\n\n\n<p><strong>1. Una combinazione di vari strumenti per l&#039;igiene orale: <\/strong>Le configurazioni pi\u00f9 comuni includono spazzolini da denti, dentifricio, filo interdentale, collutorio, puliscilingua, ecc. Alcuni set possono anche essere personalizzati aggiungendo accessori come adesivi per i denti e gel per la pulizia dei denti.<\/p>\n\n\n\n<p><strong>2. Imballaggio portatile: <\/strong>I kit per l&#039;igiene orale sono solitamente realizzati in buste portatili, sacchetti sigillati o confezioni indipendenti, comode per viaggi, trasferte di lavoro o ricoveri ospedalieri.<\/p>\n\n\n\n<p><strong>3. Adattarsi alle diverse esigenze di igiene orale: <\/strong>Sono disponibili numerosi strumenti. Che si tratti di una semplice igiene orale o di una pulizia profonda, i kit per l&#039;igiene orale possono offrirti un&#039;esperienza positiva.<\/p>\n\n\n\n<p><strong>4. Sicurezza e igiene:<\/strong> Tutti gli accessori per la cura sono realizzati con materiali monouso o riutilizzabili, ma facili da pulire, sicuri e igienici e soddisfano gli standard e i requisiti dell&#039;assistenza medica o personale.<\/p>\n\n\n\n<h2 class=\"wp-block-heading\">Vantaggi del kit per l&#039;igiene orale<\/h2>\n\n\n\n<p>Il kit per l&#039;igiene orale consente una pulizia meticolosa grazie all&#039;abbinamento professionale, coprendo denti, spazi interdentali, rivestimento linguale e punti ciechi. \u00c8 altamente portatile, pratico e igienico, adatto all&#039;uso quotidiano e alla pulizia quotidiana. Il design complessivo tiene conto sia della funzionalit\u00e0 che dell&#039;esperienza, consentendo agli utenti di ottenere un&#039;igiene orale di alta qualit\u00e0 con un utilizzo semplice.<\/p>\n\n\n\n<p><strong>1. Un set per l&#039;igiene orale: <\/strong>Il kit per l&#039;igiene orale fornisce accessori di base e completi per l&#039;igiene orale, che consentono di risparmiare tempo negli acquisti e sono molto efficienti.<\/p>\n\n\n\n<p><strong>2. Facile da trasportare:<\/strong> Pu\u00f2 essere facilmente portato con s\u00e9 in viaggi di lavoro, spostamenti, ricoveri ospedalieri, attivit\u00e0 all&#039;aperto, ecc., per mantenere sempre un&#039;igiene orale ottimale e offrirti una soluzione completa per la cura orale.<\/p>\n\n\n\n<p><strong>3. Risparmio sui costi: <\/strong>Rispetto al tradizionale acquisto di pi\u00f9 strumenti per la cura singolarmente, il prezzo del set completo sar\u00e0 pi\u00f9 conveniente, il costo sar\u00e0 inferiore e sar\u00e0 pi\u00f9 conveniente.<\/p>\n\n\n\n<p><strong>4. Aiuta a sviluppare buone abitudini orali:<\/strong> Grazie alla combinazione integrata di strumenti per la cura orale, \u00e8 utile incoraggiare gli utenti ad adottare abitudini di igiene orale quotidiana e a promuovere la salute e l&#039;igiene orale.<\/p>\n\n\n\n<h2 class=\"wp-block-heading\">Kit per l&#039;igiene orale Gruppo target<\/h2>\n\n\n\n<p>Il kit per l&#039;igiene orale \u00e8 configurato in modo diverso a seconda delle fasce d&#039;et\u00e0 e delle esigenze di cura. La versione per bambini enfatizza sicurezza e delicatezza, mentre quella per adulti si concentra su potere pulente e controllo del respiro. Inoltre, questo prodotto pu\u00f2 essere adattato anche a chi porta l&#039;apparecchio ortodontico, a chi assiste i pazienti nel periodo post-operatorio, ecc., rendendolo una scelta ponderata per ogni tipo di utente.<\/p>\n\n\n\n<p><strong>1. Persone che necessitano di cure orali quotidiane:<\/strong> Persone di qualsiasi et\u00e0 che necessitano di cure orali quotidiane e che tengono alla salute orale.<\/p>\n\n\n\n<p><strong>2. Bambini e adolescenti: <\/strong>Modelli studiati appositamente per le gengive delicate dei bambini e degli adolescenti, per garantire la salute orale.<\/p>\n\n\n\n<p><strong>3. Ortodontisti: <\/strong>Dotato di spazzolini interdentali e stick di filo interdentale, adatto a persone sottoposte a correzione orale e che indossano apparecchi ortodontici.<\/p>\n\n\n\n<p><strong>4. Persone che viaggiano per lavoro: <\/strong>Quando si viaggia per lavoro, \u00e8 possibile portare con s\u00e9 un kit portatile per l&#039;igiene orale.<\/p>\n\n\n\n<h2 class=\"wp-block-heading\">Applicazioni del kit per l&#039;igiene orale<\/h2>\n\n\n\n<p>Il kit per l&#039;igiene orale \u00e8 adatto a molteplici scenari di vita e di lavoro, come l&#039;uso quotidiano a casa, i viaggi di lavoro, i kit per l&#039;assistenza medica, ecc.<\/p>\n\n\n\n<p><strong>1. Igiene orale domiciliare: <\/strong>Usalo ogni mattina e sera per sviluppare buone abitudini orali.<\/p>\n\n\n\n<p><strong>2. Informazioni essenziali per viaggi e viaggi d&#039;affari: <\/strong>facile da trasportare, essenziale per i viaggi.<\/p>\n\n\n\n<p><strong>3. Kit di assistenza medica: <\/strong>Pu\u00f2 aiutare a pulire la cavit\u00e0 orale durante le cure postoperatorie o durante il ricovero ospedaliero per prevenire infezioni batteriche.<\/p>\n\n\n\n<p><strong>4. Regali aziendali:<\/strong> Spesso utilizzato nelle attivit\u00e0 aziendali nei settori sanitario e medico.<\/p>\n\n\n\n<p><strong>5. Configurazione del kit di emergenza: <\/strong>Garantire un&#039;igiene orale di base durante le operazioni di soccorso in caso di calamit\u00e0 o durante le avventure all&#039;aria aperta.<\/p>\n\n\n\n<h2 class=\"wp-block-heading\">Come utilizzare il kit per l&#039;igiene orale<\/h2>\n\n\n\n<p>Il kit per l&#039;igiene orale \u00e8 molto semplice e intuitivo da usare. Gli utenti possono pulire l&#039;interno della bocca in sequenza, seguendo le procedure di igiene orale quotidiana, per completare il trattamento.<\/p>\n\n\n\n<p><strong>1. Lavatevi i denti una volta al mattino e una volta alla sera: <\/strong>Prendi lo spazzolino e il dentifricio, spremi una quantit\u00e0 di dentifricio pari a un pisello, spazzola i denti in diverse zone per 2-3 minuti e risciacqua la bocca dopo aver lavato i denti.<\/p>\n\n\n\n<p><strong>2. Utilizzare il filo interdentale o lo stick interdentale: <\/strong>Inserirlo delicatamente negli spazi tra i denti e tirarlo lentamente avanti e indietro per rimuovere la placca dentale.<\/p>\n\n\n\n<p><strong>3. Utilizzare gli spazzolini interdentali (se necessario): <\/strong>Inserirlo negli spazi tra i denti per pulire i residui negli spazi pi\u00f9 ampi, soluzione adatta a persone sottoposte a trattamenti ortodontici o con spazi pi\u00f9 ampi tra i denti.<\/p>\n\n\n\n<p><strong>4. Utilizzare un raschietto per pulire la patina linguale (se necessario): <\/strong>Raschia delicatamente la lingua per rimuovere lo sporco dall&#039;interno verso l&#039;esterno, per rinfrescare l&#039;alito.<\/p>\n\n\n\n<p><strong>5. Usa il collutorio: <\/strong>Versare una quantit\u00e0 adeguata di collutorio, fare dei gargarismi per 30 secondi e sputare; non \u00e8 necessario risciacquare con acqua.<\/p>\n\n\n\n<p><strong>Raccomandazione: <\/strong>Sostituisci regolarmente gli accessori monouso o facilmente consumabili, come spazzolini e filo interdentale, nel kit per l&#039;igiene orale.<\/p>\n\n\n\n<h2 class=\"wp-block-heading\">Conclusione<\/h2>\n\n\n\n<p>Con il ritmo accelerato della vita e la crescente consapevolezza della salute, l&#039;igiene orale non si limita pi\u00f9 alla stanza da bagno, ma \u00e8 diventata una parte importante della vita quotidiana. L&#039;applicabilit\u00e0 multi-scenario del kit per l&#039;igiene orale non solo aumenta la frequenza di utilizzo dei prodotti per l&#039;igiene orale, ma offre anche agli utenti una protezione igienica ottimale in diverse situazioni. \u00c8 una scelta ideale che coniuga praticit\u00e0 ed estetica.<\/p>","protected":false},"excerpt":{"rendered":"Oral Care Kit Features The oral care kit integrates a variety of basic oral cleaning tools, including toothbrushes, toothpaste, dental floss, etc. The combination is practical and can meet the daily comprehensive oral care needs. All components are supported by food-grade or medical safety materials, which are hygienic and healthy and suitable for long-term use. [&hellip;]","protected":false},"featured_media":3454,"menu_order":0,"template":"","meta":[],"product-tag":[],"products":[160],"class_list":["post-3453","product","type-product","status-publish","has-post-thumbnail","hentry","products-oral-care-kit"],"acf":[],"_links":{"self":[{"href":"https:\/\/www.ruiqigo.com\/it\/wp-json\/wp\/v2\/product\/3453","targetHints":{"allow":["GET"]}}],"collection":[{"href":"https:\/\/www.ruiqigo.com\/it\/wp-json\/wp\/v2\/product"}],"about":[{"href":"https:\/\/www.ruiqigo.com\/it\/wp-json\/wp\/v2\/types\/product"}],"version-history":[{"count":0,"href":"https:\/\/www.ruiqigo.com\/it\/wp-json\/wp\/v2\/product\/3453\/revisions"}],"wp:featuredmedia":[{"embeddable":true,"href":"https:\/\/www.ruiqigo.com\/it\/wp-json\/wp\/v2\/media\/3454"}],"wp:attachment":[{"href":"https:\/\/www.ruiqigo.com\/it\/wp-json\/wp\/v2\/media?parent=3453"}],"wp:term":[{"taxonomy":"product-tag","embeddable":true,"href":"https:\/\/www.ruiqigo.com\/it\/wp-json\/wp\/v2\/product-tag?post=3453"},{"taxonomy":"products","embeddable":true,"href":"https:\/\/www.ruiqigo.com\/it\/wp-json\/wp\/v2\/products?post=3453"}],"curies":[{"name":"parola chiave","href":"https:\/\/api.w.org\/{rel}","templated":true}]}}