{"id":3463,"date":"2025-05-21T15:46:41","date_gmt":"2025-05-21T07:46:41","guid":{"rendered":"https:\/\/www.ruiqigo.com\/?post_type=product&#038;p=3463"},"modified":"2025-05-21T15:46:41","modified_gmt":"2025-05-21T07:46:41","slug":"natural-hair-mousse","status":"publish","type":"product","link":"https:\/\/www.ruiqigo.com\/it\/product\/natural-hair-mousse","title":{"rendered":"Mousse per capelli naturali"},"content":{"rendered":"<h2 class=\"wp-block-heading\">Formule comuni per la produzione di mousse per capelli naturali<\/h2>\n\n\n\n<p>3TOP&#039;s Natural si impegna a selezionare ingredienti di origine vegetale sicuri, delicati ed efficaci, privi di olio di silicone, profumi sintetici, ecc., per proteggere la salute di capelli e cuoio capelluto durante lo styling. La formula comune della mousse per capelli naturale incorpora una variet\u00e0 di principi attivi vegetali con funzioni riparatrici, nutrienti e antiossidanti, aiutando a creare un look fresco e naturale e a migliorare la resistenza dei capelli.<\/p>\n\n\n\n<p><strong>1. Gomma xantana: <\/strong>La gomma di xantano viene estratta dalla fermentazione delle piante e pu\u00f2 fornire un potere modellante da leggero a moderato, aumentando l&#039;elasticit\u00e0 e la sofficit\u00e0 dei capelli.<\/p>\n\n\n\n<p><strong>2. Olio di cocco: <\/strong>L&#039;olio di cocco \u00e8 ricco di acidi grassi a catena media, come l&#039;acido laurico, che possono penetrare in profondit\u00e0 nel fusto del capello, riparare le squame danneggiate, prevenire la perdita di proteine e rendere i capelli lisci e forti.<\/p>\n\n\n\n<p><strong>3. Glicerina: <\/strong>La glicerina \u00e8 un idratante naturale in grado di assorbire l&#039;umidit\u00e0 dall&#039;aria e di trattenere l&#039;idratazione nei capelli, contribuendo a prevenire la secchezza dei capelli e a mantenere la consistenza morbida della schiuma e l&#039;elasticit\u00e0 dei capelli.<\/p>\n\n\n\n<p><strong>4. Succo di Aloe Vera: <\/strong>Il succo di aloe vera \u00e8 anche un idratante naturale che lenisce il cuoio capelluto, riduce arrossamenti e prurito e ripara i capelli danneggiati. Allo stesso tempo, pu\u00f2 aiutare a trattenere l&#039;idratazione e a mantenere i capelli morbidi durante lo styling.<\/p>\n\n\n\n<p><strong>5. Burro di karit\u00e9: <\/strong>Il burro di karit\u00e9 \u00e8 ricco di acidi grassi e vitamina E e ha forti propriet\u00e0 idratanti e antiossidanti. Pu\u00f2 formare una barriera naturale sulla superficie dei capelli, proteggerli dai danni causati dagli strumenti a caldo e controllare efficacemente l&#039;effetto crespo e l&#039;elettricit\u00e0 statica.<\/p>\n\n\n\n<h2 class=\"wp-block-heading\">Le funzioni della mousse naturale per capelli<\/h2>\n\n\n\n<p>La Mousse per Capelli Naturali segue il principio di &quot;leggerezza e multi-effetto&quot; ed \u00e8 pensata per uno styling e una cura naturali dei capelli. Che si tratti di capelli lisci, ricci, corti o lunghi, puoi creare un&#039;acconciatura ideale, prendendoti cura della salute generale dei tuoi capelli.<\/p>\n\n\n\n<p><strong>1. Forte potere fissativo: <\/strong>Grazie all&#039;attivit\u00e0 delle piante e ai polimeri delicati che consentono di ottenere una piega flessibile, l&#039;acconciatura risulta pi\u00f9 naturale, non rigida o grumosa, adatta allo styling quotidiano e alla modifica naturale dei ricci.<\/p>\n\n\n\n<p><strong>2. Texture leggera:<\/strong> La mousse naturale per capelli ha una schiuma fine e uniforme, \u00e8 leggera al tatto, penetra rapidamente nella fibra capillare, non ostruisce i pori, non lascia grumi ed \u00e8 adatta per l&#039;uso quotidiano.<\/p>\n\n\n\n<p><strong>3. Trattiene l&#039;idratazione e idrata, anti-crespo:<\/strong> La mousse naturale per capelli aggiunge molteplici ingredienti idratanti naturali per formare una pellicola d&#039;acqua invisibile all&#039;esterno del capello, combattendo efficacemente l&#039;elettricit\u00e0 statica, la secchezza e l&#039;effetto crespo, rendendo i capelli morbidi, lucenti e lisci.<\/p>\n\n\n\n<p><strong>4. Delicato sulla pelle e non irritante:<\/strong> Non contiene alcol, profumi artificiali, conservanti allergenici comuni, ecc. Aiuta a prevenire arrossamenti e desquamazione del cuoio capelluto e pu\u00f2 essere utilizzato con sicurezza dalle persone sensibili.<\/p>\n\n\n\n<p><strong>5. Nessun residuo, facile da risciacquare: <\/strong>La mousse naturale per capelli non aderisce facilmente al cuoio capelluto e alle squame dei capelli e pu\u00f2 essere rimossa facilmente dopo lo shampoo, cos\u00ec puoi mantenere i tuoi capelli freschi e senza appesantirli senza usare prodotti detergenti aggressivi.<\/p>\n\n\n\n<h2 class=\"wp-block-heading\">Come usare la mousse naturale per capelli<\/h2>\n\n\n\n<p>Usare una mousse naturale per capelli \u00e8 semplicissimo. Basta seguire i passaggi qui sotto dopo lo shampoo.<\/p>\n\n\n\n<p><strong>1. Lava i capelli: <\/strong>Per lavare i capelli, usa uno shampoo delicato e non irritante, assicurandoti che siano puliti e sgrassati.<\/p>\n\n\n\n<p><strong>2. Asciuga i capelli: <\/strong>Asciuga delicatamente i capelli con un asciugamano asciutto, lasciandoli leggermente umidi.<\/p>\n\n\n\n<p><strong>3. Utilizzare il prodotto: <\/strong>Agitare bene la bottiglia di mousse e spruzzare sulle mani una quantit\u00e0 adeguata di schiuma (circa la dimensione di un uovo).<\/p>\n\n\n\n<p><strong>4. Applicare uniformemente:<\/strong> Applicare la schiuma in modo uniforme sui capelli, dalle radici alle punte, assicurandosi di coprire ogni parte.<\/p>\n\n\n\n<p><strong>5. Stile: <\/strong>Per completare l&#039;acconciatura, se necessario, utilizzare un asciugacapelli o lasciare asciugare all&#039;aria.<\/p>\n\n\n\n<h2 class=\"wp-block-heading\">Attenzione<\/h2>\n\n\n\n<p><strong>1. Test allergologico:<\/strong> Prima del primo utilizzo, testare il prodotto su una piccola area dietro l&#039;orecchio o all&#039;interno del polso per escludere eventuali reazioni allergiche.<\/p>\n\n\n\n<p><strong>2. Evitare l&#039;uso eccessivo: <\/strong>L&#039;uso eccessivo di mousse naturali per capelli pu\u00f2 appesantire i capelli e comprometterne la naturale sensazione di morbidezza.<\/p>\n\n\n\n<p><strong>3. Evitare il contatto con gli occhi:<\/strong> Evitare il contatto con gli occhi durante l&#039;uso. In caso di contatto accidentale con gli occhi, sciacquare immediatamente con acqua pulita.<\/p>\n\n\n\n<p><strong>4. Tenere lontano dalla portata dei bambini: <\/strong>Per evitare un uso improprio, tenere il prodotto fuori dalla portata dei bambini.<\/p>\n\n\n\n<p><strong>5. Conservare in un luogo fresco:<\/strong> Per evitare rischi per la sicurezza, conservare il prodotto in un ambiente lontano dalla luce solare diretta e dalle alte temperature.<\/p>\n\n\n\n<h2 class=\"wp-block-heading\">Conclusione<\/h2>\n\n\n\n<p>La mousse naturale per capelli \u00e8 diventata un prodotto ideale per lo styling dei capelli grazie ai suoi ingredienti naturali, all&#039;eccellente effetto styling e ai molteplici benefici per la cura dei capelli. Che si tratti di un uso quotidiano o di uno styling professionale, offre ai clienti un&#039;esperienza di styling sana, naturale e duratura.<\/p>","protected":false},"excerpt":{"rendered":"Natural Hair Mousse Manufacturing Common Formulas 3TOP&#8217;s natural is committed to selecting safe, gentle, and effective plant-derived ingredients that do not contain silicone oil, synthetic fragrances, etc., to protect the health of hair and scalp while styling. The common formula of natural hair mousse incorporates a variety of plant active ingredients with repairing, nourishing, and [&hellip;]","protected":false},"featured_media":3464,"menu_order":0,"template":"","meta":[],"product-tag":[],"products":[165],"class_list":["post-3463","product","type-product","status-publish","has-post-thumbnail","hentry","products-hair-mousse"],"acf":[],"_links":{"self":[{"href":"https:\/\/www.ruiqigo.com\/it\/wp-json\/wp\/v2\/product\/3463","targetHints":{"allow":["GET"]}}],"collection":[{"href":"https:\/\/www.ruiqigo.com\/it\/wp-json\/wp\/v2\/product"}],"about":[{"href":"https:\/\/www.ruiqigo.com\/it\/wp-json\/wp\/v2\/types\/product"}],"version-history":[{"count":0,"href":"https:\/\/www.ruiqigo.com\/it\/wp-json\/wp\/v2\/product\/3463\/revisions"}],"wp:featuredmedia":[{"embeddable":true,"href":"https:\/\/www.ruiqigo.com\/it\/wp-json\/wp\/v2\/media\/3464"}],"wp:attachment":[{"href":"https:\/\/www.ruiqigo.com\/it\/wp-json\/wp\/v2\/media?parent=3463"}],"wp:term":[{"taxonomy":"product-tag","embeddable":true,"href":"https:\/\/www.ruiqigo.com\/it\/wp-json\/wp\/v2\/product-tag?post=3463"},{"taxonomy":"products","embeddable":true,"href":"https:\/\/www.ruiqigo.com\/it\/wp-json\/wp\/v2\/products?post=3463"}],"curies":[{"name":"parola chiave","href":"https:\/\/api.w.org\/{rel}","templated":true}]}}