{"id":3468,"date":"2025-05-22T11:45:22","date_gmt":"2025-05-22T03:45:22","guid":{"rendered":"https:\/\/www.ruiqigo.com\/?post_type=product&#038;p=3468"},"modified":"2025-05-22T17:49:34","modified_gmt":"2025-05-22T09:49:34","slug":"lavender-laundry-detergent","status":"publish","type":"product","link":"https:\/\/www.ruiqigo.com\/it\/product\/lavender-laundry-detergent","title":{"rendered":"Detersivo per bucato alla lavanda"},"content":{"rendered":"<h2 class=\"wp-block-heading\">Formule comuni per la produzione di detersivo per bucato alla lavanda<\/h2>\n\n\n\n<p>In qualit\u00e0 di fornitore professionale di detersivi per il bucato, selezioniamo tensioattivi delicati e non irritanti, oli essenziali vegetali naturali e additivi multifunzionali per ottenere i tre effetti principali: potente pulizia, protezione e ammorbidente del colore e fragranza di lunga durata, soddisfacendo cos\u00ec la duplice esigenza degli utenti di potenza di lavaggio e protezione degli indumenti.<\/p>\n\n\n\n<p><strong>1. Olio essenziale di lavanda: <\/strong>L&#039;olio essenziale di lavanda, estratto naturalmente, ha propriet\u00e0 aromatiche che leniscono il corpo e la mente. Dopo essersi attaccato alle fibre dei vestiti, pu\u00f2 rilasciare una fragranza naturale di lunga durata, ha un effetto antibatterico e migliora la pulizia e il comfort degli abiti.<\/p>\n\n\n\n<p><strong>2. Complesso enzimatico naturale:<\/strong> Decompone le macchie di proteine, amido e grasso attraverso enzimi biologici. \u00c8 particolarmente indicato per trattare lo sporco quotidiano comune, come macchie di sudore e macchie di cibo, e per ridurre lo sfregamento ripetuto sui tessuti.<\/p>\n\n\n\n<p><strong>3. Cocamidopropil Betaina:<\/strong> Derivato dall&#039;olio di cocco naturale, \u00e8 un tensioattivo non ionico delicato che pu\u00f2 emulsionare efficacemente le macchie d&#039;olio e migliorare il potere pulente. Allo stesso tempo, \u00e8 molto delicato sulla pelle e sui tessuti e non danneggia i vestiti.<\/p>\n\n\n\n<p><strong>4. Policarbossilato di sodio: <\/strong>Questo ingrediente pu\u00f2 addolcire l&#039;acqua e impedire il deposito di ioni di calcio e magnesio, impedire che i vestiti diventino duri, rimuovere i residui di lavaggio e contribuire a prolungare la durata dei vestiti.<\/p>\n\n\n\n<h2 class=\"wp-block-heading\">Le funzioni del detersivo per bucato alla lavanda<\/h2>\n\n\n\n<p>Il detersivo per bucato alla lavanda \u00e8 diventato la prima scelta per i clienti di molti settori grazie alla sua eccellente capacit\u00e0 pulente, alla delicata azione detergente e alla fragranza naturale. Che si tratti del lavaggio e della cura quotidiana della casa o della pulizia della biancheria d&#039;albergo, questo prodotto soddisfa diverse esigenze di lavaggio di alto livello grazie ai suoi vantaggi, come la bassa formazione di schiuma, la facilit\u00e0 di risciacquo, la sicurezza e la tutela dell&#039;ambiente, e realizza un effetto &quot;tre in uno&quot; di pulizia, cura dei capi e profumazione.<\/p>\n\n\n\n<p><strong>1. Rimozione efficace delle macchie: <\/strong>Il detersivo per bucato alla lavanda utilizza potenti fattori attivi smacchiatori, che possono penetrare in profondit\u00e0 nelle fibre per sciogliere le macchie ostinate, tra cui macchie di sudore, macchie d&#039;olio, ecc. Ha eccellenti prestazioni di pulizia e pu\u00f2 migliorare notevolmente l&#039;efficienza del lavaggio.<\/p>\n\n\n\n<p><strong>2. Bassa schiuma e facile risciacquo:<\/strong> La formula a bassa schiuma del detersivo per bucato alla lavanda \u00e8 adatta a tutti i tipi di lavatrice. Produce una schiuma moderata durante il lavaggio, non lascia residui e facilita il risciacquo, consentendo un risparmio di acqua ed elettricit\u00e0 e migliorando l&#039;efficienza complessiva.<\/p>\n\n\n\n<p><strong>3. Fragranza naturale:<\/strong> La fragranza naturale di lavanda \u00e8 fresca e rilassante, non pungente, e i vestiti mantengono una fragranza duratura dopo il lavaggio. \u00c8 adatto per la cura della mamma e del bambino, il lavaggio dei vestiti e altre occasioni.<\/p>\n\n\n\n<p><strong>4. Ecologico e non irritante:<\/strong> Il detersivo per bucato alla lavanda non contiene ingredienti nocivi come fosforo e sbiancanti fluorescenti, e soddisfa gli standard di lavaggio e cura ecocompatibili. Questo prodotto \u00e8 stato testato per le irritazioni cutanee, \u00e8 ipoallergenico e delicato, ed \u00e8 adatto a persone con pelle sensibile.<\/p>\n\n\n\n<p><strong>5. Cura delicata degli indumenti:<\/strong> Alla formula vengono aggiunti ingredienti ammorbidenti che proteggono le fibre dei vestiti durante la pulizia delle macchie, prolungano la durata dei vestiti e ne prevengono lo scolorimento, la deformazione e il restringimento.<\/p>\n\n\n\n<h2 class=\"wp-block-heading\">Come usare il detersivo per bucato alla lavanda<\/h2>\n\n\n\n<p><strong>1. Lavaggio in lavatrice: <\/strong>Aggiungere una quantit\u00e0 adeguata di detersivo in base alla capacit\u00e0 della lavatrice e al grado di sporco dei vestiti, solitamente 30-50 ml\/volta, che pu\u00f2 essere versato direttamente nella vaschetta del detersivo o mescolato con acqua prima dell&#039;uso.<\/p>\n\n\n\n<p><strong>2. Lavaggio delle mani: <\/strong>Aggiungere 5-10 ml di detersivo per bucato a 1 litro d&#039;acqua, diluire e mescolare uniformemente, lasciare in ammollo i vestiti per 5 minuti, quindi strofinare delicatamente e risciacquare abbondantemente con acqua pulita.<\/p>\n\n\n\n<p><strong>Raccomandazione: <\/strong>Pu\u00f2 essere utilizzato con l&#039;ammorbidente per aumentare la morbidezza del tessuto e la persistenza della fragranza.<\/p>\n\n\n\n<h2 class=\"wp-block-heading\">Attenzione<\/h2>\n\n\n\n<p><strong>1. Evitare di mescolare con altri detersivi: <\/strong>La miscelazione con altri prodotti detergenti altamente alcalini o contenenti cloro pu\u00f2 compromettere l&#039;efficacia del lavaggio o causare reazioni chimiche non necessarie. Si consiglia di utilizzare questo prodotto da solo.<\/p>\n\n\n\n<p><strong>2. Non versare direttamente sui vestiti: <\/strong>Per evitare che il detersivo concentrato per bucato lasci segni sulla superficie dei vestiti, diluirlo prima dell&#039;uso o distribuirlo uniformemente nell&#039;acqua prima di aggiungerlo ai vestiti.<\/p>\n\n\n\n<p><strong>3. Evitare la luce solare diretta: <\/strong>Si prega di chiudere ermeticamente il prodotto e di conservarlo in un luogo fresco e asciutto per evitare che gli ingredienti si deteriorino o che la fragranza si volatilizzi.<\/p>\n\n\n\n<p><strong>4. Tenere lontano dalla portata dei bambini:<\/strong> Per evitare che i bambini ingeriscano accidentalmente il prodotto o che gli entri in contatto con gli occhi, tenerlo fuori dalla loro portata e richiudere il tappo del flacone in tempo dopo l&#039;uso.<\/p>\n\n\n\n<h2 class=\"wp-block-heading\">Conclusione<\/h2>\n\n\n\n<p>Il detersivo per bucato alla lavanda \u00e8 un detersivo efficace, con un profondo potere pulente e una fragranza naturale, ampiamente utilizzato per il lavaggio quotidiano di indumenti, biancheria da letto d&#039;albergo e altri usi. Grazie ai suoi molteplici vantaggi, come la delicata protezione dei vestiti e la pulizia efficace, soddisfa le esigenze di lavaggio di chi lo utilizza, garantendo efficienza e sicurezza, ed \u00e8 la scelta ideale per chi desidera una pulizia profonda e di qualit\u00e0.<\/p>","protected":false},"excerpt":{"rendered":"Lavender Laundry Detergent Manufacturing Common Formulas As a professional laundry detergent supplier, we select mild and non-irritating surfactants, natural plant essential oils and multifunctional additives to achieve the three major effects of powerful cleaning, color protection and softening, and long-lasting fragrance, meeting users&#8217; dual needs for washing power and clothing protection. 1. Lavender essential oil: [&hellip;]","protected":false},"featured_media":3469,"menu_order":0,"template":"","meta":[],"product-tag":[],"products":[180],"class_list":["post-3468","product","type-product","status-publish","has-post-thumbnail","hentry","products-laundry-detergent"],"acf":[],"_links":{"self":[{"href":"https:\/\/www.ruiqigo.com\/it\/wp-json\/wp\/v2\/product\/3468","targetHints":{"allow":["GET"]}}],"collection":[{"href":"https:\/\/www.ruiqigo.com\/it\/wp-json\/wp\/v2\/product"}],"about":[{"href":"https:\/\/www.ruiqigo.com\/it\/wp-json\/wp\/v2\/types\/product"}],"version-history":[{"count":0,"href":"https:\/\/www.ruiqigo.com\/it\/wp-json\/wp\/v2\/product\/3468\/revisions"}],"wp:featuredmedia":[{"embeddable":true,"href":"https:\/\/www.ruiqigo.com\/it\/wp-json\/wp\/v2\/media\/3469"}],"wp:attachment":[{"href":"https:\/\/www.ruiqigo.com\/it\/wp-json\/wp\/v2\/media?parent=3468"}],"wp:term":[{"taxonomy":"product-tag","embeddable":true,"href":"https:\/\/www.ruiqigo.com\/it\/wp-json\/wp\/v2\/product-tag?post=3468"},{"taxonomy":"products","embeddable":true,"href":"https:\/\/www.ruiqigo.com\/it\/wp-json\/wp\/v2\/products?post=3468"}],"curies":[{"name":"parola chiave","href":"https:\/\/api.w.org\/{rel}","templated":true}]}}