{"id":3479,"date":"2025-05-22T17:45:04","date_gmt":"2025-05-22T09:45:04","guid":{"rendered":"https:\/\/www.ruiqigo.com\/?post_type=product&#038;p=3479"},"modified":"2025-05-22T16:53:37","modified_gmt":"2025-05-22T08:53:37","slug":"spray-glass-cleaner","status":"publish","type":"product","link":"https:\/\/www.ruiqigo.com\/it\/product\/spray-glass-cleaner","title":{"rendered":"Spray detergente per vetri"},"content":{"rendered":"<h2 class=\"wp-block-heading\">Formulazioni comuni per la produzione di detergenti spray per vetri<\/h2>\n\n\n\n<p>Il detergente spray per vetri che produciamo utilizza una formula ecologica che non contiene ammoniaca, combinata con una variet\u00e0 di tensioattivi, solventi naturali, etanolo e additivi volatili per migliorare sinergicamente l&#039;efficacia pulente e l&#039;asciugatura rapida. Non corrode il vetro dopo l&#039;uso e non lascia residui dopo la pulizia, ed \u00e8 adatto all&#039;uso su una variet\u00e0 di materiali in vetro e specchio.<\/p>\n\n\n\n<p><strong>1. Tensioattivo non ionico: <\/strong>Si tratta di un ingrediente detergente delicato ed efficace che riesce a avvolgere e decomporre rapidamente macchie e grasso, riducendo l&#039;accumulo di schiuma durante il processo di pulizia, migliorando l&#039;efficacia della pulizia ed \u00e8 adatto per la pulizia rapida di ampie superfici.<\/p>\n\n\n\n<p><strong>2. Solvente citrato naturale: <\/strong>Si tratta di un solvente sicuro derivato da oli vegetali naturali. Pu\u00f2 decomporre efficacemente pellicole oleose e incrostazioni ostinate senza corrodere la superficie del vetro. \u00c8 un ingrediente ideale che tiene conto sia della tutela ambientale che delle prestazioni.<\/p>\n\n\n\n<p><strong>3. Etanolo:<\/strong> L&#039;etanolo ha la caratteristica di evaporare rapidamente. Dopo l&#039;uso, pu\u00f2 aiutare la superficie del vetro ad asciugarsi rapidamente senza lasciare aloni o aloni. Allo stesso tempo, grazie al suo leggero effetto disinfettante, garantisce efficacemente l&#039;igiene della superficie del vetro.<\/p>\n\n\n\n<p><strong>4. Acqua deionizzata: <\/strong>Pu\u00f2 ridurre il contenuto di minerali nell&#039;acqua, prevenire la formazione di macchie d&#039;acqua dopo la pulizia e garantire che il vetro sia liscio e trasparente.<\/p>\n\n\n\n<h2 class=\"wp-block-heading\">Le funzioni del detergente spray per vetri<\/h2>\n\n\n\n<p><strong>1. Formula ecologica senza ammoniaca:<\/strong> Il detergente spray per vetri non contiene ingredienti irritanti come ammoniaca e candeggina, non ha odori pungenti, \u00e8 amico del corpo umano ed \u00e8 adatto alla pulizia di ambienti chiusi.<\/p>\n\n\n\n<p><strong>2. Scioglie rapidamente macchie e residui di impronte digitali: <\/strong>Il detergente spray per vetri \u00e8 formulato appositamente con tensioattivi e solventi leggeri, in grado di penetrare rapidamente e decomporre macchie d&#039;olio, macchie di fumo e impronte digitali ostinate sulla superficie del vetro, facilitando la pulizia e riducendone i tempi.<\/p>\n\n\n\n<p><strong>3. Asciugatura rapida e bassi residui:<\/strong> Adotta una formula a base di etanolo ad asciugatura rapida, che evapora entro pochi secondi dall&#039;applicazione. La superficie non si macchia di polvere o graffi ed \u00e8 adatta all&#039;uso in vetrine e altri ambienti.<\/p>\n\n\n\n<p><strong>4. Forte potere pulente: <\/strong>Lo spruzzo \u00e8 uniforme e lo sporco viene rimosso completamente. Non lascia residui sulla superficie del vetro dopo la pulizia, il che migliora notevolmente l&#039;efficacia della pulizia ed \u00e8 ideale per pulizie frequenti.<\/p>\n\n\n\n<p><strong>5. Adattamento multiuso, conveniente: <\/strong>Il detergente spray per vetri non \u00e8 adatto solo alle superfici in vetro, ma pu\u00f2 essere utilizzato anche per specchi, piastrelle lisce, superfici in acciaio inossidabile, ecc., con un elevato rapporto qualit\u00e0-prezzo.<\/p>\n\n\n\n<h2 class=\"wp-block-heading\">Come usare lo spray detergente per vetri<\/h2>\n\n\n\n<p>1. Ruotare l&#039;ugello in modalit\u00e0 &quot;spruzzo&quot; e puntarlo sulla superficie del vetro o dello specchio.<\/p>\n\n\n\n<p>2. Spruzzare uniformemente una quantit\u00e0 adeguata di detersivo, mantenendo una distanza consigliata di 20-30 cm.<\/p>\n\n\n\n<p>3. Pulire con un panno pulito e privo di lanugine o con un tovagliolo di carta fino a quando la superficie non risulta pulita e fresca.<\/p>\n\n\n\n<p>4. In caso di macchie ostinate, ripetere l&#039;operazione una o due volte fino al completamento della pulizia.<\/p>\n\n\n\n<h2 class=\"wp-block-heading\">Attenzione<\/h2>\n\n\n\n<p><strong>1. Non utilizzare su legno non sigillato o superfici porose: <\/strong>Questo prodotto \u00e8 adatto alle superfici non assorbenti e non \u00e8 adatto alla spruzzatura su materiali assorbenti come mobili in legno o pietra, per evitare scolorimenti o deterioramenti causati dalla penetrazione.<\/p>\n\n\n\n<p><strong>2. Chiudere subito l&#039;ugello dopo l&#039;uso: <\/strong>Dopo l&#039;uso, ruotare l&#039;ugello in posizione chiusa per evitare la perdita di componenti volatili e garantire l&#039;efficacia del successivo utilizzo.<\/p>\n\n\n\n<p><strong>3. Non mescolare con detergenti fortemente acidi o alcalini: <\/strong>Evitare di mescolare con altri detergenti altamente corrosivi o fortemente acidi o alcalini per prevenire reazioni chimiche o danni alla superficie del vetro.<\/p>\n\n\n\n<h2 class=\"wp-block-heading\">Conclusione<\/h2>\n\n\n\n<p>Il detergente spray per vetri \u00e8 la scelta affidabile per una pulizia efficiente delle superfici in vetro. Grazie alla sua formula di alta qualit\u00e0, ad asciugatura rapida e senza tracce, e all&#039;ampia adattabilit\u00e0 a una variet\u00e0 di materiali, \u00e8 ampiamente utilizzato in case, hotel, supermercati e altri settori, contribuendo a migliorare l&#039;efficienza della pulizia dei vetri e a creare uno spazio visivo pulito e luminoso.<\/p>","protected":false},"excerpt":{"rendered":"Spray Glass Cleaner Manufacturing Common Formulas The spray glass cleaner we manufacture uses an environmentally friendly formula that does not contain ammonia, combined with a variety of surfactants, natural solvents, ethanol and volatile additives to synergistically enhance cleaning power and quick-drying effects. It will not corrode the glass after use, and there will be no [&hellip;]","protected":false},"featured_media":3481,"menu_order":0,"template":"","meta":[],"product-tag":[],"products":[182],"class_list":["post-3479","product","type-product","status-publish","has-post-thumbnail","hentry","products-glass-cleaner"],"acf":[],"_links":{"self":[{"href":"https:\/\/www.ruiqigo.com\/it\/wp-json\/wp\/v2\/product\/3479","targetHints":{"allow":["GET"]}}],"collection":[{"href":"https:\/\/www.ruiqigo.com\/it\/wp-json\/wp\/v2\/product"}],"about":[{"href":"https:\/\/www.ruiqigo.com\/it\/wp-json\/wp\/v2\/types\/product"}],"version-history":[{"count":0,"href":"https:\/\/www.ruiqigo.com\/it\/wp-json\/wp\/v2\/product\/3479\/revisions"}],"wp:featuredmedia":[{"embeddable":true,"href":"https:\/\/www.ruiqigo.com\/it\/wp-json\/wp\/v2\/media\/3481"}],"wp:attachment":[{"href":"https:\/\/www.ruiqigo.com\/it\/wp-json\/wp\/v2\/media?parent=3479"}],"wp:term":[{"taxonomy":"product-tag","embeddable":true,"href":"https:\/\/www.ruiqigo.com\/it\/wp-json\/wp\/v2\/product-tag?post=3479"},{"taxonomy":"products","embeddable":true,"href":"https:\/\/www.ruiqigo.com\/it\/wp-json\/wp\/v2\/products?post=3479"}],"curies":[{"name":"parola chiave","href":"https:\/\/api.w.org\/{rel}","templated":true}]}}