{"id":3486,"date":"2025-05-28T17:18:28","date_gmt":"2025-05-28T09:18:28","guid":{"rendered":"https:\/\/www.ruiqigo.com\/?post_type=product&#038;p=3486"},"modified":"2025-05-28T11:19:22","modified_gmt":"2025-05-28T03:19:22","slug":"laser-hair-comb","status":"publish","type":"product","link":"https:\/\/www.ruiqigo.com\/it\/product\/laser-hair-comb","title":{"rendered":"Pettine laser per capelli"},"content":{"rendered":"<h2 class=\"wp-block-heading\">Caratteristiche del pettine laser per capelli<\/h2>\n\n\n\n<p>Il pettine laser \u00e8 un prodotto intelligente per la cura dei capelli che integra trattamento e massaggio. Utilizza la tecnologia LLLT per stimolare l&#039;attivit\u00e0 dei follicoli piliferi, migliorare la microcircolazione del cuoio capelluto e promuovere una crescita sana dei capelli.<\/p>\n\n\n\n<p><strong>1. Laser a bassa energia: <\/strong>Il laser a bassa energia utilizzato dal pettine laser per capelli pu\u00f2 stimolare i follicoli piliferi e migliorare la vitalit\u00e0 del cuoio capelluto.<\/p>\n\n\n\n<p><strong>2. Compatto e portatile: <\/strong>Il pettine laser per capelli \u00e8 leggero ed ergonomico, perfetto per l&#039;uso portatile, risultando molto comodo per l&#039;uso quotidiano e per il trasporto.<\/p>\n\n\n\n<p><strong>3. Ricarica comoda: <\/strong>Questo prodotto \u00e8 dotato di una batteria al litio ricaricabile integrata e supporta due metodi di ricarica: USB o tramite docking station. Non dovrai pi\u00f9 preoccuparti di rimanere senza batteria quando sei fuori casa.<\/p>\n\n\n\n<p><strong>4. Funzionamento semplice: <\/strong>Il pettine laser per capelli si utilizza con un solo pulsante, il che \u00e8 semplicissimo. Dispone di una funzione di regolazione dell&#039;intensit\u00e0 multilivello, che pu\u00f2 essere adattata alle esigenze individuali dell&#039;utente.<\/p>\n\n\n\n<h2 class=\"wp-block-heading\">Vantaggi del pettine laser per capelli<\/h2>\n\n\n\n<p>Rispetto ai comuni pettini o massaggiatori, i pettini laser per capelli offrono vantaggi significativi in termini di tecnologia e funzionalit\u00e0. Non solo possono pettinare fisicamente i capelli, ma possono anche agire direttamente sugli strati profondi del cuoio capelluto attraverso laser a lunghezze d&#039;onda specifiche, favorendo la circolazione sanguigna e ritardando l&#039;atrofia dei follicoli piliferi. Questa tecnologia non invasiva \u00e8 adatta all&#039;uso a lungo termine e pu\u00f2 apportare miglioramenti aggiuntivi per problemi come diradamento, scarsa qualit\u00e0 dei capelli e caduta.<\/p>\n\n\n\n<p><strong>1. Tecnologia di cura laser: <\/strong>Questo prodotto utilizza un laser a bassa energia con lunghezza d&#039;onda di 650 nm per attivare in profondit\u00e0 le cellule dei follicoli piliferi, riparando e curando i capelli in modo sicuro ed efficiente.<\/p>\n\n\n\n<p><strong>2. Funzionamento comodo e intelligente: <\/strong>Il pettine laser per capelli \u00e8 molto comodo da usare, si avvia con un solo pulsante, non ha soglie di funzionamento ed \u00e8 dotato di funzioni quali la regolazione del tempo e dell&#039;intensit\u00e0, rendendolo pi\u00f9 flessibile da usare.<\/p>\n\n\n\n<p><strong>3. Alleviare i problemi di caduta dei capelli: <\/strong>L&#039;uso prolungato del pettine laser per capelli pu\u00f2 aiutare a ridurre la caduta dei capelli, a regolare i follicoli piliferi e a favorire la crescita di nuovi capelli.<\/p>\n\n\n\n<p><strong>4. Favorisce la circolazione sanguigna del cuoio capelluto: <\/strong>L&#039;uso del pettine laser per capelli pu\u00f2 migliorare la microcircolazione del cuoio capelluto e aiutare i follicoli piliferi a ricevere pi\u00f9 nutrienti.<\/p>\n\n\n\n<h2 class=\"wp-block-heading\">Gruppo target del pettine laser per capelli<\/h2>\n\n\n\n<p>Il pettine laser \u00e8 pensato principalmente per chi ha bisogno di prendersi cura dei capelli, soprattutto per chi soffre di caduta dei capelli ed \u00e8 preoccupato per la salute del cuoio capelluto. \u00c8 adatto sia a persone di mezza et\u00e0 che anziane, e anche a chi ama la bellezza.<\/p>\n\n\n\n<p>1. Persone con perdita di capelli, capelli sottili e cuoio capelluto sensibile.<\/p>\n\n\n\n<p>2. Persone affette da perdita di capelli ereditaria, come l&#039;alopecia seborroica.<\/p>\n\n\n\n<p>3. Persone con capelli secchi, crespi e che si spezzano facilmente.<\/p>\n\n\n\n<p>4. Persone sul posto di lavoro che soffrono di stress prolungato e che svolgono e riposano in modo irregolare, il che porta alla caduta dei capelli.<\/p>\n\n\n\n<p>5. Clienti attenti alla cura dei capelli nei saloni di bellezza e in altri luoghi.<\/p>\n\n\n\n<h2 class=\"wp-block-heading\">Processo di produzione del pettine laser per capelli<\/h2>\n\n\n\n<p>Il processo di produzione del pettine laser per capelli combina tecnologia elettronica e tecnologia di stampi di precisione. La lunghezza d&#039;onda, la stabilit\u00e0 e la sicurezza elettrica della sorgente luminosa sono rigorosamente controllate durante il processo produttivo. I processi principali includono lo stampaggio a iniezione di gusci di plastica, l&#039;assemblaggio del modulo laser, la saldatura dei circuiti stampati, i test funzionali e l&#039;assemblaggio dell&#039;intera macchina.<\/p>\n\n\n\n<h2 class=\"wp-block-heading\">Applicazioni del pettine laser per capelli<\/h2>\n\n\n\n<p>Il pettine laser per capelli \u00e8 ampiamente utilizzato per la cura quotidiana dei capelli a casa, nei barbieri, nei saloni di bellezza, nei centri di fisioterapia professionali e in altri luoghi.<\/p>\n\n\n\n<p>1. Cura quotidiana del cuoio capelluto e prevenzione della caduta dei capelli a casa.<\/p>\n\n\n\n<p>2. Progetti per la cura dei capelli nei negozi di barbiere.<\/p>\n\n\n\n<p>3. Progetti di fisioterapia nei centri estetici.<\/p>\n\n\n\n<p>4. Porta con te gli strumenti per la cura dei capelli quando viaggi d&#039;affari.<\/p>\n\n\n\n<h2 class=\"wp-block-heading\">Come usare il pettine laser per capelli<\/h2>\n\n\n\n<p>Il pettine laser per capelli \u00e8 molto facile da usare. In genere, si consiglia di utilizzarlo per 10-15 minuti alla volta, 3-4 volte a settimana, e di osservare l&#039;effetto dopo 8-12 settimane di utilizzo.<\/p>\n\n\n\n<p>1. Lava i capelli assicurandoti che siano asciutti e sgrassati.<\/p>\n\n\n\n<p>2. Premere a lungo il pulsante di accensione e selezionare la marcia appropriata.<\/p>\n\n\n\n<p>3. Posizionare i denti del pettine vicino al cuoio capelluto e pettinare uniformemente dalla fronte alla schiena.<\/p>\n\n\n\n<p>4. Mantenere la posizione su ciascuna area per qualche secondo, quindi passare lentamente all&#039;area successiva.<\/p>\n\n\n\n<p>5. Dopo l&#039;uso, spegnere l&#039;apparecchio e pulire delicatamente la superficie del pettine con un panno asciutto.<\/p>","protected":false},"excerpt":{"rendered":"Laser Hair Comb Features The laser hair comb is an intelligent hair care product that integrates care and massage. It uses LLLT technology to help stimulate hair follicle activity, improve scalp microcirculation, and promote healthy hair growth. 1. Low-energy laser: The low-energy laser used by the laser hair comb can stimulate hair follicles and enhance [&hellip;]","protected":false},"featured_media":3487,"menu_order":0,"template":"","meta":[],"product-tag":[],"products":[164],"class_list":["post-3486","product","type-product","status-publish","has-post-thumbnail","hentry","products-laser-hair-comb"],"acf":[],"_links":{"self":[{"href":"https:\/\/www.ruiqigo.com\/it\/wp-json\/wp\/v2\/product\/3486","targetHints":{"allow":["GET"]}}],"collection":[{"href":"https:\/\/www.ruiqigo.com\/it\/wp-json\/wp\/v2\/product"}],"about":[{"href":"https:\/\/www.ruiqigo.com\/it\/wp-json\/wp\/v2\/types\/product"}],"version-history":[{"count":0,"href":"https:\/\/www.ruiqigo.com\/it\/wp-json\/wp\/v2\/product\/3486\/revisions"}],"wp:featuredmedia":[{"embeddable":true,"href":"https:\/\/www.ruiqigo.com\/it\/wp-json\/wp\/v2\/media\/3487"}],"wp:attachment":[{"href":"https:\/\/www.ruiqigo.com\/it\/wp-json\/wp\/v2\/media?parent=3486"}],"wp:term":[{"taxonomy":"product-tag","embeddable":true,"href":"https:\/\/www.ruiqigo.com\/it\/wp-json\/wp\/v2\/product-tag?post=3486"},{"taxonomy":"products","embeddable":true,"href":"https:\/\/www.ruiqigo.com\/it\/wp-json\/wp\/v2\/products?post=3486"}],"curies":[{"name":"parola chiave","href":"https:\/\/api.w.org\/{rel}","templated":true}]}}