{"id":3492,"date":"2025-05-28T11:12:02","date_gmt":"2025-05-28T03:12:02","guid":{"rendered":"https:\/\/www.ruiqigo.com\/?post_type=product&#038;p=3492"},"modified":"2025-05-28T11:12:03","modified_gmt":"2025-05-28T03:12:03","slug":"long-handle-bath-brush","status":"publish","type":"product","link":"https:\/\/www.ruiqigo.com\/it\/product\/long-handle-bath-brush","title":{"rendered":"Spazzola da bagno con manico lungo"},"content":{"rendered":"<h2 class=\"wp-block-heading\">Caratteristiche della spazzola da bagno con manico lungo<\/h2>\n\n\n\n<p>La spazzola da bagno con manico lungo \u00e8 uno strumento da bagno progettato per la pulizia del corpo, con un manico ergonomico allungato. Le setole sono realizzate in morbido nylon, setole di cinghiale e altri materiali per soddisfare una variet\u00e0 di esigenze, dalla pulizia profonda alla cura delicata. Il design complessivo coniuga praticit\u00e0 e comfort, ed \u00e8 un elemento essenziale per il bagno moderno.<\/p>\n\n\n\n<p><strong>1. Design della maniglia estesa: <\/strong>Il manico di una spazzola da bagno a manico lungo \u00e8 solitamente lungo 30-45 cm, il che \u00e8 comodo per pulire la schiena, le gambe e altre parti difficili da pulire.<\/p>\n\n\n\n<p><strong>2. Impugnatura ergonomica: <\/strong>L&#039;impugnatura \u00e8 spesso realizzata con una texture antiscivolo o in gomma morbida, comoda da impugnare e che non scivola facilmente anche con le mani bagnate.<\/p>\n\n\n\n<p><strong>3. Materiali diversi: <\/strong>Le setole di una spazzola da bagno con manico lungo sono solitamente in nylon o fibra vegetale, mentre il manico \u00e8 solitamente in plastica, bamb\u00f9 o legno naturale. I materiali sono vari e possono essere personalizzati in base alle proprie esigenze.<\/p>\n\n\n\n<h2 class=\"wp-block-heading\">Vantaggi della spazzola da bagno con manico lungo<\/h2>\n\n\n\n<p>La spazzola da bagno con manico lungo presenta numerosi vantaggi in termini di materiale e struttura.<\/p>\n\n\n\n<p><strong>1. Pulizia profonda degli angoli morti: <\/strong>Il design antiscivolo allungato della spazzola da bagno a manico lungo consente di pulire facilmente la schiena e gli arti inferiori senza piegarsi o torcersi, risolvendo il problema di pulire gli angoli morti. \u00c8 particolarmente adatta a persone con mobilit\u00e0 ridotta e a chi ha difficolt\u00e0 a lavarsi la schiena.<\/p>\n\n\n\n<p><strong>2. Migliora le condizioni della pelle: <\/strong>Le setole flessibili e dense svolgono una buona funzione esfoliante e massaggiante, che pu\u00f2 stimolare la pelle, favorire la circolazione sanguigna, aiutare a migliorare la pelle ruvida e renderla liscia e delicata.<\/p>\n\n\n\n<p><strong>3. Impermeabile e durevole: <\/strong>La spazzola da bagno con manico lungo \u00e8 realizzata in plastica di alta qualit\u00e0 o legno di bamb\u00f9, che non si deforma facilmente ed \u00e8 resistente all&#039;umidit\u00e0 e all&#039;acqua. La testina e il manico sono saldamente collegati, il che la rende resistente e non facile da rompere.<\/p>\n\n\n\n<p><strong>4. Sicurezza e igiene: <\/strong>La spazzola da bagno con manico lungo supporta il lavaggio con acqua e un&#039;asciugatura rapida, non favorisce la proliferazione di batteri, \u00e8 sicura e igienica ed \u00e8 adatta per un uso ripetuto a lungo termine.<\/p>\n\n\n\n<h2 class=\"wp-block-heading\">Spazzola da bagno con manico lungo Target Group<\/h2>\n\n\n\n<p>La spazzola da bagno con manico lungo pu\u00f2 soddisfare le esigenze di utenti di diverse et\u00e0 ed esigenze. \u00c8 uno strumento pratico per il bagno quotidiano e la cura della pelle. \u00c8 adatta a una variet\u00e0 di persone, in particolare ai seguenti gruppi di persone.<\/p>\n\n\n\n<p><strong>1. Anziani:<\/strong> Le persone anziane hanno una mobilit\u00e0 limitata e il design del manico lungo facilita la pulizia del corpo.<\/p>\n\n\n\n<p><strong>2. Donne incinte: <\/strong>Le donne incinte hanno difficolt\u00e0 a piegare il corpo e la spazzola da bagno con manico lungo pu\u00f2 ridurre la fatica del bagno e pulire le parti difficili da pulire.<\/p>\n\n\n\n<p><strong>3. Persone con la pelle spessa:<\/strong> Per la spazzolatura a secco \u00e8 possibile utilizzare una spazzola da bagno con manico lungo, mentre per rimuovere le cellule morte \u00e8 possibile utilizzare setole pi\u00f9 dure.<\/p>\n\n\n\n<p><strong>4. Appassionati della cura quotidiana: <\/strong>Pu\u00f2 essere utilizzato per massaggi, esfoliazioni e per la pulizia quotidiana da parte di chi presta attenzione alla cura della pelle.<\/p>\n\n\n\n<h2 class=\"wp-block-heading\">Processo di produzione della spazzola da bagno con manico lungo<\/h2>\n\n\n\n<p>Il processo di produzione delle spazzole da bagno con manico lungo varia leggermente, ma generalmente comprende lo stampaggio a iniezione, il trapianto di peli, la rifinitura manuale e i test di assemblaggio.<\/p>\n\n\n\n<p>I prodotti in plastica sono generalmente realizzati in ABS o PP ad alta resistenza per stampaggio a iniezione monoblocco, e le setole vengono fissate con precisione da una macchina automatica per il trapianto di capelli, per poi essere arrotondate per migliorare il tocco sulla pelle. Il manico viene assemblato manualmente dopo il taglio, la molatura e la protezione antimuffa, e presenta determinate caratteristiche di protezione ambientale ed estetica. Infine, il prodotto finito viene sottoposto a diversi test di qualit\u00e0 e prestazioni per garantirne stabilit\u00e0 e durata.<\/p>\n\n\n\n<h2 class=\"wp-block-heading\">Applicazioni della spazzola da bagno con manico lungo<\/h2>\n\n\n\n<p>La spazzola da bagno con manico lungo ha un&#039;ampia gamma di applicazioni, non solo per il bagno e la pulizia in casa, ma \u00e8 adatta anche per ambienti professionali come i bagni degli hotel e i progetti di cura del corpo nei centri estetici.<\/p>\n\n\n\n<p><strong>1. Bagno quotidiano a casa: <\/strong>Questo \u00e8 il luogo di applicazione pi\u00f9 comune per le spazzole da bagno con manico lungo, adatte alla pulizia quotidiana del corpo di uomini, donne, giovani e anziani.<\/p>\n\n\n\n<p><strong>2. Istituti di riabilitazione e di assistenza infermieristica: <\/strong>Possono aiutare le persone con limitata attivit\u00e0 fisica a completare la pulizia.<\/p>\n\n\n\n<p><strong>3. Cura del salone di bellezza: <\/strong>Viene utilizzato per la spazzolatura a secco prima della cura del corpo, per favorire la circolazione sanguigna e migliorare l&#039;effetto del trattamento successivo.<\/p>\n\n\n\n<h2 class=\"wp-block-heading\">Come usare la spazzola da bagno con manico lungo<\/h2>\n\n\n\n<p>La spazzola da bagno con manico lungo \u00e8 facilissima da usare. Basta applicare una quantit\u00e0 adeguata di bagnoschiuma sulle setole durante la doccia o il bagno, quindi pulire delicatamente la schiena, le gambe e altre parti del corpo con movimenti circolari. Risciacquare con acqua pulita dopo la pulizia e appendere la spazzola ad asciugare per mantenere l&#039;igiene e prolungarne la durata.<\/p>\n\n\n\n<p>Durante la pulizia, l&#039;intensit\u00e0 pu\u00f2 essere regolata in base alla durezza delle setole per ottenere il doppio effetto di pulizia e massaggio. Prima del bagno, \u00e8 possibile effettuare la spazzolatura a secco, che aiuta a favorire la circolazione sanguigna e il metabolismo.<\/p>","protected":false},"excerpt":{"rendered":"Long Handle Bath Brush Features The long handle bath brush is a bathing tool designed for body cleaning, with an ergonomically designed extended handle. The bristles are made of soft nylon, boar bristles, and other materials to meet a variety of needs from deep cleaning to gentle care. The overall design takes into account both [&hellip;]","protected":false},"featured_media":3493,"menu_order":0,"template":"","meta":[],"product-tag":[],"products":[166],"class_list":["post-3492","product","type-product","status-publish","has-post-thumbnail","hentry","products-bath-brush"],"acf":[],"_links":{"self":[{"href":"https:\/\/www.ruiqigo.com\/it\/wp-json\/wp\/v2\/product\/3492","targetHints":{"allow":["GET"]}}],"collection":[{"href":"https:\/\/www.ruiqigo.com\/it\/wp-json\/wp\/v2\/product"}],"about":[{"href":"https:\/\/www.ruiqigo.com\/it\/wp-json\/wp\/v2\/types\/product"}],"version-history":[{"count":0,"href":"https:\/\/www.ruiqigo.com\/it\/wp-json\/wp\/v2\/product\/3492\/revisions"}],"wp:featuredmedia":[{"embeddable":true,"href":"https:\/\/www.ruiqigo.com\/it\/wp-json\/wp\/v2\/media\/3493"}],"wp:attachment":[{"href":"https:\/\/www.ruiqigo.com\/it\/wp-json\/wp\/v2\/media?parent=3492"}],"wp:term":[{"taxonomy":"product-tag","embeddable":true,"href":"https:\/\/www.ruiqigo.com\/it\/wp-json\/wp\/v2\/product-tag?post=3492"},{"taxonomy":"products","embeddable":true,"href":"https:\/\/www.ruiqigo.com\/it\/wp-json\/wp\/v2\/products?post=3492"}],"curies":[{"name":"parola chiave","href":"https:\/\/api.w.org\/{rel}","templated":true}]}}