{"id":3499,"date":"2025-05-30T15:45:20","date_gmt":"2025-05-30T07:45:20","guid":{"rendered":"https:\/\/www.ruiqigo.com\/?post_type=product&#038;p=3499"},"modified":"2025-05-30T15:45:21","modified_gmt":"2025-05-30T07:45:21","slug":"whitening-face-cream","status":"publish","type":"product","link":"https:\/\/www.ruiqigo.com\/it\/product\/whitening-face-cream","title":{"rendered":"Crema viso schiarente"},"content":{"rendered":"<h2 class=\"wp-block-heading\">Formule comuni per la produzione di creme schiarenti per il viso<\/h2>\n\n\n\n<p>Come produttori professionali di creme schiarenti per il viso, selezioniamo una variet\u00e0 di principi attivi schiarenti naturali, come niacinamide, arbutina, ecc., che agiscono in sinergia. Questi ingredienti non solo inibiscono la formazione di melanina, ma hanno anche effetti idratanti e antiossidanti, consentendo alla pelle di mantenere lucentezza ed elasticit\u00e0 durante il trattamento.<\/p>\n\n\n\n<p><strong>1. Niacinamide:<\/strong> La niacinamide \u00e8 un ingrediente idrosolubile in grado di inibire efficacemente il trasporto di melanina alle cellule epidermiche, prevenendo la formazione di macchie. Allo stesso tempo, pu\u00f2 anche migliorare la funzione barriera della pelle, migliorare la ruvidit\u00e0, i pori dilatati e altri problemi, ed \u00e8 ideale per la cura schiarente quotidiana.<\/p>\n\n\n\n<p><strong>2. Arbutina: <\/strong>L&#039;arbutina \u00e8 un ingrediente schiarente naturale estratto dalle piante. \u00c8 delicato e non irritante. Pu\u00f2 inibire efficacemente l&#039;attivit\u00e0 della tirosinasi e ridurre la sintesi di melanina. Rispetto ad altri ingredienti potenti, l&#039;arbutina \u00e8 pi\u00f9 adatta all&#039;uso a lungo termine e ha un effetto significativo sullo schiarimento di segni di acne e macchie solari.<\/p>\n\n\n\n<p><strong>3. Estratto di liquirizia: <\/strong>La liquirizia \u00e8 ricca di acido glicirrizico, che ha notevoli effetti antinfiammatori e schiarenti. \u00c8 adatta per riparare la pelle sensibile. Allo stesso tempo, inibisce delicatamente la produzione di melanina e dona un effetto schiarente naturale alla pelle.<\/p>\n\n\n\n<p><strong>4. Derivati della vitamina C: <\/strong>Questo ingrediente ha eccellenti propriet\u00e0 antiossidanti, pu\u00f2 neutralizzare i radicali liberi, favorire la sintesi del collagene, schiarendo il tono della pelle e migliorandone la radiosit\u00e0 generale.<\/p>\n\n\n\n<h2 class=\"wp-block-heading\">Le funzioni della crema schiarente per il viso<\/h2>\n\n\n\n<p>La nostra crema schiarente per il viso presenta notevoli vantaggi in termini di efficacia, sicurezza ed esperienza d&#039;uso, soddisfacendo la duplice esigenza degli utilizzatori di uno sbiancamento efficace e di una delicata cura della pelle.<\/p>\n\n\n\n<p><strong>1. Effetto significativo, schiarisce le macchie e illumina: <\/strong>La formula della crema schiarente per il viso contiene una variet\u00e0 di ingredienti attivi che agiscono in sinergia per penetrare in profondit\u00e0 nella pelle e schiarire macchie, opacit\u00e0 e segni di acne, rendendo il tono della pelle pi\u00f9 uniforme e trasparente e migliorandone la qualit\u00e0 generale.<\/p>\n\n\n\n<p><strong>2. Ingredienti idratanti multipli: <\/strong>Abbiamo aggiunto acido ialuronico, glicerina e altri ingredienti idratanti altamente efficaci per nutrire in profondit\u00e0 la pelle, schiarirla, rinforzarne la barriera cutanea ed evitare l&#039;invecchiamento cutaneo o un tono cutaneo non uniforme dovuto alla secchezza.<\/p>\n\n\n\n<p><strong>3. Delicato e non irritante: <\/strong>La formula di questo prodotto non contiene ingredienti irritanti come alcol, ormoni e mercurio. \u00c8 stato testato su pelli sensibili ed \u00e8 altamente sicuro, delicato e non irritante. Pu\u00f2 essere utilizzato in tutta sicurezza sulle pelli sensibili.<\/p>\n\n\n\n<p><strong>4. Texture leggera e rapido assorbimento: <\/strong>La crema viso schiarente ha una consistenza cremosa e rinfrescante, leggera e non grassa, si assorbe facilmente, non ostruisce i pori ed \u00e8 molto adatta all&#039;uso nei climi caldi.<\/p>\n\n\n\n<p><strong>5. Adatto a diversi tipi di pelle: <\/strong>Questo prodotto \u00e8 adatto a diversi tipi di pelle, come quella grassa, secca e sensibile, e pu\u00f2 soddisfare le esigenze di diverse fasce di consumatori.<\/p>\n\n\n\n<h2 class=\"wp-block-heading\">Come usare la crema schiarente per il viso<\/h2>\n\n\n\n<p>Come parte integrante della routine quotidiana di cura della pelle, si consiglia l&#039;uso della crema viso schiarente dopo la detersione e la cura di base per massimizzarne l&#039;effetto schiarente e idratante. Si consiglia di usarla una volta al giorno, mattina e sera.<\/p>\n\n\n\n<p><strong>1. Pulizia:<\/strong> Utilizzare un detergente delicato per detergere il viso e rimuovere polvere e sebo.<\/p>\n\n\n\n<p><strong>2. Toner:<\/strong> Utilizzare il tonico per idratare la pelle.<\/p>\n\n\n\n<p><strong>3. Essenza:<\/strong> Applicare l&#039;essenza sbiancante per accelerare l&#039;effetto schiarente delle macchie e schiarire.<\/p>\n\n\n\n<p><strong>4. Crema schiarente per il viso: <\/strong>Prendi una quantit\u00e0 adeguata di crema schiarente per il viso e applicala uniformemente sul viso, picchiettando fino a completo assorbimento.<\/p>\n\n\n\n<h2 class=\"wp-block-heading\">Attenzione<\/h2>\n\n\n\n<p><strong>1. Si raccomanda il test cutaneo: <\/strong>Prima del primo utilizzo, applicare una piccola quantit\u00e0 dietro l&#039;orecchio o il polso, osservare per 24 ore e assicurarsi che non vi siano rossori, gonfiori o allergie prima di applicarlo su tutto il viso.<\/p>\n\n\n\n<p><strong>2. Evitare il contatto con gli occhi: <\/strong>Si sconsiglia l&#039;applicazione della crema schiarente per il viso sulla pelle del contorno occhi. In caso di contatto accidentale con gli occhi, sciacquare immediatamente con acqua pulita.<\/p>\n\n\n\n<p><strong>3. Evitare l&#039;uso di prodotti con ingredienti fortemente acidi:<\/strong> I prodotti contenenti acidi della frutta o acido salicilico potrebbero entrare in conflitto con gli ingredienti della crema viso schiarente. Si consiglia di utilizzarli in momenti diversi per evitare irritazioni o danni alla barriera cutanea.<\/p>\n\n\n\n<p><strong>4. Conservare in un luogo fresco e asciutto:<\/strong> Evitare la luce solare diretta o temperature elevate durante la conservazione di questo prodotto. Il prodotto deve essere sigillato per garantire che l&#039;attivit\u00e0 degli ingredienti non venga compromessa.<\/p>\n\n\n\n<h2 class=\"wp-block-heading\">Conclusione<\/h2>\n\n\n\n<p>La Crema Viso Schiarente \u00e8 una crema schiarente e idratante che utilizza una variet\u00e0 di ingredienti attivi come niacinamide, estratto di liquirizia e derivati della vitamina C per migliorare efficacemente il tono della pelle non uniforme e ridurre le macchie cutanee. Il prodotto ha una texture leggera ed \u00e8 adatto a tutti i tipi di pelle.<\/p>","protected":false},"excerpt":{"rendered":"Whitening Face Cream Manufacturing Common Formulas As a professional manufacturer of whitening face cream, we select a variety of natural whitening active ingredients, such as niacinamide, arbutin, etc., which work synergistically. These ingredients can not only inhibit the formation of melanin, but also have moisturizing and anti-oxidation effects, allowing the skin to maintain luster and [&hellip;]","protected":false},"featured_media":3500,"menu_order":0,"template":"","meta":[],"product-tag":[],"products":[161],"class_list":["post-3499","product","type-product","status-publish","has-post-thumbnail","hentry","products-face-cream"],"acf":[],"_links":{"self":[{"href":"https:\/\/www.ruiqigo.com\/it\/wp-json\/wp\/v2\/product\/3499","targetHints":{"allow":["GET"]}}],"collection":[{"href":"https:\/\/www.ruiqigo.com\/it\/wp-json\/wp\/v2\/product"}],"about":[{"href":"https:\/\/www.ruiqigo.com\/it\/wp-json\/wp\/v2\/types\/product"}],"version-history":[{"count":0,"href":"https:\/\/www.ruiqigo.com\/it\/wp-json\/wp\/v2\/product\/3499\/revisions"}],"wp:featuredmedia":[{"embeddable":true,"href":"https:\/\/www.ruiqigo.com\/it\/wp-json\/wp\/v2\/media\/3500"}],"wp:attachment":[{"href":"https:\/\/www.ruiqigo.com\/it\/wp-json\/wp\/v2\/media?parent=3499"}],"wp:term":[{"taxonomy":"product-tag","embeddable":true,"href":"https:\/\/www.ruiqigo.com\/it\/wp-json\/wp\/v2\/product-tag?post=3499"},{"taxonomy":"products","embeddable":true,"href":"https:\/\/www.ruiqigo.com\/it\/wp-json\/wp\/v2\/products?post=3499"}],"curies":[{"name":"parola chiave","href":"https:\/\/api.w.org\/{rel}","templated":true}]}}