{"id":3504,"date":"2025-06-05T16:01:37","date_gmt":"2025-06-05T08:01:37","guid":{"rendered":"https:\/\/www.ruiqigo.com\/?post_type=product&#038;p=3504"},"modified":"2025-06-05T16:01:38","modified_gmt":"2025-06-05T08:01:38","slug":"hydrating-eye-cream","status":"publish","type":"product","link":"https:\/\/www.ruiqigo.com\/it\/product\/hydrating-eye-cream","title":{"rendered":"Crema idratante per gli occhi"},"content":{"rendered":"<h2 class=\"wp-block-heading\">Formule comuni per la produzione di creme idratanti per gli occhi<\/h2>\n\n\n\n<p>La nostra crema idratante per il contorno occhi utilizza una variet\u00e0 di ingredienti attivi altamente efficaci e delicati, come acido ialuronico, vitamina E, niacinamide, ecc., combinati con la moderna tecnologia per la cura della pelle, per regolare e riparare con precisione problemi come secchezza oculare e gonfiore.<\/p>\n\n\n\n<p><strong>1. Acido ialuronico:<\/strong> L&#039;acido ialuronico a piccole molecole riesce a penetrare rapidamente nello strato inferiore dell&#039;occhio, idratando in profondit\u00e0 e trattenendo l&#039;umidit\u00e0 a lungo, migliorando significativamente la secchezza e la tensione intorno agli occhi, creando un ambiente umido duraturo intorno agli occhi e prevenendo la formazione di linee secche.<\/p>\n\n\n\n<p><strong>2. Vitamina E: <\/strong>La vitamina E \u00e8 un ingrediente con un forte potere antiossidante. Pu\u00f2 neutralizzare i radicali liberi, riparare i danni della pelle, rallentare la comparsa delle linee sottili intorno agli occhi e proteggere la fragile pelle del contorno occhi dagli stimoli esterni.&nbsp;<\/p>\n\n\n\n<p><strong>3. Niacinamide:<\/strong> La niacinamide pu\u00f2 schiarire il tono della pelle, migliorare la pigmentazione e la pelle spenta, rendere la pelle del contorno occhi pi\u00f9 luminosa e uniforme, migliorare la funzione barriera della pelle e ridurre la perdita di idratazione.&nbsp;<\/p>\n\n\n\n<p><strong>4. Ceramide: <\/strong>\u00c8 un componente importante della barriera cutanea. Pu\u00f2 riparare efficacemente la barriera cutanea danneggiata, migliorarne l&#039;idratazione e le capacit\u00e0 di difesa, ed \u00e8 particolarmente indicato per la pelle secca e sensibile degli occhi.&nbsp;<\/p>\n\n\n\n<p><strong>5. Glicerina: <\/strong>La glicerina \u00e8 uno degli idratanti classici. Pu\u00f2 attrarre l&#039;umidit\u00e0 dall&#039;aria e trattenerla, potenziando l&#039;effetto sinergico di altri ingredienti idratanti e migliorando l&#039;effetto idratante a lunga durata dopo l&#039;uso.&nbsp;<\/p>\n\n\n\n<h2 class=\"wp-block-heading\">Le funzioni della crema idratante per gli occhi<\/h2>\n\n\n\n<p>I vantaggi della crema contorno occhi idratante non si riflettono solo nei suoi eccellenti ingredienti, ma anche nell&#039;eccellente stabilit\u00e0 della sua formula e nella piacevole sensazione sulla pelle. Grazie all&#039;efficiente tecnologia di assorbimento e alla texture delicata sulla pelle, \u00e8 adatta a tutti i tipi di pelle e pu\u00f2 essere utilizzata in combinazione con una variet\u00e0 di programmi di cura della pelle.&nbsp;<\/p>\n\n\n\n<p><strong>1. Texture leggera e rapido assorbimento:<\/strong> La Crema Contorno Occhi Idratante ha la consistenza di una crema, leggera e delicata, si assorbe facilmente e non ostruisce i pori. Non lascia una sensazione appiccicosa dopo l&#039;uso ed \u00e8 adatta a tutti i tipi di pelle.&nbsp;<\/p>\n\n\n\n<p><strong>2. Formula delicata e sicura: <\/strong>L&#039;intera formula di questo prodotto ha superato il test di sicurezza cutanea e non contiene ingredienti irritanti come alcol e profumi. Anche le persone con pelle sensibile e allergie cutanee possono usarlo in tutta sicurezza.&nbsp;<\/p>\n\n\n\n<p><strong>3. Ingredienti sinergici ed effetti efficaci: <\/strong>Nella crema idratante per il contorno occhi sono combinati molteplici principi attivi che si completano a vicenda, potenziando congiuntamente il potere idratante e riparatore e potenziando l&#039;efficacia del prodotto.&nbsp;<\/p>\n\n\n\n<p><strong>4. Cura della pelle per tutto il giorno: <\/strong>La crema contorno occhi idratante pu\u00f2 essere utilizzata mattina e sera. Illumina e idrata durante il giorno e ripara e idrata la notte. Una sola crema ha molteplici usi e pu\u00f2 aumentare efficacemente la fidelizzazione e il tasso di riacquisto dei clienti.&nbsp;<\/p>\n\n\n\n<p><strong>5. Pu\u00f2 essere utilizzato con altri prodotti: <\/strong>La crema idratante per gli occhi pu\u00f2 essere utilizzata non solo con i prodotti di bellezza, ma anche con essenze, creme e maschere per gli occhi, per creare un sistema completo per la cura della pelle e potenziare l&#039;effetto della cura degli occhi.<\/p>\n\n\n\n<h2 class=\"wp-block-heading\">Come usare la crema idratante per gli occhi<\/h2>\n\n\n\n<p>Per ottenere la migliore cura del contorno occhi, consigliamo di utilizzare una crema contorno occhi idratante mattina e sera. L&#039;uso regolare e a lungo termine pu\u00f2 contribuire a migliorare significativamente secchezza cutanea, gonfiore e altri problemi, mantenendo la pelle del contorno occhi idratata e liscia.<\/p>\n\n\n\n<p><strong>1. Pulisci la pelle intorno agli occhi: <\/strong>Utilizzare un detergente delicato per detergere a fondo la pelle del contorno occhi, in modo da rimuovere il sebo ed evitare di ostruire i pori durante i successivi trattamenti per la cura della pelle.&nbsp;<\/p>\n\n\n\n<p><strong>2. Usa il toner: <\/strong>Picchiettare delicatamente il tonico sul viso e sulla pelle degli occhi per creare una buona base per la successiva cura del contorno occhi.&nbsp;<\/p>\n\n\n\n<p><strong>3. Prelevare una quantit\u00e0 adeguata di crema per gli occhi: <\/strong>Prendi con l&#039;anulare una quantit\u00e0 di crema per gli occhi grande quanto un chicco di riso, applicala sulla pelle del contorno occhi e poi massaggia delicatamente e tampona con la punta delle dita per favorirne l&#039;assorbimento, senza per\u00f2 tirare eccessivamente la pelle.&nbsp;<\/p>\n\n\n\n<p><strong>4. Utilizzare con altri prodotti:<\/strong> Dopo aver usato la crema per gli occhi, puoi continuare a usare altri prodotti idratanti e nutrienti, come la crema per il viso, per una cura completa della pelle e per mantenerla idratata.&nbsp;<\/p>\n\n\n\n<h2 class=\"wp-block-heading\">Attenzione<\/h2>\n\n\n\n<p><strong>1. Test di sensibilit\u00e0: <\/strong>Prima di utilizzare la crema contorno occhi idratante, non \u00e8 necessario effettuare un test di sensibilit\u00e0 cutanea, soprattutto per chi la utilizza per la prima volta. \u00c8 consigliabile testarne una piccola quantit\u00e0 dietro l&#039;orecchio o il polso per assicurarsi che non vi sia alcun fastidio prima di applicarla sulla zona del contorno occhi.&nbsp;<\/p>\n\n\n\n<p><strong>2. Evitare il contatto con gli occhi: <\/strong>Poich\u00e9 questo prodotto agisce sulla pelle del contorno occhi, prestare attenzione durante l&#039;uso ed evitare il contatto con i bulbi oculari e la parte inferiore delle ciglia. In caso di contatto accidentale con gli occhi, sciacquare immediatamente con acqua pulita per evitare ulteriori irritazioni.&nbsp;<\/p>\n\n\n\n<p><strong>3. Non abusare di:<\/strong> La pelle del contorno occhi \u00e8 sottile e un uso eccessivo pu\u00f2 facilmente causare la formazione di fango. Si consiglia di non utilizzare una quantit\u00e0 maggiore di un chicco di riso ogni volta.<\/p>\n\n\n\n<p><strong>4. Conservare in un luogo fresco e asciutto: <\/strong>Per mantenere attivi gli ingredienti, evitare la luce solare diretta e le alte temperature.<\/p>\n\n\n\n<h2 class=\"wp-block-heading\">Conclusione<\/h2>\n\n\n\n<p>La Crema Contorno Occhi Idratante \u00e8 un&#039;efficace crema idratante per il contorno occhi, studiata per risolvere problemi come secchezza oculare, gonfiore e opacit\u00e0. Ha conquistato il favore di un gran numero di consumatori grazie alla sua formula sicura e delicata, al significativo effetto di cura della pelle del contorno occhi e al comfort d&#039;uso. L&#039;uso continuativo di questo prodotto pu\u00f2 migliorare efficacemente la secchezza oculare.<\/p>","protected":false},"excerpt":{"rendered":"Hydrating Eye Cream Manufacturing Common Formulas Our hydrating eye cream uses a variety of highly effective and gentle active ingredients, such as hyaluronic acid, vitamin E, niacinamide, etc., combined with modern skin care technology, to accurately regulate and repair problems such as dry eyes and swelling. 1. Hyaluronic acid: Small molecule hyaluronic acid can quickly [&hellip;]","protected":false},"featured_media":3505,"menu_order":0,"template":"","meta":[],"product-tag":[],"products":[162],"class_list":["post-3504","product","type-product","status-publish","has-post-thumbnail","hentry","products-eye-cream"],"acf":[],"_links":{"self":[{"href":"https:\/\/www.ruiqigo.com\/it\/wp-json\/wp\/v2\/product\/3504","targetHints":{"allow":["GET"]}}],"collection":[{"href":"https:\/\/www.ruiqigo.com\/it\/wp-json\/wp\/v2\/product"}],"about":[{"href":"https:\/\/www.ruiqigo.com\/it\/wp-json\/wp\/v2\/types\/product"}],"version-history":[{"count":0,"href":"https:\/\/www.ruiqigo.com\/it\/wp-json\/wp\/v2\/product\/3504\/revisions"}],"wp:featuredmedia":[{"embeddable":true,"href":"https:\/\/www.ruiqigo.com\/it\/wp-json\/wp\/v2\/media\/3505"}],"wp:attachment":[{"href":"https:\/\/www.ruiqigo.com\/it\/wp-json\/wp\/v2\/media?parent=3504"}],"wp:term":[{"taxonomy":"product-tag","embeddable":true,"href":"https:\/\/www.ruiqigo.com\/it\/wp-json\/wp\/v2\/product-tag?post=3504"},{"taxonomy":"products","embeddable":true,"href":"https:\/\/www.ruiqigo.com\/it\/wp-json\/wp\/v2\/products?post=3504"}],"curies":[{"name":"parola chiave","href":"https:\/\/api.w.org\/{rel}","templated":true}]}}