{"id":351,"date":"2024-07-08T10:26:59","date_gmt":"2024-07-08T02:26:59","guid":{"rendered":"https:\/\/ruiqigo.com\/?post_type=product&#038;p=351"},"modified":"2024-10-28T11:36:11","modified_gmt":"2024-10-28T03:36:11","slug":"antibacterial-body-wash","status":"publish","type":"product","link":"https:\/\/www.ruiqigo.com\/it\/product\/antibacterial-body-wash","title":{"rendered":"Detergente corpo antibatterico"},"content":{"rendered":"<h3 class=\"wp-block-heading\">Detergente corpo antibatterico Common Formules<\/h3>\n\n\n\n<p>Gli ingredienti principali di questo detergente corpo antibatterico sono l&#039;estratto di calendula e l&#039;estratto di centella asiatica. La calendula \u00e8 ricca di flavonoidi, che hanno eccellenti propriet\u00e0 antibatteriche e possono inibire efficacemente la crescita dei batteri. La centella asiatica \u00e8 ricca di polisaccaridi e aminoacidi che nutrono in profondit\u00e0 la pelle e migliorano la secchezza. Questi due estratti vegetali naturali lavorano insieme per fornire una cura detergente completa per la tua pelle, mantenendola pulita e fresca in ogni momento. Allo stesso tempo, il prodotto \u00e8 formulato con ingredienti detergenti delicati per pulire in profondit\u00e0 i pori e rendere piacevole la tua esperienza di bagno.<\/p>\n\n\n\n<h3 class=\"wp-block-heading\">Detergente corpo antibatterico Scenari applicabili<\/h3>\n\n\n\n<p>Questo detergente corpo antibatterico \u00e8 un gel doccia per tutte le stagioni, specialmente per scenari che richiedono un&#039;igiene antibatterica. Nei mesi estivi caldi e umidi, inibisce la crescita batterica e fornisce una cura della pelle fresca e pulita; nei mesi invernali freddi e secchi, i suoi ricchi ingredienti idratanti nutrono la pelle e alleviano la secchezza causata dal freddo. Specialmente per gli amanti dello sport, fornisce una pulizia profonda e una cura antibatterica per la pelle dopo gli allenamenti, consentendoti di godere di freschezza e comfort in ogni momento.<\/p>\n\n\n\n<h3 class=\"wp-block-heading\">Per chi \u00e8 adatto il detergente corpo antibatterico?<\/h3>\n\n\n\n<p>Questo detergente corpo antibatterico \u00e8 progettato per le persone che hanno bisogno di cure extra per la pelle, in particolare per quelle con pelle sensibile, incline all&#039;eczema o con esigenze di pulizia speciali. La sua formula delicata combatte efficacemente i batteri mentre nutre la pelle, rendendolo adatto all&#039;uso quotidiano da parte di tutta la famiglia per migliorare l&#039;igiene personale. \u00c8 adatto anche per coloro che amano fare esercizio fisico, fornendo una pulizia profonda e una cura antibatterica alla pelle dopo un allenamento.<\/p>\n\n\n\n<h3 class=\"wp-block-heading\">Processo di produzione del detergente corpo antibatterico<\/h3>\n\n\n\n<p>La produzione di questo detergente corpo antibatterico utilizza un delicato processo di estrazione per preservare i principi attivi degli estratti di calendula e centella asiatica. L&#039;intero processo viene eseguito in un ambiente asettico per garantire la purezza del prodotto. Allo stesso tempo, viene utilizzata una lavorazione a bassa temperatura per evitare la distruzione dei principi attivi, garantendo l&#039;effetto antibatterico e lenitivo altamente efficace del gel doccia.<\/p>","protected":false},"excerpt":{"rendered":"Antibacterial body wash Common Formulas The core ingredients of this antibacterial body wash are calendula extract and Centella asiatica extract. Calendula is rich in flavonoids, which have excellent antibacterial properties and can effectively inhibit the growth of bacteria. Centella asiatica is rich in polysaccharides and amino acids that deeply nourish the skin and improve dryness. [&hellip;]","protected":false},"featured_media":352,"menu_order":0,"template":"","meta":[],"product-tag":[],"products":[57],"class_list":["post-351","product","type-product","status-publish","has-post-thumbnail","hentry","products-body-wash"],"acf":[],"_links":{"self":[{"href":"https:\/\/www.ruiqigo.com\/it\/wp-json\/wp\/v2\/product\/351","targetHints":{"allow":["GET"]}}],"collection":[{"href":"https:\/\/www.ruiqigo.com\/it\/wp-json\/wp\/v2\/product"}],"about":[{"href":"https:\/\/www.ruiqigo.com\/it\/wp-json\/wp\/v2\/types\/product"}],"version-history":[{"count":0,"href":"https:\/\/www.ruiqigo.com\/it\/wp-json\/wp\/v2\/product\/351\/revisions"}],"wp:featuredmedia":[{"embeddable":true,"href":"https:\/\/www.ruiqigo.com\/it\/wp-json\/wp\/v2\/media\/352"}],"wp:attachment":[{"href":"https:\/\/www.ruiqigo.com\/it\/wp-json\/wp\/v2\/media?parent=351"}],"wp:term":[{"taxonomy":"product-tag","embeddable":true,"href":"https:\/\/www.ruiqigo.com\/it\/wp-json\/wp\/v2\/product-tag?post=351"},{"taxonomy":"products","embeddable":true,"href":"https:\/\/www.ruiqigo.com\/it\/wp-json\/wp\/v2\/products?post=351"}],"curies":[{"name":"parola chiave","href":"https:\/\/api.w.org\/{rel}","templated":true}]}}