{"id":3542,"date":"2025-06-06T15:37:19","date_gmt":"2025-06-06T07:37:19","guid":{"rendered":"https:\/\/www.ruiqigo.com\/?post_type=product&#038;p=3542"},"modified":"2025-06-06T15:37:20","modified_gmt":"2025-06-06T07:37:20","slug":"silicone-bath-brush","status":"publish","type":"product","link":"https:\/\/www.ruiqigo.com\/it\/product\/silicone-bath-brush","title":{"rendered":"Spazzola da bagno in silicone"},"content":{"rendered":"<h2 class=\"wp-block-heading\">Caratteristiche della spazzola da bagno in silicone<\/h2>\n\n\n\n<p>Una spazzola da bagno in silicone \u00e8 uno strumento per la pulizia del bagno realizzato principalmente in silicone. Presenta numerose caratteristiche, tra cui morbidezza, durata ed elevata efficienza. Rispetto alle tradizionali spazzole in plastica, le spazzole da bagno in silicone sono pi\u00f9 delicate e delicate sulla pelle, e non irritano o graffiano facilmente la pelle. Alcuni prodotti sono inoltre dotati di ganci o sfere massaggianti per soddisfare diverse esigenze di bagno.<\/p>\n\n\n\n<p><strong>1. Delicato e sicuro:<\/strong> Le spazzole da bagno in silicone sono solitamente realizzate in silicone alimentare o di grado medico, che \u00e8 ecologico, sicuro, delicato e non tossico.&nbsp;<\/p>\n\n\n\n<p><strong>2. Morbido ed elastico: <\/strong>Il materiale in silicone \u00e8 molto morbido, le setole sono flessibili e dense, con un&#039;eccellente elasticit\u00e0, non si danneggiano facilmente e hanno un&#039;eccellente durata.&nbsp;<\/p>\n\n\n\n<p><strong>3. Facile da pulire:<\/strong> La spazzola da bagno in silicone non si macchia facilmente e non nasconde facilmente lo sporco. Si asciuga rapidamente dopo il lavaggio, evitando la proliferazione batterica e garantendone la durata.&nbsp;<\/p>\n\n\n\n<p><strong>4. Pu\u00f2 essere riutilizzato: <\/strong>La spazzola da bagno in silicone \u00e8 durevole, resistente alle alte temperature e non invecchia facilmente, quindi pu\u00f2 essere riutilizzata e ha una lunga durata.<\/p>\n\n\n\n<h2 class=\"wp-block-heading\">Vantaggi della spazzola da bagno in silicone<\/h2>\n\n\n\n<p>La spazzola da bagno in silicone offre molti vantaggi significativi in termini di potere pulente, durata, igiene, ecc., combinando i vantaggi del lavaggio delicato e della pulizia profonda. <\/p>\n\n\n\n<p><strong>1. Pulizia profonda delicata sulla pelle: <\/strong>Le setole sono morbide e dense, ma non irritano n\u00e9 sfregano eccessivamente la pelle. Possono pulire efficacemente in profondit\u00e0 i pori e il sebo della pelle.&nbsp;<\/p>\n\n\n\n<p><strong>2. Elevata durabilit\u00e0: <\/strong>Il silicone offre un&#039;eccellente resistenza alle alte temperature e una lunga durata, e pu\u00f2 anche prevenire l&#039;invecchiamento. \u00c8 particolarmente adatto all&#039;uso in ambienti caldi e umidi, e la sua durata \u00e8 molto pi\u00f9 lunga rispetto alle comuni spazzole da bagno in plastica.&nbsp;<\/p>\n\n\n\n<p><strong>3. Buone propriet\u00e0 antibatteriche: <\/strong>Il silicone \u00e8 un materiale naturalmente dotato di eccellenti propriet\u00e0 antibatteriche, non favorisce la proliferazione di batteri e muffe e garantisce igiene e salute durante l&#039;uso.&nbsp;<\/p>\n\n\n\n<p><strong>4. Facile da pulire: <\/strong>La spazzola da bagno in silicone pu\u00f2 essere pulita semplicemente risciacquandola dopo l&#039;uso, il che \u00e8 molto pratico e pu\u00f2 evitare residui di schiuma e sporco.&nbsp;<\/p>\n\n\n\n<p><strong>5. Ampia applicabilit\u00e0: <\/strong>La spazzola da bagno in silicone \u00e8 adatta a tutti i tipi di pelle, dai bambini agli adulti e agli anziani. Anche le persone con pelle sensibile possono usarla con sicurezza, senza alcun fastidio.<\/p>\n\n\n\n<h2 class=\"wp-block-heading\">Spazzola da bagno in silicone Target Group<\/h2>\n\n\n\n<p>La spazzola da bagno in silicone \u00e8 adatta a persone di diverse et\u00e0 e con diversi tipi di pelle, in particolare a bambini, anziani, persone con pelle sensibile e altri gruppi che necessitano di un lavaggio e di una cura delicati.<\/p>\n\n\n\n<p><strong>1. Neonati e bambini: <\/strong>La loro pelle delicata non sopporta stimoli eccessivi, per questo le setole in silicone delicate e morbide sono pi\u00f9 sicure e non irritano la loro pelle.&nbsp;<\/p>\n\n\n\n<p><strong>2. Persone di mezza et\u00e0 e anziane: <\/strong>La loro pelle \u00e8 pi\u00f9 fragile e non possono usare una spazzola da bagno troppo forte per pulire il corpo, mentre una spazzola da bagno in silicone pu\u00f2 essere usata pi\u00f9 comodamente.&nbsp;<\/p>\n\n\n\n<p><strong>3. Utenti che ricercano la cura del corpo: <\/strong>Si concentrano su un&#039;esperienza di bagno confortevole e su un buon effetto di pulizia del corpo, e le spazzole da bagno in silicone possono ottenere entrambi gli effetti.&nbsp;<\/p>\n\n\n\n<p><strong>4. Persone che svolgono frequenti attivit\u00e0 all&#039;aperto:<\/strong> Pu\u00f2 pulire pi\u00f9 a fondo e rimuovere sudore e cattivi odori in modo pi\u00f9 efficace.<\/p>\n\n\n\n<h2 class=\"wp-block-heading\">Processo di produzione della spazzola da bagno in silicone<\/h2>\n\n\n\n<p>Le spazzole da bagno in silicone sono prodotte principalmente mediante stampaggio a iniezione monoblocco o processo di laminazione, e la densit\u00e0 delle setole e la precisione dimensionale sono garantite dalla formatura dello stampo. Dopo il trattamento superficiale e la lucidatura, il corpo della spazzola risulta delicato al tatto e le setole risultano morbide e non spinose. Successivamente, i bordi e le sbavature in eccesso vengono rimossi per garantire un aspetto impeccabile. Infine, i residui di produzione vengono accuratamente puliti e vengono eseguiti la sterilizzazione ad alta temperatura, il collaudo finale e l&#039;ispezione.&nbsp;<\/p>\n\n\n\n<p>L&#039;intero processo \u00e8 sottoposto a molteplici controlli di qualit\u00e0 e lucidatura per garantire un trattamento superficiale di alta qualit\u00e0 e una forma uniforme, soddisfare le esigenze di produzione di massa e di personalizzazione e garantire che i prodotti siano conformi agli standard, impermeabili, antimuffa e durevoli.<\/p>\n\n\n\n<h2 class=\"wp-block-heading\">Applicazioni della spazzola da bagno in silicone<\/h2>\n\n\n\n<p>La spazzola da bagno in silicone non \u00e8 adatta solo all&#039;uso quotidiano per la cura del corpo in casa, ma \u00e8 adatta anche a diversi contesti di bagno e cura del corpo, hotel, saloni di bellezza e altri centri di cura.<\/p>\n\n\n\n<p><strong>1. Pulizia e bagno in casa: <\/strong>Una spazzola da bagno in silicone pu\u00f2 sostituire i tradizionali asciugamani da bagno, che sono pi\u00f9 morbidi e igienici.<\/p>\n\n\n\n<p><strong>2. Articoli da toeletta da viaggio:<\/strong> La spazzola da bagno in silicone \u00e8 piccola e leggera, efficiente e molto adatta per viaggi di lavoro e viaggi.<\/p>\n\n\n\n<p><strong>3. Configurazione del prodotto da bagno dell&#039;hotel: <\/strong>L&#039;hotel configura questo prodotto per migliorare l&#039;esperienza di bagno del cliente, soddisfare le sue esigenze di bagno personalizzate e soddisfare la configurazione delle forniture per camere di lusso.<\/p>\n\n\n\n<p><strong>4. Set regalo per la cura della persona: <\/strong>La spazzola da bagno in silicone \u00e8 adatta all&#039;uso nei set combinati per la cura della persona e pu\u00f2 essere utilizzata come elemento importante da regalare.<\/p>\n\n\n\n<h2 class=\"wp-block-heading\">Come usare la spazzola da bagno in silicone<\/h2>\n\n\n\n<p>La spazzola da bagno in silicone \u00e8 facile da usare e adatta a diverse esigenze di pulizia. Pu\u00f2 essere utilizzata con bagnoschiuma o acqua per completare la pulizia quotidiana. \u00c8 adatta a tutto il corpo, compresi schiena, gambe e braccia.<\/p>\n\n\n\n<p><strong>1. Bagnare il pennello e il corpo:<\/strong> Bagnare il corpo e la spazzola da bagno con acqua tiepida per ammorbidire gradualmente la superficie della pelle.<\/p>\n\n\n\n<p><strong>2. Aggiungi il gel doccia: <\/strong>Versare il gel doccia sulla superficie della spazzola, strofinare delicatamente per creare delle bolle e strofinare delicatamente le parti del corpo con movimenti circolari o avanti e indietro. \u00c8 possibile utilizzare il dorso della spazzola per massaggiare spalle, collo o gambe con la giusta intensit\u00e0.<\/p>\n\n\n\n<p><strong>3. Pulisci la spazzola da bagno: <\/strong>Dopo aver pulito il corpo, pulire accuratamente la superficie della spazzola e asciugarla per mantenerla igienica e prevenire la proliferazione di batteri o muffe.<\/p>\n\n\n\n<p><strong>4. Contenitori sospesi: <\/strong>Utilizzare il foro per appendere la spazzola da bagno in silicone o la ventosa per fissarla alla parete, evitando cos\u00ec l&#039;accumulo di umidit\u00e0 e batteri in un ambiente umido.<\/p>","protected":false},"excerpt":{"rendered":"Silicone Bath Brush Features A silicone bath brush is a bath cleaning tool made of silicone as the main material. It has many characteristics such as softness, durability, and high efficiency. Compared with traditional plastic brushes, silicone bath brushes are more gentle and skin-friendly, and are not easy to irritate or scratch the skin. Some [&hellip;]","protected":false},"featured_media":3552,"menu_order":0,"template":"","meta":[],"product-tag":[],"products":[166],"class_list":["post-3542","product","type-product","status-publish","has-post-thumbnail","hentry","products-bath-brush"],"acf":[],"_links":{"self":[{"href":"https:\/\/www.ruiqigo.com\/it\/wp-json\/wp\/v2\/product\/3542","targetHints":{"allow":["GET"]}}],"collection":[{"href":"https:\/\/www.ruiqigo.com\/it\/wp-json\/wp\/v2\/product"}],"about":[{"href":"https:\/\/www.ruiqigo.com\/it\/wp-json\/wp\/v2\/types\/product"}],"version-history":[{"count":0,"href":"https:\/\/www.ruiqigo.com\/it\/wp-json\/wp\/v2\/product\/3542\/revisions"}],"wp:featuredmedia":[{"embeddable":true,"href":"https:\/\/www.ruiqigo.com\/it\/wp-json\/wp\/v2\/media\/3552"}],"wp:attachment":[{"href":"https:\/\/www.ruiqigo.com\/it\/wp-json\/wp\/v2\/media?parent=3542"}],"wp:term":[{"taxonomy":"product-tag","embeddable":true,"href":"https:\/\/www.ruiqigo.com\/it\/wp-json\/wp\/v2\/product-tag?post=3542"},{"taxonomy":"products","embeddable":true,"href":"https:\/\/www.ruiqigo.com\/it\/wp-json\/wp\/v2\/products?post=3542"}],"curies":[{"name":"parola chiave","href":"https:\/\/api.w.org\/{rel}","templated":true}]}}