{"id":356,"date":"2024-07-08T10:08:37","date_gmt":"2024-07-08T02:08:37","guid":{"rendered":"https:\/\/ruiqigo.com\/?post_type=product&#038;p=356"},"modified":"2024-10-28T15:39:54","modified_gmt":"2024-10-28T07:39:54","slug":"raw-sugar-body-wash","status":"publish","type":"product","link":"https:\/\/www.ruiqigo.com\/it\/product\/raw-sugar-body-wash","title":{"rendered":"Bagnoschiuma allo zucchero grezzo"},"content":{"rendered":"<h3 class=\"wp-block-heading\">Produzione di detergenti per il corpo allo zucchero grezzo Formule comuni<\/h3>\n\n\n\n<p>L&#039;ingrediente principale di questo detergente per il corpo allo zucchero grezzo \u00e8 lo zucchero grezzo naturale. Ricco di zuccheri, minerali, vitamine e altri nutrienti, lo zucchero grezzo deterge e rimuove delicatamente tutti i tipi di impurit\u00e0 ed esfolianti, offrendo al contempo un&#039;eccellente idratazione e sollievo dalla secchezza. Abbiamo anche aggiunto alla formula delicati ingredienti detergenti per migliorare ulteriormente il suo effetto detergente, lasciando la pelle pulita e radiosa. Inoltre, sono stati aggiunti estratti vegetali naturali per fornire ulteriore nutrimento alla pelle.<\/p>\n\n\n\n<h3 class=\"wp-block-heading\">Detergente corpo allo zucchero grezzo Scenari applicabili<\/h3>\n\n\n\n<p>Questo gel doccia allo zucchero grezzo \u00e8 un gel doccia per tutto il giorno con ricchi ingredienti idratanti per aiutare ad alleviare la secchezza causata dalle alte temperature. Durante i freddi e secchi mesi invernali, la sua delicata formula detergente deterge in profondit\u00e0 la pelle mentre gli ingredienti idratanti forniscono una cura totale della pelle e sollievo dai problemi cutanei correlati al freddo.<\/p>\n\n\n\n<h3 class=\"wp-block-heading\">Per chi \u00e8 adatto il detergente per il corpo allo zucchero grezzo?<\/h3>\n\n\n\n<p>Con le sue propriet\u00e0 esfolianti e idratanti naturali, Raw Sugar Body Wash \u00e8 adatto a chi cerca risultati naturali per la cura della pelle. \u00c8 particolarmente adatto a chi ha bisogno di detergere e nutrire delicatamente la pelle, come chi ha la pelle secca o sensibile, e a chi preferisce prodotti con ingredienti naturali. \u00c8 adatto anche a chi ama i trattamenti spa che forniscono una cura completa per la pelle.<\/p>\n\n\n\n<h3 class=\"wp-block-heading\">Processo di produzione del detergente per il corpo allo zucchero grezzo<\/h3>\n\n\n\n<p>Raw Sugar Body Wash \u00e8 prodotto utilizzando una combinazione di artigianato tradizionale e tecnologia moderna selezionando a mano zucchero grezzo di alta qualit\u00e0 e combinandolo con un metodo di estrazione a bassa temperatura per preservare i suoi ingredienti esfolianti e idratanti naturali. Un rigoroso controllo di qualit\u00e0 durante la produzione garantisce l&#039;assenza di additivi chimici, offrendo un&#039;esperienza di bagno pura e delicata.<\/p>","protected":false},"excerpt":{"rendered":"Raw sugar body wash manufacturing Common Formulas The core ingredient of this raw sugar body wash is natural raw sugar. Rich in sugars, minerals, vitamins and other nutrients, Raw Sugar cleanses and gently removes all types of impurities and exfoliants, while providing excellent moisturization and relief from dryness. We&#8217;ve also added gentle cleansing ingredients to [&hellip;]","protected":false},"featured_media":357,"menu_order":0,"template":"","meta":[],"product-tag":[],"products":[57],"class_list":["post-356","product","type-product","status-publish","has-post-thumbnail","hentry","products-body-wash"],"acf":[],"_links":{"self":[{"href":"https:\/\/www.ruiqigo.com\/it\/wp-json\/wp\/v2\/product\/356","targetHints":{"allow":["GET"]}}],"collection":[{"href":"https:\/\/www.ruiqigo.com\/it\/wp-json\/wp\/v2\/product"}],"about":[{"href":"https:\/\/www.ruiqigo.com\/it\/wp-json\/wp\/v2\/types\/product"}],"version-history":[{"count":0,"href":"https:\/\/www.ruiqigo.com\/it\/wp-json\/wp\/v2\/product\/356\/revisions"}],"wp:featuredmedia":[{"embeddable":true,"href":"https:\/\/www.ruiqigo.com\/it\/wp-json\/wp\/v2\/media\/357"}],"wp:attachment":[{"href":"https:\/\/www.ruiqigo.com\/it\/wp-json\/wp\/v2\/media?parent=356"}],"wp:term":[{"taxonomy":"product-tag","embeddable":true,"href":"https:\/\/www.ruiqigo.com\/it\/wp-json\/wp\/v2\/product-tag?post=356"},{"taxonomy":"products","embeddable":true,"href":"https:\/\/www.ruiqigo.com\/it\/wp-json\/wp\/v2\/products?post=356"}],"curies":[{"name":"parola chiave","href":"https:\/\/api.w.org\/{rel}","templated":true}]}}