{"id":3563,"date":"2025-06-06T16:25:54","date_gmt":"2025-06-06T08:25:54","guid":{"rendered":"https:\/\/www.ruiqigo.com\/?post_type=product&#038;p=3563"},"modified":"2025-06-09T09:21:28","modified_gmt":"2025-06-09T01:21:28","slug":"helichrysum-essential-oil","status":"publish","type":"product","link":"https:\/\/www.ruiqigo.com\/it\/product\/helichrysum-essential-oil","title":{"rendered":"Olio essenziale di elicriso"},"content":{"rendered":"<h2 class=\"wp-block-heading\">Formule comuni per la produzione dell&#039;olio essenziale di elicriso<\/h2>\n\n\n\n<p>Siamo produttori professionali di olio essenziale di elicriso. Utilizziamo esclusivamente fiori di elicriso di alta qualit\u00e0 come materia prima e utilizziamo la distillazione a vapore a bassa temperatura per massimizzare la ritenzione di principi attivi naturali come il dichetone. Questi principi attivi naturali possono favorire la circolazione del cuoio capelluto e riparare i danni ai capelli.&nbsp;<\/p>\n\n\n\n<p><strong>1. Dichetone: <\/strong>Questo \u00e8 uno degli ingredienti unici e chiave dell&#039;olio essenziale di elicriso. Ha un forte potere antinfiammatorio, pu\u00f2 promuovere efficacemente la guarigione delle ferite, attenuare cicatrici e segni rossi, ed \u00e8 ampiamente utilizzato in essenze riparatrici e per la cura del cuoio capelluto.&nbsp;<\/p>\n\n\n\n<p><strong>2. Geraniolo: <\/strong>Il geraniolo ha un effetto emolliente naturale che pu\u00f2 migliorare la morbidezza. Nella cura dei capelli, aiuta a migliorarne la lucentezza e a ridurre l&#039;effetto crespo e le doppie punte.&nbsp;<\/p>\n\n\n\n<p><strong>3. Acetato di bornile: <\/strong>Questo \u00e8 un ingrediente importante nell&#039;olio essenziale di elicriso. Ha eccellenti effetti lenitivi e antinfiammatori, che possono ridurre il rossore e la sensibilit\u00e0 della pelle causati da stress o fattori ambientali. Allo stesso tempo, pu\u00f2 anche lenire il cuoio capelluto e ridurre prurito e tensione.&nbsp;&nbsp;<\/p>\n\n\n\n<p><strong>4. \u03b1-pinene:<\/strong> Ha eccellenti effetti detergenti e antibatterici, pu\u00f2 purificare i pori e l&#039;ambiente del cuoio capelluto, migliorare la secrezione di sebo e i problemi di forfora e pu\u00f2 anche lenire la pelle.&nbsp;<\/p>\n\n\n\n<p><strong>5. Linalolo:<\/strong> Ha funzioni detergenti e antibatteriche. Pu\u00f2 regolare la secrezione sebacea, purificare i pori, migliorare la follicolite causata da ostruzione sebacea e creare un ambiente favorevole per capelli sani.<\/p>\n\n\n\n<h2 class=\"wp-block-heading\">Le Funzioni dell&#039;Olio Essenziale di Elicriso<\/h2>\n\n\n\n<p>L&#039;olio essenziale di elicriso \u00e8 un prodotto indispensabile nella cura dei capelli di alta qualit\u00e0, grazie ai suoi eccellenti principi attivi e al sofisticato processo di estrazione.<\/p>\n\n\n\n<p><strong>1. Naturale, delicato e non irritante:<\/strong> La formula dell&#039;olio essenziale di elicriso \u00e8 naturale e delicata, non contiene ingredienti irritanti e presenta un rischio di allergia molto basso. Pu\u00f2 essere utilizzato in sicurezza anche da neonati o persone con pelle sensibile.&nbsp;<\/p>\n\n\n\n<p><strong>2. Principi attivi ad alta purezza: <\/strong>Estratto tramite tecnologia di distillazione a bassa temperatura per massimizzare la ritenzione dei principi attivi nell&#039;elicriso, garantendo che ogni lotto di olio essenziale di elicriso possa mantenere prestazioni efficienti e costanti.&nbsp;<\/p>\n\n\n\n<p><strong>3. Rispettoso dell&#039;ambiente e sostenibile:<\/strong> Gli ingredienti sono di origine pura e la coltivazione \u00e8 tracciabile, il che \u00e8 in linea con la tendenza della cura naturale della pelle e adatto alle serie di prodotti per la cura dei capelli biologici ed ecologici di alta gamma.&nbsp;<\/p>\n\n\n\n<p><strong>4. Odore delicato: <\/strong>L&#039;olio essenziale di elicriso ha un aroma erbaceo caldo e delicato, meno intenso di quello della lavanda o dell&#039;eucalipto. Pu\u00f2 indurre una sensazione di relax e benessere, migliorando l&#039;esperienza complessiva.&nbsp;<\/p>\n\n\n\n<p><strong>5. Multi-effetti in uno:<\/strong> L&#039;olio essenziale di elicriso non solo pu\u00f2 migliorare efficacemente il sebo in eccesso e l&#039;infiammazione del cuoio capelluto, ma anche alleviare il prurito e riparare i capelli danneggiati. Un flacone con molteplici usi e molteplici effetti.<\/p>\n\n\n\n<h2 class=\"wp-block-heading\">Come usare l&#039;olio essenziale di elicriso<\/h2>\n\n\n\n<p>Quando l&#039;olio essenziale di elicriso viene utilizzato da solo, \u00e8 necessario diluirlo prima dell&#039;uso. Se aggiunto come formula, deve essere miscelato al prodotto in proporzioni tali da esplicare appieno i suoi effetti lenitivi e riparatori e potenziarne l&#039;efficacia complessiva.<\/p>\n\n\n\n<p><strong>1. Capelli puliti: <\/strong>Lavare i capelli prima dell&#039;uso per garantire l&#039;assorbimento durante i successivi trattamenti.<\/p>\n\n\n\n<p><strong>2. Diluire l&#039;olio essenziale di elicriso: <\/strong>Mescolare l&#039;olio essenziale e l&#039;olio base (ad esempio l&#039;olio di jojoba) in un rapporto di 1:5 o superiore.<\/p>\n\n\n\n<p><strong>3. Applicare e massaggiare delicatamente: <\/strong>Quando si utilizza l&#039;olio essenziale sulla pelle, picchiettarlo delicatamente per favorirne l&#039;assorbimento. Quando lo si utilizza sul cuoio capelluto, si pu\u00f2 massaggiare per favorire la circolazione.<\/p>\n\n\n\n<p><strong>4. Pu\u00f2 essere utilizzato con altri prodotti: <\/strong>Pu\u00f2 essere aggiunto allo shampoo, al balsamo e ad altri prodotti per la cura dei capelli per aumentarne l&#039;efficacia.<\/p>\n\n\n\n<p><strong>Raccomandazione: <\/strong>Usalo 2-3 volte a settimana e l&#039;effetto sar\u00e0 pi\u00f9 significativo se l&#039;uso persiste per un lungo periodo.<\/p>\n\n\n\n<h2 class=\"wp-block-heading\">Attenzione<\/h2>\n\n\n\n<p>L&#039;olio essenziale di elicriso \u00e8 un&#039;essenza vegetale altamente concentrata. Per garantire la migliore esperienza d&#039;uso ed evitare reazioni allergiche, \u00e8 necessario prestare attenzione all&#039;ambiente di utilizzo e di conservazione.&nbsp;<\/p>\n\n\n\n<p><strong>1. Test cutaneo:<\/strong> \u00c8 richiesto un test cutaneo prima del primo utilizzo, soprattutto per le persone allergiche. Si consiglia di effettuare un test su una piccola area dietro l&#039;orecchio o sulla parte interna del polso per confermare l&#039;assenza di reazioni avverse prima dell&#039;uso ufficiale.<\/p>\n\n\n\n<p><strong>2. Evitare di applicare direttamente sulla pelle senza diluizione: <\/strong>L&#039;olio essenziale di elicriso \u00e8 ad alta concentrazione. Si consiglia di diluirlo prima dell&#039;uso per evitare irritazioni o fastidi allergici alla pelle.&nbsp;<\/p>\n\n\n\n<p><strong>3. Evitare il contatto con gli occhi: <\/strong>In caso di contatto accidentale con gli occhi, sciacquare immediatamente con abbondante acqua. Non utilizzare direttamente su zone sensibili come contorno occhi, bocca e naso.&nbsp;<\/p>\n\n\n\n<p><strong>4. Le donne in gravidanza e in allattamento devono usare con cautela: <\/strong>Sebbene questo prodotto sia molto delicato, si raccomanda ai gruppi speciali di consultare un professionista prima dell&#039;uso per garantirne la sicurezza.&nbsp;<\/p>\n\n\n\n<p><strong>5. Tenere lontano da alte temperature e dalla luce solare diretta: <\/strong>Gli oli essenziali devono essere conservati sigillati e in un luogo fresco e al riparo dalla luce per evitare che la stabilit\u00e0 dei principi attivi venga compromessa.<\/p>\n\n\n\n<h2 class=\"wp-block-heading\">Conclusione<\/h2>\n\n\n\n<p>L&#039;olio essenziale di elicriso si distingue nei prodotti per la cura dei capelli e per l&#039;aromaterapia di alta gamma grazie alle sue eccellenti propriet\u00e0 antinfiammatorie e riparatrici. Garantiamo che ogni lotto di oli essenziali contenga principi attivi stabili e puri, grazie a una rigorosa selezione delle materie prime, a tecnologie di estrazione avanzate e a controlli di qualit\u00e0 di alto livello. Non solo \u00e8 delicato e adatto a tutti i tipi di pelle, ma pu\u00f2 anche essere integrato in diversi tipi di prodotti per la cura dei capelli per molteplici effetti.<\/p>","protected":false},"excerpt":{"rendered":"Helichrysum Essential Oil Manufacturing Common Formulas We are a professional manufacturer of helichrysum essential oil. We insist on using high-quality helichrysum flowers as raw materials and use low-temperature steam distillation to maximize the retention of natural active ingredients such as diketone. These natural active ingredients can promote scalp circulation and repair hair damage.&nbsp; 1. Diketone: [&hellip;]","protected":false},"featured_media":3570,"menu_order":0,"template":"","meta":[],"product-tag":[],"products":[53],"class_list":["post-3563","product","type-product","status-publish","has-post-thumbnail","hentry","products-essential-oil"],"acf":[],"_links":{"self":[{"href":"https:\/\/www.ruiqigo.com\/it\/wp-json\/wp\/v2\/product\/3563","targetHints":{"allow":["GET"]}}],"collection":[{"href":"https:\/\/www.ruiqigo.com\/it\/wp-json\/wp\/v2\/product"}],"about":[{"href":"https:\/\/www.ruiqigo.com\/it\/wp-json\/wp\/v2\/types\/product"}],"version-history":[{"count":0,"href":"https:\/\/www.ruiqigo.com\/it\/wp-json\/wp\/v2\/product\/3563\/revisions"}],"wp:featuredmedia":[{"embeddable":true,"href":"https:\/\/www.ruiqigo.com\/it\/wp-json\/wp\/v2\/media\/3570"}],"wp:attachment":[{"href":"https:\/\/www.ruiqigo.com\/it\/wp-json\/wp\/v2\/media?parent=3563"}],"wp:term":[{"taxonomy":"product-tag","embeddable":true,"href":"https:\/\/www.ruiqigo.com\/it\/wp-json\/wp\/v2\/product-tag?post=3563"},{"taxonomy":"products","embeddable":true,"href":"https:\/\/www.ruiqigo.com\/it\/wp-json\/wp\/v2\/products?post=3563"}],"curies":[{"name":"parola chiave","href":"https:\/\/api.w.org\/{rel}","templated":true}]}}