{"id":3598,"date":"2025-06-09T11:43:18","date_gmt":"2025-06-09T03:43:18","guid":{"rendered":"https:\/\/www.ruiqigo.com\/?post_type=product&#038;p=3598"},"modified":"2025-06-09T16:12:57","modified_gmt":"2025-06-09T08:12:57","slug":"copiba-essential-oil","status":"publish","type":"product","link":"https:\/\/www.ruiqigo.com\/it\/product\/copiba-essential-oil","title":{"rendered":"Olio essenziale di Copiba"},"content":{"rendered":"<h2 class=\"wp-block-heading\">Formule comuni per la produzione dell&#039;olio essenziale di Copiba<\/h2>\n\n\n\n<p>Siamo produttori professionali di olio essenziale di Copiba. Utilizziamo esclusivamente resina di Copifera di alta qualit\u00e0 come materia prima e adottiamo un processo di distillazione a vapore per preservare al massimo i principi attivi naturali come il \u03b2-cariofillene. Questi ingredienti possono penetrare nei follicoli del cuoio capelluto e svolgere molteplici funzioni benefiche per la salute dei capelli e del cuoio capelluto.<\/p>\n\n\n\n<p><strong>1. \u03b2-cariofillene<\/strong>: \u00c8 un ingrediente chiave unico nell&#039;olio essenziale di copaiba. Ha forti propriet\u00e0 antinfiammatorie e antibatteriche. Pu\u00f2 alleviare efficacemente l&#039;infiammazione del cuoio capelluto e ridurre prurito e arrossamento causati da batteri e allergie. Contribuisce a creare un ambiente sano per il cuoio capelluto, a rafforzare le radici dei capelli e a ridurne la caduta.<\/p>\n\n\n\n<p><strong>2. Acido Copiba<\/strong>: Ha effetti astringenti naturali e di controllo del sebo, pu\u00f2 restringere i pori del cuoio capelluto, regolare l&#039;eccessiva secrezione di sebo, evitare cuoio capelluto e capelli grassi, rendere i capelli pi\u00f9 rinfrescanti e soffici e migliorare la morbidezza delle squame dei capelli.<\/p>\n\n\n\n<p><strong>3. Umulene<\/strong>: \u00c8 l&#039;ingrediente chiave per la cura dei capelli nell&#039;olio essenziale di balsamo cubano. Ha eccellenti effetti lenitivi e riparatori, allevia il disagio del cuoio capelluto causato da permanenti e tinte frequenti, aiuta a riparare le fibre capillari danneggiate, migliora la resistenza dei capelli e ne riduce la rottura.<\/p>\n\n\n\n<p><strong>4. Pinene<\/strong>: Ha ottime propriet\u00e0 detergenti e rinfrescanti, deterge in profondit\u00e0 i follicoli piliferi, rimuove sporco e residui di prodotti per lo styling e mantiene pulito il cuoio capelluto. Nell&#039;ambito dell&#039;aromaterapia per la cura dei capelli, pu\u00f2 anche lenire corpo e mente, ridurre lo stress e migliorare indirettamente l&#039;ambiente di crescita dei capelli influenzato dallo stress mentale.<\/p>\n\n\n\n<h2 class=\"wp-block-heading\">Le funzioni dell&#039;olio essenziale di Copiba<\/h2>\n\n\n\n<p>L&#039;olio essenziale di Copiba \u00e8 rinomato per le sue molteplici funzioni e utilizzi. \u00c8 noto per le sue propriet\u00e0 antinfiammatorie, antibatteriche e antidolorifiche, che lo rendono efficace nella cura del cuoio capelluto.<\/p>\n\n\n\n<p><strong>1. Delicato e delicato sulla pelle<\/strong>: L&#039;olio essenziale di Copiba ha una formula delicata e raramente causa irritazioni e reazioni allergiche. \u00c8 adatto a diversi tipi di pelle e di cuoio capelluto e pu\u00f2 essere utilizzato in sicurezza anche da persone con cuoio capelluto sensibile.<\/p>\n\n\n\n<p><strong>2. Ricco di principi attivi<\/strong>: Viene estratto tramite tecnologia avanzata e conserva alti livelli di sostanze attive come il \u03b2-cariofillene, garantendo una cura stabile ed efficace per capelli e cuoio capelluto.<\/p>\n\n\n\n<p><strong>3. Fonte di materie prime sostenibili<\/strong>:La resina, materia prima, viene estratta dall&#039;albero Copifera e il processo produttivo \u00e8 in linea con il concetto di sostenibilit\u00e0 ambientale e con la ricerca di prodotti di alta qualit\u00e0 per la cura dei capelli ecosostenibili.<\/p>\n\n\n\n<p><strong>4. Aroma unico<\/strong>: L&#039;olio essenziale di Copiba ha un aroma calmante e legnoso che pu\u00f2 essere diffuso per favorire il rilassamento e il benessere. Utilizzato per la cura dei capelli, crea un&#039;atmosfera piacevole e rilassante e migliora l&#039;esperienza sensoriale di chi lo utilizza.<\/p>\n\n\n\n<p><strong>5. Cura dei capelli multi-effetto<\/strong>: Pu\u00f2 regolare la secrezione sebacea del cuoio capelluto, alleviare l&#039;infiammazione e il prurito, e inoltre aiuta a rafforzare i capelli, a ridurne la rottura e a migliorarne la resistenza e la lucentezza. Un solo flacone pu\u00f2 ottenere molteplici effetti per la cura dei capelli.<\/p>\n\n\n\n<h2 class=\"wp-block-heading\">Come usare l&#039;olio essenziale di Copiba<\/h2>\n\n\n\n<p>Copiba \u00e8 un olio essenziale altamente concentrato. Assicurarsi di diluirlo con un olio vettore. L&#039;applicazione non diluita pu\u00f2 causare irritazioni cutanee. Se utilizzato con altri prodotti, \u00e8 necessario aggiungerlo in proporzione per potenziarne l&#039;effetto complessivo.<\/p>\n\n\n\n<p><strong>1. Olio per massaggio del cuoio capelluto<\/strong>: Mescolare 3-5 gocce di olio essenziale di copiba con 10 ml di olio base (come l&#039;olio di cocco) per aiutare a regolare il sebo del cuoio capelluto, alleviare il prurito e migliorare la vitalit\u00e0 delle radici dei capelli.<\/p>\n\n\n\n<p><strong>2. Operazione di diluizione<\/strong>: Mescolare 1-2 gocce di olio essenziale di copiba con 5 ml di acqua purificata o di balsamo senza risciacquo per ridurre l&#039;elettricit\u00e0 statica, rendere i capelli pi\u00f9 lisci e ottenere una fragranza leggera e gradevole, adatta all&#039;uso quotidiano.<\/p>\n\n\n\n<p><strong>3. Applicare e massaggiare delicatamente<\/strong>: Se utilizzato sul cuoio capelluto, immergere l&#039;olio essenziale diluito con la punta delle dita e massaggiare con movimenti circolari per 2-3 minuti per favorire la circolazione sanguigna e l&#039;assorbimento. Se utilizzato sulla pelle, tamponare fino a completo assorbimento.<\/p>\n\n\n\n<p><strong>4. Mescolare con prodotti per la cura dei capelli<\/strong>:Aggiungi una goccia di olio essenziale di copiba al tuo shampoo, balsamo o maschera per capelli quotidiano, mescola bene e usalo per migliorare l&#039;idratazione, l&#039;effetto anti-crespo e lenire il cuoio capelluto.<br><strong>Raccomandazione<\/strong>: Usalo 2-3 volte a settimana e vedrai gradualmente migliorare la salute del cuoio capelluto, la qualit\u00e0 dei capelli e il fastidio al cuoio capelluto.<\/p>\n\n\n\n<h2 class=\"wp-block-heading\">Attenzione<\/h2>\n\n\n\n<p>L&#039;olio essenziale di balsamo cubano \u00e8 un estratto vegetale concentrato. Per garantirne un uso sicuro e mantenerne l&#039;efficacia, \u00e8 necessario osservare i seguenti punti durante l&#039;uso e la conservazione.<\/p>\n\n\n\n<p><strong>1. Requisiti per il test cutaneo<\/strong>: Prima del primo utilizzo, soprattutto per le persone con pelle sensibile e allergie, \u00e8 necessario effettuare un patch test. Dopo un periodo di osservazione, se non si verificano arrossamenti, prurito, pizzicore, ecc., applicare il prodotto su una zona pi\u00f9 ampia.<\/p>\n\n\n\n<p><strong>2. L&#039;uso sulla pelle richiede la diluizione<\/strong>: Data l&#039;elevata concentrazione, non applicare direttamente sulla pelle. Assicurarsi di diluirlo con olio base in una proporzione sicura per evitare irritazioni.<\/p>\n\n\n\n<p><strong>3. Prenditi una buona protezione<\/strong>: evitare il contatto con mucose come occhi, bocca e naso. In caso di contatto accidentale, sciacquare immediatamente con abbondante acqua, non strofinare e consultare tempestivamente un medico se il fastidio non si \u00e8 attenuato.<\/p>\n\n\n\n<p><strong>4. Usare con cautela in gruppi speciali<\/strong>: Le donne incinte, le donne che allattano, i neonati e i bambini piccoli non devono utilizzarlo da sole, se non sotto la supervisione di un aromaterapeuta professionista o di personale medico.<\/p>\n\n\n\n<p><strong>5. Requisiti dell&#039;ambiente di archiviazione<\/strong>: Conservare in un luogo fresco e buio e chiudere bene il tappo del flacone per prevenire l&#039;ossidazione e mantenere la stabilit\u00e0 dei principi attivi.<\/p>\n\n\n\n<h2 class=\"wp-block-heading\">Conclusione<\/h2>\n\n\n\n<p>Grazie alle sue eccellenti propriet\u00e0 antinfiammatorie, lenitive e riparatrici, l&#039;olio essenziale di copaiba si distingue nel campo dei prodotti di alta gamma per la cura dei capelli e della pelle. Attraverso un rigoroso screening delle materie prime, una tecnologia di estrazione avanzata e un controllo di qualit\u00e0 di alto livello, garantiamo che ogni lotto di olio essenziale contenga principi attivi stabili e puri. Pu\u00f2 svolgere molteplici funzioni, come la regolazione del sebo del cuoio capelluto, il sollievo dal fastidio cutaneo e l&#039;esaltazione della fragranza, diventando un elemento prezioso nei prodotti per la cura personale a base di oli essenziali.<\/p>\n\n\n\n<p><\/p>","protected":false},"excerpt":{"rendered":"Copiba Essential Oil Manufacturing Common Formulas We are a professional manufacturer of copiba essential oil. We always use high-quality Copifera tree resin as raw material and adopt steam distillation process to retain natural active ingredients such as \u03b2-caryophyllene to the greatest extent. These ingredients can penetrate into the scalp follicles and play multiple beneficial roles [&hellip;]","protected":false},"featured_media":3599,"menu_order":0,"template":"","meta":[],"product-tag":[],"products":[53],"class_list":["post-3598","product","type-product","status-publish","has-post-thumbnail","hentry","products-essential-oil"],"acf":[],"_links":{"self":[{"href":"https:\/\/www.ruiqigo.com\/it\/wp-json\/wp\/v2\/product\/3598","targetHints":{"allow":["GET"]}}],"collection":[{"href":"https:\/\/www.ruiqigo.com\/it\/wp-json\/wp\/v2\/product"}],"about":[{"href":"https:\/\/www.ruiqigo.com\/it\/wp-json\/wp\/v2\/types\/product"}],"version-history":[{"count":0,"href":"https:\/\/www.ruiqigo.com\/it\/wp-json\/wp\/v2\/product\/3598\/revisions"}],"wp:featuredmedia":[{"embeddable":true,"href":"https:\/\/www.ruiqigo.com\/it\/wp-json\/wp\/v2\/media\/3599"}],"wp:attachment":[{"href":"https:\/\/www.ruiqigo.com\/it\/wp-json\/wp\/v2\/media?parent=3598"}],"wp:term":[{"taxonomy":"product-tag","embeddable":true,"href":"https:\/\/www.ruiqigo.com\/it\/wp-json\/wp\/v2\/product-tag?post=3598"},{"taxonomy":"products","embeddable":true,"href":"https:\/\/www.ruiqigo.com\/it\/wp-json\/wp\/v2\/products?post=3598"}],"curies":[{"name":"parola chiave","href":"https:\/\/api.w.org\/{rel}","templated":true}]}}