{"id":3610,"date":"2025-06-11T10:19:53","date_gmt":"2025-06-11T02:19:53","guid":{"rendered":"https:\/\/www.ruiqigo.com\/?post_type=product&#038;p=3610"},"modified":"2025-06-11T10:19:53","modified_gmt":"2025-06-11T02:19:53","slug":"bergamot-essential-oil","status":"publish","type":"product","link":"https:\/\/www.ruiqigo.com\/it\/product\/bergamot-essential-oil","title":{"rendered":"Olio essenziale di bergamotto"},"content":{"rendered":"<h2 class=\"wp-block-heading\">Formule comuni per la produzione dell&#039;olio essenziale di bergamotto<\/h2>\n\n\n\n<p>In qualit\u00e0 di produttori e fornitori di lunga data di olio essenziale di bergamotto, selezioniamo rigorosamente frutti di bergamotto maturi e utilizziamo tecnologie sofisticate per estrarre e conservare ingredienti naturali come limonene, linalolo, acetato di linalolo, ecc., per offrire un supporto sicuro, naturale e duraturo per la cura dei capelli. <\/p>\n\n\n\n<p><strong>1. Limonene:<\/strong> Il limonene \u00e8 una sostanza naturale che occupa una posizione dominante nell&#039;olio essenziale di bergamotto. Possiede eccellenti propriet\u00e0 antiossidanti, sciogli-grassi e purificanti, che possono aiutare a scomporre e rimuovere il sebo in eccesso e le particelle inquinanti dal cuoio capelluto, alleviare il problema dei follicoli piliferi ostruiti e rendere il cuoio capelluto fresco e trasparente. Inoltre, la sua fragranza naturale pu\u00f2 anche aiutare a rinfrescare la mente.&nbsp;<\/p>\n\n\n\n<p><strong>2. Linalolo:<\/strong> Il linalolo \u00e8 un ingrediente con lievi effetti antibatterici e purificanti che aiuta a inibire i batteri nocivi nella microecologia del cuoio capelluto, a prevenire la forfora e i cattivi odori causati dalla crescita batterica e a mantenere i capelli puliti e igienici.&nbsp;<\/p>\n\n\n\n<p><strong>3. Acetato di linalolo: <\/strong>Questo \u00e8 un ingrediente chiave che ha un effetto calmante, lenitivo e lenitivo sul cuoio capelluto. Pu\u00f2 ridurre efficacemente la tensione e l&#039;irritazione del cuoio capelluto, alleviare prurito, formicolio e altri disagi causati da tensione e stimoli ambientali, migliorando l&#039;esperienza d&#039;uso.&nbsp;<\/p>\n\n\n\n<p><strong>4. Geraniolo:<\/strong> Il geraniolo ha effetti naturali antibatterici e repellenti per gli insetti. \u00c8 indicato per rafforzare la barriera del cuoio capelluto e lenire il prurito. Pu\u00f2 anche favorire la microcircolazione del cuoio capelluto, migliorare l&#039;efficienza di assorbimento dei nutrienti e fornire ai follicoli piliferi un ambiente di crescita migliore.&nbsp;<\/p>\n\n\n\n<p><strong>5. \u03b1-pinene:<\/strong> Questo ingrediente ha effetti antinfiammatori e pu\u00f2 alleviare l&#039;infiammazione o il rossore del cuoio capelluto e il gonfiore. \u00c8 adatto per riparare i danni al cuoio capelluto causati da permanente, tintura, esposizione prolungata al sole, ecc.<\/p>\n\n\n\n<h2 class=\"wp-block-heading\">Le funzioni dell&#039;olio essenziale di bergamotto<\/h2>\n\n\n\n<p><strong>1. Estrazione naturale:<\/strong> L&#039;olio essenziale di bergamotto viene estratto dal bergamotto mediante una tecnologia di estrazione a bassa temperatura, che preserva al massimo gli ingredienti originali e le sostanze aromatiche in esso contenute. Non viene trattato con solventi chimici per garantire la purezza e la naturalezza dell&#039;olio essenziale.&nbsp;<\/p>\n\n\n\n<p><strong>2. Eccellente funzione antibatterica e purificante:<\/strong> Gli ingredienti naturali dell&#039;olio essenziale di bergamotto hanno effetti antinfiammatori e antibatterici, che possono ridurre efficacemente i problemi causati dall&#039;ostruzione dei follicoli piliferi da parte del sebo, migliorare la forfora e il prurito del cuoio capelluto e aiutare a mantenere l&#039;equilibrio ecologico del cuoio capelluto.&nbsp;<\/p>\n\n\n\n<p><strong>3. Esperienza sensoriale superiore: <\/strong>La fragranza fresca e fruttata ha un profumo delicato e dolce, lenitivo e piacevole, che pu\u00f2 aumentare il piacere sensoriale complessivo dell&#039;utente durante la cura dei capelli.&nbsp;<\/p>\n\n\n\n<p><strong>4. Migliora l&#039;umore e allevia lo stress:<\/strong> Gli ingredienti profumati dell&#039;olio essenziale di bergamotto possono alleviare la depressione e la tensione nervosa. Per chi \u00e8 sotto pressione per lungo tempo, pu\u00f2 ottenere un doppio rilassamento, dalla pelle alla mente. Utilizzato per la cura dei capelli, pu\u00f2 anche alleviare lo stress psicologico.<\/p>\n\n\n\n<h2 class=\"wp-block-heading\">Come usare l&#039;olio essenziale di bergamotto<\/h2>\n\n\n\n<p>L&#039;olio essenziale di bergamotto \u00e8 molto facile da usare. Pu\u00f2 essere aggiunto direttamente all&#039;olio base o ai prodotti per la cura dei capelli, oppure pu\u00f2 essere usato da solo per massaggi al cuoio capelluto o per aromaterapia.&nbsp;<\/p>\n\n\n\n<p><strong>1. Diluizione e preparazione:<\/strong> Prima dell&#039;uso, prendere 2-3 gocce di olio essenziale di bergamotto, aggiungere 10 ml di olio base, come olio di jojoba o olio di mandorle dolci, e mescolare bene.&nbsp;<\/p>\n\n\n\n<p><strong>2. Massaggiare il cuoio capelluto:<\/strong> Applicare l&#039;olio essenziale diluito in modo uniforme sul cuoio capelluto e massaggiare delicatamente con la punta delle dita per 5-10 minuti.<\/p>\n\n\n\n<p><strong>3. Penetrazione e assorbimento: <\/strong>Attendere 15-20 minuti per consentire all&#039;olio essenziale di essere completamente assorbito e penetrare nel cuoio capelluto, nutrendolo in profondit\u00e0.<\/p>\n\n\n\n<p><strong>4. Lavare con acqua pulita: <\/strong>Successivamente, utilizzare acqua tiepida e uno shampoo delicato per pulire a fondo la testa, evitando cos\u00ec residui unti.<\/p>\n\n\n\n<p><strong>Raccomandazione:<\/strong> Si consiglia di utilizzarlo regolarmente, 1-2 volte a settimana, per una cura migliore e continuativa.<\/p>\n\n\n\n<h2 class=\"wp-block-heading\">Attenzione<\/h2>\n\n\n\n<p><strong>1. Test cutaneo:<\/strong> In caso di gravidanza o pelle sensibile, si consiglia di effettuare un test cutaneo dietro l&#039;orecchio prima dell&#039;uso. Solo dopo aver verificato l&#039;assenza di irritazioni, il prodotto pu\u00f2 essere utilizzato ufficialmente.<\/p>\n\n\n\n<p><strong>2. Diluire prima dell&#039;uso:<\/strong> L&#039;olio essenziale originale ha un&#039;alta concentrazione. Il contatto diretto con la pelle pu\u00f2 causare allergie o irritazioni. Pertanto, \u00e8 necessario diluirlo prima di applicare il prodotto sui capelli per evitare danni al cuoio capelluto.<\/p>\n\n\n\n<p><strong>3. Prestare attenzione a evitare la luce:<\/strong> L&#039;olio essenziale di bergamotto contiene ingredienti fotosensibili. Si raccomanda di evitarne l&#039;uso durante il giorno o immediatamente prima o dopo l&#039;esposizione alla luce solare, ed evitare l&#039;esposizione alla luce per almeno 12 ore dopo l&#039;uso.<\/p>\n\n\n\n<p><strong>4. Evitare il contatto con gli occhi o le ferite:<\/strong> Evitare il contatto degli oli essenziali con gli occhi o con la pelle lesa. In caso di contatto accidentale con gli occhi, sciacquare immediatamente con abbondante acqua e consultare immediatamente un medico.<\/p>\n\n\n\n<h2 class=\"wp-block-heading\">Conclusione<\/h2>\n\n\n\n<p>In quanto olio essenziale di alta qualit\u00e0 per la cura naturale dei capelli, l&#039;olio essenziale di bergamotto occupa una posizione unica nella cura dei capelli, grazie al suo eccellente effetto e alla sua fragranza fresca e gradevole. I suoi ricchi principi attivi naturali possono migliorare efficacemente l&#039;ambiente del cuoio capelluto e alleviare lo stress. Pu\u00f2 essere miscelato con una variet\u00e0 di oli essenziali, con una forte adattabilit\u00e0 e un&#039;ampia gamma di applicazioni.&nbsp;<\/p>\n\n\n\n<p>L&#039;olio essenziale di bergamotto \u00e8 una scelta naturale, sia che venga utilizzato per i capelli, il cuoio capelluto o per rilassare tramite aromaterapia.<\/p>","protected":false},"excerpt":{"rendered":"Bergamot Essential Oil Manufacturing Common Formulas As the manufacturer and long-term supplier of bergamot essential oil, we strictly select ripe bergamot fruits and use sophisticated technology to extract and retain natural ingredients such as limonene, linalool, linalool acetate, etc., to provide safe, natural, and lasting support for hair care. 1. Limonene: Limonene is a natural [&hellip;]","protected":false},"featured_media":3611,"menu_order":0,"template":"","meta":[],"product-tag":[],"products":[53],"class_list":["post-3610","product","type-product","status-publish","has-post-thumbnail","hentry","products-essential-oil"],"acf":[],"_links":{"self":[{"href":"https:\/\/www.ruiqigo.com\/it\/wp-json\/wp\/v2\/product\/3610","targetHints":{"allow":["GET"]}}],"collection":[{"href":"https:\/\/www.ruiqigo.com\/it\/wp-json\/wp\/v2\/product"}],"about":[{"href":"https:\/\/www.ruiqigo.com\/it\/wp-json\/wp\/v2\/types\/product"}],"version-history":[{"count":0,"href":"https:\/\/www.ruiqigo.com\/it\/wp-json\/wp\/v2\/product\/3610\/revisions"}],"wp:featuredmedia":[{"embeddable":true,"href":"https:\/\/www.ruiqigo.com\/it\/wp-json\/wp\/v2\/media\/3611"}],"wp:attachment":[{"href":"https:\/\/www.ruiqigo.com\/it\/wp-json\/wp\/v2\/media?parent=3610"}],"wp:term":[{"taxonomy":"product-tag","embeddable":true,"href":"https:\/\/www.ruiqigo.com\/it\/wp-json\/wp\/v2\/product-tag?post=3610"},{"taxonomy":"products","embeddable":true,"href":"https:\/\/www.ruiqigo.com\/it\/wp-json\/wp\/v2\/products?post=3610"}],"curies":[{"name":"parola chiave","href":"https:\/\/api.w.org\/{rel}","templated":true}]}}