{"id":3620,"date":"2025-06-12T11:24:09","date_gmt":"2025-06-12T03:24:09","guid":{"rendered":"https:\/\/www.ruiqigo.com\/?post_type=product&#038;p=3620"},"modified":"2025-06-12T11:24:10","modified_gmt":"2025-06-12T03:24:10","slug":"wooden-bath-brush","status":"publish","type":"product","link":"https:\/\/www.ruiqigo.com\/it\/product\/wooden-bath-brush","title":{"rendered":"Spazzola da bagno in legno"},"content":{"rendered":"<h2 class=\"wp-block-heading\">Caratteristiche della spazzola da bagno in legno<\/h2>\n\n\n\n<p>La spazzola da bagno in legno \u00e8 naturale e pratica. Non solo conserva lo stile rustico delle spazzole tradizionali fatte a mano, ma incorpora anche il concetto ergonomico del design moderno. Il corpo in legno \u00e8 robusto e resistente, \u00e8 caldo al tatto e le setole adatte offrono una variet\u00e0 di opzioni per la cura della pelle.<\/p>\n\n\n\n<p><strong>1. Corpo della spazzola in legno massello naturale: <\/strong>Le spazzole da bagno in legno sono spesso realizzate in faggio naturale, quercia e altri legni duri. Hanno una struttura compatta, non si rompono facilmente, hanno una buona presa e propriet\u00e0 antiscivolo e sono di ottima qualit\u00e0.&nbsp;<\/p>\n\n\n\n<p><strong>2. Tecnologia di trattamento superficiale squisita:<\/strong> La superficie della spazzola da bagno \u00e8 lucidata in modo molto uniforme e sigillata con olio vegetale o vernice ecologica per migliorarne le prestazioni anti-umidit\u00e0 e anti-muffa.&nbsp;<\/p>\n\n\n\n<p><strong>3. Lunga durata: <\/strong>La struttura di fissaggio dei capelli \u00e8 solida e dotata di una cinghia di presa per una facile presa. Allo stesso tempo, \u00e8 facile da asciugare e riporre, il che pu\u00f2 prolungare la durata della spazzola da bagno.&nbsp;<\/p>\n\n\n\n<p><strong>4. Adatto a una variet\u00e0 di scenari di lavaggio e cura:<\/strong> La nostra spazzola da bagno in legno pu\u00f2 essere utilizzata sia per la spazzolatura a secco che per la spazzolatura a umido. \u00c8 adatta a una variet\u00e0 di situazioni di lavaggio e cura, che si tratti del bagno quotidiano o del massaggio con spazzolatura a secco, e le sue funzioni sono molto flessibili.&nbsp;<\/p>\n\n\n\n<p><strong>5. Diverse opzioni di setole:<\/strong> Le spazzole da bagno in legno possono essere abbinate a setole naturali, come quelle di cinghiale e di crine di cavallo, oppure a fibre sintetiche flessibili, per soddisfare le esigenze di diversi tipi di pelle (ad esempio pelle sensibile, pelle grassa, ecc.).<\/p>\n\n\n\n<h2 class=\"wp-block-heading\">Vantaggi della spazzola da bagno in legno<\/h2>\n\n\n\n<p>Rispetto alle spazzole da bagno in plastica, quelle in legno offrono vantaggi naturali in termini di esperienza d&#039;uso, ecosostenibilit\u00e0 e consistenza. Non solo offrono un&#039;efficace esfoliazione e un massaggio efficaci, ma soddisfano anche la ricerca di naturalezza e sostenibilit\u00e0 degli utenti moderni.&nbsp;<\/p>\n\n\n\n<p><strong>1. Naturale ed ecologico:<\/strong> Le spazzole da bagno in legno sono realizzate interamente in legno e setole atossiche, naturali e biodegradabili, in linea con il concetto di consumo sostenibile e green e molto rispettose dell&#039;ambiente.&nbsp;<\/p>\n\n\n\n<p><strong>2. Durevole:<\/strong> Il corpo della spazzola in legno naturale ha una struttura stabile, \u00e8 resistente all&#039;usura e alla pressione ed \u00e8 durevole. La sua durata \u00e8 di gran lunga superiore a quella delle comuni spazzole da bagno in plastica.&nbsp;<\/p>\n\n\n\n<p><strong>3. Pulizia ed esfoliazione potenti:<\/strong> Le setole naturali, come quelle di cinghiale, hanno una resistenza moderata e possono pulire efficacemente macchie di sudore, sporco e cellule morte senza irritare o danneggiare la pelle.&nbsp;<\/p>\n\n\n\n<p><strong>4. Favorisce la circolazione sanguigna: <\/strong>L&#039;uso di una spazzola da bagno in legno pu\u00f2 stimolare delicatamente le terminazioni nervose, risvegliare la vitalit\u00e0 della pelle e favorire la circolazione sanguigna, il metabolismo e il rassodamento della pelle in tutto il corpo.&nbsp;<\/p>\n\n\n\n<p><strong>5. Elevato rapporto costi-prestazioni:<\/strong> La spazzola da bagno in legno richiede solo di essere asciugata regolarmente e conservata in un ambiente ventilato. Non richiede una manutenzione complessa ed \u00e8 semplice e comoda da usare, quindi \u00e8 molto conveniente.<\/p>\n\n\n\n<h2 class=\"wp-block-heading\">Spazzola da bagno in legno Target Group<\/h2>\n\n\n\n<p>La spazzola da bagno in legno \u00e8 ampiamente utilizzata da persone di diverse et\u00e0 e stili di vita grazie alle sue eccellenti prestazioni, come il materiale naturale, la struttura stabile e le molteplici funzioni. Che si tratti di un utente che si occupa di lavaggio e cura quotidiana di base, o di una persona che ha bisogno di massaggi ed esfoliazione, questo prodotto offrir\u00e0 un&#039;esperienza ideale.&nbsp;<\/p>\n\n\n\n<p><strong>1. Utenti domestici giornalieri:<\/strong> Adatto per la pulizia quotidiana e il comfort durante il bagno.<\/p>\n\n\n\n<p><strong>2. Persone di mezza et\u00e0 e anziane: <\/strong>Le setole morbide sono adatte alle persone con pelle fragile o mobilit\u00e0 ridotta, poich\u00e9 aiutano a favorire la circolazione sanguigna nel corpo e a migliorare la salute.<\/p>\n\n\n\n<p><strong>3. Persone con pelle sensibile:<\/strong> \u00c8 possibile scegliere setole morbide, come quelle in crine di cavallo e in fibre sintetiche, per pulire delicatamente la pelle senza irritarla o danneggiarla.<\/p>\n\n\n\n<p><strong>4. Persone che fanno esercizio fisico e si mantengono in forma:<\/strong> Dopo l&#039;attivit\u00e0 fisica, puoi usare una spazzola da bagno in legno per la spazzolatura a secco o a umido, che aiuta ad alleviare l&#039;affaticamento muscolare, a liberare i pori e a eliminare il sudore.<\/p>\n\n\n\n<h2 class=\"wp-block-heading\">Processo di produzione della spazzola da bagno in legno<\/h2>\n\n\n\n<p>Il processo di produzione della spazzola da bagno in legno si concentra sulla selezione e sulla lavorazione artigianale. Dalla selezione delle materie prime all&#039;inserimento delle setole, sono necessari diversi processi per garantire che il prodotto sia robusto, durevole, liscio e senza sbavature.<\/p>\n\n\n\n<p><strong>1. Selezione delle materie prime:<\/strong> Per prevenire crepe e muffe si utilizza legno naturale, sgrassato e essiccato.<\/p>\n\n\n\n<p><strong>2. Impianto delle setole: <\/strong>Le setole vengono impiantate manualmente o semiautomaticamente e sono disposte in modo compatto e uniforme.<\/p>\n\n\n\n<p><strong>3. Lucidatura: <\/strong>La superficie della spazzola da bagno \u00e8 sottoposta a pi\u00f9 cicli di levigatura per rimuovere sbavature e ruvidit\u00e0, garantendo una presa fluida e sicura.<\/p>\n\n\n\n<p><strong>4. Rivestimento impermeabile:<\/strong> Cera, olio o vernice per legno naturale vengono applicati sulla superficie del corpo della spazzola per migliorarne le prestazioni di resistenza all&#039;umidit\u00e0, alla muffa e alla durata.<\/p>\n\n\n\n<p><strong>5. Ispezione della qualit\u00e0 del prodotto:<\/strong> Ogni lotto di prodotti deve essere sottoposto a vari controlli di qualit\u00e0, come ad esempio quelli igienici, prima di lasciare la fabbrica, per garantire che ogni lotto di prodotti soddisfi gli standard di mercato e le esigenze dei clienti.<\/p>\n\n\n\n<h2 class=\"wp-block-heading\">Applicazioni della spazzola da bagno in legno<\/h2>\n\n\n\n<p>La spazzola da bagno in legno ha una vasta gamma di applicazioni. Non \u00e8 adatta solo per il bagno quotidiano a casa, ma \u00e8 spesso utilizzata anche in centri benessere e spa. \u00c8 ideale per il risveglio mattutino, per rilassarsi dopo l&#039;attivit\u00e0 fisica, per la pulizia profonda e per altri scopi.<\/p>\n\n\n\n<p>1. Nella pulizia quotidiana della casa e nel bagno, pu\u00f2 essere utilizzato per pulire la schiena, le gambe e altre parti difficili da spazzolare a fondo.<\/p>\n\n\n\n<p>2. Dopo esserti svegliato al mattino, puoi anche usarlo per spazzolare a secco i capelli per dare il via al nuovo giorno, favorire la circolazione sanguigna nel corpo e aumentare la vitalit\u00e0.<\/p>\n\n\n\n<p>3. Dopo l&#039;attivit\u00e0 fisica, \u00e8 possibile utilizzare una spazzola da bagno in legno per alleviare la tensione muscolare causata dall&#039;attivit\u00e0 fisica e favorire l&#039;eliminazione delle scorie metaboliche.<\/p>\n\n\n\n<h2 class=\"wp-block-heading\">Come usare la spazzola da bagno in legno<\/h2>\n\n\n\n<p>La spazzola da bagno in legno \u00e8 facile da usare. Puoi scegliere tra una spazzola asciutta o bagnata a seconda delle tue esigenze di pulizia.<\/p>\n\n\n\n<p><strong>1. Pennello asciutto:<\/strong> Ogni mattina dopo il risveglio, spazzolate a secco il corpo per circa 5 minuti: \u00e8 utile per favorire la circolazione sanguigna e stimolare la vitalit\u00e0 del corpo.<\/p>\n\n\n\n<p><strong>2. Pennello bagnato:<\/strong> Adatto per la pulizia durante il bagno. Bagnare le setole, aggiungere una piccola quantit\u00e0 di bagnoschiuma e detergere il corpo con movimenti circolari.<\/p>\n\n\n\n<p><strong>Nota:<\/strong> Durante la pulizia, non strofinare troppo forte per evitare irritazioni alla pelle. Dopo l&#039;uso, si consiglia di sciacquare le setole con acqua pulita, asciugarle ed evitare di immergerle a lungo in acqua per prolungarne la durata.<\/p>","protected":false},"excerpt":{"rendered":"Wooden Bath Brush Features The wooden bath brush is both natural and practical. It not only retains the rustic style of traditional handmade brushes but also incorporates the ergonomics concept of modern design. Its wooden brush body is sturdy and durable, feels warm, and the appropriate bristles provide a variety of skin care options. 1. [&hellip;]","protected":false},"featured_media":3621,"menu_order":0,"template":"","meta":[],"product-tag":[],"products":[166],"class_list":["post-3620","product","type-product","status-publish","has-post-thumbnail","hentry","products-bath-brush"],"acf":[],"_links":{"self":[{"href":"https:\/\/www.ruiqigo.com\/it\/wp-json\/wp\/v2\/product\/3620","targetHints":{"allow":["GET"]}}],"collection":[{"href":"https:\/\/www.ruiqigo.com\/it\/wp-json\/wp\/v2\/product"}],"about":[{"href":"https:\/\/www.ruiqigo.com\/it\/wp-json\/wp\/v2\/types\/product"}],"version-history":[{"count":0,"href":"https:\/\/www.ruiqigo.com\/it\/wp-json\/wp\/v2\/product\/3620\/revisions"}],"wp:featuredmedia":[{"embeddable":true,"href":"https:\/\/www.ruiqigo.com\/it\/wp-json\/wp\/v2\/media\/3621"}],"wp:attachment":[{"href":"https:\/\/www.ruiqigo.com\/it\/wp-json\/wp\/v2\/media?parent=3620"}],"wp:term":[{"taxonomy":"product-tag","embeddable":true,"href":"https:\/\/www.ruiqigo.com\/it\/wp-json\/wp\/v2\/product-tag?post=3620"},{"taxonomy":"products","embeddable":true,"href":"https:\/\/www.ruiqigo.com\/it\/wp-json\/wp\/v2\/products?post=3620"}],"curies":[{"name":"parola chiave","href":"https:\/\/api.w.org\/{rel}","templated":true}]}}