{"id":3632,"date":"2025-06-17T17:05:37","date_gmt":"2025-06-17T09:05:37","guid":{"rendered":"https:\/\/www.ruiqigo.com\/?post_type=product&#038;p=3632"},"modified":"2025-06-17T17:05:38","modified_gmt":"2025-06-17T09:05:38","slug":"benzoyl-peroxide-body-wash","status":"publish","type":"product","link":"https:\/\/www.ruiqigo.com\/it\/product\/benzoyl-peroxide-body-wash","title":{"rendered":"Bagnoschiuma al perossido di benzoile"},"content":{"rendered":"<h2 class=\"wp-block-heading\">Formule comuni per la produzione di detergenti per il corpo al perossido di benzoile<\/h2>\n\n\n\n<p>Nello sviluppo del detergente corpo al perossido di benzoile, abbiamo utilizzato una combinazione di principi attivi con molteplici effetti benefici, che non solo garantisce sterilizzazione e potere detergente, ma tiene anche conto delle propriet\u00e0 lenitive e idratanti. Ingredienti chiave come perossido di benzoile, niacinamide, glicerina, sodio lauroil sarcosinato, ecc., possono purificare sinergicamente i pori, riequilibrare il sebo e riparare la barriera cutanea. Inoltre, abbiamo incorporato estratti vegetali e un delicato sistema schiumogeno per migliorare ulteriormente l&#039;esperienza complessiva del cliente.&nbsp;<\/p>\n\n\n\n<p><strong>1. Perossido di benzoile:<\/strong> Questo \u00e8 un ingrediente antibatterico ad ampio spettro in grado di uccidere efficacemente il Propionibacterium, il batterio che causa l&#039;acne. Pu\u00f2 rimuovere le cellule morte e il sebo, penetrare in profondit\u00e0 nei pori per liberarli dalle ostruzioni ed \u00e8 un ingrediente prezioso per la rimozione terapeutica dell&#039;acne.&nbsp;<\/p>\n\n\n\n<p><strong>2. Niacinamide:<\/strong> Pu\u00f2 aiutare a regolare la secrezione sebacea, schiarire il tono della pelle e alleviare l&#039;infiammazione causata dall&#039;acne. \u00c8 adatto all&#039;uso con perossido di benzoile per ridurre l&#039;irritazione e migliorare la capacit\u00e0 di riparazione della barriera cutanea.&nbsp;<\/p>\n\n\n\n<p><strong>3. Glicerina:<\/strong> La glicerina \u00e8 un idratante naturale in grado di mantenere l&#039;idratazione nello strato corneo durante la detersione della pelle, alleviando la secchezza e il fastidio causati dalla detersione, migliorando la morbidezza e l&#039;elasticit\u00e0 della pelle e prevenendo la tensione cutanea causata da una detersione eccessiva.&nbsp;<\/p>\n\n\n\n<p><strong>4. Lauroil sarcosinato di sodio: <\/strong>Questo \u00e8 un agente schiumogeno delicato che non contiene solfati. Pu\u00f2 ridurre l&#039;irritazione della pelle sensibile e preservare la barriera cutanea naturale durante la detersione. \u00c8 delicato e non irritante.&nbsp;<\/p>\n\n\n\n<p><strong>5. Olio essenziale di melaleuca:<\/strong> L&#039;olio essenziale di tea tree \u00e8 un ingrediente antibatterico naturale con un buon controllo del sebo e propriet\u00e0 antinfiammatorie. Pu\u00f2 potenziare l&#039;effetto antiacne, donando al contempo un&#039;esperienza olfattiva rinfrescante e piacevole.<\/p>\n\n\n\n<h2 class=\"wp-block-heading\">Le funzioni del detergente corpo al perossido di benzoile<\/h2>\n\n\n\n<p><strong>1. Rinfrescante e non untuoso:<\/strong> Il bagnoschiuma al perossido di benzoile ha una consistenza leggera e non lascia residui dopo il risciacquo. \u00c8 adatto all&#039;uso nelle stagioni calde o dopo l&#039;attivit\u00e0 fisica, lasciando la pelle fresca.&nbsp;<\/p>\n\n\n\n<p><strong>2. Schiuma delicata:<\/strong> La nostra formula \u00e8 senza sapone e contiene tensioattivi aminoacidi. Produce una schiuma ricca e delicata, ma \u00e8 facile da risciacquare, rendendola adatta anche per la cura quotidiana frequente.\u00a0<\/p>\n\n\n\n<p><strong>3. Azione rapida:<\/strong> Gli ingredienti attivi presenti nella formula del detergente corpo al perossido di benzoile possono agire rapidamente sulla zona interessata dall&#039;acne, abbreviare il ciclo dell&#039;infiammazione e alleviare il rossore e il gonfiore della pelle.&nbsp;<\/p>\n\n\n\n<p><strong>4. Riparazione:<\/strong> Questo prodotto \u00e8 formulato con ingredienti idratanti e lenitivi, che possono ridurre l&#039;irritazione della pelle durante la detersione e mantenere l&#039;equilibrio di acqua e sebo della pelle.&nbsp;<\/p>\n\n\n\n<p><strong>5. Non ostruisce facilmente i pori:<\/strong> Il detergente corpo al perossido di benzoile non contiene ingredienti che causano l&#039;acne e non ostruisce facilmente i pori. \u00c8 adatto all&#039;uso prolungato da parte di persone che soffrono ripetutamente di comedoni chiusi e acne.&nbsp;<\/p>\n\n\n\n<p><strong>6. Elevata stabilit\u00e0 del prodotto:<\/strong> Il detergente per il corpo al perossido di benzoile adotta una formula a bassa irritazione e un processo stabile, in grado di controllare efficacemente l&#039;ossidazione dei principi attivi e di migliorarne la durata e la sicurezza.\u00a0<\/p>\n\n\n\n<h2 class=\"wp-block-heading\">Come usare il detergente per il corpo al perossido di benzoile<\/h2>\n\n\n\n<p>Il detergente corpo al perossido di benzoile \u00e8 facile da usare e adatto alla detersione quotidiana e alla cura della pelle a tendenza acneica. Si consiglia di utilizzarlo una volta al giorno o a giorni alterni, prestando attenzione al tempo di applicazione e alla zona interessata.&nbsp;<\/p>\n\n\n\n<p>1. Bagna la pelle, preleva una quantit\u00e0 adeguata di bagnoschiuma e mettila nel palmo della mano o nella pallina da bagno, quindi strofina per creare la schiuma.<\/p>\n\n\n\n<p>2. Massaggiare delicatamente la schiuma su schiena, braccia, cosce e altre zone e lasciare agire per 1-2 minuti per aumentare l&#039;efficacia del prodotto.<\/p>\n\n\n\n<p>3. Risciacquare abbondantemente la schiuma con acqua pulita per evitare residui.<\/p>\n\n\n\n<p>4. Si consiglia di applicare una lozione per il corpo non irritante per idratare dopo l&#039;uso.<\/p>\n\n\n\n<h2 class=\"wp-block-heading\">Attenzione<\/h2>\n\n\n\n<p><strong>1. Per il primo utilizzo \u00e8 richiesto un test cutaneo:<\/strong> Si consiglia di iniziare con una piccola area della pelle per assicurarsi che non vi siano irritazioni o reazioni allergiche prima di ampliare il campo di utilizzo.&nbsp;<\/p>\n\n\n\n<p><strong>2. Evitare il contatto con gli occhi:<\/strong> Evitare il contatto con gli occhi durante l&#039;uso. In caso di contatto accidentale con gli occhi, sciacquare immediatamente e abbondantemente con acqua per evitare irritazioni.\u00a0<\/p>\n\n\n\n<p><strong>3. Non utilizzare con prodotti esfolianti forti:<\/strong> Si prega di evitare di utilizzarlo lo stesso giorno con prodotti contenenti AHA\/BHA o altri ingredienti irritanti, per evitare fastidi come arrossamento, gonfiore e desquamazione.\u00a0<\/p>\n\n\n\n<p><strong>4. Prestare attenzione alla protezione solare dopo l&#039;uso:<\/strong> Poich\u00e9 questo prodotto contiene perossido di benzoile, potrebbe aumentare la sensibilit\u00e0 della pelle ai raggi ultravioletti. Pertanto, se utilizzato durante il giorno, si consiglia di utilizzare contemporaneamente prodotti solari per il corpo.&nbsp;<\/p>\n\n\n\n<h2 class=\"wp-block-heading\">Conclusione<\/h2>\n\n\n\n<p>Il bagnoschiuma al perossido di benzoile \u00e8 un prodotto da bagno funzionale con un eccellente potere detergente e riparatore. Utilizza ingredienti altamente efficaci come il perossido di benzoile e la niacinamide per penetrare in profondit\u00e0 nei pori e combattere i batteri dell&#039;acne, ed \u00e8 adatto alla cura della pelle a tendenza acneica in diverse parti del corpo. Questo prodotto \u00e8 progettato per adattarsi a scenari di uso quotidiano, offrendo sia un potere detergente che idratante e delicato, ed \u00e8 adatto all&#039;uso a lungo termine da parte di persone con acne frequente o soggetta a recidive. Un uso corretto pu\u00f2 migliorare efficacemente le condizioni della pelle a tendenza acneica e ripristinare la levigatezza e una consistenza sana della pelle.<\/p>","protected":false},"excerpt":{"rendered":"Benzoyl Peroxide Body Wash Manufacturing Common Formulas When developing benzoyl peroxide body wash, we used a combination of active ingredients with multiple care effects, which not only ensures sterilization and cleaning power, but also takes into account soothing and moisturizing. Core ingredients such as benzoyl peroxide, niacinamide, glycerin, sodium lauroyl sarcosinate, etc., can synergistically purify [&hellip;]","protected":false},"featured_media":3655,"menu_order":0,"template":"","meta":[],"product-tag":[],"products":[57],"class_list":["post-3632","product","type-product","status-publish","has-post-thumbnail","hentry","products-body-wash"],"acf":[],"_links":{"self":[{"href":"https:\/\/www.ruiqigo.com\/it\/wp-json\/wp\/v2\/product\/3632","targetHints":{"allow":["GET"]}}],"collection":[{"href":"https:\/\/www.ruiqigo.com\/it\/wp-json\/wp\/v2\/product"}],"about":[{"href":"https:\/\/www.ruiqigo.com\/it\/wp-json\/wp\/v2\/types\/product"}],"version-history":[{"count":0,"href":"https:\/\/www.ruiqigo.com\/it\/wp-json\/wp\/v2\/product\/3632\/revisions"}],"wp:featuredmedia":[{"embeddable":true,"href":"https:\/\/www.ruiqigo.com\/it\/wp-json\/wp\/v2\/media\/3655"}],"wp:attachment":[{"href":"https:\/\/www.ruiqigo.com\/it\/wp-json\/wp\/v2\/media?parent=3632"}],"wp:term":[{"taxonomy":"product-tag","embeddable":true,"href":"https:\/\/www.ruiqigo.com\/it\/wp-json\/wp\/v2\/product-tag?post=3632"},{"taxonomy":"products","embeddable":true,"href":"https:\/\/www.ruiqigo.com\/it\/wp-json\/wp\/v2\/products?post=3632"}],"curies":[{"name":"parola chiave","href":"https:\/\/api.w.org\/{rel}","templated":true}]}}